{"id":102414,"date":"2024-11-19T16:45:35","date_gmt":"2024-11-19T15:45:35","guid":{"rendered":"https:\/\/www.s-cab.it\/la-nostra-storia\/"},"modified":"2025-06-25T11:48:55","modified_gmt":"2025-06-25T09:48:55","slug":"unternehmen","status":"publish","type":"page","link":"https:\/\/www.s-cab.it\/de\/unternehmen\/","title":{"rendered":"Unternehmen"},"content":{"rendered":"<div id=\"block_213b30db762c589adee7a1ae00513829-blocco_video_banner\" class=\" fadeOnScreen container-fluid blocco_video_banner block_publifarm  video_full_screen   video_background_mp4  \" >\n    <div class=\"row video_wrp d-flex flex-wrap justify-content-center align-items-center\">\n\n        <div class=\"cover_img cover_img_has_overlay_ d-flex justify-content-center align-items-center\" style=\"background-image:url(https:\/\/www.s-cab.it\/wp-content\/uploads\/2024\/12\/scab-azienda-video-1.jpg);\">\n           <\/div>\n    \n\t      <div class=\"fadeOnScreen yt-embed-img_anteprima_1 blocco_immagini_sfalsate_video\" >\n    <video  width=\"560\" height=\"315\" autoplay loop muted playsinline style=\"pointer-events: none;\" class=\"html5_video_player\">\n        <source src=\"https:\/\/www.s-cab.it\/wp-content\/uploads\/2025\/06\/scab_video_produzione_250616.mp4\" type=\"video\/mp4\" \/>\n    <\/video>\n    <div class=\"yt-embed-overlay\"><\/div>\n    \n    <\/div>    \n    <\/div>\n\t\n<\/div>\n\n\n<section class=\"wp-block-evidenzio-columns azienda_blocco_1 has-background\" style=\"background-color:#fafaf7\"><div class=\"container-fluid\"><div class=\"row\">\n<div class=\"wp-block-evidenzio-column col-12 col-md-12 col-lg azienda_blocco_1_in has-colore-tema-2-background-color has-background\"><div id=\"block_29c4e3e45d17181cb03af40fa3e6eccd-blocco_timeline\" class=\"la_storia fadeOnScreen  blocco_timeline block_publifarm\" style=\"background-color:var(--color-yellow);\">\n    <div class=\"  scrollpannel\">\n        <div class=\"scroll_container\">\n        <!-- start container -->\n            <div class=\"first_panel panel  d-flex justify-content-center align-items-center\" style=\"background-color:var(--color-yellow);\">\n                <div class=\"col col-sm-12 col-md-7\">\n                    <h4 class=\"titolo4 fadeOnScreen\">S\u2022CAB ist eine Familiengeschichte, die von sechzig Jahren Verpflichtung und Leidenschaft f\u00fcr die M\u00f6belwelt erz\u00e4hlt. Es ist das Jahr 1957, als S\u2022CAB und seine erste Werkhalle in Coccaglio, in der Provinz Brescia, das Licht der Welt erblicken. <\/h4>\n                <\/div>\n                <div class=\"  col col-sm-12 col-md-1\">\n                <\/div>\n                <div class=\"  col col-sm-12 col-md-4\">\n                    <p class=\"standard_text fadeOnScreen\">In einem Italien in Aufbruchstimmung, in dem das Design zu einem Werkzeug f\u00fcr Experimente und wirtschaftlichen Aufschwung wird, bringt Francesco Battaglia eine Produktion von M\u00f6beln und Haushaltswaren auf den Markt, die sich an eine aufstrebende Mittelschicht richtet, die den h\u00e4uslichen Raum als den Ort ansieht, an dem sie ihre Tr\u00e4ume vom Wohlbefinden verwirklichen kann. <\/p>\n                                            <img decoding=\"async\" loading=\"lazy\" class=\"fadeOnScreen align-self-end\" src=\"https:\/\/www.s-cab.it\/wp-content\/uploads\/2024\/11\/azienda_01-1.webp\" srcset=\"https:\/\/www.s-cab.it\/wp-content\/uploads\/2024\/11\/azienda_01-1.webp\" \/>\n                    \t\n                <\/div>\n            <\/div>\n\n            <div class=\"second_panel panel flex-column \" style=\"background-color:var(--color-yellow);\">\n                <div class=\"col col-sm-12 d-flex first_row\">\n                    <img decoding=\"async\" loading=\"lazy\" class=\"fadeOnScreen align-self-end\" src=\"https:\/\/www.s-cab.it\/wp-content\/uploads\/2024\/11\/azienda_02-1.webp\" srcset=\"https:\/\/www.s-cab.it\/wp-content\/uploads\/2024\/11\/azienda_02-1.webp\" \/>\n                \n                    <h4 class=\"titolo2b fadeOnScreen\">Das Unabdingbare: der Stuhl &#8211; Ab den 1960er Jahren entwickelt S\u2022CAB seine Produktion weiter und konzentriert sich auf Sitzm\u00f6bel. W\u00e4hrend sich die Angebote differenzierten, um den Bed\u00fcrfnissen des Wohn- und Au\u00dfenbereichs gerecht zu werden, wurde die Verarbeitung von Kunststoff, dem neuen Protagonisten der M\u00f6bel, bald zur Hauptkompetenz des Unternehmens. <\/h4>\n                                        <div class=\"col col-sm-12 col-md-2\"><\/div>\n                <\/div>\n                <div class=\"col col-sm-12 second_row d-flex\">\n                    <div class=\"row_marchio_storicocol  col-sm-12 col-md-5 d-flex justify-content-center align-items-center\">\n                        <img decoding=\"async\" loading=\"lazy\" class=\"fadeOnScreen align-self-end\" src=\"https:\/\/www.s-cab.it\/wp-content\/uploads\/2024\/11\/logo_marchio_storico-e1734337971251.webp\" srcset=\"https:\/\/www.s-cab.it\/wp-content\/uploads\/2024\/11\/logo_marchio_storico-e1734337971251.webp\" \/>\n                        <p class=\"standard_txt_small fadeOnScreen\">Im Jahr 2022 wird S\u2022CAB in das Register der historischen italienischen Marken eingetragen, eine weitere Anerkennung f\u00fcr eine Qualit\u00e4tsproduktion, die auf Kontinuit\u00e4t der Ergebnisse setzt.<\/p>\n                    <\/div>\n                    <div class=\"col col-sm-12 col-md-1\"><\/div>\n                    <div class=\"col col-sm-12 col-md-5\">\n                        <p class=\"standard_text fadeOnScreen\">Im Laufe der Jahre \u00f6ffnete die Erweiterung der Produktionsanlagen auch die T\u00fcren f\u00fcr die Verarbeitung von Stahl, Holz und Stoffen, um die wachsende Nachfrage nach individueller Gestaltung im Objektbereich zu erf\u00fcllen. Das Engagement und der Wachstumsdrang, die nie nachlie\u00dfen, gipfelten nach Jahrzehnten in der h\u00f6chsten institutionellen Anerkennung Italiens im unternehmerischen Bereich: der Ernennung von Francesco Battaglia zum Cavaliere del Lavoro im Jahr 2015. <\/p>\n                    <\/div>\n                    <div class=\"col col-sm-12 col-md-2\"><\/div>\n                <\/div>\t\t\t\t\n                    \n            <\/div>\n            <div class=\"third_panel panel row\" style=\"background-color:var(--color-yellow);\">\n                <div class=\"d-flex flex-row justify-content-start  col col-sm-12 col-md-4  wrp_immagine_di_anteprima_1\">\n                                        <img decoding=\"async\" loading=\"lazy\" class=\"fadeOnScreen align-self-end img_anteprima_1b\" src=\"https:\/\/www.s-cab.it\/wp-content\/uploads\/2024\/12\/azienda_07.webp\" srcset=\"https:\/\/www.s-cab.it\/wp-content\/uploads\/2024\/12\/azienda_07.webp\" \/>\n                              \n                <\/div>\n                <div class=\"  col col-sm-12 col-md-2\">\n                                        <img decoding=\"async\" loading=\"lazy\" class=\"fadeOnScreen align-self-end\" src=\"https:\/\/www.s-cab.it\/wp-content\/uploads\/2024\/11\/azienda_04.webp\" srcset=\"https:\/\/www.s-cab.it\/wp-content\/uploads\/2024\/11\/azienda_04.webp\" \/>\n                     \n                <\/div>\n                <div class=\"  col col-sm-12 col-md-6 img_di_aprima_last\">\n                                        <img decoding=\"async\" loading=\"lazy\" class=\"fadeOnScreen align-self-end\" src=\"https:\/\/www.s-cab.it\/wp-content\/uploads\/2024\/12\/azienda_08.webp\" srcset=\"https:\/\/www.s-cab.it\/wp-content\/uploads\/2024\/12\/azienda_08.webp\" \/>\n                                    <\/div>\t\n            <\/div>\n            <div class=\"fourd_panel panel row\" style=\"background-color:var(--color-yellow);\">\n                    <div class=\"d-flex flex-column justify-content-start align-items-baseline col col-sm-12 col-md-12 wrp_immagine_di_anteprima_2 \">\n                                                <img decoding=\"async\" loading=\"lazy\" class=\"fadeOnScreen align-self-end\" src=\"https:\/\/www.s-cab.it\/wp-content\/uploads\/2024\/11\/azienda_06-1.webp\" srcset=\"https:\/\/www.s-cab.it\/wp-content\/uploads\/2024\/11\/azienda_06-1.webp\" \/>\n                                            <\/div>\n                    <div class=\"col col-sm-12 col-md-2\"><\/div>\n                    <div class=\"d-flex flex-column justify-content-start align-items-baseline col col-sm-12 col-md-6 wrp_immagine_di_anteprima_2 \">\n                        <div class=\"d-flex title_wrp\">\n                                                    <h4 class=\"titolo2b fadeOnScreen\">Showroom und neu gestaltete B\u00fcros &#8211; 2021 nimmt ein neuer Showroom im Werk in coccaglio Gestalt an. Der vom Architekten Luca Piatti entworfene 600 Quadratmeter gro\u00dfe Industrieraum beh\u00e4lt seine urspr\u00fcnglichen architektonischen und materiellen Merkmale bei, von der gew\u00f6lbten Decke und den strukturellen Zugstangen bis hin zu den Eisenfenstern und dem durchgehenden Harzboden. <\/h4>\n                                                <\/div>\n                    <\/div>\n                    <div class=\"col col-sm-12 col-md-4\"><\/div>\n                <\/div>\n            <\/div>\n        <\/div>\n<!-- end container -->\n        <\/div>\n    <\/div>\n<\/div>\n\n\n<div style=\"height:61px\" aria-hidden=\"true\" class=\"wp-block-spacer\"><\/div>\n<\/div>\n<\/div><\/div><\/section>\n\n\n\n<section class=\"wp-block-evidenzio-columns\"><div class=\"container\"><div class=\"row\">\n<div class=\"wp-block-evidenzio-column col-12 col-md-12 col-lg\"><\/div>\n\n\n\n<div class=\"wp-block-evidenzio-column col-12 col-md-12 col-lg custom_padding_orizontal\">\n<p class=\"standard_text_medium\">Nach sechzig Jahren ununterbrochenen Engagements \u00fcbergab Cav. Battaglia den Staffelstab an die n\u00e4chste Generation, die von den T\u00f6chtern Luisa und Francesca. Eine Saison der Erneuerung beginnt. Neue Designer engagieren sich, und neue Bestseller wie der Stuhl Lisa zeigen, dass man sich auf zeitgen\u00f6ssische Sprachen einstellen und sie sich zu eigen machen kann. 2021 zeichnet ein Rebranding den \u00dcbergang von SCAB Design zu S\u2022cab: dem neuen, einnehmenden und expliziten Logo mit dem S\u2022 f\u00fcr die vertikale Spezialisation in der Produktion von Sitzm\u00f6beln.<\/p>\n<\/div>\n<\/div><\/div><\/section>\n\n\n\n<section class=\"wp-block-evidenzio-columns\"><div class=\"container\"><div class=\"row\">\n<div class=\"wp-block-evidenzio-column col-12 col-md-12 col-lg\">\n<h4 class=\"wp-block-heading titolo2b\">Eine Gegenwart in st\u00e4ndiger Entwicklung &#8211; Heute stehen an der F\u00fchrung des Unternehmens in den Rollen des Kreativdirektors S\u2022cab und des Verkaufsleiters f\u00fcr Italien Luisa und Francesca Battaglia, die eng mit der dritten Generation, Ludovico Taglietti, Verkaufsleiter f\u00fcr das Ausland und Michelangelo Taglietti, Export Manager, beide zentral f\u00fcr die Konsolidierungsstrategien der Auslandsm\u00e4rkte, zusammenarbeiten.<\/h4>\n<\/div>\n\n\n\n<div class=\"wp-block-evidenzio-column col-12 col-md-12 col-lg\"><\/div>\n<\/div><\/div><\/section>\n\n\n\n<div style=\"height:100px\" aria-hidden=\"true\" class=\"wp-block-spacer\"><\/div>\n\n\n\n<section class=\"wp-block-evidenzio-columns\"><div class=\"container\"><div class=\"row\">\n<div class=\"wp-block-evidenzio-column col-12 col-md-12 col-lg custom_padding_orizontal_left\">\n<div class=\"d-flex titolo_sfalsato\">\n\t\t\t\t\t\t\t\t\t\t\t\t\t\t\t\t<h4 class=\"extra_title fadeOnScreen fadeOnScreen_active\">3 Werke<\/h4>\n\t\t\t\t\t\t\t\t\t\t\t\t\t\t\t\t\t\t\t\t\t\t\t\t<p class=\"standard_text fadeOnScreen fadeOnScreen_active\">liegt in der Provinz<br>Brescia<\/p>\n\t\t\t\t\t\t\t\t\t\t\t\t\t\t\t<\/div>\n<\/div>\n<\/div><\/div><\/section>\n\n\n\n<div style=\"height:20px\" aria-hidden=\"true\" class=\"wp-block-spacer\"><\/div>\n\n\n\n<section class=\"wp-block-evidenzio-columns\"><div class=\"container\"><div class=\"row\">\n<div class=\"wp-block-evidenzio-column col-12 col-md-12 col-lg\"><\/div>\n\n\n\n<div class=\"wp-block-evidenzio-column col-12 col-md-12 col-lg\">\n<div class=\"d-flex titolo_sfalsato\">\n\t\t\t\t\t\t\t\t\t\t\t\t\t\t\t\t<h4 class=\"extra_title fadeOnScreen fadeOnScreen_active\">85.000mq<\/h4>\n\t\t\t\t\t\t\t\t\t\t\t\t\t\t\t\t\t\t\t\t\t\t\t\t<p class=\"standard_text fadeOnScreen fadeOnScreen_active\"> Produktionsfl\u00e4che <\/br>Made in Italia<\/p>\n\t\t\t\t\t\t\t\t\t\t\t\t\t\t\t<\/div>\n<\/div>\n<\/div><\/div><\/section>\n\n\n\n<div style=\"height:123px\" aria-hidden=\"true\" class=\"wp-block-spacer\"><\/div>\n\n\n<div id=\"block_da1cc0e8d2696a76682c9072e6dae5d5-blocco_slider_imgs\" class=\"slider_la_nostra_storia extra_title fadeOnScreen container-fluid blocco_slider_imgs block_publifarm\">\n\t\t\t\t\t<div class=\"row\">\n\t\t\t\t\t\t<div class=\" blocco_slider_imgs_wrp col col-sm-12 col-md-12 swiper\">\n\t\t\t\t\t\t\t<div class=\"swiper-wrapper\">\n\t\t\t\t\t\t\t\t\t\t\t\t\t\t\t\t\t<img decoding=\"async\" loading=\"lazy\" class=\"swiper-slide\" src=\"https:\/\/www.s-cab.it\/wp-content\/uploads\/2024\/12\/azienda-gallery_06.webp\" \/>\n\t\t\t\t\t\t\t\t\t\t\t\t\t\t\t\t\t<img decoding=\"async\" loading=\"lazy\" class=\"swiper-slide\" src=\"https:\/\/www.s-cab.it\/wp-content\/uploads\/2024\/12\/azienda-gallery_07.webp\" \/>\n\t\t\t\t\t\t\t\t\t\t\t\t\t\t\t\t\t<img decoding=\"async\" loading=\"lazy\" class=\"swiper-slide\" src=\"https:\/\/www.s-cab.it\/wp-content\/uploads\/2024\/12\/azienda-gallery_08.webp\" \/>\n\t\t\t\t\t\t\t\t\t\t\t\t\t\t\t\t\t<img decoding=\"async\" loading=\"lazy\" class=\"swiper-slide\" src=\"https:\/\/www.s-cab.it\/wp-content\/uploads\/2024\/12\/azienda-gallery_05.webp\" \/>\n\t\t\t\t\t\t\t\t\t\t\t\t\t\t\t\t\t<img decoding=\"async\" loading=\"lazy\" class=\"swiper-slide\" src=\"https:\/\/www.s-cab.it\/wp-content\/uploads\/2024\/12\/azienda-gallery_10.webp\" \/>\n\t\t\t\t\t\t\t\t\t\t\t\t\t\t\t\t\t<img decoding=\"async\" loading=\"lazy\" class=\"swiper-slide\" src=\"https:\/\/www.s-cab.it\/wp-content\/uploads\/2024\/12\/azienda-gallery_17.webp\" \/>\n\t\t\t\t\t\t\t\t\t\t\t\t\t\t\t\t\t<img decoding=\"async\" loading=\"lazy\" class=\"swiper-slide\" src=\"https:\/\/www.s-cab.it\/wp-content\/uploads\/2024\/11\/azienda-gallery_03-1.webp\" \/>\n\t\t\t\t\t\t\t\t\t\t\t\t\t\t\t\t\t<img decoding=\"async\" loading=\"lazy\" class=\"swiper-slide\" src=\"https:\/\/www.s-cab.it\/wp-content\/uploads\/2024\/11\/azienda-gallery_04-1.webp\" \/>\n\t\t\t\t\t\t\t\t\t\t\t\t\t\t\t\t\t<img decoding=\"async\" loading=\"lazy\" class=\"swiper-slide\" src=\"https:\/\/www.s-cab.it\/wp-content\/uploads\/2024\/12\/azienda-gallery_12.webp\" \/>\n\t\t\t\t\t\t\t\t\t\t\t\t\t\t\t\t\t<img decoding=\"async\" loading=\"lazy\" class=\"swiper-slide\" src=\"https:\/\/www.s-cab.it\/wp-content\/uploads\/2024\/12\/azienda-gallery_13.webp\" \/>\n\t\t\t\t\t\t\t\t\t\t\t\t\t\t\t\t\t<img decoding=\"async\" loading=\"lazy\" class=\"swiper-slide\" src=\"https:\/\/www.s-cab.it\/wp-content\/uploads\/2024\/12\/azienda-gallery_14.webp\" \/>\n\t\t\t\t\t\t\t\t\t\t\t\t\t\t\t\t\t<img decoding=\"async\" loading=\"lazy\" class=\"swiper-slide\" src=\"https:\/\/www.s-cab.it\/wp-content\/uploads\/2024\/12\/azienda-gallery_16.webp\" \/>\n\t\t\t\t\t\t\t\t\t\t\t\t\t\t\t\t\t<img decoding=\"async\" loading=\"lazy\" class=\"swiper-slide\" src=\"https:\/\/www.s-cab.it\/wp-content\/uploads\/2024\/12\/azienda-gallery_15.webp\" \/>\n\t\t\t\t\t\t\t\t\t\t\t\t\t\t\t\t\t<img decoding=\"async\" loading=\"lazy\" class=\"swiper-slide\" src=\"https:\/\/www.s-cab.it\/wp-content\/uploads\/2024\/12\/azienda-gallery_01-scaled.webp\" \/>\n\t\t\t\t\t\t\t\t\t\t\t\t\t\t\t\t\t<img decoding=\"async\" loading=\"lazy\" class=\"swiper-slide\" src=\"https:\/\/www.s-cab.it\/wp-content\/uploads\/2024\/12\/azienda-gallery_18.webp\" \/>\n\t\t\t\t\t\t\t\t\t\t\t\t\t\t\t<\/div>\n\t\t\t\t\t\t<\/div>\n\t\t\t\t\t<\/div>\n<\/div>\n\n\n<section class=\"wp-block-evidenzio-columns fadeOnScreen banner_sostenibilita_corretto has-background\" style=\"background-color:#cfefd2\"><div class=\"container py-lg-5\"><div class=\"row\">\n<div class=\"wp-block-evidenzio-column col-12 col-md-12 col-lg d-flex flex-column justify-content-between\">\n<h4 class=\"wp-block-heading has-small-font-size\">Nachhaltigkeit<\/h4>\n\n\n\n<div class=\"wp-block-buttons is-layout-flex wp-block-buttons-is-layout-flex\">\n<div class=\"wp-block-button\"><a class=\"wp-block-button__link wp-element-button\" href=\"https:\/\/www.s-cab.it\/de\/nachhaltigkeit\/\">Entdecken<\/a><\/div>\n<\/div>\n<\/div>\n\n\n\n<div class=\"wp-block-evidenzio-column col-12 col-md-12 col-lg-7\">\n<p class=\"titolo2b\"><strong>Ohne jemals seine Werte zu vernachl\u00e4ssigen, stellt S\u2022CAB eine solide und tief verwurzelte Realit\u00e4t dar, die durch seine drei Werke mit einer Produktionsfl\u00e4che von 85.000 Quadratmetern, ein Team von internationalen Designern und eine unersch\u00fctterliche Berufung, den Schutz seines industriellen Erbes mit einem sorgf\u00e4ltigen und nachhaltigen Wachstumsprozess zu verbinden, gest\u00e4rkt wird.<\/strong><\/p>\n<\/div>\n<\/div><\/div><\/section>\n","protected":false},"excerpt":{"rendered":"","protected":false},"author":1,"featured_media":0,"parent":0,"menu_order":0,"comment_status":"closed","ping_status":"closed","template":"","meta":{"_acf_changed":false,"inline_featured_image":false,"footnotes":""},"class_list":["post-102414","page","type-page","status-publish","hentry"],"acf":[],"yoast_head":"<!-- This site is optimized with the Yoast SEO plugin v24.9 - https:\/\/yoast.com\/wordpress\/plugins\/seo\/ -->\n<title>Unternehmen - S\u2022CAB<\/title>\n<meta name=\"description\" content=\"S\u2022CAB - Unternehmen - Seit 1957 kreiert S\u2022CAB hochwertige, nachhaltige M\u00f6bel Made in Italy. Entdecken Sie unsere Philosophie, Geschichte und Werte.\" \/>\n<meta name=\"robots\" content=\"index, follow, max-snippet:-1, max-image-preview:large, max-video-preview:-1\" \/>\n<link rel=\"canonical\" href=\"https:\/\/www.s-cab.it\/de\/unternehmen\/\" \/>\n<meta property=\"og:locale\" content=\"de_DE\" \/>\n<meta property=\"og:type\" content=\"article\" \/>\n<meta property=\"og:title\" content=\"Unternehmen - S\u2022CAB\" \/>\n<meta property=\"og:description\" content=\"S\u2022CAB - Unternehmen - Seit 1957 kreiert S\u2022CAB hochwertige, nachhaltige M\u00f6bel Made in Italy. Entdecken Sie unsere Philosophie, Geschichte und Werte.\" \/>\n<meta property=\"og:url\" content=\"https:\/\/www.s-cab.it\/de\/unternehmen\/\" \/>\n<meta property=\"og:site_name\" content=\"S\u2022CAB\" \/>\n<meta property=\"article:modified_time\" content=\"2025-06-25T09:48:55+00:00\" \/>\n<meta name=\"twitter:card\" content=\"summary_large_image\" \/>\n<meta name=\"twitter:label1\" content=\"Gesch\u00e4tzte Lesezeit\" \/>\n\t<meta name=\"twitter:data1\" content=\"2\u00a0Minuten\" \/>\n<script type=\"application\/ld+json\" class=\"yoast-schema-graph\">{\"@context\":\"https:\/\/schema.org\",\"@graph\":[{\"@type\":\"WebPage\",\"@id\":\"https:\/\/www.s-cab.it\/de\/unternehmen\/\",\"url\":\"https:\/\/www.s-cab.it\/de\/unternehmen\/\",\"name\":\"Unternehmen - S\u2022CAB\",\"isPartOf\":{\"@id\":\"https:\/\/www.s-cab.it\/de\/#website\"},\"datePublished\":\"2024-11-19T15:45:35+00:00\",\"dateModified\":\"2025-06-25T09:48:55+00:00\",\"description\":\"S\u2022CAB - Unternehmen - Seit 1957 kreiert S\u2022CAB hochwertige, nachhaltige M\u00f6bel Made in Italy. Entdecken Sie unsere Philosophie, Geschichte und Werte.\",\"breadcrumb\":{\"@id\":\"https:\/\/www.s-cab.it\/de\/unternehmen\/#breadcrumb\"},\"inLanguage\":\"de\",\"potentialAction\":[{\"@type\":\"ReadAction\",\"target\":[\"https:\/\/www.s-cab.it\/de\/unternehmen\/\"]}]},{\"@type\":\"BreadcrumbList\",\"@id\":\"https:\/\/www.s-cab.it\/de\/unternehmen\/#breadcrumb\",\"itemListElement\":[{\"@type\":\"ListItem\",\"position\":1,\"name\":\"Home\",\"item\":\"https:\/\/www.s-cab.it\/de\/\"},{\"@type\":\"ListItem\",\"position\":2,\"name\":\"Unternehmen\"}]},{\"@type\":\"WebSite\",\"@id\":\"https:\/\/www.s-cab.it\/de\/#website\",\"url\":\"https:\/\/www.s-cab.it\/de\/\",\"name\":\"S\u2022CAB\",\"description\":\"\",\"potentialAction\":[{\"@type\":\"SearchAction\",\"target\":{\"@type\":\"EntryPoint\",\"urlTemplate\":\"https:\/\/www.s-cab.it\/de\/?s={search_term_string}\"},\"query-input\":{\"@type\":\"PropertyValueSpecification\",\"valueRequired\":true,\"valueName\":\"search_term_string\"}}],\"inLanguage\":\"de\"}]}<\/script>\n<!-- \/ Yoast SEO plugin. -->","yoast_head_json":{"title":"Unternehmen - S\u2022CAB","description":"S\u2022CAB - Unternehmen - Seit 1957 kreiert S\u2022CAB hochwertige, nachhaltige M\u00f6bel Made in Italy. Entdecken Sie unsere Philosophie, Geschichte und Werte.","robots":{"index":"index","follow":"follow","max-snippet":"max-snippet:-1","max-image-preview":"max-image-preview:large","max-video-preview":"max-video-preview:-1"},"canonical":"https:\/\/www.s-cab.it\/de\/unternehmen\/","og_locale":"de_DE","og_type":"article","og_title":"Unternehmen - S\u2022CAB","og_description":"S\u2022CAB - Unternehmen - Seit 1957 kreiert S\u2022CAB hochwertige, nachhaltige M\u00f6bel Made in Italy. Entdecken Sie unsere Philosophie, Geschichte und Werte.","og_url":"https:\/\/www.s-cab.it\/de\/unternehmen\/","og_site_name":"S\u2022CAB","article_modified_time":"2025-06-25T09:48:55+00:00","twitter_card":"summary_large_image","twitter_misc":{"Gesch\u00e4tzte Lesezeit":"2\u00a0Minuten"},"schema":{"@context":"https:\/\/schema.org","@graph":[{"@type":"WebPage","@id":"https:\/\/www.s-cab.it\/de\/unternehmen\/","url":"https:\/\/www.s-cab.it\/de\/unternehmen\/","name":"Unternehmen - S\u2022CAB","isPartOf":{"@id":"https:\/\/www.s-cab.it\/de\/#website"},"datePublished":"2024-11-19T15:45:35+00:00","dateModified":"2025-06-25T09:48:55+00:00","description":"S\u2022CAB - Unternehmen - Seit 1957 kreiert S\u2022CAB hochwertige, nachhaltige M\u00f6bel Made in Italy. Entdecken Sie unsere Philosophie, Geschichte und Werte.","breadcrumb":{"@id":"https:\/\/www.s-cab.it\/de\/unternehmen\/#breadcrumb"},"inLanguage":"de","potentialAction":[{"@type":"ReadAction","target":["https:\/\/www.s-cab.it\/de\/unternehmen\/"]}]},{"@type":"BreadcrumbList","@id":"https:\/\/www.s-cab.it\/de\/unternehmen\/#breadcrumb","itemListElement":[{"@type":"ListItem","position":1,"name":"Home","item":"https:\/\/www.s-cab.it\/de\/"},{"@type":"ListItem","position":2,"name":"Unternehmen"}]},{"@type":"WebSite","@id":"https:\/\/www.s-cab.it\/de\/#website","url":"https:\/\/www.s-cab.it\/de\/","name":"S\u2022CAB","description":"","potentialAction":[{"@type":"SearchAction","target":{"@type":"EntryPoint","urlTemplate":"https:\/\/www.s-cab.it\/de\/?s={search_term_string}"},"query-input":{"@type":"PropertyValueSpecification","valueRequired":true,"valueName":"search_term_string"}}],"inLanguage":"de"}]}},"_links":{"self":[{"href":"https:\/\/www.s-cab.it\/de\/wp-json\/wp\/v2\/pages\/102414","targetHints":{"allow":["GET"]}}],"collection":[{"href":"https:\/\/www.s-cab.it\/de\/wp-json\/wp\/v2\/pages"}],"about":[{"href":"https:\/\/www.s-cab.it\/de\/wp-json\/wp\/v2\/types\/page"}],"author":[{"embeddable":true,"href":"https:\/\/www.s-cab.it\/de\/wp-json\/wp\/v2\/users\/1"}],"replies":[{"embeddable":true,"href":"https:\/\/www.s-cab.it\/de\/wp-json\/wp\/v2\/comments?post=102414"}],"version-history":[{"count":4,"href":"https:\/\/www.s-cab.it\/de\/wp-json\/wp\/v2\/pages\/102414\/revisions"}],"predecessor-version":[{"id":140661,"href":"https:\/\/www.s-cab.it\/de\/wp-json\/wp\/v2\/pages\/102414\/revisions\/140661"}],"wp:attachment":[{"href":"https:\/\/www.s-cab.it\/de\/wp-json\/wp\/v2\/media?parent=102414"}],"curies":[{"name":"wp","href":"https:\/\/api.w.org\/{rel}","templated":true}]}}