{"id":102608,"date":"2024-11-11T09:17:16","date_gmt":"2024-11-11T08:17:16","guid":{"rendered":"https:\/\/www.s-cab.it\/designers\/"},"modified":"2025-03-21T09:51:47","modified_gmt":"2025-03-21T08:51:47","slug":"designer","status":"publish","type":"page","link":"https:\/\/www.s-cab.it\/de\/designer\/","title":{"rendered":"Designer"},"content":{"rendered":"\n<p class=\"container-fluid has-medium-font-size\">Die Personen sind das Herz unseres Unternehmens. Unsere Designer sind nicht nur einfache Mitarbeiter, sondern integraler Bestandteil einer gro\u00dfen Familie, die die gleiche Vision teilt. Ihre Kreativit\u00e4t zusammen mit ihrer Leidenschaft f\u00fcr das Sch\u00f6ne und das Handwerk von Meisterhand bringen Einrichtungsgegenst\u00e4nde hervor, die die Erwartungen \u00fcbertreffen. Der Stolz auf die eigene Arbeit ist der Motor, der uns dazu antreibt, immer neue Ziele zu erreichen.<\/p>\n\n\n\n<div style=\"height:100px\" aria-hidden=\"true\" class=\"wp-block-spacer\"><\/div>\n\n\n\n<p class=\"container-fluid has-medium-font-size\"><br><\/p>\n\n\n<div id=\"block_2130c9db21fdb3ba4e9771c94a7db6fb-blocco_preview_designers\" class=\" fadeOnScreen container-fluid blocco_preview_designers block_publifarm\" >\n\n    <div class=\"designers_archive d-flex flex-column\">\n                                                <a href=\"https:\/\/www.s-cab.it\/de\/designer_prodtax\/keiji-takeuchi-de\/\" class=\"titolo4 fadeOnScreen\">Keiji Takeuchi<\/a>\n                                                            <a href=\"https:\/\/www.s-cab.it\/de\/designer_prodtax\/simone-bonanni-de\/\" class=\"titolo4 fadeOnScreen\">Simone Bonanni<\/a>\n                                                            <a href=\"https:\/\/www.s-cab.it\/de\/designer_prodtax\/maddalena-casadei-de\/\" class=\"titolo4 fadeOnScreen\">Maddalena Casadei<\/a>\n                                                            <a href=\"https:\/\/www.s-cab.it\/de\/designer_prodtax\/zaven-de\/\" class=\"titolo4 fadeOnScreen\">Zaven<\/a>\n                                                            <a href=\"https:\/\/www.s-cab.it\/de\/designer_prodtax\/spalvieri-del-ciotto-de\/\" class=\"titolo4 fadeOnScreen\">Spalvieri &amp; Del Ciotto<\/a>\n                                                            <a href=\"https:\/\/www.s-cab.it\/de\/designer_prodtax\/francesca-lanzavecchia-de\/\" class=\"titolo4 fadeOnScreen\">Francesca Lanzavecchia<\/a>\n                                                            <a href=\"https:\/\/www.s-cab.it\/de\/designer_prodtax\/ionna-vautrin-de\/\" class=\"titolo4 fadeOnScreen\">Ionna Vautrin<\/a>\n                                                            <a href=\"https:\/\/www.s-cab.it\/de\/designer_prodtax\/alessandro-stabile-de\/\" class=\"titolo4 fadeOnScreen\">Alessandro Stabile<\/a>\n                                                            <a href=\"https:\/\/www.s-cab.it\/de\/designer_prodtax\/archirivolto-de\/\" class=\"titolo4 fadeOnScreen\">Archirivolto<\/a>\n                                                            <a href=\"https:\/\/www.s-cab.it\/de\/designer_prodtax\/gumdesign-de\/\" class=\"titolo4 fadeOnScreen\">gumdesign<\/a>\n                                                            <a href=\"https:\/\/www.s-cab.it\/de\/designer_prodtax\/meneghello-paolelli-de\/\" class=\"titolo4 fadeOnScreen\">Meneghello Paolelli<\/a>\n                                                            <a href=\"https:\/\/www.s-cab.it\/de\/designer_prodtax\/radiceorlandini-designstudio-de\/\" class=\"titolo4 fadeOnScreen\">RadiceOrlandini<\/a>\n                                                            <a href=\"https:\/\/www.s-cab.it\/de\/designer_prodtax\/marcello-ziliani-de\/\" class=\"titolo4 fadeOnScreen\">Marcello Ziliani<\/a>\n                                                            <a href=\"https:\/\/www.s-cab.it\/de\/designer_prodtax\/gianluca-pasotti-de\/\" class=\"titolo4 fadeOnScreen\">Gianluca Pasotti<\/a>\n                                                            <a href=\"https:\/\/www.s-cab.it\/de\/designer_prodtax\/luisa-battaglia-de\/\" class=\"titolo4 fadeOnScreen\">Luisa Battaglia<\/a>\n                                                            <a href=\"https:\/\/www.s-cab.it\/de\/designer_prodtax\/studio-zetass-de\/\" class=\"titolo4 fadeOnScreen\">Studio Zetass<\/a>\n                                                            <a href=\"https:\/\/www.s-cab.it\/de\/designer_prodtax\/roberto-semprini-de\/\" class=\"titolo4 fadeOnScreen\">Roberto Semprini<\/a>\n                                                            <a href=\"https:\/\/www.s-cab.it\/de\/designer_prodtax\/arter-citton-de\/\" class=\"titolo4 fadeOnScreen\">Arter &amp; Citton<\/a>\n                                                            <a href=\"https:\/\/www.s-cab.it\/de\/designer_prodtax\/centro-stile-scab-de\/\" class=\"titolo4 fadeOnScreen\">Centro Stile S\u2022CAB<\/a>\n                        <\/div>\n    <div class=\"designers_archive_imgs\">\n                    <img decoding=\"async\" loading=\"lazy\" class=\"desinger_img\" src=\"https:\/\/www.s-cab.it\/wp-content\/uploads\/2026\/03\/keiji_takeuchi.webp\" \/>\n                    <img decoding=\"async\" loading=\"lazy\" class=\"desinger_img\" src=\"https:\/\/www.s-cab.it\/wp-content\/uploads\/2026\/03\/simone_bonanni.webp\" \/>\n                    <img decoding=\"async\" loading=\"lazy\" class=\"desinger_img\" src=\"https:\/\/www.s-cab.it\/wp-content\/uploads\/2025\/03\/maddalena-casadei.webp\" \/>\n                    <img decoding=\"async\" loading=\"lazy\" class=\"desinger_img\" src=\"https:\/\/www.s-cab.it\/wp-content\/uploads\/2025\/03\/zaven.webp\" \/>\n                    <img decoding=\"async\" loading=\"lazy\" class=\"desinger_img\" src=\"https:\/\/www.s-cab.it\/wp-content\/uploads\/2024\/11\/spalvieri-del-ciotto.webp\" \/>\n                    <img decoding=\"async\" loading=\"lazy\" class=\"desinger_img\" src=\"https:\/\/www.s-cab.it\/wp-content\/uploads\/2024\/11\/francesca-lanzavecchia.webp\" \/>\n                    <img decoding=\"async\" loading=\"lazy\" class=\"desinger_img\" src=\"https:\/\/www.s-cab.it\/wp-content\/uploads\/2024\/11\/ionna-vautrin.webp\" \/>\n                    <img decoding=\"async\" loading=\"lazy\" class=\"desinger_img\" src=\"https:\/\/www.s-cab.it\/wp-content\/uploads\/2024\/11\/alessandro-stabile.webp\" \/>\n                    <img decoding=\"async\" loading=\"lazy\" class=\"desinger_img\" src=\"https:\/\/www.s-cab.it\/wp-content\/uploads\/2024\/11\/archirivolto.webp\" \/>\n                    <img decoding=\"async\" loading=\"lazy\" class=\"desinger_img\" src=\"https:\/\/www.s-cab.it\/wp-content\/uploads\/2024\/11\/gumdesign.webp\" \/>\n                    <img decoding=\"async\" loading=\"lazy\" class=\"desinger_img\" src=\"https:\/\/www.s-cab.it\/wp-content\/uploads\/2024\/11\/meneghello-paolelli.webp\" \/>\n                    <img decoding=\"async\" loading=\"lazy\" class=\"desinger_img\" src=\"https:\/\/www.s-cab.it\/wp-content\/uploads\/2024\/11\/radici-orlandini.webp\" \/>\n                    <img decoding=\"async\" loading=\"lazy\" class=\"desinger_img\" src=\"https:\/\/www.s-cab.it\/wp-content\/uploads\/2024\/11\/marcello-ziliani.webp\" \/>\n                    <img decoding=\"async\" loading=\"lazy\" class=\"desinger_img\" src=\"https:\/\/www.s-cab.it\/wp-content\/uploads\/2024\/11\/gianluca-pasotti.webp\" \/>\n                    <img decoding=\"async\" loading=\"lazy\" class=\"desinger_img\" src=\"https:\/\/www.s-cab.it\/wp-content\/uploads\/2024\/11\/luisa-battaglia.webp\" \/>\n                    <img decoding=\"async\" loading=\"lazy\" class=\"desinger_img\" src=\"https:\/\/www.s-cab.it\/wp-content\/uploads\/2024\/11\/studio-zetass.webp\" \/>\n                    <img decoding=\"async\" loading=\"lazy\" class=\"desinger_img\" src=\"https:\/\/www.s-cab.it\/wp-content\/uploads\/2024\/11\/roberto-semprini.webp\" \/>\n                    <img decoding=\"async\" loading=\"lazy\" class=\"desinger_img\" src=\"https:\/\/www.s-cab.it\/wp-content\/uploads\/2024\/11\/arter-citton.webp\" \/>\n                    <img decoding=\"async\" loading=\"lazy\" class=\"desinger_img\" src=\"https:\/\/www.s-cab.it\/wp-content\/uploads\/2024\/11\/centro-stile-scab.webp\" \/>\n            <\/div>\n<\/div>\n\n\n<div style=\"height:100px\" aria-hidden=\"true\" class=\"wp-block-spacer\"><\/div>\n","protected":false},"excerpt":{"rendered":"<p>Die Personen sind das Herz unseres Unternehmens. Unsere Designer sind&#8230;<\/p>\n","protected":false},"author":1,"featured_media":0,"parent":0,"menu_order":0,"comment_status":"closed","ping_status":"closed","template":"","meta":{"_acf_changed":false,"inline_featured_image":false,"footnotes":""},"class_list":["post-102608","page","type-page","status-publish","hentry"],"acf":[],"yoast_head":"<!-- This site is optimized with the Yoast SEO plugin v24.9 - https:\/\/yoast.com\/wordpress\/plugins\/seo\/ -->\n<title>Designer - S\u2022CAB<\/title>\n<meta name=\"description\" content=\"S\u2022CAB - Designer - Seit 1957 kreiert S\u2022CAB hochwertige, nachhaltige M\u00f6bel Made in Italy. Entdecken Sie unsere Philosophie, Geschichte und Werte.\" \/>\n<meta name=\"robots\" content=\"index, follow, max-snippet:-1, max-image-preview:large, max-video-preview:-1\" \/>\n<link rel=\"canonical\" href=\"https:\/\/www.s-cab.it\/de\/designer\/\" \/>\n<meta property=\"og:locale\" content=\"de_DE\" \/>\n<meta property=\"og:type\" content=\"article\" \/>\n<meta property=\"og:title\" content=\"Designer - S\u2022CAB\" \/>\n<meta property=\"og:description\" content=\"S\u2022CAB - Designer - Seit 1957 kreiert S\u2022CAB hochwertige, nachhaltige M\u00f6bel Made in Italy. Entdecken Sie unsere Philosophie, Geschichte und Werte.\" \/>\n<meta property=\"og:url\" content=\"https:\/\/www.s-cab.it\/de\/designer\/\" \/>\n<meta property=\"og:site_name\" content=\"S\u2022CAB\" \/>\n<meta property=\"article:modified_time\" content=\"2025-03-21T08:51:47+00:00\" \/>\n<meta name=\"twitter:card\" content=\"summary_large_image\" \/>\n<script type=\"application\/ld+json\" class=\"yoast-schema-graph\">{\"@context\":\"https:\/\/schema.org\",\"@graph\":[{\"@type\":\"WebPage\",\"@id\":\"https:\/\/www.s-cab.it\/de\/designer\/\",\"url\":\"https:\/\/www.s-cab.it\/de\/designer\/\",\"name\":\"Designer - S\u2022CAB\",\"isPartOf\":{\"@id\":\"https:\/\/www.s-cab.it\/de\/#website\"},\"datePublished\":\"2024-11-11T08:17:16+00:00\",\"dateModified\":\"2025-03-21T08:51:47+00:00\",\"description\":\"S\u2022CAB - Designer - Seit 1957 kreiert S\u2022CAB hochwertige, nachhaltige M\u00f6bel Made in Italy. Entdecken Sie unsere Philosophie, Geschichte und Werte.\",\"breadcrumb\":{\"@id\":\"https:\/\/www.s-cab.it\/de\/designer\/#breadcrumb\"},\"inLanguage\":\"de\",\"potentialAction\":[{\"@type\":\"ReadAction\",\"target\":[\"https:\/\/www.s-cab.it\/de\/designer\/\"]}]},{\"@type\":\"BreadcrumbList\",\"@id\":\"https:\/\/www.s-cab.it\/de\/designer\/#breadcrumb\",\"itemListElement\":[{\"@type\":\"ListItem\",\"position\":1,\"name\":\"Home\",\"item\":\"https:\/\/www.s-cab.it\/de\/\"},{\"@type\":\"ListItem\",\"position\":2,\"name\":\"Designer\"}]},{\"@type\":\"WebSite\",\"@id\":\"https:\/\/www.s-cab.it\/de\/#website\",\"url\":\"https:\/\/www.s-cab.it\/de\/\",\"name\":\"S\u2022CAB\",\"description\":\"\",\"potentialAction\":[{\"@type\":\"SearchAction\",\"target\":{\"@type\":\"EntryPoint\",\"urlTemplate\":\"https:\/\/www.s-cab.it\/de\/?s={search_term_string}\"},\"query-input\":{\"@type\":\"PropertyValueSpecification\",\"valueRequired\":true,\"valueName\":\"search_term_string\"}}],\"inLanguage\":\"de\"}]}<\/script>\n<!-- \/ Yoast SEO plugin. -->","yoast_head_json":{"title":"Designer - S\u2022CAB","description":"S\u2022CAB - Designer - Seit 1957 kreiert S\u2022CAB hochwertige, nachhaltige M\u00f6bel Made in Italy. Entdecken Sie unsere Philosophie, Geschichte und Werte.","robots":{"index":"index","follow":"follow","max-snippet":"max-snippet:-1","max-image-preview":"max-image-preview:large","max-video-preview":"max-video-preview:-1"},"canonical":"https:\/\/www.s-cab.it\/de\/designer\/","og_locale":"de_DE","og_type":"article","og_title":"Designer - S\u2022CAB","og_description":"S\u2022CAB - Designer - Seit 1957 kreiert S\u2022CAB hochwertige, nachhaltige M\u00f6bel Made in Italy. Entdecken Sie unsere Philosophie, Geschichte und Werte.","og_url":"https:\/\/www.s-cab.it\/de\/designer\/","og_site_name":"S\u2022CAB","article_modified_time":"2025-03-21T08:51:47+00:00","twitter_card":"summary_large_image","schema":{"@context":"https:\/\/schema.org","@graph":[{"@type":"WebPage","@id":"https:\/\/www.s-cab.it\/de\/designer\/","url":"https:\/\/www.s-cab.it\/de\/designer\/","name":"Designer - S\u2022CAB","isPartOf":{"@id":"https:\/\/www.s-cab.it\/de\/#website"},"datePublished":"2024-11-11T08:17:16+00:00","dateModified":"2025-03-21T08:51:47+00:00","description":"S\u2022CAB - Designer - Seit 1957 kreiert S\u2022CAB hochwertige, nachhaltige M\u00f6bel Made in Italy. Entdecken Sie unsere Philosophie, Geschichte und Werte.","breadcrumb":{"@id":"https:\/\/www.s-cab.it\/de\/designer\/#breadcrumb"},"inLanguage":"de","potentialAction":[{"@type":"ReadAction","target":["https:\/\/www.s-cab.it\/de\/designer\/"]}]},{"@type":"BreadcrumbList","@id":"https:\/\/www.s-cab.it\/de\/designer\/#breadcrumb","itemListElement":[{"@type":"ListItem","position":1,"name":"Home","item":"https:\/\/www.s-cab.it\/de\/"},{"@type":"ListItem","position":2,"name":"Designer"}]},{"@type":"WebSite","@id":"https:\/\/www.s-cab.it\/de\/#website","url":"https:\/\/www.s-cab.it\/de\/","name":"S\u2022CAB","description":"","potentialAction":[{"@type":"SearchAction","target":{"@type":"EntryPoint","urlTemplate":"https:\/\/www.s-cab.it\/de\/?s={search_term_string}"},"query-input":{"@type":"PropertyValueSpecification","valueRequired":true,"valueName":"search_term_string"}}],"inLanguage":"de"}]}},"_links":{"self":[{"href":"https:\/\/www.s-cab.it\/de\/wp-json\/wp\/v2\/pages\/102608","targetHints":{"allow":["GET"]}}],"collection":[{"href":"https:\/\/www.s-cab.it\/de\/wp-json\/wp\/v2\/pages"}],"about":[{"href":"https:\/\/www.s-cab.it\/de\/wp-json\/wp\/v2\/types\/page"}],"author":[{"embeddable":true,"href":"https:\/\/www.s-cab.it\/de\/wp-json\/wp\/v2\/users\/1"}],"replies":[{"embeddable":true,"href":"https:\/\/www.s-cab.it\/de\/wp-json\/wp\/v2\/comments?post=102608"}],"version-history":[{"count":1,"href":"https:\/\/www.s-cab.it\/de\/wp-json\/wp\/v2\/pages\/102608\/revisions"}],"predecessor-version":[{"id":116283,"href":"https:\/\/www.s-cab.it\/de\/wp-json\/wp\/v2\/pages\/102608\/revisions\/116283"}],"wp:attachment":[{"href":"https:\/\/www.s-cab.it\/de\/wp-json\/wp\/v2\/media?parent=102608"}],"curies":[{"name":"wp","href":"https:\/\/api.w.org\/{rel}","templated":true}]}}