{"id":102620,"date":"2024-11-29T11:37:59","date_gmt":"2024-11-29T10:37:59","guid":{"rendered":"https:\/\/www.s-cab.it\/materiali-uso-e-manutenzione\/"},"modified":"2025-07-07T17:15:03","modified_gmt":"2025-07-07T15:15:03","slug":"materialien-gebrauch-und-instandhaltung","status":"publish","type":"page","link":"https:\/\/www.s-cab.it\/de\/materialien-gebrauch-und-instandhaltung\/","title":{"rendered":"Materialien, Gebrauch und Instandhaltung"},"content":{"rendered":"\n<section class=\"wp-block-evidenzio-columns simple_text\"><div class=\"container\"><div class=\"row\">\n<div class=\"wp-block-evidenzio-column col-12 col-md-12 col-lg\">\n<figure class=\"wp-block-image size-full mb-5\"><img loading=\"lazy\" decoding=\"async\" width=\"180\" height=\"46\" src=\"https:\/\/www.s-cab.it\/wp-content\/uploads\/2024\/11\/scab-manutenzione-3.png\" alt=\"\" class=\"wp-image-28283\"\/><\/figure>\n\n\n\n<p class=\"mb-3 fadeOnScreen\">Die Qualit\u00e4ten der Verantwortung und Umweltvertr\u00e4glichkeit in der industriellen Produktion sind eine gr\u00fcne Hoffnung f\u00fcr die Zukunft von uns allen. Auch bei der Herstellung und Formgebung von Technopolymeren ist es m\u00f6glich, zum Recyclingprozess von Materialien und zu einer umweltschonenden und sauberen Arbeitsweise beizutragen.<br>Alle S\u2022CAB-Produkte werden aus 100 % recycelbaren Materialien hergestellt, da die einzelnen Komponenten, aus denen sie bestehen, schnell unterschieden werden k\u00f6nnen. Jedes Kunststoffteil tr\u00e4gt die Identifikationsmarke gem\u00e4\u00df der Norm ISO 11469:2001 mit einfachen Anleitungen f\u00fcr seine Wiederverwertung. Alle Materialien, die S\u2022CAB f\u00fcr seine Herstellung verwendet, sind von h\u00f6chster Qualit\u00e4t.<\/p>\n\n\n\n<p><\/p>\n\n\n\n<p><\/p>\n\n\n\n<h6 class=\"wp-block-heading titolo4 fadeOnScreen\"><strong><strong>Kunststoffmaterialien<\/strong><\/strong><\/h6>\n\n\n\n<p class=\"mb-3 fadeOnScreen\">S\u2022CAB verwendet f\u00fcr seine Herstellung Technopolymere mit optimalen Eigenschaften, wie z. B.: Robustheit, Stabilit\u00e4t, Ungiftigkeit, Unver\u00e4nderlichkeit gegen\u00fcber Witterungseinfl\u00fcssen, einschlie\u00dflich Schimmel, Smog und Staub sowie Best\u00e4ndigkeit gegen UV-Strahlen. Alle Technopolymere sind im Hinblick auf die Umwelt vollst\u00e4ndig recycelbar.<br>F\u00fcr die Reinigung nur Wasser mit verd\u00fcnnter neutraler Fl\u00fcssigseife verwenden. Mit einem weichen, feuchten Tuch reinigen, um Kratzer zu vermeiden; niemals Scheuerschw\u00e4mme verwenden. Im Allgemeinen keine scheuernden Produkte auf Chlorbasis und L\u00f6sungsmittel wie Alkohol, Benzin, Aceton, Trichlorethylen, Ammoniak usw., verwenden, da diese Substanzen die Kunststoffoberfl\u00e4chen stumpf machen.<\/p>\n\n\n\n<p><\/p>\n\n\n\n<p><\/p>\n\n\n\n<h6 class=\"wp-block-heading titolo4  fadeOnScreen\"><strong><strong>Die Metalle | Stahl<\/strong><\/strong><\/h6>\n\n\n\n<p class=\"mb-3 fadeOnScreen\">S\u2022CAB legt gr\u00f6\u00dftes Augenmerk auf die \u201eMechanische Best\u00e4ndigkeit in Newton\u201c und auf die hohe Qualit\u00e4t der St\u00e4hle, die bei der Herstellung des Produkts verwendet werden.<\/p>\n\n\n\n<p><\/p>\n\n\n\n<p><\/p>\n\n\n\n<h6 class=\"wp-block-heading titolo4  fadeOnScreen\"><strong><strong>Die Metalle | Aluminium<\/strong><\/strong><\/h6>\n\n\n\n<p class=\"mb-3 fadeOnScreen\">Aluminium ist ein Metall, das Leichtigkeit und gro\u00dfe Festigkeit vereint. Seine Oberfl\u00e4che ist eloxiert oder mit Polyesterpulver lackiert, um eine h\u00f6here Korrosionsbest\u00e4ndigkeit zu erreichen. Zur Reinigung von Oberfl\u00e4chen aus Stahl, Aluminium oder lackiertem Metall nur ein weiches, feuchtes Tuch verwenden.<br>Keine speziellen Scheuercremes oder -pasten sowie L\u00f6sungsmittel zum Reinigen von Metallen verwenden. Es wird dringend davon abgeraten, Scheuersch- oder Metallschw\u00e4mme zur Reinigung zu verwenden.<\/p>\n\n\n\n<p><\/p>\n\n\n\n<p><\/p>\n\n\n\n<h6 class=\"wp-block-heading titolo4 fadeOnScreen\"><strong><strong>Die H\u00f6lzer<\/strong><\/strong><\/h6>\n\n\n\n<p class=\"mb-3 fadeOnScreen\">S\u2022CAB-M\u00f6bel mit Holzschale und\/oder -rahmen werden in \u00dcbereinstimmung mit den geltenden europ\u00e4ischen Vorschriften zum Schutz der Umwelt hergestellt. Zur Reinigung nur ein weiches, mit warmem Wasser angefeuchtetes Tuch verwenden und sofort mit einem weichen, trockenen Tuch trocknen. Keine scheuernden, aggressiven Produkte auf Chlorbasis oder im Allgemeinen L\u00f6sungsmittel (Ammoniak, Bleichmittel oder s\u00e4urehaltige Reinigungsmittel) verwenden. Versch\u00fcttete Fl\u00fcssigkeiten sofort mit einem sauberen, trockenen Tuch entfernen, da Holz auf Feuchtigkeit empfindlich reagiert. Keinem direkten Sonnenlicht aussetzen.<br>Keine W\u00e4rmequellen aussetzen. Holz verf\u00e4rbt sich bei Sonneneinstrahlung. Holz ist ein nat\u00fcrlicher Rohstoff; daher kann die f\u00fcr Kunststoffe typische Homogenit\u00e4t und Gleichm\u00e4\u00dfigkeit nicht gew\u00e4hrleistet werden. Sogar Elemente aus dem gleichen Baum k\u00f6nnen Farbunterschiede aufweisen. Farbabweichungen oder Unvollkommenheiten, die auf die Holzfaser selbst oder auf die Maserung zur\u00fcckzuf\u00fchren sind, sind eine Garantie f\u00fcr die Qualit\u00e4t von Massivholz und machen seinen Wert aus. Die Lacke, mit denen unserer H\u00f6lzer behandelt werden, sind auf Wasserbasis, damit die Umwelt und die Gesundheit respektiert werden.<\/p>\n\n\n\n<p><\/p>\n\n\n\n<p><\/p>\n\n\n\n<h6 class=\"wp-block-heading titolo4 fadeOnScreen\"><strong><strong>Die Stoffe<\/strong><\/strong><\/h6>\n\n\n\n<p class=\"mb-3 fadeOnScreen\">F\u00fcr die Reinigung der Stoffe wird empfohlen, das spezifische technische Datenblatt und das Etikett auf dem Produkt zu konsultieren. <strong>F\u00fcr die t\u00e4gliche Reinigung<\/strong> nicht b\u00fcrsten, sondern regelm\u00e4\u00dfig staubsaugen und zuviel Druck auf den Stoff vermeiden. F\u00fcr leichte Flecken eine weiche, angefeuchtete B\u00fcrste eventuell zusammen mit Feinwaschmitteln oder mit viel Wasser verd\u00fcnntem wei\u00dfem Essig verwenden. <strong>Keine scheuernden Mittel sowie Reinigungs- und L\u00f6sungsmittel verwenden. Keine Hochdruck-Dampfstrahler verwenden.<\/strong><\/p>\n\n\n\n<p class=\"mb-3 fadeOnScreen\"><\/p>\n\n\n\n<p><\/p>\n\n\n\n<p><\/p>\n\n\n\n<h6 class=\"wp-block-heading titolo4  fadeOnScreen\"><strong><strong>Das Kunstleder<\/strong><\/strong><\/h6>\n\n\n\n<p class=\"mb-3 fadeOnScreen\">F\u00fcr die t\u00e4gliche Reinigung ein mit Wasser befeuchtetes weiches Tuch verwenden. F\u00fcr hartn\u00e4ckigeren Schmutz einen Schwamm mit Wasser und Seife verwenden. Keine scheuernden Mittel sowie Reinigungs- und L\u00f6sungsmittel verwenden. Versch\u00fcttete Fl\u00fcssigkeiten sofort mit einem sauberen, trockenen Tuch entfernen.<br>Einige Farbstoffe f\u00fcr Kleidung und Accessoires (z. B. Jeans) k\u00f6nnen auf den hellen Farben Flecken hinterlassen. Dieses Ph\u00e4nomen verst\u00e4rkt sich bei Feuchtigkeit und Temperatur. Wir haften nicht f\u00fcr Farb\u00fcbertragungen, die durch externe Verunreinigungen verursacht werden.<\/p>\n\n\n\n<p><\/p>\n\n\n\n<h6 class=\"wp-block-heading titolo4  fadeOnScreen\"><strong><strong>Das Leder<\/strong><\/strong><\/h6>\n\n\n\n<p class=\"mb-3 fadeOnScreen\">S\u2022CAB verwendet f\u00fcr die gepolsterten Sitze ausschlie\u00dflich pflanzlich gegerbtes Naturleder. F\u00fcr die t\u00e4gliche Reinigung ein weiches, trockenes Tuch verwenden.<br>Bei hartn\u00e4ckigen Verschmutzungen ein weiches, mit Wasser angefeuchtetes Tuch verwenden. Keine scheuernden Mittel sowie Reinigungs- und L\u00f6sungsmittel verwenden.<\/p>\n\n\n\n<p><\/p>\n\n\n\n<h6 class=\"wp-block-heading titolo4  fadeOnScreen\"><strong>OUTDOOR-TEPPICH<\/strong><\/h6>\n\n\n\n<p class=\"mb-3\"><\/p>\n\n\n\n<p class=\"titolo3_medium_classic fadeOnScreen\"><strong><strong><strong>Pflege und Reinigung<\/strong><\/strong><\/strong><\/p>\n\n\n\n<p class=\"fadeOnScreen\">Auf Handwebst\u00fchlen hergestellter Teppich aus Kunstfasergarn. Normale Reinigung: Absaugen ohne B\u00fcrsten. Gr\u00fcndliche Reinigung: L\u00f6sung aus Wasser und neutralem Reinigungsmittel. Keine B\u00fcrsten, Scheuermittel, Bleichmittel oder L\u00f6sungsmittel. Nicht chemisch reinigen oder mit einem Hochdruckreiniger reinigen. Bei Flecken: mit einem trockenen Tuch abtupfen.<\/p>\n\n\n\n<p>Liegend trocknen.<\/p>\n\n\n\n<p><\/p>\n\n\n\n<h6 class=\"wp-block-heading titolo4  fadeOnScreen\"><strong>OUTDOOR-KISSEN<\/strong><\/h6>\n\n\n\n<p class=\"mb-3\"><\/p>\n\n\n\n<p class=\"titolo3_medium_classic fadeOnScreen\"><strong><strong>Pflege und Reinigung<\/strong><\/strong><\/p>\n\n\n\n<p class=\"fadeOnScreen\">Es wird angeraten, stets die Anweisungen auf den technischen Datenbl\u00e4ttern der einzelnen Stoffe und auf eventuell angebrachten Etiketten zu befolgen.<br>Eine regelm\u00e4\u00dfige Reinigung der Stoffe wird empfohlen, um ihr Aussehen zu erhalten und ihre Lebensdauer zu verl\u00e4ngern.<br>Wir empfehlen eine t\u00e4gliche, sanfte Reinigung mit einem Staubsauger, um den Staub zu entfernen.<br>Wischen Sie Fl\u00fcssigkeiten so schnell wie m\u00f6glich mit einem wei\u00dfen, saugf\u00e4higen Tuch auf.<br>Bei leichten Verschmutzungen ist es wichtig, rasch mit einer angefeuchteten weichen B\u00fcrste oder einem wei\u00dfen Tuch vorzugehen und gegebenenfalls milde Reinigungsmittel zu verwenden.<br>Pr\u00fcfen Sie vor der Anwendung stets die Wirksamkeit der Reinigungsmittel an kleinen, nicht sichtbaren Bereichen. Verwenden Sie keine Scheuermittel, Konzentrate, L\u00f6sungsmittel oder Bleichmittel.<br>Die oben genannten Empfehlungen sind keine Garantie f\u00fcr die vollst\u00e4ndige Entfernung von Flecken.<br>Kissen aus Acrylgewebe sind f\u00fcr die Verwendung im Freien geeignet. W\u00e4hrend der Nutzungszeit empfehlen wir jedoch, die Polsterung mit entsprechenden Schutzh\u00fcllen vor Witterungseinfl\u00fcssen zu sch\u00fctzen und sie nicht \u00fcber l\u00e4ngere Zeit der Witterung auszusetzen.<br>Bevor Sie das Produkt f\u00fcr die Zeit der Nichtbenutzung lagern, vergewissern Sie sich, dass es trocken und sauber ist und dass es an einem trockenen und bel\u00fcfteten Ort gelagert wird, um die Bildung von Kondenswasser zu vermeiden.<br>Alle Stoffe k\u00f6nnen durch Sonneneinstrahlung und\/oder l\u00e4ngeren Gebrauch eine nat\u00fcrliche Farbver\u00e4nderung aufweisen; dies ist ein normaler Effekt und stellt keinen Mangel dar.<br>Alle Stoffe k\u00f6nnen im Vergleich zum Muster geringf\u00fcgige nat\u00fcrliche Farbunterschiede aufweisen. Dies sind normale Effekte und gelten nicht als M\u00e4ngel.<\/p>\n\n\n\n<p><\/p>\n\n\n\n<p><\/p>\n\n\n\n<h6 class=\"wp-block-heading titolo4 fadeOnScreen\"><strong><strong>Der Kork<\/strong><\/strong><\/h6>\n\n\n\n<p class=\"mb-3 fadeOnScreen\">Kork ist ein 100 % \u00f6kologisches, nat\u00fcrliches und recyceltes Material, es ist weich, elastisch, isolierend, mit feuerhemmenden Eigenschaften und kann sowohl im Au\u00dfenbereich (mit der gleichen Pflege und Instandhaltung wie bei Holzprodukten) als auch im Innenbereich verwendet werden.<br>Als Holzessenz hellt sich das Material in der Sonne auf, wodurch seine Nat\u00fcrlichkeit verst\u00e4rkt wird.<br>Zur Reinigung ein feuchtes, nicht scheuerndes Tuch verwenden. Keine aggressiven Produkte verwenden, da das Material absorbiert und es folglich angegriffen werden k\u00f6nnte.<\/p>\n\n\n\n<p><\/p>\n\n\n\n<p><\/p>\n\n\n\n<h6 class=\"wp-block-heading titolo4 fadeOnScreen\"><strong><strong>Tischplatten aus Compact HPL und Fenix<\/strong><\/strong><\/h6>\n\n\n\n<p class=\"mb-3 fadeOnScreen\">Tischplatten aus Compact HPL und Fenix sind Platten, die aus mehreren Schichten Zellulosefasermaterial bestehen und mit w\u00e4rmeh\u00e4rtenden Harzen impr\u00e4gniert sind.<br>Sie verf\u00fcgen \u00fcber hervorragende mechanische und physikalische Eigenschaften, Hygiene und Widerstandsf\u00e4higkeit.<\/p>\n\n\n\n<p class=\"titolo3_medium_classic fadeOnScreen\">Pflege<\/p>\n\n\n\n<p class=\"fadeOnScreen\">Verwenden Sie zur Reinigung eine in Wasser verd\u00fcnnte neutrale Fl\u00fcssigseife. Reinigen Sie mit einem weichen, feuchten Tuch, um Kratzer zu vermeiden. Anschlie\u00dfend immer mit lauwarmem Wasser absp\u00fclen und mit einem sauberen, weichen Tuch abtrocknen, um Kalkablagerungen zu vermeiden. Lassen Sie die Tischplatten nicht zu lange nass und wischen Sie versch\u00fcttete Fl\u00fcssigkeiten auf. Verwenden Sie keine scheuernden oder aggressiven Produkte, sowie keine Scheuerschw\u00e4mme oder B\u00fcrsten.<br>Das Material kann sich aufgrund von klimatischen und thermischen Bedingungen ver\u00e4ndern, so dass Ausrichtungs\u00e4nderungen m\u00f6glich sind.<br>F\u00fcr weitere Informationen \u00fcber Fenix-Tischplatten:&nbsp;<a href=\"https:\/\/www.fenixforinteriors.com\/de-DE\/materialien\/fenix\" target=\"_blank\" rel=\"noreferrer noopener\">https:\/\/www.fenixforinteriors.com\/de-DE\/materialien\/fenix<\/a><\/p>\n\n\n\n<p><\/p>\n\n\n\n<p><\/p>\n\n\n\n<p><\/p>\n\n\n\n<h6 class=\"wp-block-heading titolo4 fadeOnScreen\"><strong><strong>Tischplatten aus Laminat<\/strong><\/strong><\/h6>\n\n\n\n<p class=\"titolo3_medium_classic fadeOnScreen\">Pflege und Reinigung<\/p>\n\n\n\n<p class=\"mb-3 fadeOnScreen\">Verwenden Sie zum Reinigen ein weiches, trockenes oder leicht mit in Wasser verd\u00fcnntem Fl\u00fcssigreiniger angefeuchtetes Tuch, um Kratzer zu vermeiden. Verwenden Sie keinesfalls Scheuermittel oder aggressive Produkte wie Ammoniak, Bleiche oder s\u00e4urehaltige Reiniger und sp\u00fclen Sie die Fl\u00e4che anschlie\u00dfend immer gr\u00fcndlich ab.<br>NACH DEM REINIGEN ODER FALLS FL\u00dcSSIGKEITEN AUSGELAUFEN SIND, TROCKNEN SIE DIE FL\u00c4CHE STETS SOFORT AB. DAS LAMINAT IST VOR FEUCHTIGKEIT ZU SCH\u00dcTZEN.<\/p>\n\n\n\n<p><\/p>\n\n\n\n<p><\/p>\n<\/div>\n<\/div><\/div><\/section>\n\n\n\n<p><\/p>\n","protected":false},"excerpt":{"rendered":"","protected":false},"author":1,"featured_media":0,"parent":0,"menu_order":0,"comment_status":"closed","ping_status":"closed","template":"","meta":{"_acf_changed":false,"inline_featured_image":false,"footnotes":""},"class_list":["post-102620","page","type-page","status-publish","hentry"],"acf":[],"yoast_head":"<!-- This site is optimized with the Yoast SEO plugin v24.9 - https:\/\/yoast.com\/wordpress\/plugins\/seo\/ -->\n<title>Materialien, Gebrauch und Instandhaltung - S\u2022CAB<\/title>\n<meta name=\"description\" content=\"S\u2022CAB - Materialien, Gebrauch und Instandhaltung - Seit 1957 kreiert S\u2022CAB hochwertige, nachhaltige M\u00f6bel Made in Italy. Entdecken Sie unsere Philosophie, Geschichte und Werte.\" \/>\n<meta name=\"robots\" content=\"index, follow, max-snippet:-1, max-image-preview:large, max-video-preview:-1\" \/>\n<link rel=\"canonical\" href=\"https:\/\/www.s-cab.it\/de\/materialien-gebrauch-und-instandhaltung\/\" \/>\n<meta property=\"og:locale\" content=\"de_DE\" \/>\n<meta property=\"og:type\" content=\"article\" \/>\n<meta property=\"og:title\" content=\"Materialien, Gebrauch und Instandhaltung - S\u2022CAB\" \/>\n<meta property=\"og:description\" content=\"S\u2022CAB - Materialien, Gebrauch und Instandhaltung - Seit 1957 kreiert S\u2022CAB hochwertige, nachhaltige M\u00f6bel Made in Italy. Entdecken Sie unsere Philosophie, Geschichte und Werte.\" \/>\n<meta property=\"og:url\" content=\"https:\/\/www.s-cab.it\/de\/materialien-gebrauch-und-instandhaltung\/\" \/>\n<meta property=\"og:site_name\" content=\"S\u2022CAB\" \/>\n<meta property=\"article:modified_time\" content=\"2025-07-07T15:15:03+00:00\" \/>\n<meta property=\"og:image\" content=\"https:\/\/www.s-cab.it\/wp-content\/uploads\/2024\/11\/scab-manutenzione-3.png\" \/>\n<meta name=\"twitter:card\" content=\"summary_large_image\" \/>\n<meta name=\"twitter:label1\" content=\"Gesch\u00e4tzte Lesezeit\" \/>\n\t<meta name=\"twitter:data1\" content=\"7\u00a0Minuten\" \/>\n<script type=\"application\/ld+json\" class=\"yoast-schema-graph\">{\"@context\":\"https:\/\/schema.org\",\"@graph\":[{\"@type\":\"WebPage\",\"@id\":\"https:\/\/www.s-cab.it\/de\/materialien-gebrauch-und-instandhaltung\/\",\"url\":\"https:\/\/www.s-cab.it\/de\/materialien-gebrauch-und-instandhaltung\/\",\"name\":\"Materialien, Gebrauch und Instandhaltung - S\u2022CAB\",\"isPartOf\":{\"@id\":\"https:\/\/www.s-cab.it\/de\/#website\"},\"primaryImageOfPage\":{\"@id\":\"https:\/\/www.s-cab.it\/de\/materialien-gebrauch-und-instandhaltung\/#primaryimage\"},\"image\":{\"@id\":\"https:\/\/www.s-cab.it\/de\/materialien-gebrauch-und-instandhaltung\/#primaryimage\"},\"thumbnailUrl\":\"https:\/\/www.s-cab.it\/wp-content\/uploads\/2024\/11\/scab-manutenzione-3.png\",\"datePublished\":\"2024-11-29T10:37:59+00:00\",\"dateModified\":\"2025-07-07T15:15:03+00:00\",\"description\":\"S\u2022CAB - Materialien, Gebrauch und Instandhaltung - Seit 1957 kreiert S\u2022CAB hochwertige, nachhaltige M\u00f6bel Made in Italy. Entdecken Sie unsere Philosophie, Geschichte und Werte.\",\"breadcrumb\":{\"@id\":\"https:\/\/www.s-cab.it\/de\/materialien-gebrauch-und-instandhaltung\/#breadcrumb\"},\"inLanguage\":\"de\",\"potentialAction\":[{\"@type\":\"ReadAction\",\"target\":[\"https:\/\/www.s-cab.it\/de\/materialien-gebrauch-und-instandhaltung\/\"]}]},{\"@type\":\"ImageObject\",\"inLanguage\":\"de\",\"@id\":\"https:\/\/www.s-cab.it\/de\/materialien-gebrauch-und-instandhaltung\/#primaryimage\",\"url\":\"https:\/\/www.s-cab.it\/wp-content\/uploads\/2024\/11\/scab-manutenzione-3.png\",\"contentUrl\":\"https:\/\/www.s-cab.it\/wp-content\/uploads\/2024\/11\/scab-manutenzione-3.png\"},{\"@type\":\"BreadcrumbList\",\"@id\":\"https:\/\/www.s-cab.it\/de\/materialien-gebrauch-und-instandhaltung\/#breadcrumb\",\"itemListElement\":[{\"@type\":\"ListItem\",\"position\":1,\"name\":\"Home\",\"item\":\"https:\/\/www.s-cab.it\/de\/\"},{\"@type\":\"ListItem\",\"position\":2,\"name\":\"Materialien, Gebrauch und Instandhaltung\"}]},{\"@type\":\"WebSite\",\"@id\":\"https:\/\/www.s-cab.it\/de\/#website\",\"url\":\"https:\/\/www.s-cab.it\/de\/\",\"name\":\"S\u2022CAB\",\"description\":\"\",\"potentialAction\":[{\"@type\":\"SearchAction\",\"target\":{\"@type\":\"EntryPoint\",\"urlTemplate\":\"https:\/\/www.s-cab.it\/de\/?s={search_term_string}\"},\"query-input\":{\"@type\":\"PropertyValueSpecification\",\"valueRequired\":true,\"valueName\":\"search_term_string\"}}],\"inLanguage\":\"de\"}]}<\/script>\n<!-- \/ Yoast SEO plugin. -->","yoast_head_json":{"title":"Materialien, Gebrauch und Instandhaltung - S\u2022CAB","description":"S\u2022CAB - Materialien, Gebrauch und Instandhaltung - Seit 1957 kreiert S\u2022CAB hochwertige, nachhaltige M\u00f6bel Made in Italy. Entdecken Sie unsere Philosophie, Geschichte und Werte.","robots":{"index":"index","follow":"follow","max-snippet":"max-snippet:-1","max-image-preview":"max-image-preview:large","max-video-preview":"max-video-preview:-1"},"canonical":"https:\/\/www.s-cab.it\/de\/materialien-gebrauch-und-instandhaltung\/","og_locale":"de_DE","og_type":"article","og_title":"Materialien, Gebrauch und Instandhaltung - S\u2022CAB","og_description":"S\u2022CAB - Materialien, Gebrauch und Instandhaltung - Seit 1957 kreiert S\u2022CAB hochwertige, nachhaltige M\u00f6bel Made in Italy. Entdecken Sie unsere Philosophie, Geschichte und Werte.","og_url":"https:\/\/www.s-cab.it\/de\/materialien-gebrauch-und-instandhaltung\/","og_site_name":"S\u2022CAB","article_modified_time":"2025-07-07T15:15:03+00:00","og_image":[{"url":"https:\/\/www.s-cab.it\/wp-content\/uploads\/2024\/11\/scab-manutenzione-3.png","type":"","width":"","height":""}],"twitter_card":"summary_large_image","twitter_misc":{"Gesch\u00e4tzte Lesezeit":"7\u00a0Minuten"},"schema":{"@context":"https:\/\/schema.org","@graph":[{"@type":"WebPage","@id":"https:\/\/www.s-cab.it\/de\/materialien-gebrauch-und-instandhaltung\/","url":"https:\/\/www.s-cab.it\/de\/materialien-gebrauch-und-instandhaltung\/","name":"Materialien, Gebrauch und Instandhaltung - S\u2022CAB","isPartOf":{"@id":"https:\/\/www.s-cab.it\/de\/#website"},"primaryImageOfPage":{"@id":"https:\/\/www.s-cab.it\/de\/materialien-gebrauch-und-instandhaltung\/#primaryimage"},"image":{"@id":"https:\/\/www.s-cab.it\/de\/materialien-gebrauch-und-instandhaltung\/#primaryimage"},"thumbnailUrl":"https:\/\/www.s-cab.it\/wp-content\/uploads\/2024\/11\/scab-manutenzione-3.png","datePublished":"2024-11-29T10:37:59+00:00","dateModified":"2025-07-07T15:15:03+00:00","description":"S\u2022CAB - Materialien, Gebrauch und Instandhaltung - Seit 1957 kreiert S\u2022CAB hochwertige, nachhaltige M\u00f6bel Made in Italy. Entdecken Sie unsere Philosophie, Geschichte und Werte.","breadcrumb":{"@id":"https:\/\/www.s-cab.it\/de\/materialien-gebrauch-und-instandhaltung\/#breadcrumb"},"inLanguage":"de","potentialAction":[{"@type":"ReadAction","target":["https:\/\/www.s-cab.it\/de\/materialien-gebrauch-und-instandhaltung\/"]}]},{"@type":"ImageObject","inLanguage":"de","@id":"https:\/\/www.s-cab.it\/de\/materialien-gebrauch-und-instandhaltung\/#primaryimage","url":"https:\/\/www.s-cab.it\/wp-content\/uploads\/2024\/11\/scab-manutenzione-3.png","contentUrl":"https:\/\/www.s-cab.it\/wp-content\/uploads\/2024\/11\/scab-manutenzione-3.png"},{"@type":"BreadcrumbList","@id":"https:\/\/www.s-cab.it\/de\/materialien-gebrauch-und-instandhaltung\/#breadcrumb","itemListElement":[{"@type":"ListItem","position":1,"name":"Home","item":"https:\/\/www.s-cab.it\/de\/"},{"@type":"ListItem","position":2,"name":"Materialien, Gebrauch und Instandhaltung"}]},{"@type":"WebSite","@id":"https:\/\/www.s-cab.it\/de\/#website","url":"https:\/\/www.s-cab.it\/de\/","name":"S\u2022CAB","description":"","potentialAction":[{"@type":"SearchAction","target":{"@type":"EntryPoint","urlTemplate":"https:\/\/www.s-cab.it\/de\/?s={search_term_string}"},"query-input":{"@type":"PropertyValueSpecification","valueRequired":true,"valueName":"search_term_string"}}],"inLanguage":"de"}]}},"_links":{"self":[{"href":"https:\/\/www.s-cab.it\/de\/wp-json\/wp\/v2\/pages\/102620","targetHints":{"allow":["GET"]}}],"collection":[{"href":"https:\/\/www.s-cab.it\/de\/wp-json\/wp\/v2\/pages"}],"about":[{"href":"https:\/\/www.s-cab.it\/de\/wp-json\/wp\/v2\/types\/page"}],"author":[{"embeddable":true,"href":"https:\/\/www.s-cab.it\/de\/wp-json\/wp\/v2\/users\/1"}],"replies":[{"embeddable":true,"href":"https:\/\/www.s-cab.it\/de\/wp-json\/wp\/v2\/comments?post=102620"}],"version-history":[{"count":5,"href":"https:\/\/www.s-cab.it\/de\/wp-json\/wp\/v2\/pages\/102620\/revisions"}],"predecessor-version":[{"id":141524,"href":"https:\/\/www.s-cab.it\/de\/wp-json\/wp\/v2\/pages\/102620\/revisions\/141524"}],"wp:attachment":[{"href":"https:\/\/www.s-cab.it\/de\/wp-json\/wp\/v2\/media?parent=102620"}],"curies":[{"name":"wp","href":"https:\/\/api.w.org\/{rel}","templated":true}]}}