{"id":102631,"date":"2024-11-20T09:41:00","date_gmt":"2024-11-20T08:41:00","guid":{"rendered":"https:\/\/www.s-cab.it\/showroom\/"},"modified":"2025-09-09T17:03:55","modified_gmt":"2025-09-09T15:03:55","slug":"showroom","status":"publish","type":"page","link":"https:\/\/www.s-cab.it\/de\/showroom\/","title":{"rendered":"Showroom"},"content":{"rendered":"<div id=\"block_d28efe5123204c0be07a89221b703e30-blocco_video_banner\" class=\" fadeOnScreen container-fluid blocco_video_banner block_publifarm  video_full_screen   video_background_mp4  \" >\n    <div class=\"row video_wrp d-flex flex-wrap justify-content-center align-items-center\">\n\n        <div class=\"cover_img cover_img_has_overlay_ d-flex justify-content-center align-items-center\" style=\"background-image:url(https:\/\/www.s-cab.it\/wp-content\/uploads\/2024\/12\/azienda-showroom-gallery_00-1.jpg);\">\n           <\/div>\n    \n\t      <div class=\"fadeOnScreen yt-embed-img_anteprima_1 blocco_immagini_sfalsate_video\" >\n    <video  width=\"560\" height=\"315\" autoplay loop muted playsinline style=\"pointer-events: none;\" class=\"html5_video_player\">\n        <source src=\"https:\/\/www.s-cab.it\/wp-content\/uploads\/2025\/02\/s-cab-showroom-241223-01.mp4\" type=\"video\/mp4\" \/>\n    <\/video>\n    <div class=\"yt-embed-overlay\"><\/div>\n    \n    <\/div>    \n    <\/div>\n\t\n<\/div>\n\n\n<div style=\"height:68px\" aria-hidden=\"true\" class=\"wp-block-spacer\"><\/div>\n\n\n\n<section class=\"wp-block-evidenzio-columns fadeOnScreen\"><div class=\"container\"><div class=\"row\">\n<div class=\"wp-block-evidenzio-column col-12 col-md-12 col-lg\">\n<h2 class=\"wp-block-heading titolo2b\">Die Neugestaltung des Hauptsitzes des S\u2022CAB Showroom in Coccaglio, Brescia, ist der direkte Ausdruck der zeitgem\u00e4\u00dfe Vision der Firmenimages.<\/h2>\n<\/div>\n<\/div><\/div><\/section>\n\n\n\n<div style=\"height:198px\" aria-hidden=\"true\" class=\"wp-block-spacer\"><\/div>\n\n\n\n<section class=\"wp-block-evidenzio-columns fadeOnScreen\"><div class=\"container\"><div class=\"row\">\n<div class=\"wp-block-evidenzio-column col-12 col-md-12 col-lg-5\">\n<p>So wurde der Showroom innerhalb des S-CAB-Gel\u00e4ndes auf einer Industriefl\u00e4che von 600 Quadratmetern eingerichtet, die in ihren urspr\u00fcnglichen architektonischen und materiellen Besonderheiten erhalten geblieben ist, von der gew\u00f6lbten Decke bis zu den strukturellen Zugstangen, von den hellen Eisenglasfenstern, die den Umfang zeichnen, \u00fcber den Lastenaufzug f\u00fcr den Zugang zur Etage bis hin zum durchgehenden Harzboden. The showroom design is, therefore, stripped of any overhead structure and decorative or colourful elements that might detract from the architecture, and is consequently conceived as a pathway through large platforms with a bare metal structure and neutral tones. These are enhanced by imposing metal doorways, providing lots of space in which to display the brand\u2019s latest furnishing proposals. As a result, the architectural context of the showroom adds value to the design, production quality, materials and colours of the products. The focus is firmly on the product. Auch die Anlagentechnik ist, obwohl sie mit Produkten im Einklang mit der technologischen Entwicklung komplett \u00fcberholt wurde, auf den ersten Blick so entworfen und in ihrer Technik deklariert, wie es in Industrier\u00e4umen \u00fcblich ist.<\/p>\n<\/div>\n\n\n\n<div class=\"wp-block-evidenzio-column col-12 col-md-12 col-lg\"><\/div>\n<\/div><\/div><\/section>\n\n\n\n<div style=\"height:83px\" aria-hidden=\"true\" class=\"wp-block-spacer\"><\/div>\n\n\n<div id=\"block_ab7cd5400c96514c600c86872521e4af-blocco_slider_imgs\" class=\"fadeOnScreen extra_title fadeOnScreen container-fluid blocco_slider_imgs block_publifarm\">\n\t\t\t\t\t<div class=\"row\">\n\t\t\t\t\t\t<div class=\" blocco_slider_imgs_wrp col col-sm-12 col-md-12 swiper\">\n\t\t\t\t\t\t\t<div class=\"swiper-wrapper\">\n\t\t\t\t\t\t\t\t\t\t\t\t\t\t\t\t\t<img decoding=\"async\" loading=\"lazy\" class=\"swiper-slide\" src=\"https:\/\/www.s-cab.it\/wp-content\/uploads\/2024\/11\/azienda-showroom-gallery_03-1.webp\" \/>\n\t\t\t\t\t\t\t\t\t\t\t\t\t\t\t\t\t<img decoding=\"async\" loading=\"lazy\" class=\"swiper-slide\" src=\"https:\/\/www.s-cab.it\/wp-content\/uploads\/2024\/11\/azienda-showroom-gallery_05-1-scaled.webp\" \/>\n\t\t\t\t\t\t\t\t\t\t\t\t\t\t\t\t\t<img decoding=\"async\" loading=\"lazy\" class=\"swiper-slide\" src=\"https:\/\/www.s-cab.it\/wp-content\/uploads\/2025\/09\/SCAB-25-08-27-COCCAGLIO-1555.webp\" \/>\n\t\t\t\t\t\t\t\t\t\t\t\t\t\t\t\t\t<img decoding=\"async\" loading=\"lazy\" class=\"swiper-slide\" src=\"https:\/\/www.s-cab.it\/wp-content\/uploads\/2024\/12\/azienda-gallery_22.webp\" \/>\n\t\t\t\t\t\t\t\t\t\t\t\t\t\t\t\t\t<img decoding=\"async\" loading=\"lazy\" class=\"swiper-slide\" src=\"https:\/\/www.s-cab.it\/wp-content\/uploads\/2025\/02\/azienda-showroom-gallery_08.webp\" \/>\n\t\t\t\t\t\t\t\t\t\t\t\t\t\t\t\t\t<img decoding=\"async\" loading=\"lazy\" class=\"swiper-slide\" src=\"https:\/\/www.s-cab.it\/wp-content\/uploads\/2024\/12\/azienda-gallery_21.webp\" \/>\n\t\t\t\t\t\t\t\t\t\t\t\t\t\t\t\t\t<img decoding=\"async\" loading=\"lazy\" class=\"swiper-slide\" src=\"https:\/\/www.s-cab.it\/wp-content\/uploads\/2024\/11\/azienda-showroom-gallery_01-1-scaled.webp\" \/>\n\t\t\t\t\t\t\t\t\t\t\t\t\t\t\t\t\t<img decoding=\"async\" loading=\"lazy\" class=\"swiper-slide\" src=\"https:\/\/www.s-cab.it\/wp-content\/uploads\/2025\/01\/azienda-showroom-gallery_09-1.webp\" \/>\n\t\t\t\t\t\t\t\t\t\t\t\t\t\t\t\t\t<img decoding=\"async\" loading=\"lazy\" class=\"swiper-slide\" src=\"https:\/\/www.s-cab.it\/wp-content\/uploads\/2024\/12\/azienda-gallery_26.webp\" \/>\n\t\t\t\t\t\t\t\t\t\t\t\t\t\t\t\t\t<img decoding=\"async\" loading=\"lazy\" class=\"swiper-slide\" src=\"https:\/\/www.s-cab.it\/wp-content\/uploads\/2024\/12\/azienda-gallery_25.webp\" \/>\n\t\t\t\t\t\t\t\t\t\t\t\t\t\t\t<\/div>\n\t\t\t\t\t\t<\/div>\n\t\t\t\t\t<\/div>\n<\/div>\n\n\n<div style=\"height:66px\" aria-hidden=\"true\" class=\"wp-block-spacer\"><\/div>\n\n\n\n<section class=\"wp-block-evidenzio-columns fadeOnScreen\"><div class=\"container\"><div class=\"row\">\n<div class=\"wp-block-evidenzio-column col-12 col-md-12 col-lg-5\">\n<p>Das Ausstellungsprojekt verf\u00fcgt folglich \u00fcber keine Art von Aufbauten und dekorativchromatischer Elemente, die mit der Architektur in Konflikt geraten k\u00f6nnten, und ist demnach als Weg \u00fcber gro\u00dfe Podeste mit einer rohen Metallstruktur und neutralen Farben gedacht. Diese sind mit imposanten Eisenportalen geschm\u00fcckt, die es erm\u00f6glichen, die neuesten Einrichtungsvorschl\u00e4ge der Marke in gro\u00dfz\u00fcgigen Bereichen zu zeigen, die dank des architektonischen Ausstellungskontextes in Design, Produktionsqualit\u00e4t, Materialien und Farben aufgewertet werden. Das Produkt steht im Mittelpunkt.<\/p>\n<\/div>\n\n\n\n<div class=\"wp-block-evidenzio-column col-12 col-md-12 col-lg\"><\/div>\n<\/div><\/div><\/section>\n\n\n\n<div style=\"height:123px\" aria-hidden=\"true\" class=\"wp-block-spacer\"><\/div>\n\n\n\n<section class=\"wp-block-evidenzio-columns\"><div class=\"container\"><div class=\"row\">\n<div class=\"wp-block-evidenzio-column col-12 col-md-12 col-lg\">\n<div class=\"d-flex titolo_sfalsato\">\n\t\t\t\t\t\t\t\t\t\t\t\t\t\t\t\t<h4 class=\"extra_title fadeOnScreen\">600m<sup>2<\/sup><\/h4>\n\t\t\t\t\t\t\t\t\t\t\t\t\t\t\t\t\t\t\t\t\t\t\t\t<p class=\"standard_text fadeOnScreen\"> Industrieller<br>Raum<\/p>\n\t\t\t\t\t\t\t\t\t\t\t\t\t\t\t<\/div>\n<\/div>\n\n\n\n<div class=\"wp-block-evidenzio-column col-12 col-md-12 col-lg\">\n<div class=\"d-flex titolo_sfalsato\">\n\t\t\t\t\t\t\t\t\t\t\t\t\t\t\t\t<h4 class=\"extra_title fadeOnScreen\">+60<\/h4>\n\t\t\t\t\t\t\t\t\t\t\t\t\t\t\t\t\t\t\t\t\t\t\t\t<p class=\"standard_text fadeOnScreen\">Langj\u00e4hrige<br>Erfahrung<\/p>\n\t\t\t\t\t\t\t\t\t\t\t\t\t\t\t<\/div>\n<\/div>\n\n\n\n<div class=\"wp-block-evidenzio-column col-12 col-md-12 col-lg\">\n<div class=\"d-flex titolo_sfalsato\">\n\t\t\t\t\t\t\t\t\t\t\t\t\t\t\t\t<h4 class=\"extra_title fadeOnScreen\">80<\/h4>\n\t\t\t\t\t\t\t\t\t\t\t\t\t\t\t\t\t\t\t\t\t\t\t\t<p class=\"standard_text fadeOnScreen\"> Sammlungen<\/p>\n\t\t\t\t\t\t\t\t\t\t\t\t\t\t\t<\/div>\n<\/div>\n<\/div><\/div><\/section>\n\n\n\n<div style=\"height:123px\" aria-hidden=\"true\" class=\"wp-block-spacer\"><\/div>\n\n\n\n<section class=\"wp-block-evidenzio-columns fadeOnScreen\"><div class=\"container\"><div class=\"row\">\n<div class=\"wp-block-evidenzio-column col-12 col-md-12 col-lg-9\">\n<h3 class=\"wp-block-heading titolo2b\"><strong>Die Einrichtung wird dann durch Empfangs- und kommerzielle Servicebereiche vervollst\u00e4ndigt, die den Raum in die Lage versetzen, die Bed\u00fcrfnisse jedes Besuchers zu befriedigen: Unter Ber\u00fccksichtigung der konzeptionellen Gesamtstimmung werden daher Eisen- und Glasboxen f\u00fcr Treffen mit Einzelh\u00e4ndlern und Fachleuten sowie ein Schrank bereitgestellt, der f\u00fcr historische SCAB- St\u00fccke reserviert ist. Dar\u00fcber hinaus stehen ein Entspannungsbereich mit Panoramafenstern, ein gro\u00dfer Besprechungsraum und ein Erfrischungs- und Servicebereich zur Verf\u00fcgung.<\/strong><\/h3>\n\n\n\n<div style=\"height:22px\" aria-hidden=\"true\" class=\"wp-block-spacer\"><\/div>\n<\/div>\n<\/div><\/div><\/section>\n\n\n\n<section class=\"wp-block-evidenzio-columns fadeOnScreen\"><div class=\"container\"><div class=\"row\">\n<div class=\"wp-block-evidenzio-column col-12 col-md-12 col-lg\"><\/div>\n\n\n\n<div class=\"wp-block-evidenzio-column col-12 col-md-12 col-lg-4\">\n<p>Schlie\u00dflich, nicht zu vergessen, befindet sich auf der R\u00fcckseite des gro\u00dfen institutionellen Panels in der Mitte des Raums ein Beh\u00e4lter, der f\u00fcr die Bemusterung mit einem Bereich ausgestattet ist, der den zahlreichen Designpreisen gewidmet ist, die S-CAB in den letzten Jahren erhalten hat.<\/p>\n<\/div>\n\n\n\n<div class=\"wp-block-evidenzio-column col-12 col-md-12 col-lg-1\"><\/div>\n<\/div><\/div><\/section>\n\n\n\n<div style=\"height:44px\" aria-hidden=\"true\" class=\"wp-block-spacer\"><\/div>\n\n\n\n<section class=\"wp-block-evidenzio-columns fadeOnScreen banner_sostenibilita_corretto has-background\" style=\"background-color:#cfefd2\"><div class=\"container py-lg-5\"><div class=\"row\">\n<div class=\"wp-block-evidenzio-column col-12 col-md-12 col-lg d-flex flex-column justify-content-between\">\n<h4 class=\"wp-block-heading has-small-font-size\">Nachhaltigkeit<\/h4>\n\n\n\n<div class=\"wp-block-buttons is-layout-flex wp-block-buttons-is-layout-flex\">\n<div class=\"wp-block-button\"><a class=\"wp-block-button__link wp-element-button\" href=\"https:\/\/www.s-cab.it\/de\/nachhaltigkeit\/\">Entdecken<\/a><\/div>\n<\/div>\n<\/div>\n\n\n\n<div class=\"wp-block-evidenzio-column col-12 col-md-12 col-lg-7\">\n<p class=\"titolo2b\"><strong><strong>Ohne jemals seine Werte zu vernachl\u00e4ssigen, stellt S\u2022CAB eine solide und tief verwurzelte Realit\u00e4t dar, die durch seine drei Werke mit einer Produktionsfl\u00e4che von 85.000 Quadratmetern, ein Team von internationalen Designern und eine unersch\u00fctterliche Berufung, den Schutz seines industriellen Erbes mit einem sorgf\u00e4ltigen und nachhaltigen Wachstumsprozess zu verbinden, gest\u00e4rkt wird.<\/strong><\/strong><\/p>\n<\/div>\n<\/div><\/div><\/section>\n\n\n\n<p><\/p>\n","protected":false},"excerpt":{"rendered":"","protected":false},"author":1,"featured_media":0,"parent":0,"menu_order":0,"comment_status":"closed","ping_status":"closed","template":"","meta":{"_acf_changed":false,"inline_featured_image":false,"footnotes":""},"class_list":["post-102631","page","type-page","status-publish","hentry"],"acf":[],"yoast_head":"<!-- This site is optimized with the Yoast SEO plugin v24.9 - https:\/\/yoast.com\/wordpress\/plugins\/seo\/ -->\n<title>Showroom - S\u2022CAB<\/title>\n<meta name=\"description\" content=\"S\u2022CAB - Showroom - Seit 1957 kreiert S\u2022CAB hochwertige, nachhaltige M\u00f6bel Made in Italy. Entdecken Sie unsere Philosophie, Geschichte und Werte.\" \/>\n<meta name=\"robots\" content=\"index, follow, max-snippet:-1, max-image-preview:large, max-video-preview:-1\" \/>\n<link rel=\"canonical\" href=\"https:\/\/www.s-cab.it\/de\/showroom\/\" \/>\n<meta property=\"og:locale\" content=\"de_DE\" \/>\n<meta property=\"og:type\" content=\"article\" \/>\n<meta property=\"og:title\" content=\"Showroom - S\u2022CAB\" \/>\n<meta property=\"og:description\" content=\"S\u2022CAB - Showroom - Seit 1957 kreiert S\u2022CAB hochwertige, nachhaltige M\u00f6bel Made in Italy. Entdecken Sie unsere Philosophie, Geschichte und Werte.\" \/>\n<meta property=\"og:url\" content=\"https:\/\/www.s-cab.it\/de\/showroom\/\" \/>\n<meta property=\"og:site_name\" content=\"S\u2022CAB\" \/>\n<meta property=\"article:modified_time\" content=\"2025-09-09T15:03:55+00:00\" \/>\n<meta name=\"twitter:card\" content=\"summary_large_image\" \/>\n<meta name=\"twitter:label1\" content=\"Gesch\u00e4tzte Lesezeit\" \/>\n\t<meta name=\"twitter:data1\" content=\"3\u00a0Minuten\" \/>\n<script type=\"application\/ld+json\" class=\"yoast-schema-graph\">{\"@context\":\"https:\/\/schema.org\",\"@graph\":[{\"@type\":\"WebPage\",\"@id\":\"https:\/\/www.s-cab.it\/de\/showroom\/\",\"url\":\"https:\/\/www.s-cab.it\/de\/showroom\/\",\"name\":\"Showroom - S\u2022CAB\",\"isPartOf\":{\"@id\":\"https:\/\/www.s-cab.it\/de\/#website\"},\"datePublished\":\"2024-11-20T08:41:00+00:00\",\"dateModified\":\"2025-09-09T15:03:55+00:00\",\"description\":\"S\u2022CAB - Showroom - Seit 1957 kreiert S\u2022CAB hochwertige, nachhaltige M\u00f6bel Made in Italy. Entdecken Sie unsere Philosophie, Geschichte und Werte.\",\"breadcrumb\":{\"@id\":\"https:\/\/www.s-cab.it\/de\/showroom\/#breadcrumb\"},\"inLanguage\":\"de\",\"potentialAction\":[{\"@type\":\"ReadAction\",\"target\":[\"https:\/\/www.s-cab.it\/de\/showroom\/\"]}]},{\"@type\":\"BreadcrumbList\",\"@id\":\"https:\/\/www.s-cab.it\/de\/showroom\/#breadcrumb\",\"itemListElement\":[{\"@type\":\"ListItem\",\"position\":1,\"name\":\"Home\",\"item\":\"https:\/\/www.s-cab.it\/de\/\"},{\"@type\":\"ListItem\",\"position\":2,\"name\":\"Showroom\"}]},{\"@type\":\"WebSite\",\"@id\":\"https:\/\/www.s-cab.it\/de\/#website\",\"url\":\"https:\/\/www.s-cab.it\/de\/\",\"name\":\"S\u2022CAB\",\"description\":\"\",\"potentialAction\":[{\"@type\":\"SearchAction\",\"target\":{\"@type\":\"EntryPoint\",\"urlTemplate\":\"https:\/\/www.s-cab.it\/de\/?s={search_term_string}\"},\"query-input\":{\"@type\":\"PropertyValueSpecification\",\"valueRequired\":true,\"valueName\":\"search_term_string\"}}],\"inLanguage\":\"de\"}]}<\/script>\n<!-- \/ Yoast SEO plugin. -->","yoast_head_json":{"title":"Showroom - S\u2022CAB","description":"S\u2022CAB - Showroom - Seit 1957 kreiert S\u2022CAB hochwertige, nachhaltige M\u00f6bel Made in Italy. Entdecken Sie unsere Philosophie, Geschichte und Werte.","robots":{"index":"index","follow":"follow","max-snippet":"max-snippet:-1","max-image-preview":"max-image-preview:large","max-video-preview":"max-video-preview:-1"},"canonical":"https:\/\/www.s-cab.it\/de\/showroom\/","og_locale":"de_DE","og_type":"article","og_title":"Showroom - S\u2022CAB","og_description":"S\u2022CAB - Showroom - Seit 1957 kreiert S\u2022CAB hochwertige, nachhaltige M\u00f6bel Made in Italy. Entdecken Sie unsere Philosophie, Geschichte und Werte.","og_url":"https:\/\/www.s-cab.it\/de\/showroom\/","og_site_name":"S\u2022CAB","article_modified_time":"2025-09-09T15:03:55+00:00","twitter_card":"summary_large_image","twitter_misc":{"Gesch\u00e4tzte Lesezeit":"3\u00a0Minuten"},"schema":{"@context":"https:\/\/schema.org","@graph":[{"@type":"WebPage","@id":"https:\/\/www.s-cab.it\/de\/showroom\/","url":"https:\/\/www.s-cab.it\/de\/showroom\/","name":"Showroom - S\u2022CAB","isPartOf":{"@id":"https:\/\/www.s-cab.it\/de\/#website"},"datePublished":"2024-11-20T08:41:00+00:00","dateModified":"2025-09-09T15:03:55+00:00","description":"S\u2022CAB - Showroom - Seit 1957 kreiert S\u2022CAB hochwertige, nachhaltige M\u00f6bel Made in Italy. Entdecken Sie unsere Philosophie, Geschichte und Werte.","breadcrumb":{"@id":"https:\/\/www.s-cab.it\/de\/showroom\/#breadcrumb"},"inLanguage":"de","potentialAction":[{"@type":"ReadAction","target":["https:\/\/www.s-cab.it\/de\/showroom\/"]}]},{"@type":"BreadcrumbList","@id":"https:\/\/www.s-cab.it\/de\/showroom\/#breadcrumb","itemListElement":[{"@type":"ListItem","position":1,"name":"Home","item":"https:\/\/www.s-cab.it\/de\/"},{"@type":"ListItem","position":2,"name":"Showroom"}]},{"@type":"WebSite","@id":"https:\/\/www.s-cab.it\/de\/#website","url":"https:\/\/www.s-cab.it\/de\/","name":"S\u2022CAB","description":"","potentialAction":[{"@type":"SearchAction","target":{"@type":"EntryPoint","urlTemplate":"https:\/\/www.s-cab.it\/de\/?s={search_term_string}"},"query-input":{"@type":"PropertyValueSpecification","valueRequired":true,"valueName":"search_term_string"}}],"inLanguage":"de"}]}},"_links":{"self":[{"href":"https:\/\/www.s-cab.it\/de\/wp-json\/wp\/v2\/pages\/102631","targetHints":{"allow":["GET"]}}],"collection":[{"href":"https:\/\/www.s-cab.it\/de\/wp-json\/wp\/v2\/pages"}],"about":[{"href":"https:\/\/www.s-cab.it\/de\/wp-json\/wp\/v2\/types\/page"}],"author":[{"embeddable":true,"href":"https:\/\/www.s-cab.it\/de\/wp-json\/wp\/v2\/users\/1"}],"replies":[{"embeddable":true,"href":"https:\/\/www.s-cab.it\/de\/wp-json\/wp\/v2\/comments?post=102631"}],"version-history":[{"count":4,"href":"https:\/\/www.s-cab.it\/de\/wp-json\/wp\/v2\/pages\/102631\/revisions"}],"predecessor-version":[{"id":144298,"href":"https:\/\/www.s-cab.it\/de\/wp-json\/wp\/v2\/pages\/102631\/revisions\/144298"}],"wp:attachment":[{"href":"https:\/\/www.s-cab.it\/de\/wp-json\/wp\/v2\/media?parent=102631"}],"curies":[{"name":"wp","href":"https:\/\/api.w.org\/{rel}","templated":true}]}}