{"id":102633,"date":"2024-11-19T16:59:44","date_gmt":"2024-11-19T15:59:44","guid":{"rendered":"https:\/\/www.s-cab.it\/sostenibilita\/"},"modified":"2026-03-23T09:49:22","modified_gmt":"2026-03-23T08:49:22","slug":"nachhaltigkeit","status":"publish","type":"page","link":"https:\/\/www.s-cab.it\/de\/nachhaltigkeit\/","title":{"rendered":"Nachhaltigkeit"},"content":{"rendered":"\n<section class=\"wp-block-evidenzio-columns has-background\" style=\"background-color:#cfefd2\"><div class=\"container-fluid\"><div class=\"row\">\n<div class=\"wp-block-evidenzio-column col-12 col-md-12 col-lg\">\n<p class=\"titolo2b\">F\u00fcr S\u2022CAB ist Nachhaltigkeit ein unverzichtbares Privileg der Industrie und ihres Handelns. \u00dcber die verg\u00e4ngliche Dimension eines beruhigenden Labels hinaus bedeutet der Fokus von S\u2022CAB auf Nachhaltigkeit konkrete Entscheidungen und Handlungen, die sich direkt auf die Art und Weise auswirken, wie Produkte entstehen und den Endverbraucher erreichen.<\/p>\n\n\n\n<div style=\"height:100px\" aria-hidden=\"true\" class=\"wp-block-spacer\"><\/div>\n\n\n<div id=\"block_8c8ee906ce11e7ec4bf1e3b8e5d63691-blocco_slider_imgs\" class=\"bloco_slider_mob_no_slider extra_title fadeOnScreen container-fluid blocco_slider_imgs block_publifarm\">\n\t\t\t\t\t<div class=\"row\">\n\t\t\t\t\t\t<div class=\" blocco_slider_imgs_wrp col col-sm-12 col-md-12 swiper\">\n\t\t\t\t\t\t\t<div class=\"swiper-wrapper\">\n\t\t\t\t\t\t\t\t\t\t\t\t\t\t\t\t\t<img decoding=\"async\" loading=\"lazy\" class=\"swiper-slide\" src=\"https:\/\/www.s-cab.it\/wp-content\/uploads\/2024\/11\/azienda-sostenibilita_01-1.webp\" \/>\n\t\t\t\t\t\t\t\t\t\t\t\t\t\t\t\t\t<img decoding=\"async\" loading=\"lazy\" class=\"swiper-slide\" src=\"https:\/\/www.s-cab.it\/wp-content\/uploads\/2024\/11\/azienda-sostenibilita_02-1.webp\" \/>\n\t\t\t\t\t\t\t\t\t\t\t\t\t\t\t<\/div>\n\t\t\t\t\t\t<\/div>\n\t\t\t\t\t<\/div>\n<\/div>\n\n\n<div style=\"height:120px\" aria-hidden=\"true\" class=\"wp-block-spacer spazio_mob_1\"><\/div>\n<\/div>\n<\/div><\/div><\/section>\n\n\n\n<section class=\"wp-block-evidenzio-columns has-background\" style=\"background-color:#cfefd2\"><div class=\"container-fluid\"><div class=\"row\">\n<div class=\"wp-block-evidenzio-column col-12 col-md-12 col-lg\">\n<div class=\"d-flex titolo_sfalsato\">\n\t\t\t\t\t\t\t\t\t\t\t\t\t\t\t\t<h4 class=\"extra_title fadeOnScreen fadeOnScreen_active\">1.632.780<\/h4>\n\t\t\t\t\t\t\t\t\t\t\t\t\t\t\t\t\t\t\t\t\t\t\t\t<p class=\"standard_text fadeOnScreen fadeOnScreen_active\">kW der erzeugten<br> Energie<\/p>\n\t\t\t\t\t\t\t\t\t\t\t\t\t\t\t<\/div>\n\n\n\n<div style=\"height:10px\" aria-hidden=\"true\" class=\"wp-block-spacer\"><\/div>\n\n\n\n<div class=\"d-flex titolo_sfalsato\">\n\t\t\t\t\t\t\t\t\t\t\t\t\t\t\t\t<h4 class=\"extra_title fadeOnScreen fadeOnScreen_active\">13.450mq<\/h4>\n\t\t\t\t\t\t\t\t\t\t\t\t\t\t\t\t\t\t\t\t\t\t\t\t<p class=\"standard_text fadeOnScreen fadeOnScreen_active\">Gesamtfl\u00e4che m2<\/p>\n\t\t\t\t\t\t\t\t\t\t\t\t\t\t\t<\/div>\n\n\n\n<div style=\"height:10px\" aria-hidden=\"true\" class=\"wp-block-spacer\"><\/div>\n\n\n\n<div class=\"d-flex titolo_sfalsato\">\n\t\t\t\t\t\t\t\t\t\t\t\t\t\t\t\t<h4 class=\"extra_title fadeOnScreen fadeOnScreen_active\">3.474<\/h4>\n\t\t\t\t\t\t\t\t\t\t\t\t\t\t\t\t\t\t\t\t\t\t\t\t<p class=\"standard_text fadeOnScreen fadeOnScreen_active\">Photovoltaik-Module<\/p>\n\t\t\t\t\t\t\t\t\t\t\t\t\t\t\t<\/div>\n\n\n\n<div style=\"height:146px\" aria-hidden=\"true\" class=\"wp-block-spacer spazio_mob_2\"><\/div>\n<\/div>\n\n\n\n<div class=\"wp-block-evidenzio-column col-12 col-md-12 col-lg\">\n<p class=\"titolo3_medium\">S\u2022CAB ist \u00fcberzeugt, dass die Energiewende nicht warten kann. Aus diesem Grund wird das Werk in Coccaglio ab 2023 mit 3.474 Photovoltaik-Paneelen ausgestattet, die auf einer Gesamtfl\u00e4che von 13.450 m2 verteilt sind und mit ihren 1.632.780 kW erzeugter Energie dazu beitragen, den Einsatz umweltsch\u00e4dlicher fossiler Brennstoffe zu reduzieren.<\/p>\n\n\n\n<div style=\"height:100px\" aria-hidden=\"true\" class=\"wp-block-spacer\"><\/div>\n\n\n\n<p class=\"titolo3\">Die Nutzung erneuerbarer Energien ist mit einer sorgf\u00e4ltigen Politik der Energieeffizienz und Spitzentechnologie verbunden. Die Erneuerung des Beleuchtungssystems in den B\u00fcros, Produktionsabteilungen und auf den H\u00f6fen, die jetzt mit LED-Leuchten ausgestattet sind, zeugt von den Bem\u00fchungen um eine Optimierung der Versorgungskette und der Prozesse. Auch die Wasserversorgung folgt dieser Logik, wie z. B. die K\u00fchlsysteme mit geschlossenem Kreislauf, die den Wasserverbrauch senken.<\/p>\n<\/div>\n<\/div><\/div><\/section>\n\n\n\n<section class=\"wp-block-evidenzio-columns has-background\" style=\"background-color:#fafaf7\"><div class=\"container-fluid\"><div class=\"row\">\n<div class=\"wp-block-evidenzio-column col-12 col-md-12 col-lg\">\n<div style=\"height:158px\" aria-hidden=\"true\" class=\"wp-block-spacer spaz_mob_3\"><\/div>\n\n\n\n<h2 class=\"wp-block-heading extra_title align_left\">S\u2022CAB glaubt an die Zukunft<br>der recycelten Materialien<\/h2>\n<\/div>\n<\/div><\/div><\/section>\n\n\n\n<section class=\"wp-block-evidenzio-columns has-background\" style=\"background-color:#fafaf7\"><div class=\"container-fluid\"><div class=\"row\">\n<div class=\"wp-block-evidenzio-column col-12 col-md-12 col-lg\">\n<div style=\"height:145px\" aria-hidden=\"true\" class=\"wp-block-spacer spaz_mob_4\"><\/div>\n\n\n<div class=\" container-fluid blocco_accordion fadeOnScreen\" id=\"blocco-accordion_block_142af876f2a3ceea4dbde35007550fb0\">\n    <div class=\"accordion\" id=\"accordion_bloccoblock_142af876f2a3ceea4dbde35007550fb0\">\n            <!-- Recupero le  aratteristiche del prodotto -->\n            \n                            <div class=\"accordion-item\">\n                    <h2 class=\"accordion-header titolo4\" id=\"heading0\">\n                        <button class=\"accordion-button titolo4 d-flex justify-content-between\" type=\"button\" data-bs-toggle=\"collapse\" data-bs-target=\"#collapse0\" aria-expanded=\"false\" aria-controls=\"collapse0\">\n                            Zertifizierter, regenerierter Kunststoff\n                            <span class=\"crox_icon d-flex justify-content-center align-items-center\"><\/span>\n                        <\/button>\n                    <\/h2>\n                    <div id=\"collapse0\" class=\"accordion-collapse collapse \" aria-labelledby=\"heading0\" data-bs-parent=\"#accordion_bloccoblock_142af876f2a3ceea4dbde35007550fb0\">\n                        <div class=\"accordion-body row\">\n                            <div class=\"col col-sm-12 col-md-5 d-flex align-items-end\">\n                                <p>Die Produkte der Go Green-Kollektion, dem wahren Flaggschiff des Unternehmens, werden aus regeneriertem Post-Consumer-PCR-Kunststoff hergestellt und sind ICMQ-zertifiziert. F\u00fcr ihre Herstellung wird kein neuer Kunststoff in den Produktionszyklus eingef\u00fchrt: Im Gegenteil, Produkte und Verpackungen, die das Ende ihrer Lebensdauer erreicht haben, werden aus Abf\u00e4llen zu Ressourcen, die aufgewertet werden. <\/p>\n<p>&nbsp;<\/p>\n<p><span class=\"cta_wrp d-flex\" style=\"min-width: 5rem;\"><br \/>\n<a class=\"banner_cta boxed_btn \" href=\"https:\/\/www.s-cab.it\/wp-content\/uploads\/2024\/12\/RE06315.pdf\" target=\"_blank\" rel=\"noopener\"><span>Download<\/span><\/a><\/span><\/p>\n\n                            <\/div>\n                            <div class=\"col col-sm-12 col-md-2\">\n                            <\/div>\n                            <div class=\"col col-sm-12 col-md-5\">\n                                <img decoding=\"async\" src=\"https:\/\/www.s-cab.it\/wp-content\/uploads\/2024\/12\/azienda-sostenibilita-plastica_02.jpg\" \/>\n                            <\/div>\n                        <\/div>\n                    <\/div>\n                <\/div>\n                                            <div class=\"accordion-item\">\n                    <h2 class=\"accordion-header titolo4\" id=\"heading10\">\n                        <button class=\"accordion-button titolo4 d-flex justify-content-between\" type=\"button\" data-bs-toggle=\"collapse\" data-bs-target=\"#collapse10\" aria-expanded=\"false\" aria-controls=\"collapse10\">\n                            Nachhaltige Stoffe\n                            <span class=\"crox_icon d-flex justify-content-center align-items-center\"><\/span>\n                        <\/button>\n                    <\/h2>\n                    <div id=\"collapse10\" class=\"accordion-collapse collapse \" aria-labelledby=\"heading10\" data-bs-parent=\"#accordion_bloccoblock_142af876f2a3ceea4dbde35007550fb0\">\n                        <div class=\"accordion-body row\">\n                            <div class=\"col col-sm-12 col-md-5 d-flex align-items-end\">\n                                <p>\u00d6kologische Fasern und zertifizierte Qualit\u00e4t f\u00fcr die neuen nachhaltigen Stoffe, die haupts\u00e4chlich aus Garnen aus recycelten Abf\u00e4llen und PET-Flaschen hergestellt werden. Abf\u00e4lle werden unter Einhaltung \u00f6kologischer und sozialer Kriterien, die sich auf alle Phasen der Produktionskette erstrecken, verwertet, aufbereitet und in neue Produkte umgewandelt.<\/p>\n\n                            <\/div>\n                            <div class=\"col col-sm-12 col-md-2\">\n                            <\/div>\n                            <div class=\"col col-sm-12 col-md-5\">\n                                <img decoding=\"async\" src=\"https:\/\/www.s-cab.it\/wp-content\/uploads\/2024\/11\/azienda-sostenibilita-tessuti_03-1.jpg\" \/>\n                            <\/div>\n                        <\/div>\n                    <\/div>\n                <\/div>\n                                            <div class=\"accordion-item\">\n                    <h2 class=\"accordion-header titolo4\" id=\"heading20\">\n                        <button class=\"accordion-button titolo4 d-flex justify-content-between\" type=\"button\" data-bs-toggle=\"collapse\" data-bs-target=\"#collapse20\" aria-expanded=\"false\" aria-controls=\"collapse20\">\n                             Schiffstau\n                            <span class=\"crox_icon d-flex justify-content-center align-items-center\"><\/span>\n                        <\/button>\n                    <\/h2>\n                    <div id=\"collapse20\" class=\"accordion-collapse collapse \" aria-labelledby=\"heading20\" data-bs-parent=\"#accordion_bloccoblock_142af876f2a3ceea4dbde35007550fb0\">\n                        <div class=\"accordion-body row\">\n                            <div class=\"col col-sm-12 col-md-5 d-flex align-items-end\">\n                                <p>100% recycelbarer Polyester, gef\u00e4rbt, ungiftig, robust und leicht zu pflegen.<\/p>\n\n                            <\/div>\n                            <div class=\"col col-sm-12 col-md-2\">\n                            <\/div>\n                            <div class=\"col col-sm-12 col-md-5\">\n                                <img decoding=\"async\" src=\"https:\/\/www.s-cab.it\/wp-content\/uploads\/2024\/11\/azienda-sostenibilita-corde_02.jpg\" \/>\n                            <\/div>\n                        <\/div>\n                    <\/div>\n                <\/div>\n                                            <div class=\"accordion-item\">\n                    <h2 class=\"accordion-header titolo4\" id=\"heading30\">\n                        <button class=\"accordion-button titolo4 d-flex justify-content-between\" type=\"button\" data-bs-toggle=\"collapse\" data-bs-target=\"#collapse30\" aria-expanded=\"false\" aria-controls=\"collapse30\">\n                            Recycelter und zu 100 % \u00f6kologischer Natur-Kork\n                            <span class=\"crox_icon d-flex justify-content-center align-items-center\"><\/span>\n                        <\/button>\n                    <\/h2>\n                    <div id=\"collapse30\" class=\"accordion-collapse collapse \" aria-labelledby=\"heading30\" data-bs-parent=\"#accordion_bloccoblock_142af876f2a3ceea4dbde35007550fb0\">\n                        <div class=\"accordion-body row\">\n                            <div class=\"col col-sm-12 col-md-5 d-flex align-items-end\">\n                                <p>Kork ist ein 100 % \u00f6kologisches, nat\u00fcrliches und recyceltes Material, das weich, elastisch, isolierend, feuerhemmend, erneuerbar und unendlich oft zu 100 % recycelbar ist und sowohl im Innen- als auch im Au\u00dfenbereich verwendet werden kann.<\/p>\n\n                            <\/div>\n                            <div class=\"col col-sm-12 col-md-2\">\n                            <\/div>\n                            <div class=\"col col-sm-12 col-md-5\">\n                                <img decoding=\"async\" src=\"https:\/\/www.s-cab.it\/wp-content\/uploads\/2024\/11\/azienda-sostenibilita-sughero_02-1.jpg\" \/>\n                            <\/div>\n                        <\/div>\n                    <\/div>\n                <\/div>\n                                            <div class=\"accordion-item\">\n                    <h2 class=\"accordion-header titolo4\" id=\"heading40\">\n                        <button class=\"accordion-button titolo4 d-flex justify-content-between\" type=\"button\" data-bs-toggle=\"collapse\" data-bs-target=\"#collapse40\" aria-expanded=\"false\" aria-controls=\"collapse40\">\n                            <span>FSC<sup>\u00ae<\/sup>zertifiziertes Holz<\/span>\n                            <span class=\"crox_icon d-flex justify-content-center align-items-center\"><\/span>\n                        <\/button>\n                    <\/h2>\n                    <div id=\"collapse40\" class=\"accordion-collapse collapse \" aria-labelledby=\"heading40\" data-bs-parent=\"#accordion_bloccoblock_142af876f2a3ceea4dbde35007550fb0\">\n                        <div class=\"accordion-body row\">\n                            <div class=\"col col-sm-12 col-md-5 d-flex align-items-end\">\n                                <p>FSC<sup>\u00ae<\/sup>-zertifiziertes Produkt aus zertifiziertem Holz aus korrekt und verantwortungsvoll bewirtschafteten W\u00e4ldern. Die FSC<sup>\u00ae<\/sup>&#8211; Marke garantiert, dass die gesamte f\u00fcr ihre Standards zertifizierte Holz-Papier-Kette aus einer umweltfreundlichen, gesellschaftlich n\u00fctzlichen und wirtschaftlich nachhaltigen Forstwirtschaft kommt. Fordern Sie unsere FSC<sup>\u00ae<\/sup> zertifizierten Produkte an.<img loading=\"lazy\" decoding=\"async\" class=\"alignnone size-medium wp-image-29613\" style=\"margin-top: 4rem; max-width: 80px;\" src=\"https:\/\/www.s-cab.it\/wp-content\/uploads\/2024\/12\/s-cab-logofsc.png\" alt=\"\" width=\"300\" height=\"300\" \/><\/p>\n<p><span class=\"cta_wrp d-flex\" style=\"min-width: 5rem;\"><br \/>\n<a class=\"banner_cta boxed_btn \" href=\"https:\/\/www.s-cab.it\/wp-content\/uploads\/2026\/03\/CSI-COC-004326.pdf\" target=\"_blank\" rel=\"noopener\">Download<\/a><\/span><\/p>\n\n                            <\/div>\n                            <div class=\"col col-sm-12 col-md-2\">\n                            <\/div>\n                            <div class=\"col col-sm-12 col-md-5\">\n                                <img decoding=\"async\" src=\"https:\/\/www.s-cab.it\/wp-content\/uploads\/2025\/03\/azienda-sostenibilita-legno_02.jpg\" \/>\n                            <\/div>\n                        <\/div>\n                    <\/div>\n                <\/div>\n                                <\/div>\n<\/div>\n\n\n<div style=\"height:45px\" aria-hidden=\"true\" class=\"wp-block-spacer\"><\/div>\n\n\n\n<p class=\"container-fluid titolo3_medium\">S\u2022CAB setzt Qualit\u00e4t in den Fokus aller Verarbeitungsschritte und gew\u00e4hrleistet eine optimale mechanische und korrosionsbest\u00e4ndige Eigenschaft der Metalle sowie die Einhaltung der europ\u00e4ischen Normen f\u00fcr Geh\u00e4use und Rahmen. Die CATAS-Zertifizierung ist eine weitere Garantie f\u00fcr die Qualit\u00e4t der Rohmaterialien und der Endprodukte.<\/p>\n\n\n\n<p class=\"container-fluid titolo3_medium\">Jedes S\u2022CAB-Produkt ist so konzipiert, dass es ohne \u00dcberraschungen entsorgt werden kann. Jede Komponente l\u00e4sst sich leicht demontieren, w\u00e4hrend alle Kunststoffelemente das Identifikationszeichen gem\u00e4\u00df der ISO11469:2001-Verordnung tragen und einfache Hinweise zum Recycling geben.<\/p>\n\n\n\n<div style=\"height:45px\" aria-hidden=\"true\" class=\"wp-block-spacer\"><\/div>\n\n\n<div id=\"block_730386093ba3e97972cfcc7859040664-blocco_slider_imgs\" class=\" extra_title fadeOnScreen container-fluid blocco_slider_imgs block_publifarm\">\n\t\t\t\t\t<div class=\"row\">\n\t\t\t\t\t\t<div class=\" blocco_slider_imgs_wrp col col-sm-12 col-md-12 swiper\">\n\t\t\t\t\t\t\t<div class=\"swiper-wrapper\">\n\t\t\t\t\t\t\t\t\t\t\t\t\t\t\t\t\t<img decoding=\"async\" loading=\"lazy\" class=\"swiper-slide\" src=\"https:\/\/www.s-cab.it\/wp-content\/uploads\/2024\/12\/azienda-sostenibilita-disassemblabile_01.webp\" \/>\n\t\t\t\t\t\t\t\t\t\t\t\t\t\t\t\t\t<img decoding=\"async\" loading=\"lazy\" class=\"swiper-slide\" src=\"https:\/\/www.s-cab.it\/wp-content\/uploads\/2024\/12\/azienda-sostenibilita-disassemblabile_02.webp\" \/>\n\t\t\t\t\t\t\t\t\t\t\t\t\t\t\t\t\t<img decoding=\"async\" loading=\"lazy\" class=\"swiper-slide\" src=\"https:\/\/www.s-cab.it\/wp-content\/uploads\/2024\/12\/azienda-sostenibilita-disassemblabile_03.webp\" \/>\n\t\t\t\t\t\t\t\t\t\t\t\t\t\t\t<\/div>\n\t\t\t\t\t\t<\/div>\n\t\t\t\t\t<\/div>\n<\/div>\n\n\n<div style=\"height:45px\" aria-hidden=\"true\" class=\"wp-block-spacer\"><\/div>\n\n\n\n<p class=\"container-fluid titolo3_medium\">S\u2022CAB garantiert die besten Sicherheitsbedingungen am Arbeitsplatz, wie im Falle der k\u00fcrzlich erfolgten Installation einer neuen Lackieranlage und setzt sich f\u00fcr eine aktive Unfallverh\u00fctungspolitik ein. S\u2022CAB f\u00f6rdert die Gleichstellung der Geschlechter, sowohl in wirtschaftlicher Hinsicht als auch in Bezug auf die Rechte. Die Einbeziehung der Humanressourcen erfolgt auch durch eine Beziehung, die auf Klarheit, Respekt und Engagement f\u00fcr eine Arbeitsqualit\u00e4t beruht, die zum Synonym f\u00fcr den kollektiven Stolz auf die erzielten Ergebnisse wird.<\/p>\n\n\n\n<p class=\"container-fluid titolo3_medium\">F\u00fcr S\u2022cab ist jedes Produkt f\u00fcr die Ewigkeit gemacht. Und das unabh\u00e4ngig von der Langlebigkeit der Materialien oder der Produktionseffizienz. Jenseits der Moden einer Saison orientiert sich das Design von S\u2022cab an den W\u00fcnschen und Bed\u00fcrfnissen der Menschen. Durchdacht entworfen, wollen sie die R\u00e4ume, in denen sie platziert werden, f\u00fcr lange Zeit bewohnen. Ein bewusster Konsum ist die beste Garantie f\u00fcr ein wirklich nachhaltiges Objekt.<\/p>\n\n\n\n<div style=\"height:45px\" aria-hidden=\"true\" class=\"wp-block-spacer\"><\/div>\n<\/div>\n<\/div><\/div><\/section>\n\n\n\n<section class=\"wp-block-evidenzio-columns blocco_showroom has-background\" style=\"background-color:#cfefd2\"><div class=\"container\"><div class=\"row\">\n<div class=\"wp-block-evidenzio-column col-12 col-md-12 col-lg d-flex flex-column justify-content-between\">\n<div style=\"height:10px\" aria-hidden=\"true\" class=\"wp-block-spacer\"><\/div>\n\n\n\n<h4 class=\"wp-block-heading has-small-font-size\">Showroom<\/h4>\n\n\n\n<div style=\"height:200px\" aria-hidden=\"true\" class=\"wp-block-spacer\"><\/div>\n\n\n\n<div class=\"wp-block-buttons is-layout-flex wp-block-buttons-is-layout-flex\">\n<div class=\"wp-block-button\"><a class=\"wp-block-button__link wp-element-button\" href=\"https:\/\/www.s-cab.it\/de\/showroom\/\">Entdecken<\/a><\/div>\n<\/div>\n\n\n\n<div style=\"height:21px\" aria-hidden=\"true\" class=\"wp-block-spacer\"><\/div>\n<\/div>\n\n\n\n<div class=\"wp-block-evidenzio-column col-12 col-md-12 col-lg-7\">\n<div style=\"height:41px\" aria-hidden=\"true\" class=\"wp-block-spacer\"><\/div>\n\n\n\n<p class=\"titolo2b\"><strong>2021 nimmt ein neuer Showroom im Werk in coccaglio Gestalt an. Der vom Architekten Luca Piatti entworfene 600 Quadratmeter gro\u00dfe Industrieraum beh\u00e4lt seine urspr\u00fcnglichen architektonischen und materiellen Merkmale bei, von der gew\u00f6lbten Decke und den strukturellen Zugstangen bis hin zu den Eisenfenstern und dem durchgehenden Harzboden.<\/strong><\/p>\n\n\n\n<div style=\"height:41px\" aria-hidden=\"true\" class=\"wp-block-spacer\"><\/div>\n<\/div>\n<\/div><\/div><\/section>\n\n\n\n<p><\/p>\n","protected":false},"excerpt":{"rendered":"","protected":false},"author":1,"featured_media":0,"parent":0,"menu_order":0,"comment_status":"closed","ping_status":"closed","template":"","meta":{"_acf_changed":false,"inline_featured_image":false,"footnotes":""},"class_list":["post-102633","page","type-page","status-publish","hentry"],"acf":[],"yoast_head":"<!-- This site is optimized with the Yoast SEO plugin v24.9 - https:\/\/yoast.com\/wordpress\/plugins\/seo\/ -->\n<title>Nachhaltigkeit - S\u2022CAB<\/title>\n<meta name=\"description\" content=\"S\u2022CAB - Nachhaltigkeit - Seit 1957 kreiert S\u2022CAB hochwertige, nachhaltige M\u00f6bel Made in Italy. Entdecken Sie unsere Philosophie, Geschichte und Werte.\" \/>\n<meta name=\"robots\" content=\"index, follow, max-snippet:-1, max-image-preview:large, max-video-preview:-1\" \/>\n<link rel=\"canonical\" href=\"https:\/\/www.s-cab.it\/de\/nachhaltigkeit\/\" \/>\n<meta property=\"og:locale\" content=\"de_DE\" \/>\n<meta property=\"og:type\" content=\"article\" \/>\n<meta property=\"og:title\" content=\"Nachhaltigkeit - S\u2022CAB\" \/>\n<meta property=\"og:description\" content=\"S\u2022CAB - Nachhaltigkeit - Seit 1957 kreiert S\u2022CAB hochwertige, nachhaltige M\u00f6bel Made in Italy. Entdecken Sie unsere Philosophie, Geschichte und Werte.\" \/>\n<meta property=\"og:url\" content=\"https:\/\/www.s-cab.it\/de\/nachhaltigkeit\/\" \/>\n<meta property=\"og:site_name\" content=\"S\u2022CAB\" \/>\n<meta property=\"article:modified_time\" content=\"2026-03-23T08:49:22+00:00\" \/>\n<meta name=\"twitter:card\" content=\"summary_large_image\" \/>\n<meta name=\"twitter:label1\" content=\"Gesch\u00e4tzte Lesezeit\" \/>\n\t<meta name=\"twitter:data1\" content=\"3\u00a0Minuten\" \/>\n<script type=\"application\/ld+json\" class=\"yoast-schema-graph\">{\"@context\":\"https:\/\/schema.org\",\"@graph\":[{\"@type\":\"WebPage\",\"@id\":\"https:\/\/www.s-cab.it\/de\/nachhaltigkeit\/\",\"url\":\"https:\/\/www.s-cab.it\/de\/nachhaltigkeit\/\",\"name\":\"Nachhaltigkeit - S\u2022CAB\",\"isPartOf\":{\"@id\":\"https:\/\/www.s-cab.it\/de\/#website\"},\"datePublished\":\"2024-11-19T15:59:44+00:00\",\"dateModified\":\"2026-03-23T08:49:22+00:00\",\"description\":\"S\u2022CAB - Nachhaltigkeit - Seit 1957 kreiert S\u2022CAB hochwertige, nachhaltige M\u00f6bel Made in Italy. Entdecken Sie unsere Philosophie, Geschichte und Werte.\",\"breadcrumb\":{\"@id\":\"https:\/\/www.s-cab.it\/de\/nachhaltigkeit\/#breadcrumb\"},\"inLanguage\":\"de\",\"potentialAction\":[{\"@type\":\"ReadAction\",\"target\":[\"https:\/\/www.s-cab.it\/de\/nachhaltigkeit\/\"]}]},{\"@type\":\"BreadcrumbList\",\"@id\":\"https:\/\/www.s-cab.it\/de\/nachhaltigkeit\/#breadcrumb\",\"itemListElement\":[{\"@type\":\"ListItem\",\"position\":1,\"name\":\"Home\",\"item\":\"https:\/\/www.s-cab.it\/de\/\"},{\"@type\":\"ListItem\",\"position\":2,\"name\":\"Nachhaltigkeit\"}]},{\"@type\":\"WebSite\",\"@id\":\"https:\/\/www.s-cab.it\/de\/#website\",\"url\":\"https:\/\/www.s-cab.it\/de\/\",\"name\":\"S\u2022CAB\",\"description\":\"\",\"potentialAction\":[{\"@type\":\"SearchAction\",\"target\":{\"@type\":\"EntryPoint\",\"urlTemplate\":\"https:\/\/www.s-cab.it\/de\/?s={search_term_string}\"},\"query-input\":{\"@type\":\"PropertyValueSpecification\",\"valueRequired\":true,\"valueName\":\"search_term_string\"}}],\"inLanguage\":\"de\"}]}<\/script>\n<!-- \/ Yoast SEO plugin. -->","yoast_head_json":{"title":"Nachhaltigkeit - S\u2022CAB","description":"S\u2022CAB - Nachhaltigkeit - Seit 1957 kreiert S\u2022CAB hochwertige, nachhaltige M\u00f6bel Made in Italy. Entdecken Sie unsere Philosophie, Geschichte und Werte.","robots":{"index":"index","follow":"follow","max-snippet":"max-snippet:-1","max-image-preview":"max-image-preview:large","max-video-preview":"max-video-preview:-1"},"canonical":"https:\/\/www.s-cab.it\/de\/nachhaltigkeit\/","og_locale":"de_DE","og_type":"article","og_title":"Nachhaltigkeit - S\u2022CAB","og_description":"S\u2022CAB - Nachhaltigkeit - Seit 1957 kreiert S\u2022CAB hochwertige, nachhaltige M\u00f6bel Made in Italy. Entdecken Sie unsere Philosophie, Geschichte und Werte.","og_url":"https:\/\/www.s-cab.it\/de\/nachhaltigkeit\/","og_site_name":"S\u2022CAB","article_modified_time":"2026-03-23T08:49:22+00:00","twitter_card":"summary_large_image","twitter_misc":{"Gesch\u00e4tzte Lesezeit":"3\u00a0Minuten"},"schema":{"@context":"https:\/\/schema.org","@graph":[{"@type":"WebPage","@id":"https:\/\/www.s-cab.it\/de\/nachhaltigkeit\/","url":"https:\/\/www.s-cab.it\/de\/nachhaltigkeit\/","name":"Nachhaltigkeit - S\u2022CAB","isPartOf":{"@id":"https:\/\/www.s-cab.it\/de\/#website"},"datePublished":"2024-11-19T15:59:44+00:00","dateModified":"2026-03-23T08:49:22+00:00","description":"S\u2022CAB - Nachhaltigkeit - Seit 1957 kreiert S\u2022CAB hochwertige, nachhaltige M\u00f6bel Made in Italy. Entdecken Sie unsere Philosophie, Geschichte und Werte.","breadcrumb":{"@id":"https:\/\/www.s-cab.it\/de\/nachhaltigkeit\/#breadcrumb"},"inLanguage":"de","potentialAction":[{"@type":"ReadAction","target":["https:\/\/www.s-cab.it\/de\/nachhaltigkeit\/"]}]},{"@type":"BreadcrumbList","@id":"https:\/\/www.s-cab.it\/de\/nachhaltigkeit\/#breadcrumb","itemListElement":[{"@type":"ListItem","position":1,"name":"Home","item":"https:\/\/www.s-cab.it\/de\/"},{"@type":"ListItem","position":2,"name":"Nachhaltigkeit"}]},{"@type":"WebSite","@id":"https:\/\/www.s-cab.it\/de\/#website","url":"https:\/\/www.s-cab.it\/de\/","name":"S\u2022CAB","description":"","potentialAction":[{"@type":"SearchAction","target":{"@type":"EntryPoint","urlTemplate":"https:\/\/www.s-cab.it\/de\/?s={search_term_string}"},"query-input":{"@type":"PropertyValueSpecification","valueRequired":true,"valueName":"search_term_string"}}],"inLanguage":"de"}]}},"_links":{"self":[{"href":"https:\/\/www.s-cab.it\/de\/wp-json\/wp\/v2\/pages\/102633","targetHints":{"allow":["GET"]}}],"collection":[{"href":"https:\/\/www.s-cab.it\/de\/wp-json\/wp\/v2\/pages"}],"about":[{"href":"https:\/\/www.s-cab.it\/de\/wp-json\/wp\/v2\/types\/page"}],"author":[{"embeddable":true,"href":"https:\/\/www.s-cab.it\/de\/wp-json\/wp\/v2\/users\/1"}],"replies":[{"embeddable":true,"href":"https:\/\/www.s-cab.it\/de\/wp-json\/wp\/v2\/comments?post=102633"}],"version-history":[{"count":2,"href":"https:\/\/www.s-cab.it\/de\/wp-json\/wp\/v2\/pages\/102633\/revisions"}],"predecessor-version":[{"id":148291,"href":"https:\/\/www.s-cab.it\/de\/wp-json\/wp\/v2\/pages\/102633\/revisions\/148291"}],"wp:attachment":[{"href":"https:\/\/www.s-cab.it\/de\/wp-json\/wp\/v2\/media?parent=102633"}],"curies":[{"name":"wp","href":"https:\/\/api.w.org\/{rel}","templated":true}]}}