{"id":102757,"date":"2024-11-14T16:33:42","date_gmt":"2024-11-14T15:33:42","guid":{"rendered":"https:\/\/www.s-cab.it\/mondi-indoor\/"},"modified":"2026-03-04T10:11:18","modified_gmt":"2026-03-04T09:11:18","slug":"welten-indoor","status":"publish","type":"page","link":"https:\/\/www.s-cab.it\/de\/welten-indoor\/","title":{"rendered":"Welten &#8211; Indoor"},"content":{"rendered":"<div id=\"block_f940096fe46348293b571af869ef9e09-blocco_header_mondi\" class=\" extra_title fadeOnScreen container-fluid blocco_header_mondi block_publifarm\" style=\"background-color:#c75c24\">\nIndoor <br\/> hei\u00dft Wohlbefinden\n<\/div>\n\n\n<div style=\"height:76px\" aria-hidden=\"true\" class=\"wp-block-spacer\"><\/div>\n\n\n<div class=\"container-fluid-custom container-fluid blocco_immagini_sfalsate fadeOnScreen\" id=\"block_fe348b59c2bf3d75e5689a1be198a684\">\n<div class=\"row img_anteprima_extra allinemento_regolare griglia-grande\">\n\t\t\t\t\t\t<div class=\"d-flex flex-column justify-content-start  col col-sm-12 col-md-4  wrp_immagine_di_anteprima_1 testo-immagine allinemento_basso\">\n\n\t\t\t\t\t\t\t\t\t\t\t\t\t\t<a href=\"https:\/\/www.s-cab.it\/de\/selezione\/flap-de\/\">\n\t\t\t\t\t\t\n\t\t\t\t\t\t\t<div class=\"d-flex blocco_1\">\n\t\t\t\t\t\t\t\t\t\t\t\t\t\t\t\t\t\t\t\t\t\t\t<\/div>\n\t\t\t\t\t\t\t\n\t\t\t\t\t\t\t\n\n\t\t\t\t\t\t\t                                    <div class=\"fadeOnScreen yt-embed-img_anteprima_1 blocco_immagini_sfalsate_video\" >\n    <video  width=\"560\" height=\"315\" autoplay loop muted playsinline style=\"pointer-events: none;\" class=\"html5_video_player\">\n        <source src=\"https:\/\/www.s-cab.it\/wp-content\/uploads\/2025\/03\/scab-mondi-indoor-flapaccessorio.mp4\" type=\"video\/mp4\" \/>\n    <\/video>\n    <div class=\"yt-embed-overlay\"><\/div>\n    \n    <\/div>\t\t\t\t\t\t\t\n\t\t\t\t\t\t\t\t\t\t\t\t\t\t\t<\/a>\n\t\t\t\t\t\t\t\t\t\t\t\t\t<\/div>\n\t\t\t\t\t\t<div class=\"  col col-sm-12 col-md-2 \">\n\t\t\t\t\t\t<\/div>\n\t\t\t\t\t\t\n\t\t\t\t\t\t<div class=\"d-flex flex-column justify-content-start align-items-baseline  col col-sm-12 col-md-6 wrp_immagine_di_anteprima_2 immagine-testo allinemento_alto\">\n\t\t\t\t\t\t\t\t\t\t\t\t\t\t<a class=\"blocco_1b\" href=\"https:\/\/www.s-cab.it\/de\/selezione\/flap-de\/\">\n\t\t\t\t\t\t\t\t\t\t\t\t\t\t\t\t\t\t\t\t<div class=\"img_wrp\" style=\"position:relative; overflow:hidden;\">\n\t\t\t\t\t\t\t<img decoding=\"async\" class=\"fadeOnScreen align-self-end\" src=\"https:\/\/www.s-cab.it\/wp-content\/uploads\/2024\/11\/mondi-indoor_01.webp\" srcset=\"https:\/\/www.s-cab.it\/wp-content\/uploads\/2024\/11\/mondi-indoor_01.webp\" \/>\n\t\t\t\t\t\t\t<\/div>\n\t\t\t\t\t\t\t\t\t\t\t\t\t\t<div class=\"d-flex blocco_2b\">\n\t\t\t\t\t\t\t\t\t\t\t\t\t\t\t\t<h4 class=\"titolo4 fadeOnScreen\">Flap Kollektion<\/h4>\n\t\t\t\t\t\t\t\t\t\t\t\t\t\t\t\t\t\t\t\t\t\t\t\t<p class=\"standard_text fadeOnScreen\">Design <br\/>Meneghello Paolelli<\/p>\n\t\t\t\t\t\t\t\t\t\t\t\t\t\t\t<\/div>\n\t\t\t\t\t\t\t\t\t\t\t\t\t\t\t<\/a>\n\t\t\t\t\t\t\t\t\t\t\t\t\t<\/div>\n\t\t\t\t\t\t\n\t\t\t\t\t<\/div>\n\t\t\t\t<\/div>\n\n\t\t\t\t\n\n\n<div style=\"height:62px\" aria-hidden=\"true\" class=\"wp-block-spacer\"><\/div>\n\n\n\n<h4 class=\"wp-block-heading titolo4 container-fluid\">\u00dcber 60 Jahre im Dienste der Wohneinrichtungen &#8211; Die Kollektionen von S\u2022CAB erf\u00fcllen mit \u00fcber sechzig Jahren Erfahrungen, die hinter ihrer Produktion stecken, die Anforderungen und Geschm\u00e4cker der heutigen Zeit und bieten eine breite Auswahl an L\u00f6sungen f\u00fcr die Bereiche Contract, Hospitality und Wohnen.<\/h4>\n\n\n<div id=\"block_b43ee6b563dc0f5fba7d53278e559f8c-blocco_video_banner\" class=\" fadeOnScreen container-fluid blocco_video_banner block_publifarm   video_background_mp4  \" >\n    <div class=\"row video_wrp d-flex flex-wrap justify-content-center align-items-center\">\n\n        <div class=\"cover_img cover_img_has_overlay_ d-flex justify-content-center align-items-center\" style=\"background-image:url(https:\/\/www.s-cab.it\/wp-content\/uploads\/2024\/11\/scab-mondi-indoor-mentha-1920x1080-1-scaled.jpg);\">\n           <\/div>\n    \n\t      <div class=\"fadeOnScreen yt-embed-img_anteprima_1 blocco_immagini_sfalsate_video\" >\n    <video  width=\"560\" height=\"315\" autoplay loop muted playsinline style=\"pointer-events: none;\" class=\"html5_video_player\">\n        <source src=\"https:\/\/www.s-cab.it\/wp-content\/uploads\/2025\/02\/scab-mondi-indoor-mentha-1920x1080-1.mp4\" type=\"video\/mp4\" \/>\n    <\/video>\n    <div class=\"yt-embed-overlay\"><\/div>\n    \n    <\/div>    \n    <\/div>\n\t\n<\/div>\n\n\n<section class=\"wp-block-evidenzio-columns has-background\" style=\"background-color:#fafaf7\"><div class=\"container-fluid\"><div class=\"row\">\n<div class=\"wp-block-evidenzio-column col-12 col-md-12 col-lg\">\n<div style=\"height:61px\" aria-hidden=\"true\" class=\"wp-block-spacer\"><\/div>\n\n\n\n<section class=\"wp-block-evidenzio-columns\"><div class=\"container\"><div class=\"row\">\n<div class=\"wp-block-evidenzio-column col-12 col-md-12 col-lg\">\n<p class=\"standard_text_medium\">Die Zusammenarbeit mit italienischen und internationalen Designern hat mit der Zeit eine einzigartige, ganz und gar moderne Unternehmensidentit\u00e4t geformt, die funktionale Leistung, saloppe Eleganz und Vielseitigkeit in den Vordergrund stellt. Die Aufmerksamkeit f\u00fcr neue Materialien und die vielf\u00e4ltigen M\u00f6glichkeiten der Personalisierung verleihen den Kollektionen ein zus\u00e4tzliches Asset, das in der Lage ist, den Anforderungen einer breit gef\u00e4cherten Nachfrage, die sich st\u00e4ndig weiterentwickelt, nachzukommen.<\/p>\n<\/div>\n\n\n\n<div class=\"wp-block-evidenzio-column col-12 col-md-12 col-lg\"><\/div>\n\n\n\n<div class=\"wp-block-evidenzio-column col-12 col-md-12 col-lg\"><\/div>\n<\/div><\/div><\/section>\n<\/div>\n<\/div><\/div><\/section>\n\n\n\n<section class=\"wp-block-evidenzio-columns has-background\" style=\"background-color:#fafaf7\"><div class=\"container-fluid\"><div class=\"row\">\n<div class=\"wp-block-evidenzio-column col-12 col-md-12 col-lg has-colore-tema-2-background-color has-background\">\n<div style=\"height:61px\" aria-hidden=\"true\" class=\"wp-block-spacer\"><\/div>\n\n\n<div id=\"block_aecc49797c96e5f3ee51e80d34cd3bef-blocco_scrolllaterale\" class=\" fadeOnScreen blocco_scrollalterale block_publifarm\" >\n    <div class=\"  scrollpannel\">\n    <div class=\"scroll_container\">\n    <!-- start container -->\n        <div class=\"first_panel panel \">\n  \n                               \n            <a href=\"https:\/\/www.s-cab.it\/de\/selezione\/atomo-de\/\" class=\"d-flex flex-column justify-content-start  col col-sm-12 col-md-6  wrp_immagine_di_anteprima_1 testo-immagine allinemento_alto\">\n                                <div class=\"d-flex title_wrp\">\n                                                                        <h4 class=\"titolo4 fadeOnScreen\">Atomo Kollektion<\/h4>\n                                                                                                            <p class=\"standard_text fadeOnScreen\">Design<br\/>Spalvieri &#038; Del Ciotto<\/p>\n                                                                    <\/div>\n                                                                     <img decoding=\"async\" loading=\"lazy\" class=\"fadeOnScreen align-self-end\" src=\"https:\/\/www.s-cab.it\/wp-content\/uploads\/2024\/11\/mondi-indoor-mentha_01.webp\" srcset=\"https:\/\/www.s-cab.it\/wp-content\/uploads\/2024\/11\/mondi-indoor-mentha_01.webp\" \/>\n                                \n                                \n                                \n            <\/a>\n            <div class=\"  col col-sm-12 col-md-2\">\n            <\/div>\t\t\t\t\t\n            <a href=\"https:\/\/www.s-cab.it\/de\/selezione\/koala-de\/\" class=\"d-flex flex-column justify-content-start align-items-baseline col col-sm-12 col-md-4 wrp_immagine_di_anteprima_2 immagine-testo allinemento_basso\">\n                                    <img decoding=\"async\" loading=\"lazy\" class=\"fadeOnScreen align-self-end\" src=\"https:\/\/www.s-cab.it\/wp-content\/uploads\/2025\/04\/mondi-indoor-koala_01.webp\" srcset=\"https:\/\/www.s-cab.it\/wp-content\/uploads\/2025\/04\/mondi-indoor-koala_01.webp\" \/>\n                                  <div class=\"d-flex title_wrp\">\n                                         <h4 class=\"titolo4 fadeOnScreen\">Koala<br\/>Kollektion<\/h4>\n                                                             <p class=\"standard_text fadeOnScreen\">Design<br\/>Zaven<\/p>\n                                      <\/div>\n            <\/a>\n        <\/div>\n\n            <div class=\"second_panel panel row\">\n               <a href=\"https:\/\/www.s-cab.it\/de\/selezione\/koala-de\/\" class=\"d-flex flex-column justify-content-start  col col-sm-12 col-md-4  wrp_immagine_di_anteprima_1\">\n                                                                    <div class=\"fadeOnScreen yt-embed-img_anteprima_1 blocco_immagini_sfalsate_video\" >\n    <video  width=\"560\" height=\"315\" autoplay loop muted playsinline style=\"pointer-events: none;\" class=\"html5_video_player\">\n        <source src=\"https:\/\/www.s-cab.it\/wp-content\/uploads\/2024\/12\/videoplayback-1.mp4\" type=\"video\/mp4\" \/>\n    <\/video>\n    <div class=\"yt-embed-overlay\"><\/div>\n    \n    <\/div>                                                                 <div class=\"d-flex title_wrp\">\n                                                                        <h4 class=\"titolo4 fadeOnScreen\">Si-Si Bold<br\/>Kollektion<\/h4>\n                                                                                                            <p class=\"standard_text fadeOnScreen\">Design<br\/>Maneghello Paolleli<\/p>\n                                                                    <\/div>\n                <\/a>\n            <div class=\"  col col-sm-12 col-md-1\">\n            <\/div>\t\t\t\t\t\n                <a href=\"https:\/\/www.s-cab.it\/de\/selezione\/si-si-de\/\" class=\"d-flex flex-column justify-content-start align-items-baseline col col-sm-12 col-md-7 wrp_immagine_di_anteprima_2 \">\n                                                                <img decoding=\"async\" loading=\"lazy\" class=\"fadeOnScreen align-self-end\" src=\"https:\/\/www.s-cab.it\/wp-content\/uploads\/2026\/03\/Set04_Koala-Caffe_v01_02_low.webp\" srcset=\"https:\/\/www.s-cab.it\/wp-content\/uploads\/2026\/03\/Set04_Koala-Caffe_v01_02_low.webp\" \/>\n                                                                <div class=\"d-flex title_wrp\">\n                                                                                                        <\/div>\n                 <\/a>\n        <\/div>\n<!-- end container -->\n        <\/div>\n    <\/div>\n<\/div>\n\n\n<div style=\"height:61px\" aria-hidden=\"true\" class=\"wp-block-spacer\"><\/div>\n<\/div>\n<\/div><\/div><\/section>\n\n\n\n<div style=\"height:61px\" aria-hidden=\"true\" class=\"wp-block-spacer\"><\/div>\n\n\n\n<h4 class=\"wp-block-heading has-text-align-center titolo4 container-fluid\">Die Freude an Qualit\u00e4t<\/h4>\n\n\n\n<div style=\"height:60px\" aria-hidden=\"true\" class=\"wp-block-spacer\"><\/div>\n\n\n\n<h4 class=\"wp-block-heading has-text-align-left titolo4 container-fluid\">Die M\u00f6bel von S\u2022CAB, 100% Made in Italy, werden vollst\u00e4ndig in den Werken des Unternehmens, das f\u00fcr die Qualit\u00e4tskontrolle durch die gesamte Produktionskette hinweg garantiert, hergestellt. Der Schnelllebigkeit der Mode setzen die L\u00f6sungsvorschl\u00e4ge von S\u2022CAB eine holistische Vision der Nachhaltigkeit und ein bewusstes Konsummodell, das f\u00fcr die Zeit gemacht ist, entgegen.<\/h4>\n\n\n\n<div style=\"height:121px\" aria-hidden=\"true\" class=\"wp-block-spacer\"><\/div>\n\n\n\n<section class=\"wp-block-evidenzio-columns\"><div class=\"container-fluid\"><div class=\"row\">\n<div class=\"wp-block-evidenzio-column col-12 col-md-12 col-lg\"><div id=\"block_01a1bedf821d9624829add45c2c234e1-blocco_slider_imgs\" class=\" extra_title fadeOnScreen container-fluid blocco_slider_imgs block_publifarm\">\n\t\t\t\t\t<div class=\"row\">\n\t\t\t\t\t\t<div class=\" blocco_slider_imgs_wrp col col-sm-12 col-md-12 swiper\">\n\t\t\t\t\t\t\t<div class=\"swiper-wrapper\">\n\t\t\t\t\t\t\t\t\t\t\t\t\t\t\t\t\t<img decoding=\"async\" loading=\"lazy\" class=\"swiper-slide\" src=\"https:\/\/www.s-cab.it\/wp-content\/uploads\/2025\/12\/Set03_Koala-Ristorante_v01_03.webp\" \/>\n\t\t\t\t\t\t\t\t\t\t\t\t\t\t\t\t\t<img decoding=\"async\" loading=\"lazy\" class=\"swiper-slide\" src=\"https:\/\/www.s-cab.it\/wp-content\/uploads\/2024\/11\/mondi-indoor-gallery_02.webp\" \/>\n\t\t\t\t\t\t\t\t\t\t\t\t\t\t\t\t\t<img decoding=\"async\" loading=\"lazy\" class=\"swiper-slide\" src=\"https:\/\/www.s-cab.it\/wp-content\/uploads\/2024\/11\/mondi-indoor-gallery_03.webp\" \/>\n\t\t\t\t\t\t\t\t\t\t\t\t\t\t\t\t\t<img decoding=\"async\" loading=\"lazy\" class=\"swiper-slide\" src=\"https:\/\/www.s-cab.it\/wp-content\/uploads\/2024\/11\/mondi-indoor-gallery_04.webp\" \/>\n\t\t\t\t\t\t\t\t\t\t\t\t\t\t\t\t\t<img decoding=\"async\" loading=\"lazy\" class=\"swiper-slide\" src=\"https:\/\/www.s-cab.it\/wp-content\/uploads\/2024\/12\/mondi-indoor-gallery_06.webp\" \/>\n\t\t\t\t\t\t\t\t\t\t\t\t\t\t\t\t\t<img decoding=\"async\" loading=\"lazy\" class=\"swiper-slide\" src=\"https:\/\/www.s-cab.it\/wp-content\/uploads\/2024\/12\/mondi-indoor-gallery_08.webp\" \/>\n\t\t\t\t\t\t\t\t\t\t\t\t\t\t\t\t\t<img decoding=\"async\" loading=\"lazy\" class=\"swiper-slide\" src=\"https:\/\/www.s-cab.it\/wp-content\/uploads\/2024\/12\/mondi-indoor-gallery_09.webp\" \/>\n\t\t\t\t\t\t\t\t\t\t\t\t\t\t\t\t\t<img decoding=\"async\" loading=\"lazy\" class=\"swiper-slide\" src=\"https:\/\/www.s-cab.it\/wp-content\/uploads\/2024\/12\/mondi-indoor-gallery_10.webp\" \/>\n\t\t\t\t\t\t\t\t\t\t\t\t\t\t\t\t\t<img decoding=\"async\" loading=\"lazy\" class=\"swiper-slide\" src=\"https:\/\/www.s-cab.it\/wp-content\/uploads\/2024\/12\/mondi-indoor-gallery_12.webp\" \/>\n\t\t\t\t\t\t\t\t\t\t\t\t\t\t\t<\/div>\n\t\t\t\t\t\t<\/div>\n\t\t\t\t\t<\/div>\n<\/div><\/div>\n<\/div><\/div><\/section>\n\n\n\n<section class=\"wp-block-evidenzio-columns has-background\" style=\"background-color:#fafaf7\"><div class=\"container-fluid\"><div class=\"row\">\n<div class=\"wp-block-evidenzio-column col-12 col-md-12 col-lg\">\n<div style=\"height:100px\" aria-hidden=\"true\" class=\"wp-block-spacer\"><\/div>\n\n\n<div class=\" container-fluid blocco_immagini_sfalsate fadeOnScreen\" id=\"block_f0c6da302a25ad5cf82ea21829bf9059\">\n<div class=\"row img_anteprima_extra allinemento_regolare griglia-grande\">\n\t\t\t\t\t\t<div class=\"d-flex flex-column justify-content-start  col col-sm-12 col-md-4  wrp_immagine_di_anteprima_1 immagine-testo allinemento_alto\">\n\n\t\t\t\t\t\t\t\t\t\t\t\t\t\t<a href=\"https:\/\/www.s-cab.it\/de\/selezione\/dress_code-de\/\">\n\t\t\t\t\t\t\n\t\t\t\t\t\t\t<div class=\"d-flex blocco_1\">\n\t\t\t\t\t\t\t\t\t\t\t\t\t\t\t\t<h4 class=\"titolo4 fadeOnScreen\">Dress_Code Kollektion<\/h4>\n\t\t\t\t\t\t\t\t\t\t\t\t\t\t\t\t\t\t\t\t\t\t\t\t<p class=\"standard_text fadeOnScreen\">Design<br\/>gumdesign<\/p>\n\t\t\t\t\t\t\t\t\t\t\t\t\t\t\t<\/div>\n\t\t\t\t\t\t\t\n\t\t\t\t\t\t\t\n\n\t\t\t\t\t\t\t\t\t\t\t\t\t\t<div class=\"img_wrp blocco_2\" style=\"position:relative; overflow:hidden;\">\n\t\t\t\t\t\t\t\t<img decoding=\"async\" class=\"fadeOnScreen align-self-end\" src=\"https:\/\/www.s-cab.it\/wp-content\/uploads\/2025\/04\/mondi-indoor-dresscode_03-1.webp\" srcset=\"https:\/\/www.s-cab.it\/wp-content\/uploads\/2025\/04\/mondi-indoor-dresscode_03-1.webp\" \/>\n\t\t\t\t\t\t\t<\/div>\n\t\t\t\t\t\t\t\n\t\t\t\t\t\t\t\t\t\t\t\t\t\t\t<\/a>\n\t\t\t\t\t\t\t\t\t\t\t\t\t<\/div>\n\t\t\t\t\t\t<div class=\"  col col-sm-12 col-md-2 \">\n\t\t\t\t\t\t<\/div>\n\t\t\t\t\t\t\n\t\t\t\t\t\t<div class=\"d-flex flex-column justify-content-start align-items-baseline  col col-sm-12 col-md-6 wrp_immagine_di_anteprima_2 testo-immagine allinemento_basso\">\n\t\t\t\t\t\t\t\t\t\t\t\t\t\t<a class=\"blocco_1b\" href=\"https:\/\/www.s-cab.it\/de\/selezione\/mentha-de\/\">\n\t\t\t\t\t\t\t\t\t\t\t\t\t\t\t\t\t\t\t\t<div class=\"img_wrp\" style=\"position:relative; overflow:hidden;\">\n\t\t\t\t\t\t\t<img decoding=\"async\" class=\"fadeOnScreen align-self-end\" src=\"https:\/\/www.s-cab.it\/wp-content\/uploads\/2024\/11\/mondi-indoor-mentha_03.webp\" srcset=\"https:\/\/www.s-cab.it\/wp-content\/uploads\/2024\/11\/mondi-indoor-mentha_03.webp\" \/>\n\t\t\t\t\t\t\t<\/div>\n\t\t\t\t\t\t\t\t\t\t\t\t\t\t<div class=\"d-flex blocco_2b\">\n\t\t\t\t\t\t\t\t\t\t\t\t\t\t\t\t<h4 class=\"titolo4 fadeOnScreen\">Mentha Kollektion<\/h4>\n\t\t\t\t\t\t\t\t\t\t\t\t\t\t\t\t\t\t\t\t\t\t\t\t<p class=\"standard_text fadeOnScreen\">Design<br\/>Archirivolto<\/p>\n\t\t\t\t\t\t\t\t\t\t\t\t\t\t\t<\/div>\n\t\t\t\t\t\t\t\t\t\t\t\t\t\t\t<\/a>\n\t\t\t\t\t\t\t\t\t\t\t\t\t<\/div>\n\t\t\t\t\t\t\n\t\t\t\t\t<\/div>\n\t\t\t\t<\/div>\n\n\t\t\t\t\n\n\n<div style=\"height:133px\" aria-hidden=\"true\" class=\"wp-block-spacer\"><\/div>\n<\/div>\n<\/div><\/div><\/section>\n","protected":false},"excerpt":{"rendered":"<p>\u00dcber 60 Jahre im Dienste der Wohneinrichtungen &#8211; Die Kollektionen&#8230;<\/p>\n","protected":false},"author":1,"featured_media":0,"parent":0,"menu_order":0,"comment_status":"closed","ping_status":"closed","template":"","meta":{"_acf_changed":false,"inline_featured_image":false,"footnotes":""},"class_list":["post-102757","page","type-page","status-publish","hentry"],"acf":[],"yoast_head":"<!-- This site is optimized with the Yoast SEO plugin v24.9 - https:\/\/yoast.com\/wordpress\/plugins\/seo\/ -->\n<title>Welten - Indoor - S\u2022CAB<\/title>\n<meta name=\"description\" content=\"S\u2022CAB - Welten - Indoor - Seit 1957 kreiert S\u2022CAB hochwertige, nachhaltige M\u00f6bel Made in Italy. Entdecken Sie unsere Philosophie, Geschichte und Werte.\" \/>\n<meta name=\"robots\" content=\"index, follow, max-snippet:-1, max-image-preview:large, max-video-preview:-1\" \/>\n<link rel=\"canonical\" href=\"https:\/\/www.s-cab.it\/de\/welten-indoor\/\" \/>\n<meta property=\"og:locale\" content=\"de_DE\" \/>\n<meta property=\"og:type\" content=\"article\" \/>\n<meta property=\"og:title\" content=\"Welten - Indoor - S\u2022CAB\" \/>\n<meta property=\"og:description\" content=\"S\u2022CAB - Welten - Indoor - Seit 1957 kreiert S\u2022CAB hochwertige, nachhaltige M\u00f6bel Made in Italy. Entdecken Sie unsere Philosophie, Geschichte und Werte.\" \/>\n<meta property=\"og:url\" content=\"https:\/\/www.s-cab.it\/de\/welten-indoor\/\" \/>\n<meta property=\"og:site_name\" content=\"S\u2022CAB\" \/>\n<meta property=\"article:modified_time\" content=\"2026-03-04T09:11:18+00:00\" \/>\n<meta name=\"twitter:card\" content=\"summary_large_image\" \/>\n<meta name=\"twitter:label1\" content=\"Gesch\u00e4tzte Lesezeit\" \/>\n\t<meta name=\"twitter:data1\" content=\"1\u00a0Minute\" \/>\n<script type=\"application\/ld+json\" class=\"yoast-schema-graph\">{\"@context\":\"https:\/\/schema.org\",\"@graph\":[{\"@type\":\"WebPage\",\"@id\":\"https:\/\/www.s-cab.it\/de\/welten-indoor\/\",\"url\":\"https:\/\/www.s-cab.it\/de\/welten-indoor\/\",\"name\":\"Welten - Indoor - S\u2022CAB\",\"isPartOf\":{\"@id\":\"https:\/\/www.s-cab.it\/de\/#website\"},\"datePublished\":\"2024-11-14T15:33:42+00:00\",\"dateModified\":\"2026-03-04T09:11:18+00:00\",\"description\":\"S\u2022CAB - Welten - Indoor - Seit 1957 kreiert S\u2022CAB hochwertige, nachhaltige M\u00f6bel Made in Italy. Entdecken Sie unsere Philosophie, Geschichte und Werte.\",\"breadcrumb\":{\"@id\":\"https:\/\/www.s-cab.it\/de\/welten-indoor\/#breadcrumb\"},\"inLanguage\":\"de\",\"potentialAction\":[{\"@type\":\"ReadAction\",\"target\":[\"https:\/\/www.s-cab.it\/de\/welten-indoor\/\"]}]},{\"@type\":\"BreadcrumbList\",\"@id\":\"https:\/\/www.s-cab.it\/de\/welten-indoor\/#breadcrumb\",\"itemListElement\":[{\"@type\":\"ListItem\",\"position\":1,\"name\":\"Home\",\"item\":\"https:\/\/www.s-cab.it\/de\/\"},{\"@type\":\"ListItem\",\"position\":2,\"name\":\"Welten &#8211; Indoor\"}]},{\"@type\":\"WebSite\",\"@id\":\"https:\/\/www.s-cab.it\/de\/#website\",\"url\":\"https:\/\/www.s-cab.it\/de\/\",\"name\":\"S\u2022CAB\",\"description\":\"\",\"potentialAction\":[{\"@type\":\"SearchAction\",\"target\":{\"@type\":\"EntryPoint\",\"urlTemplate\":\"https:\/\/www.s-cab.it\/de\/?s={search_term_string}\"},\"query-input\":{\"@type\":\"PropertyValueSpecification\",\"valueRequired\":true,\"valueName\":\"search_term_string\"}}],\"inLanguage\":\"de\"}]}<\/script>\n<!-- \/ Yoast SEO plugin. -->","yoast_head_json":{"title":"Welten - Indoor - S\u2022CAB","description":"S\u2022CAB - Welten - Indoor - Seit 1957 kreiert S\u2022CAB hochwertige, nachhaltige M\u00f6bel Made in Italy. Entdecken Sie unsere Philosophie, Geschichte und Werte.","robots":{"index":"index","follow":"follow","max-snippet":"max-snippet:-1","max-image-preview":"max-image-preview:large","max-video-preview":"max-video-preview:-1"},"canonical":"https:\/\/www.s-cab.it\/de\/welten-indoor\/","og_locale":"de_DE","og_type":"article","og_title":"Welten - Indoor - S\u2022CAB","og_description":"S\u2022CAB - Welten - Indoor - Seit 1957 kreiert S\u2022CAB hochwertige, nachhaltige M\u00f6bel Made in Italy. Entdecken Sie unsere Philosophie, Geschichte und Werte.","og_url":"https:\/\/www.s-cab.it\/de\/welten-indoor\/","og_site_name":"S\u2022CAB","article_modified_time":"2026-03-04T09:11:18+00:00","twitter_card":"summary_large_image","twitter_misc":{"Gesch\u00e4tzte Lesezeit":"1\u00a0Minute"},"schema":{"@context":"https:\/\/schema.org","@graph":[{"@type":"WebPage","@id":"https:\/\/www.s-cab.it\/de\/welten-indoor\/","url":"https:\/\/www.s-cab.it\/de\/welten-indoor\/","name":"Welten - Indoor - S\u2022CAB","isPartOf":{"@id":"https:\/\/www.s-cab.it\/de\/#website"},"datePublished":"2024-11-14T15:33:42+00:00","dateModified":"2026-03-04T09:11:18+00:00","description":"S\u2022CAB - Welten - Indoor - Seit 1957 kreiert S\u2022CAB hochwertige, nachhaltige M\u00f6bel Made in Italy. Entdecken Sie unsere Philosophie, Geschichte und Werte.","breadcrumb":{"@id":"https:\/\/www.s-cab.it\/de\/welten-indoor\/#breadcrumb"},"inLanguage":"de","potentialAction":[{"@type":"ReadAction","target":["https:\/\/www.s-cab.it\/de\/welten-indoor\/"]}]},{"@type":"BreadcrumbList","@id":"https:\/\/www.s-cab.it\/de\/welten-indoor\/#breadcrumb","itemListElement":[{"@type":"ListItem","position":1,"name":"Home","item":"https:\/\/www.s-cab.it\/de\/"},{"@type":"ListItem","position":2,"name":"Welten &#8211; Indoor"}]},{"@type":"WebSite","@id":"https:\/\/www.s-cab.it\/de\/#website","url":"https:\/\/www.s-cab.it\/de\/","name":"S\u2022CAB","description":"","potentialAction":[{"@type":"SearchAction","target":{"@type":"EntryPoint","urlTemplate":"https:\/\/www.s-cab.it\/de\/?s={search_term_string}"},"query-input":{"@type":"PropertyValueSpecification","valueRequired":true,"valueName":"search_term_string"}}],"inLanguage":"de"}]}},"_links":{"self":[{"href":"https:\/\/www.s-cab.it\/de\/wp-json\/wp\/v2\/pages\/102757","targetHints":{"allow":["GET"]}}],"collection":[{"href":"https:\/\/www.s-cab.it\/de\/wp-json\/wp\/v2\/pages"}],"about":[{"href":"https:\/\/www.s-cab.it\/de\/wp-json\/wp\/v2\/types\/page"}],"author":[{"embeddable":true,"href":"https:\/\/www.s-cab.it\/de\/wp-json\/wp\/v2\/users\/1"}],"replies":[{"embeddable":true,"href":"https:\/\/www.s-cab.it\/de\/wp-json\/wp\/v2\/comments?post=102757"}],"version-history":[{"count":10,"href":"https:\/\/www.s-cab.it\/de\/wp-json\/wp\/v2\/pages\/102757\/revisions"}],"predecessor-version":[{"id":147707,"href":"https:\/\/www.s-cab.it\/de\/wp-json\/wp\/v2\/pages\/102757\/revisions\/147707"}],"wp:attachment":[{"href":"https:\/\/www.s-cab.it\/de\/wp-json\/wp\/v2\/media?parent=102757"}],"curies":[{"name":"wp","href":"https:\/\/api.w.org\/{rel}","templated":true}]}}