{"id":102761,"date":"2024-11-14T16:41:22","date_gmt":"2024-11-14T15:41:22","guid":{"rendered":"https:\/\/www.s-cab.it\/outdoor\/"},"modified":"2026-03-03T11:47:19","modified_gmt":"2026-03-03T10:47:19","slug":"welten-outdoor","status":"publish","type":"page","link":"https:\/\/www.s-cab.it\/de\/welten-outdoor\/","title":{"rendered":"Welten &#8211; Outdoor"},"content":{"rendered":"<div id=\"block_8764044e2e34f1ae4e7ae88e7b00365d-blocco_header_mondi\" class=\" extra_title fadeOnScreen container-fluid blocco_header_mondi block_publifarm\" style=\"background-color:#4daa63\">\nOutdoor <br\/> heisst Geselligkeit\n<\/div>\n\n\n<div style=\"height:76px\" aria-hidden=\"true\" class=\"wp-block-spacer\"><\/div>\n\n\n<div class=\"container-fluid-custom container-fluid blocco_immagini_sfalsate fadeOnScreen\" id=\"block_079fa7be64c03c7ae7e26ee5ffd5ae22\">\n<div class=\"row img_anteprima_extra allinemento_regolare griglia-grande\">\n\t\t\t\t\t\t<div class=\"d-flex flex-column justify-content-start  col col-sm-12 col-md-4  wrp_immagine_di_anteprima_1 testo-immagine allinemento_basso\">\n\n\t\t\t\t\t\t\t\t\t\t\t\t\t\t<a href=\"https:\/\/www.s-cab.it\/de\/selezione\/dress_code-de\/\">\n\t\t\t\t\t\t\n\t\t\t\t\t\t\t<div class=\"d-flex blocco_1\">\n\t\t\t\t\t\t\t\t\t\t\t\t\t\t\t\t<h4 class=\"titolo4 fadeOnScreen\">DRESS_CODE Kollektion<\/h4>\n\t\t\t\t\t\t\t\t\t\t\t\t\t\t\t\t\t\t\t\t\t\t\t\t<p class=\"standard_text fadeOnScreen\">Design gumdesign<\/p>\n\t\t\t\t\t\t\t\t\t\t\t\t\t\t\t<\/div>\n\t\t\t\t\t\t\t\n\t\t\t\t\t\t\t\n\n\t\t\t\t\t\t\t\t\t\t\t\t\t\t<div class=\"img_wrp blocco_2\" style=\"position:relative; overflow:hidden;\">\n\t\t\t\t\t\t\t\t<img decoding=\"async\" class=\"fadeOnScreen align-self-end\" src=\"https:\/\/www.s-cab.it\/wp-content\/uploads\/2025\/07\/SCAB-25-07-09-ERBUSCO-1369-web-1.webp\" srcset=\"https:\/\/www.s-cab.it\/wp-content\/uploads\/2025\/07\/SCAB-25-07-09-ERBUSCO-1369-web-1.webp\" \/>\n\t\t\t\t\t\t\t<\/div>\n\t\t\t\t\t\t\t\n\t\t\t\t\t\t\t\t\t\t\t\t\t\t\t<\/a>\n\t\t\t\t\t\t\t\t\t\t\t\t\t<\/div>\n\t\t\t\t\t\t<div class=\"  col col-sm-12 col-md-2 \">\n\t\t\t\t\t\t<\/div>\n\t\t\t\t\t\t\n\t\t\t\t\t\t<div class=\"d-flex flex-column justify-content-start align-items-baseline  col col-sm-12 col-md-6 wrp_immagine_di_anteprima_2 immagine-testo allinemento_alto\">\n\t\t\t\t\t\t\t\t\t\t\t\t\t\t<a class=\"blocco_1b\" href=\"https:\/\/www.s-cab.it\/de\/selezione\/flap-de\/\">\n\t\t\t\t\t\t\t\t\t\t\t\t\t\t\t\t\t\t\t\t<div class=\"img_wrp\" style=\"position:relative; overflow:hidden;\">\n\t\t\t\t\t\t\t<img decoding=\"async\" class=\"fadeOnScreen align-self-end\" src=\"https:\/\/www.s-cab.it\/wp-content\/uploads\/2024\/12\/mondi-outdoor_02.webp\" srcset=\"https:\/\/www.s-cab.it\/wp-content\/uploads\/2024\/12\/mondi-outdoor_02.webp\" \/>\n\t\t\t\t\t\t\t<\/div>\n\t\t\t\t\t\t\t\t\t\t\t\t\t\t<div class=\"d-flex blocco_2b\">\n\t\t\t\t\t\t\t\t\t\t\t\t\t\t\t\t<h4 class=\"titolo4 fadeOnScreen\">Flap Kollektion<\/h4>\n\t\t\t\t\t\t\t\t\t\t\t\t\t\t\t\t\t\t\t\t\t\t\t\t<p class=\"standard_text fadeOnScreen\">Design <br\/>Meneghello Paolelli<\/p>\n\t\t\t\t\t\t\t\t\t\t\t\t\t\t\t<\/div>\n\t\t\t\t\t\t\t\t\t\t\t\t\t\t\t<\/a>\n\t\t\t\t\t\t\t\t\t\t\t\t\t<\/div>\n\t\t\t\t\t\t\n\t\t\t\t\t<\/div>\n\t\t\t\t<\/div>\n\n\t\t\t\t\n\n\n<div style=\"height:62px\" aria-hidden=\"true\" class=\"wp-block-spacer\"><\/div>\n\n\n\n<h4 class=\"wp-block-heading titolo4 container-fluid\">Die Freunde am Komfort im Freien &#8211; In der italienischen Wohnkultur sind einige der achtsamsten R\u00e4ume au\u00dferdem jene, die mit dem Au\u00dfenbereich leben und mit ihm in Dialog treten. Denken wir an Veranden, Loggias und Winterg\u00e4rten: Ihre Orientierung hin zum Gr\u00fcn sowie zum Himmel, frisch und gleichzeitig umgeben von der sch\u00fctzenden Grenze einer Wand vereinen und erhalten diese R\u00e4ume &#8211; die wie eine Schwelle erscheinen, tats\u00e4chlich aber ein erweiterter Raum sind &#8211; das Beste des Outdoor-Lebens und definieren einen Ansatz, der S-CAB bei der Projektplanung weiterhin inspirieren wird.<\/h4>\n\n\n<div id=\"block_02318b3ab5befc744925e615a0538892-blocco_video_banner\" class=\" fadeOnScreen container-fluid blocco_video_banner block_publifarm   \" >\n    <div class=\"row video_wrp d-flex flex-wrap justify-content-center align-items-center\">\n\n        <div class=\"cover_img cover_img_has_overlay_1 d-flex justify-content-center align-items-center\" style=\"background-image:url(https:\/\/www.s-cab.it\/wp-content\/uploads\/2025\/04\/mondi-outdoor-banner.jpg);\">\n           <\/div>\n    \n\t\n    <\/div>\n\t\n<\/div>\n\n\n<section class=\"wp-block-evidenzio-columns has-background\" style=\"background-color:#fafaf7\"><div class=\"container-fluid\"><div class=\"row\">\n<div class=\"wp-block-evidenzio-column col-12 col-md-12 col-lg\">\n<div style=\"height:61px\" aria-hidden=\"true\" class=\"wp-block-spacer\"><\/div>\n\n\n\n<section class=\"wp-block-evidenzio-columns\"><div class=\"container\"><div class=\"row\">\n<div class=\"wp-block-evidenzio-column col-12 col-md-12 col-lg\">\n<p class=\"standard_text_medium\">Die mit zeitgen\u00f6ssischen Linien definierten M\u00f6bel der Outdoor-Kollektion von S\u2022CAB bringen in den Dialog mit den bestehenden Stilen und Atmosph\u00e4ren Frische und Dynamik ein. Sie sind das Ergebnis einer sorgf\u00e4ltigen Planung und Ausdruck der Suche nach Innovation. Sie unterscheiden sich, weil sie Pers\u00f6nlichkeit zeigen, die ihnen die Vision der Designer, die mit dem Unternehmen zusammenarbeiten, eingibt.&nbsp;<\/p>\n<\/div>\n\n\n\n<div class=\"wp-block-evidenzio-column col-12 col-md-12 col-lg\"><\/div>\n\n\n\n<div class=\"wp-block-evidenzio-column col-12 col-md-12 col-lg\"><\/div>\n<\/div><\/div><\/section>\n<\/div>\n<\/div><\/div><\/section>\n\n\n\n<section class=\"wp-block-evidenzio-columns has-background\" style=\"background-color:#fafaf7\"><div class=\"container-fluid\"><div class=\"row\">\n<div class=\"wp-block-evidenzio-column col-12 col-md-12 col-lg has-colore-tema-2-background-color has-background\">\n<div style=\"height:61px\" aria-hidden=\"true\" class=\"wp-block-spacer\"><\/div>\n\n\n<div id=\"block_ecfe337779ab3a6a22f14f974a43dc6d-blocco_scrolllaterale\" class=\" fadeOnScreen blocco_scrollalterale block_publifarm\" >\n    <div class=\"  scrollpannel\">\n    <div class=\"scroll_container\">\n    <!-- start container -->\n        <div class=\"first_panel panel \">\n  \n                               \n            <a href=\"https:\/\/www.s-cab.it\/de\/selezione\/brezza-de\/\" class=\"d-flex flex-column justify-content-start  col col-sm-12 col-md-6  wrp_immagine_di_anteprima_1 testo-immagine allinemento_alto\">\n                                <div class=\"d-flex title_wrp\">\n                                                                        <h4 class=\"titolo4 fadeOnScreen\">Brezza Kollektion<\/h4>\n                                                                                                            <p class=\"standard_text fadeOnScreen\">Design<br\/>Alessandro Stabile<\/p>\n                                                                    <\/div>\n                                                                     <img decoding=\"async\" loading=\"lazy\" class=\"fadeOnScreen align-self-end\" src=\"https:\/\/www.s-cab.it\/wp-content\/uploads\/2026\/03\/Set02_Brezza-Mare_v03_03_low.webp\" srcset=\"https:\/\/www.s-cab.it\/wp-content\/uploads\/2026\/03\/Set02_Brezza-Mare_v03_03_low.webp\" \/>\n                                \n                                \n                                \n            <\/a>\n            <div class=\"  col col-sm-12 col-md-2\">\n            <\/div>\t\t\t\t\t\n            <a href=\"https:\/\/www.s-cab.it\/de\/selezione\/malvasia-de\/\" class=\"d-flex flex-column justify-content-start align-items-baseline col col-sm-12 col-md-4 wrp_immagine_di_anteprima_2 immagine-testo allinemento_basso\">\n                                    <img decoding=\"async\" loading=\"lazy\" class=\"fadeOnScreen align-self-end\" src=\"https:\/\/www.s-cab.it\/wp-content\/uploads\/2024\/11\/mondi-outdoor-malvasia_01.webp\" srcset=\"https:\/\/www.s-cab.it\/wp-content\/uploads\/2024\/11\/mondi-outdoor-malvasia_01.webp\" \/>\n                                  <div class=\"d-flex title_wrp\">\n                                         <h4 class=\"titolo4 fadeOnScreen\">Malvasia<br\/>Kollektion<\/h4>\n                                                             <p class=\"standard_text fadeOnScreen\">Design<br\/>Francesca Lanzavecchia<\/p>\n                                      <\/div>\n            <\/a>\n        <\/div>\n\n            <div class=\"second_panel panel row\">\n               <a href=\"https:\/\/www.s-cab.it\/de\/selezione\/atomo-de\/\" class=\"d-flex flex-column justify-content-start  col col-sm-12 col-md-4  wrp_immagine_di_anteprima_1\">\n                                                                    <div class=\"fadeOnScreen yt-embed-img_anteprima_1 blocco_immagini_sfalsate_video\" >\n    <video  width=\"560\" height=\"315\" autoplay loop muted playsinline style=\"pointer-events: none;\" class=\"html5_video_player\">\n        <source src=\"https:\/\/www.s-cab.it\/wp-content\/uploads\/2024\/12\/S\u2022CAB-Mondi-Outdoor-Atomo.mp4\" type=\"video\/mp4\" \/>\n    <\/video>\n    <div class=\"yt-embed-overlay\"><\/div>\n    \n    <\/div>                                                                 <div class=\"d-flex title_wrp\">\n                                                                        <h4 class=\"titolo4 fadeOnScreen\">Atomo<br\/>Kollektion<\/h4>\n                                                                                                            <p class=\"standard_text fadeOnScreen\">Design<br\/>Spalvieri &#038; Del Ciotto<\/p>\n                                                                    <\/div>\n                <\/a>\n            <div class=\"  col col-sm-12 col-md-1\">\n            <\/div>\t\t\t\t\t\n                <a href=\"https:\/\/www.s-cab.it\/de\/selezione\/atomo-de\/\" class=\"d-flex flex-column justify-content-start align-items-baseline col col-sm-12 col-md-7 wrp_immagine_di_anteprima_2 \">\n                                                                <img decoding=\"async\" loading=\"lazy\" class=\"fadeOnScreen align-self-end\" src=\"https:\/\/www.s-cab.it\/wp-content\/uploads\/2024\/12\/mondi-outdoor-atomo_04.webp\" srcset=\"https:\/\/www.s-cab.it\/wp-content\/uploads\/2024\/12\/mondi-outdoor-atomo_04.webp\" \/>\n                                                                <div class=\"d-flex title_wrp\">\n                                                                                                        <\/div>\n                 <\/a>\n        <\/div>\n<!-- end container -->\n        <\/div>\n    <\/div>\n<\/div>\n\n\n<div style=\"height:61px\" aria-hidden=\"true\" class=\"wp-block-spacer\"><\/div>\n<\/div>\n<\/div><\/div><\/section>\n\n\n\n<div style=\"height:61px\" aria-hidden=\"true\" class=\"wp-block-spacer\"><\/div>\n\n\n\n<h4 class=\"wp-block-heading titolo4 container-fluid\">Die gem\u00e4\u00df den Nachhaltigkeitskriterien entworfenen Sofas, Sitzm\u00f6bel, Liegen und Elemente von S\u2022CAB f\u00fcr das Outdoor-Wohnen stellen die Personen ins Zentrum, setzen den Akzent auf ihr Wohlbefinden im Kontakt mit der Natur und f\u00f6rdern das warme Gef\u00fchl der Geselligkeit, das nur das Beisammensein an einem Ort im Freien zur\u00fcckgeben kann.<\/h4>\n\n\n\n<div style=\"height:61px\" aria-hidden=\"true\" class=\"wp-block-spacer\"><\/div>\n\n\n\n<section class=\"wp-block-evidenzio-columns\"><div class=\"container-fluid\"><div class=\"row\">\n<div class=\"wp-block-evidenzio-column col-12 col-md-12 col-lg\"><div id=\"block_9e2a89390a86e48d341570a06cba4a7b-blocco_slider_imgs\" class=\" extra_title fadeOnScreen container-fluid blocco_slider_imgs block_publifarm\">\n\t\t\t\t\t<div class=\"row\">\n\t\t\t\t\t\t<div class=\" blocco_slider_imgs_wrp col col-sm-12 col-md-12 swiper\">\n\t\t\t\t\t\t\t<div class=\"swiper-wrapper\">\n\t\t\t\t\t\t\t\t\t\t\t\t\t\t\t\t\t<img decoding=\"async\" loading=\"lazy\" class=\"swiper-slide\" src=\"https:\/\/www.s-cab.it\/wp-content\/uploads\/2022\/06\/SETt01_Divano_Flap_v03_03.webp\" \/>\n\t\t\t\t\t\t\t\t\t\t\t\t\t\t\t\t\t<img decoding=\"async\" loading=\"lazy\" class=\"swiper-slide\" src=\"https:\/\/www.s-cab.it\/wp-content\/uploads\/2026\/03\/Set08_MalvasiaRiviera_Masseria_v03_01_low.webp\" \/>\n\t\t\t\t\t\t\t\t\t\t\t\t\t\t\t\t\t<img decoding=\"async\" loading=\"lazy\" class=\"swiper-slide\" src=\"https:\/\/www.s-cab.it\/wp-content\/uploads\/2026\/01\/Set07_MalvasiaRiviera_Hotel_V02_02.webp\" \/>\n\t\t\t\t\t\t\t\t\t\t\t\t\t\t\t\t\t<img decoding=\"async\" loading=\"lazy\" class=\"swiper-slide\" src=\"https:\/\/www.s-cab.it\/wp-content\/uploads\/2024\/12\/mondi-outdoor-gallery_06.webp\" \/>\n\t\t\t\t\t\t\t\t\t\t\t\t\t\t\t\t\t<img decoding=\"async\" loading=\"lazy\" class=\"swiper-slide\" src=\"https:\/\/www.s-cab.it\/wp-content\/uploads\/2024\/12\/mondi-outdoor-gallery_08.webp\" \/>\n\t\t\t\t\t\t\t\t\t\t\t\t\t\t\t\t\t<img decoding=\"async\" loading=\"lazy\" class=\"swiper-slide\" src=\"https:\/\/www.s-cab.it\/wp-content\/uploads\/2024\/12\/mondi-outdoor-gallery_07.webp\" \/>\n\t\t\t\t\t\t\t\t\t\t\t\t\t\t\t\t\t<img decoding=\"async\" loading=\"lazy\" class=\"swiper-slide\" src=\"https:\/\/www.s-cab.it\/wp-content\/uploads\/2024\/12\/mondi-outdoor-gallery_12.webp\" \/>\n\t\t\t\t\t\t\t\t\t\t\t\t\t\t\t\t\t<img decoding=\"async\" loading=\"lazy\" class=\"swiper-slide\" src=\"https:\/\/www.s-cab.it\/wp-content\/uploads\/2024\/12\/mondi-outdoor-gallery_14.webp\" \/>\n\t\t\t\t\t\t\t\t\t\t\t\t\t\t\t\t\t<img decoding=\"async\" loading=\"lazy\" class=\"swiper-slide\" src=\"https:\/\/www.s-cab.it\/wp-content\/uploads\/2024\/12\/mondi-outdoor-gallery_15.webp\" \/>\n\t\t\t\t\t\t\t\t\t\t\t\t\t\t\t\t\t<img decoding=\"async\" loading=\"lazy\" class=\"swiper-slide\" src=\"https:\/\/www.s-cab.it\/wp-content\/uploads\/2024\/01\/SCAB-25-07-09-ERBUSCO-1356-web-scaled.webp\" \/>\n\t\t\t\t\t\t\t\t\t\t\t\t\t\t\t<\/div>\n\t\t\t\t\t\t<\/div>\n\t\t\t\t\t<\/div>\n<\/div><\/div>\n<\/div><\/div><\/section>\n\n\n\n<section class=\"wp-block-evidenzio-columns has-background\" style=\"background-color:#fafaf7\"><div class=\"container-fluid\"><div class=\"row\">\n<div class=\"wp-block-evidenzio-column col-12 col-md-12 col-lg\">\n<div style=\"height:100px\" aria-hidden=\"true\" class=\"wp-block-spacer\"><\/div>\n\n\n<div class=\" container-fluid blocco_immagini_sfalsate fadeOnScreen\" id=\"block_c2423804fbef6ee0aa76344286f66d80\">\n<div class=\"row img_anteprima_extra allinemento_regolare griglia-grande\">\n\t\t\t\t\t\t<div class=\"d-flex flex-column justify-content-start  col col-sm-12 col-md-4  wrp_immagine_di_anteprima_1 immagine-testo allinemento_alto\">\n\n\t\t\t\t\t\t\t\t\t\t\t\t\t\t<a href=\"https:\/\/www.s-cab.it\/de\/selezione\/brezza-de\/\">\n\t\t\t\t\t\t\n\t\t\t\t\t\t\t<div class=\"d-flex blocco_1\">\n\t\t\t\t\t\t\t\t\t\t\t\t\t\t\t\t\t\t\t\t\t\t\t<\/div>\n\t\t\t\t\t\t\t\n\t\t\t\t\t\t\t\n\n\t\t\t\t\t\t\t\t\t\t\t\t\t\t<div class=\"img_wrp blocco_2\" style=\"position:relative; overflow:hidden;\">\n\t\t\t\t\t\t\t\t<img decoding=\"async\" class=\"fadeOnScreen align-self-end\" src=\"https:\/\/www.s-cab.it\/wp-content\/uploads\/2026\/03\/Set02_Brezza-Mare_v02_03_low.webp\" srcset=\"https:\/\/www.s-cab.it\/wp-content\/uploads\/2026\/03\/Set02_Brezza-Mare_v02_03_low.webp\" \/>\n\t\t\t\t\t\t\t<\/div>\n\t\t\t\t\t\t\t\n\t\t\t\t\t\t\t\t\t\t\t\t\t\t\t<\/a>\n\t\t\t\t\t\t\t\t\t\t\t\t\t<\/div>\n\t\t\t\t\t\t<div class=\"  col col-sm-12 col-md-2 \">\n\t\t\t\t\t\t<\/div>\n\t\t\t\t\t\t\n\t\t\t\t\t\t<div class=\"d-flex flex-column justify-content-start align-items-baseline  col col-sm-12 col-md-6 wrp_immagine_di_anteprima_2 testo-immagine allinemento_basso\">\n\t\t\t\t\t\t\t\t\t\t\t\t\t\t<a class=\"blocco_1b\" href=\"https:\/\/www.s-cab.it\/de\/selezione\/accessori-decor-de\/\">\n\t\t\t\t\t\t\t\t\t\t\t\t\t\t\t\t\t\t\t\t<div class=\"img_wrp\" style=\"position:relative; overflow:hidden;\">\n\t\t\t\t\t\t\t<img decoding=\"async\" class=\"fadeOnScreen align-self-end\" src=\"https:\/\/www.s-cab.it\/wp-content\/uploads\/2024\/10\/2956-scab-mimosa-portapiante-terra-03.webp\" srcset=\"https:\/\/www.s-cab.it\/wp-content\/uploads\/2024\/10\/2956-scab-mimosa-portapiante-terra-03.webp\" \/>\n\t\t\t\t\t\t\t<\/div>\n\t\t\t\t\t\t\t\t\t\t\t\t\t\t<div class=\"d-flex blocco_2b\">\n\t\t\t\t\t\t\t\t\t\t\t\t\t\t\t\t<h4 class=\"titolo4 fadeOnScreen\">Mimosa Kollektion<\/h4>\n\t\t\t\t\t\t\t\t\t\t\t\t\t\t\t\t\t\t\t\t\t\t\t\t<p class=\"standard_text fadeOnScreen\">Design<br\/>Ionna Vautrin<\/p>\n\t\t\t\t\t\t\t\t\t\t\t\t\t\t\t<\/div>\n\t\t\t\t\t\t\t\t\t\t\t\t\t\t\t<\/a>\n\t\t\t\t\t\t\t\t\t\t\t\t\t<\/div>\n\t\t\t\t\t\t\n\t\t\t\t\t<\/div>\n\t\t\t\t<\/div>\n\n\t\t\t\t\n\n\n<div style=\"height:270px\" aria-hidden=\"true\" class=\"wp-block-spacer hide_on_mobile\"><\/div>\n\n\n<div class=\"last_block_mob container-fluid blocco_immagini_sfalsate fadeOnScreen\" id=\"block_70fe6b1738d2771e83063b480a1ad738\">\n<div class=\"row img_anteprima_extra allinemento_regolare griglia-piccola\">\n\t\t\t\t\t\t<div class=\"d-flex flex-column justify-content-start  col col-sm-12 col-md-7  wrp_immagine_di_anteprima_1 testo-immagine allinemento_basso\">\n\n\t\t\t\t\t\t\t\t\t\t\t\t\t\t<a href=\"https:\/\/www.s-cab.it\/de\/selezione\/lisa-de\/\">\n\t\t\t\t\t\t\n\t\t\t\t\t\t\t<div class=\"d-flex blocco_1\">\n\t\t\t\t\t\t\t\t\t\t\t\t\t\t\t\t<h4 class=\"titolo4 fadeOnScreen\">Lisa Fil\u00f2 Nest<br\/>Kollektion<\/h4>\n\t\t\t\t\t\t\t\t\t\t\t\t\t\t\t\t\t\t\t\t\t\t\t\t<p class=\"standard_text fadeOnScreen\">Design<br\/>Marcello Ziliani<\/p>\n\t\t\t\t\t\t\t\t\t\t\t\t\t\t\t<\/div>\n\t\t\t\t\t\t\t\n\t\t\t\t\t\t\t\n\n\t\t\t\t\t\t\t\t\t\t\t\t\t\t<div class=\"img_wrp blocco_2\" style=\"position:relative; overflow:hidden;\">\n\t\t\t\t\t\t\t\t<img decoding=\"async\" class=\"fadeOnScreen align-self-end\" src=\"https:\/\/www.s-cab.it\/wp-content\/uploads\/2024\/11\/mondi-outdoor-nest_01.webp\" srcset=\"https:\/\/www.s-cab.it\/wp-content\/uploads\/2024\/11\/mondi-outdoor-nest_01.webp\" \/>\n\t\t\t\t\t\t\t<\/div>\n\t\t\t\t\t\t\t\n\t\t\t\t\t\t\t\t\t\t\t\t\t\t\t<\/a>\n\t\t\t\t\t\t\t\t\t\t\t\t\t<\/div>\n\t\t\t\t\t\t<div class=\"  col col-sm-12 col-md-1 \">\n\t\t\t\t\t\t<\/div>\n\t\t\t\t\t\t\n\t\t\t\t\t\t<div class=\"d-flex flex-column justify-content-start align-items-baseline  col col-sm-12 col-md-4 wrp_immagine_di_anteprima_2 immagine-testo allinemento_alto\">\n\t\t\t\t\t\t\t\t\t\t\t\t\t\t<a class=\"blocco_1b\" href=\"https:\/\/www.s-cab.it\/de\/selezione\/marisco-de\/\">\n\t\t\t\t\t\t\t\t\t\t\t\t\t\t\t\t\t\t\t\t<div class=\"img_wrp\" style=\"position:relative; overflow:hidden;\">\n\t\t\t\t\t\t\t<img decoding=\"async\" class=\"fadeOnScreen align-self-end\" src=\"https:\/\/www.s-cab.it\/wp-content\/uploads\/2025\/04\/mondi-outdoor-marisco_02-1.webp\" srcset=\"https:\/\/www.s-cab.it\/wp-content\/uploads\/2025\/04\/mondi-outdoor-marisco_02-1.webp\" \/>\n\t\t\t\t\t\t\t<\/div>\n\t\t\t\t\t\t\t\t\t\t\t\t\t\t<div class=\"d-flex blocco_2b\">\n\t\t\t\t\t\t\t\t\t\t\t\t\t\t\t\t<h4 class=\"titolo4 fadeOnScreen\">Marisco<br\/>Kollektion<\/h4>\n\t\t\t\t\t\t\t\t\t\t\t\t\t\t\t\t\t\t\t\t\t\t\t\t<p class=\"standard_text fadeOnScreen\">Design<br\/>Maddalena Casadei<\/p>\n\t\t\t\t\t\t\t\t\t\t\t\t\t\t\t<\/div>\n\t\t\t\t\t\t\t\t\t\t\t\t\t\t\t<\/a>\n\t\t\t\t\t\t\t\t\t\t\t\t\t<\/div>\n\t\t\t\t\t\t\n\t\t\t\t\t<\/div>\n\t\t\t\t<\/div>\n\n\t\t\t\t<\/div>\n<\/div><\/div><\/section>\n","protected":false},"excerpt":{"rendered":"<p>Die Freunde am Komfort im Freien &#8211; In der italienischen&#8230;<\/p>\n","protected":false},"author":1,"featured_media":0,"parent":0,"menu_order":0,"comment_status":"closed","ping_status":"closed","template":"","meta":{"_acf_changed":false,"inline_featured_image":false,"footnotes":""},"class_list":["post-102761","page","type-page","status-publish","hentry"],"acf":[],"yoast_head":"<!-- This site is optimized with the Yoast SEO plugin v24.9 - https:\/\/yoast.com\/wordpress\/plugins\/seo\/ -->\n<title>Welten - Outdoor - S\u2022CAB<\/title>\n<meta name=\"description\" content=\"S\u2022CAB - Welten - Outdoor - Seit 1957 kreiert S\u2022CAB hochwertige, nachhaltige M\u00f6bel Made in Italy. Entdecken Sie unsere Philosophie, Geschichte und Werte.\" \/>\n<meta name=\"robots\" content=\"index, follow, max-snippet:-1, max-image-preview:large, max-video-preview:-1\" \/>\n<link rel=\"canonical\" href=\"https:\/\/www.s-cab.it\/de\/welten-outdoor\/\" \/>\n<meta property=\"og:locale\" content=\"de_DE\" \/>\n<meta property=\"og:type\" content=\"article\" \/>\n<meta property=\"og:title\" content=\"Welten - Outdoor - S\u2022CAB\" \/>\n<meta property=\"og:description\" content=\"S\u2022CAB - Welten - Outdoor - Seit 1957 kreiert S\u2022CAB hochwertige, nachhaltige M\u00f6bel Made in Italy. Entdecken Sie unsere Philosophie, Geschichte und Werte.\" \/>\n<meta property=\"og:url\" content=\"https:\/\/www.s-cab.it\/de\/welten-outdoor\/\" \/>\n<meta property=\"og:site_name\" content=\"S\u2022CAB\" \/>\n<meta property=\"article:modified_time\" content=\"2026-03-03T10:47:19+00:00\" \/>\n<meta name=\"twitter:card\" content=\"summary_large_image\" \/>\n<meta name=\"twitter:label1\" content=\"Gesch\u00e4tzte Lesezeit\" \/>\n\t<meta name=\"twitter:data1\" content=\"2\u00a0Minuten\" \/>\n<script type=\"application\/ld+json\" class=\"yoast-schema-graph\">{\"@context\":\"https:\/\/schema.org\",\"@graph\":[{\"@type\":\"WebPage\",\"@id\":\"https:\/\/www.s-cab.it\/de\/welten-outdoor\/\",\"url\":\"https:\/\/www.s-cab.it\/de\/welten-outdoor\/\",\"name\":\"Welten - Outdoor - S\u2022CAB\",\"isPartOf\":{\"@id\":\"https:\/\/www.s-cab.it\/de\/#website\"},\"datePublished\":\"2024-11-14T15:41:22+00:00\",\"dateModified\":\"2026-03-03T10:47:19+00:00\",\"description\":\"S\u2022CAB - Welten - Outdoor - Seit 1957 kreiert S\u2022CAB hochwertige, nachhaltige M\u00f6bel Made in Italy. Entdecken Sie unsere Philosophie, Geschichte und Werte.\",\"breadcrumb\":{\"@id\":\"https:\/\/www.s-cab.it\/de\/welten-outdoor\/#breadcrumb\"},\"inLanguage\":\"de\",\"potentialAction\":[{\"@type\":\"ReadAction\",\"target\":[\"https:\/\/www.s-cab.it\/de\/welten-outdoor\/\"]}]},{\"@type\":\"BreadcrumbList\",\"@id\":\"https:\/\/www.s-cab.it\/de\/welten-outdoor\/#breadcrumb\",\"itemListElement\":[{\"@type\":\"ListItem\",\"position\":1,\"name\":\"Home\",\"item\":\"https:\/\/www.s-cab.it\/de\/\"},{\"@type\":\"ListItem\",\"position\":2,\"name\":\"Welten &#8211; Outdoor\"}]},{\"@type\":\"WebSite\",\"@id\":\"https:\/\/www.s-cab.it\/de\/#website\",\"url\":\"https:\/\/www.s-cab.it\/de\/\",\"name\":\"S\u2022CAB\",\"description\":\"\",\"potentialAction\":[{\"@type\":\"SearchAction\",\"target\":{\"@type\":\"EntryPoint\",\"urlTemplate\":\"https:\/\/www.s-cab.it\/de\/?s={search_term_string}\"},\"query-input\":{\"@type\":\"PropertyValueSpecification\",\"valueRequired\":true,\"valueName\":\"search_term_string\"}}],\"inLanguage\":\"de\"}]}<\/script>\n<!-- \/ Yoast SEO plugin. -->","yoast_head_json":{"title":"Welten - Outdoor - S\u2022CAB","description":"S\u2022CAB - Welten - Outdoor - Seit 1957 kreiert S\u2022CAB hochwertige, nachhaltige M\u00f6bel Made in Italy. Entdecken Sie unsere Philosophie, Geschichte und Werte.","robots":{"index":"index","follow":"follow","max-snippet":"max-snippet:-1","max-image-preview":"max-image-preview:large","max-video-preview":"max-video-preview:-1"},"canonical":"https:\/\/www.s-cab.it\/de\/welten-outdoor\/","og_locale":"de_DE","og_type":"article","og_title":"Welten - Outdoor - S\u2022CAB","og_description":"S\u2022CAB - Welten - Outdoor - Seit 1957 kreiert S\u2022CAB hochwertige, nachhaltige M\u00f6bel Made in Italy. Entdecken Sie unsere Philosophie, Geschichte und Werte.","og_url":"https:\/\/www.s-cab.it\/de\/welten-outdoor\/","og_site_name":"S\u2022CAB","article_modified_time":"2026-03-03T10:47:19+00:00","twitter_card":"summary_large_image","twitter_misc":{"Gesch\u00e4tzte Lesezeit":"2\u00a0Minuten"},"schema":{"@context":"https:\/\/schema.org","@graph":[{"@type":"WebPage","@id":"https:\/\/www.s-cab.it\/de\/welten-outdoor\/","url":"https:\/\/www.s-cab.it\/de\/welten-outdoor\/","name":"Welten - Outdoor - S\u2022CAB","isPartOf":{"@id":"https:\/\/www.s-cab.it\/de\/#website"},"datePublished":"2024-11-14T15:41:22+00:00","dateModified":"2026-03-03T10:47:19+00:00","description":"S\u2022CAB - Welten - Outdoor - Seit 1957 kreiert S\u2022CAB hochwertige, nachhaltige M\u00f6bel Made in Italy. Entdecken Sie unsere Philosophie, Geschichte und Werte.","breadcrumb":{"@id":"https:\/\/www.s-cab.it\/de\/welten-outdoor\/#breadcrumb"},"inLanguage":"de","potentialAction":[{"@type":"ReadAction","target":["https:\/\/www.s-cab.it\/de\/welten-outdoor\/"]}]},{"@type":"BreadcrumbList","@id":"https:\/\/www.s-cab.it\/de\/welten-outdoor\/#breadcrumb","itemListElement":[{"@type":"ListItem","position":1,"name":"Home","item":"https:\/\/www.s-cab.it\/de\/"},{"@type":"ListItem","position":2,"name":"Welten &#8211; Outdoor"}]},{"@type":"WebSite","@id":"https:\/\/www.s-cab.it\/de\/#website","url":"https:\/\/www.s-cab.it\/de\/","name":"S\u2022CAB","description":"","potentialAction":[{"@type":"SearchAction","target":{"@type":"EntryPoint","urlTemplate":"https:\/\/www.s-cab.it\/de\/?s={search_term_string}"},"query-input":{"@type":"PropertyValueSpecification","valueRequired":true,"valueName":"search_term_string"}}],"inLanguage":"de"}]}},"_links":{"self":[{"href":"https:\/\/www.s-cab.it\/de\/wp-json\/wp\/v2\/pages\/102761","targetHints":{"allow":["GET"]}}],"collection":[{"href":"https:\/\/www.s-cab.it\/de\/wp-json\/wp\/v2\/pages"}],"about":[{"href":"https:\/\/www.s-cab.it\/de\/wp-json\/wp\/v2\/types\/page"}],"author":[{"embeddable":true,"href":"https:\/\/www.s-cab.it\/de\/wp-json\/wp\/v2\/users\/1"}],"replies":[{"embeddable":true,"href":"https:\/\/www.s-cab.it\/de\/wp-json\/wp\/v2\/comments?post=102761"}],"version-history":[{"count":8,"href":"https:\/\/www.s-cab.it\/de\/wp-json\/wp\/v2\/pages\/102761\/revisions"}],"predecessor-version":[{"id":147694,"href":"https:\/\/www.s-cab.it\/de\/wp-json\/wp\/v2\/pages\/102761\/revisions\/147694"}],"wp:attachment":[{"href":"https:\/\/www.s-cab.it\/de\/wp-json\/wp\/v2\/media?parent=102761"}],"curies":[{"name":"wp","href":"https:\/\/api.w.org\/{rel}","templated":true}]}}