{"id":140715,"date":"2025-06-26T09:52:39","date_gmt":"2025-06-26T07:52:39","guid":{"rendered":"https:\/\/www.s-cab.it\/dichiarazione-di-accessibilita\/"},"modified":"2025-06-26T10:49:04","modified_gmt":"2025-06-26T08:49:04","slug":"barrierefreiheitserklaerung","status":"publish","type":"page","link":"https:\/\/www.s-cab.it\/de\/barrierefreiheitserklaerung\/","title":{"rendered":"Barrierefreiheitserkl\u00e4rung"},"content":{"rendered":"\n<p><\/p>\n\n\n\n<section class=\"wp-block-evidenzio-columns\"><div class=\"container\"><div class=\"row\">\n<div class=\"wp-block-evidenzio-column col-12 col-md-12 col-lg\">\n<h2 class=\"wp-block-heading\"><strong>Barrierefreiheitserkl\u00e4rung<\/strong><\/h2>\n\n\n\n<div style=\"height:100px\" aria-hidden=\"true\" class=\"wp-block-spacer\"><\/div>\n\n\n\n<p><strong>Willkommen im Bereich Barrierefreiheit der Website von Scab Giardino S.p.a.<\/strong><strong><br><\/strong> F\u00fcr uns ist Inklusion ein grundlegender Wert, und wir setzen uns kontinuierlich daf\u00fcr ein, dass unsere Online-Dienste f\u00fcr alle zug\u00e4nglich sind, unabh\u00e4ngig von individuellen F\u00e4higkeiten. Diese Barrierefreiheitserkl\u00e4rung beschreibt die Ma\u00dfnahmen, die wir ergriffen haben, um unsere Website gem\u00e4\u00df den neuen barrierefreien Standards der seit dem <strong>28. Juni 2025<\/strong> geltenden Gesetzgebung auszurichten, sowie unser Engagement, die Nutzererfahrung kontinuierlich zu verbessern.<\/p>\n\n\n\n<h4 class=\"wp-block-heading\" style=\"text-transform:uppercase\"><strong>Barrierefreiheitserkl\u00e4rung<\/strong><\/h4>\n\n\n\n<p>gem\u00e4\u00df dem Gesetzesdekret Nr. 82 vom 27. Mai 2022 \u2013 Modell gem\u00e4\u00df der ehemaligen Entscheidung (EU) 2018\/1523<\/p>\n\n\n\n<p>Scab Giardino S.p.a. verpflichtet sich, ihre Website barrierefrei zu gestalten, in \u00dcbereinstimmung mit dem Gesetzesdekret vom 27. Mai 2022, Nr. 82, das die Richtlinie (EU) 2019\/882 umsetzt.<\/p>\n\n\n\n<p>Diese Erkl\u00e4rung gilt f\u00fcr die Website<a href=\"https:\/\/www.s-cab.it\/de\/\"> https:\/\/www.s-cab.it\/<\/a><\/p>\n\n\n\n<h4 class=\"wp-block-heading\"><strong>KONFORMIT\u00c4TSSTATUS<\/strong><\/h4>\n\n\n\n<p><strong>Teilweise konform<\/strong><\/p>\n\n\n\n<p>Trotz unseres fortlaufenden Einsatzes, die Website vollst\u00e4ndig barrierefrei zu gestalten, erkl\u00e4ren wir eine teilweise Konformit\u00e4t mit den Web Content Accessibility Guidelines (WCAG) 2.2, da der vollst\u00e4ndige Abbau einiger Probleme einen unverh\u00e4ltnism\u00e4\u00dfigen wirtschaftlichen und organisatorischen Aufwand erfordern w\u00fcrde.<\/p>\n\n\n\n<p>Konkret w\u00fcrde die vollst\u00e4ndige Umsetzung aller WCAG\u20112.2-Erfolgskriterien in bestimmten Bereichen oder Funktionen finanzielle und personelle Ressourcen erfordern, die derzeit nicht verf\u00fcgbar oder tragbar sind, oder strukturelle Eingriffe notwendig machen, die den Betrieb oder die bestehende technologische Stabilit\u00e4t beeintr\u00e4chtigen w\u00fcrden. Dies hindert uns derzeit daran, alle identifizierten Barrieren abzubauen.<\/p>\n\n\n\n<p>Diese Website ist teilweise konform mit WCAG 2.2 Stufe A, aufgrund folgender Nicht\u2011Konformit\u00e4ten:<\/p>\n\n\n\n<ul class=\"wp-block-list\">\n<li>Kontrast einiger Texte auf wei\u00dfen Schaltfl\u00e4chen erreicht nicht das Mindestverh\u00e4ltnis von 4,5:1;<br><\/li>\n\n\n\n<li>Kontrast einiger Texte auf gr\u00fcnen Schaltfl\u00e4chen erreicht nicht das Mindestverh\u00e4ltnis von 4,5:1;<br><\/li>\n\n\n\n<li>Kontrast einiger Texte auf gelben Schaltfl\u00e4chen erreicht nicht das Mindestverh\u00e4ltnis von 4,5:1;<br><\/li>\n\n\n\n<li>Kontrast bestimmter wei\u00dfer Texte erreicht nicht das Mindestverh\u00e4ltnis von 4,5:1;<br><\/li>\n\n\n\n<li>Kontrast bestimmter schwarzer Texte erreicht nicht das Mindestverh\u00e4ltnis von 4,5:1;<br><\/li>\n\n\n\n<li>Kontrast bestimmter grauer Texte erreicht nicht das Mindestverh\u00e4ltnis von 4,5:1;<br><\/li>\n\n\n\n<li>Bilder mit Text besitzen nicht ausreichend beschreibende Alternativtexte;<br><\/li>\n\n\n\n<li>HTML\u2011Code ist teilweise fehlerhaft;<br><\/li>\n\n\n\n<li>Manche Bilder haben m\u00f6glicherweise keinen Alternativtext;<br><\/li>\n\n\n\n<li>Einige Elemente kommunizieren ihre Funktion m\u00f6glicherweise nicht korrekt;<br><\/li>\n\n\n\n<li>Das Cookie-Modul ist eventuell nicht barrierefrei;<br><\/li>\n\n\n\n<li>Die Karte ist eventuell nicht barrierefrei;<br><\/li>\n\n\n\n<li>PDFs sind m\u00f6glicherweise nicht barrierefrei.<br><\/li>\n<\/ul>\n\n\n\n<h4 class=\"wp-block-heading\"><strong>VERPFLICHTUNG ZUR ST\u00c4NDIGEN VERBESSERUNG<\/strong><\/h4>\n\n\n\n<p>Wir verpflichten uns, die Barrierefreiheit unserer Website kontinuierlich zu verbessern. Hierzu ergreifen wir folgende Ma\u00dfnahmen:<\/p>\n\n\n\n<ul class=\"wp-block-list\">\n<li><strong>Fortlaufende \u00dcberwachung<\/strong> \u2013 regelm\u00e4\u00dfige Bewertung des Barrierefreiheitsstatus der Website, auch im Hinblick auf technologische und regulatorische Ver\u00e4nderungen.<br><\/li>\n\n\n\n<li><strong>Schrittweise Ma\u00dfnahmen<\/strong> \u2013 Priorisierung der problematischsten oder am h\u00e4ufigsten genutzten Bereiche.<br><\/li>\n\n\n\n<li><strong>Feedback-Mechanismus<\/strong> \u2013 Nutzerhinweise und Vorschl\u00e4ge zu konkreten Schwierigkeiten werden sorgf\u00e4ltig analysiert und bilden eine wesentliche Grundlage f\u00fcr zuk\u00fcnftige Anpassungen. Wir fordern Nutzer ausdr\u00fccklich auf, uns \u00fcber das Feedback-Formular auf Accessibility-Probleme hinzuweisen.<br><\/li>\n<\/ul>\n\n\n\n<p>Unser Ziel ist eine inklusive Navigationserfahrung f\u00fcr alle Nutzer, und wir sind entschlossen, Barrieren schrittweise abzubauen \u2013 unter Ber\u00fccksichtigung der verf\u00fcgbaren Ressourcen und strategischen Priorit\u00e4ten der Organisation.<\/p>\n\n\n\n<h4 class=\"wp-block-heading\"><strong>ERSTELLUNG DER BARRIEREFREIHEITSERKL\u00c4RUNG<\/strong><\/h4>\n\n\n\n<p>Diese Erkl\u00e4rung wurde am <strong>20. Mai 2025<\/strong> verfasst, basierend auf einer Bewertung durch externe Dritte.<\/p>\n\n\n\n<h4 class=\"wp-block-heading\"><strong>MELDUNG UND KONTAKTDATEN<\/strong><\/h4>\n\n\n\n<p>Personen, die unterst\u00fctzende Technologien oder spezielle Navigationseinstellungen ben\u00f6tigen, k\u00f6nnen Hilfe anfordern oder Nicht\u2011Konformit\u00e4ten an die E\u2011Mail <strong>s\u2011cab@s\u2011cab.it<\/strong> melden und dabei folgende Angaben machen:<\/p>\n\n\n\n<ul class=\"wp-block-list\">\n<li>URL der Website<br><\/li>\n\n\n\n<li>Eingesetzte Tools (Betriebssystem, Browser, Hilfsmittel und unterst\u00fctzende Technologien)<br><\/li>\n<\/ul>\n\n\n\n<p>Wir antworten innerhalb von <strong>30 Tagen<\/strong> nach Erhalt. Meldungen au\u00dferhalb des Zug\u00e4nglichkeitsbereichs k\u00f6nnen nicht bearbeitet werden; bitte wenden Sie sich an die auf der jeweiligen Unternehmenswebsite genannten Ansprechpartner.<\/p>\n\n\n\n<p>Personenbezogene Daten werden gem\u00e4\u00df unserer Datenschutzerkl\u00e4rung verarbeitet.<\/p>\n\n\n\n<h4 class=\"wp-block-heading\"><strong>MELDUNG AN AgID<\/strong><\/h4>\n\n\n\n<p>Sollte die Antwort unzufriedenstellend sein oder innerhalb von drei\u00dfig Tagen nicht erfolgen, kann die betroffene Person eine Meldung gem\u00e4\u00df dem Verfahren auf der AgID\u2011Website einreichen.<\/p>\n\n\n\n<h4 class=\"wp-block-heading\"><strong>WEBSITE-INFORMATIONEN<\/strong><\/h4>\n\n\n\n<p>Verwendetes CMS: <strong>WordPress<br><\/strong>Usability\u2011Tests durchgef\u00fchrt: <strong>Ja<\/strong><\/p>\n\n\n\n<div style=\"height:100px\" aria-hidden=\"true\" class=\"wp-block-spacer\"><\/div>\n<\/div>\n<\/div><\/div><\/section>\n\n\n\n<p><\/p>\n","protected":false},"excerpt":{"rendered":"","protected":false},"author":1,"featured_media":0,"parent":0,"menu_order":0,"comment_status":"closed","ping_status":"closed","template":"","meta":{"_acf_changed":false,"inline_featured_image":false,"footnotes":""},"class_list":["post-140715","page","type-page","status-publish","hentry"],"acf":[],"yoast_head":"<!-- This site is optimized with the Yoast SEO plugin v24.9 - https:\/\/yoast.com\/wordpress\/plugins\/seo\/ -->\n<title>Barrierefreiheitserkl\u00e4rung - S\u2022CAB<\/title>\n<meta name=\"description\" content=\"S\u2022CAB - Barrierefreiheitserkl\u00e4rung - Seit 1957 kreiert S\u2022CAB hochwertige, nachhaltige M\u00f6bel Made in Italy. Entdecken Sie unsere Philosophie, Geschichte und Werte.\" \/>\n<meta name=\"robots\" content=\"index, follow, max-snippet:-1, max-image-preview:large, max-video-preview:-1\" \/>\n<link rel=\"canonical\" href=\"https:\/\/www.s-cab.it\/de\/barrierefreiheitserklaerung\/\" \/>\n<meta property=\"og:locale\" content=\"de_DE\" \/>\n<meta property=\"og:type\" content=\"article\" \/>\n<meta property=\"og:title\" content=\"Barrierefreiheitserkl\u00e4rung - S\u2022CAB\" \/>\n<meta property=\"og:description\" content=\"S\u2022CAB - Barrierefreiheitserkl\u00e4rung - Seit 1957 kreiert S\u2022CAB hochwertige, nachhaltige M\u00f6bel Made in Italy. Entdecken Sie unsere Philosophie, Geschichte und Werte.\" \/>\n<meta property=\"og:url\" content=\"https:\/\/www.s-cab.it\/de\/barrierefreiheitserklaerung\/\" \/>\n<meta property=\"og:site_name\" content=\"S\u2022CAB\" \/>\n<meta property=\"article:modified_time\" content=\"2025-06-26T08:49:04+00:00\" \/>\n<meta name=\"twitter:card\" content=\"summary_large_image\" \/>\n<meta name=\"twitter:label1\" content=\"Gesch\u00e4tzte Lesezeit\" \/>\n\t<meta name=\"twitter:data1\" content=\"4\u00a0Minuten\" \/>\n<script type=\"application\/ld+json\" class=\"yoast-schema-graph\">{\"@context\":\"https:\/\/schema.org\",\"@graph\":[{\"@type\":\"WebPage\",\"@id\":\"https:\/\/www.s-cab.it\/de\/barrierefreiheitserklaerung\/\",\"url\":\"https:\/\/www.s-cab.it\/de\/barrierefreiheitserklaerung\/\",\"name\":\"Barrierefreiheitserkl\u00e4rung - S\u2022CAB\",\"isPartOf\":{\"@id\":\"https:\/\/www.s-cab.it\/de\/#website\"},\"datePublished\":\"2025-06-26T07:52:39+00:00\",\"dateModified\":\"2025-06-26T08:49:04+00:00\",\"description\":\"S\u2022CAB - Barrierefreiheitserkl\u00e4rung - Seit 1957 kreiert S\u2022CAB hochwertige, nachhaltige M\u00f6bel Made in Italy. Entdecken Sie unsere Philosophie, Geschichte und Werte.\",\"breadcrumb\":{\"@id\":\"https:\/\/www.s-cab.it\/de\/barrierefreiheitserklaerung\/#breadcrumb\"},\"inLanguage\":\"de\",\"potentialAction\":[{\"@type\":\"ReadAction\",\"target\":[\"https:\/\/www.s-cab.it\/de\/barrierefreiheitserklaerung\/\"]}]},{\"@type\":\"BreadcrumbList\",\"@id\":\"https:\/\/www.s-cab.it\/de\/barrierefreiheitserklaerung\/#breadcrumb\",\"itemListElement\":[{\"@type\":\"ListItem\",\"position\":1,\"name\":\"Home\",\"item\":\"https:\/\/www.s-cab.it\/de\/\"},{\"@type\":\"ListItem\",\"position\":2,\"name\":\"Barrierefreiheitserkl\u00e4rung\"}]},{\"@type\":\"WebSite\",\"@id\":\"https:\/\/www.s-cab.it\/de\/#website\",\"url\":\"https:\/\/www.s-cab.it\/de\/\",\"name\":\"S\u2022CAB\",\"description\":\"\",\"potentialAction\":[{\"@type\":\"SearchAction\",\"target\":{\"@type\":\"EntryPoint\",\"urlTemplate\":\"https:\/\/www.s-cab.it\/de\/?s={search_term_string}\"},\"query-input\":{\"@type\":\"PropertyValueSpecification\",\"valueRequired\":true,\"valueName\":\"search_term_string\"}}],\"inLanguage\":\"de\"}]}<\/script>\n<!-- \/ Yoast SEO plugin. -->","yoast_head_json":{"title":"Barrierefreiheitserkl\u00e4rung - S\u2022CAB","description":"S\u2022CAB - Barrierefreiheitserkl\u00e4rung - Seit 1957 kreiert S\u2022CAB hochwertige, nachhaltige M\u00f6bel Made in Italy. Entdecken Sie unsere Philosophie, Geschichte und Werte.","robots":{"index":"index","follow":"follow","max-snippet":"max-snippet:-1","max-image-preview":"max-image-preview:large","max-video-preview":"max-video-preview:-1"},"canonical":"https:\/\/www.s-cab.it\/de\/barrierefreiheitserklaerung\/","og_locale":"de_DE","og_type":"article","og_title":"Barrierefreiheitserkl\u00e4rung - S\u2022CAB","og_description":"S\u2022CAB - Barrierefreiheitserkl\u00e4rung - Seit 1957 kreiert S\u2022CAB hochwertige, nachhaltige M\u00f6bel Made in Italy. Entdecken Sie unsere Philosophie, Geschichte und Werte.","og_url":"https:\/\/www.s-cab.it\/de\/barrierefreiheitserklaerung\/","og_site_name":"S\u2022CAB","article_modified_time":"2025-06-26T08:49:04+00:00","twitter_card":"summary_large_image","twitter_misc":{"Gesch\u00e4tzte Lesezeit":"4\u00a0Minuten"},"schema":{"@context":"https:\/\/schema.org","@graph":[{"@type":"WebPage","@id":"https:\/\/www.s-cab.it\/de\/barrierefreiheitserklaerung\/","url":"https:\/\/www.s-cab.it\/de\/barrierefreiheitserklaerung\/","name":"Barrierefreiheitserkl\u00e4rung - S\u2022CAB","isPartOf":{"@id":"https:\/\/www.s-cab.it\/de\/#website"},"datePublished":"2025-06-26T07:52:39+00:00","dateModified":"2025-06-26T08:49:04+00:00","description":"S\u2022CAB - Barrierefreiheitserkl\u00e4rung - Seit 1957 kreiert S\u2022CAB hochwertige, nachhaltige M\u00f6bel Made in Italy. Entdecken Sie unsere Philosophie, Geschichte und Werte.","breadcrumb":{"@id":"https:\/\/www.s-cab.it\/de\/barrierefreiheitserklaerung\/#breadcrumb"},"inLanguage":"de","potentialAction":[{"@type":"ReadAction","target":["https:\/\/www.s-cab.it\/de\/barrierefreiheitserklaerung\/"]}]},{"@type":"BreadcrumbList","@id":"https:\/\/www.s-cab.it\/de\/barrierefreiheitserklaerung\/#breadcrumb","itemListElement":[{"@type":"ListItem","position":1,"name":"Home","item":"https:\/\/www.s-cab.it\/de\/"},{"@type":"ListItem","position":2,"name":"Barrierefreiheitserkl\u00e4rung"}]},{"@type":"WebSite","@id":"https:\/\/www.s-cab.it\/de\/#website","url":"https:\/\/www.s-cab.it\/de\/","name":"S\u2022CAB","description":"","potentialAction":[{"@type":"SearchAction","target":{"@type":"EntryPoint","urlTemplate":"https:\/\/www.s-cab.it\/de\/?s={search_term_string}"},"query-input":{"@type":"PropertyValueSpecification","valueRequired":true,"valueName":"search_term_string"}}],"inLanguage":"de"}]}},"_links":{"self":[{"href":"https:\/\/www.s-cab.it\/de\/wp-json\/wp\/v2\/pages\/140715","targetHints":{"allow":["GET"]}}],"collection":[{"href":"https:\/\/www.s-cab.it\/de\/wp-json\/wp\/v2\/pages"}],"about":[{"href":"https:\/\/www.s-cab.it\/de\/wp-json\/wp\/v2\/types\/page"}],"author":[{"embeddable":true,"href":"https:\/\/www.s-cab.it\/de\/wp-json\/wp\/v2\/users\/1"}],"replies":[{"embeddable":true,"href":"https:\/\/www.s-cab.it\/de\/wp-json\/wp\/v2\/comments?post=140715"}],"version-history":[{"count":4,"href":"https:\/\/www.s-cab.it\/de\/wp-json\/wp\/v2\/pages\/140715\/revisions"}],"predecessor-version":[{"id":140735,"href":"https:\/\/www.s-cab.it\/de\/wp-json\/wp\/v2\/pages\/140715\/revisions\/140735"}],"wp:attachment":[{"href":"https:\/\/www.s-cab.it\/de\/wp-json\/wp\/v2\/media?parent=140715"}],"curies":[{"name":"wp","href":"https:\/\/api.w.org\/{rel}","templated":true}]}}