{"id":147415,"date":"2026-02-11T15:31:29","date_gmt":"2026-02-11T14:31:29","guid":{"rendered":"https:\/\/www.s-cab.it\/?page_id=147415"},"modified":"2026-03-23T09:46:39","modified_gmt":"2026-03-23T08:46:39","slug":"zertifizierungen","status":"publish","type":"page","link":"https:\/\/www.s-cab.it\/de\/zertifizierungen\/","title":{"rendered":"Zertifizierungen"},"content":{"rendered":"<div id=\"block_02573239c9ddfcf1ab70c33c902d5c12-blocco_preview_certificazioni\" class=\" container blocco_preview_certificazioni block_publifarm\" >\n    <div class=\"row\">\n        <div class=\"col-sm-12 fadeOnScreen\">\n            <h1 class=\"blck_title\">Zertifizierungen<\/h1>\n            <h2 class=\"sottotitolo titolo2 mainboxtitle\">Unternehmenszertifizierungen<\/h2>\n        <\/div>\n                            <div class=\"item col-sm-12 col-lg-4 fadeOnScreen\">\n                    <div class=\"single_box_download\">\n                        <span>\n                            <h2>ISO 9001:2015<\/h2>\n                            <p class=\"standard_text\"><p>Die ISO 9001-Zertifizierung best\u00e4tigt das Engagement von S\u2022CAB f\u00fcr hohe Qualit\u00e4tsstandards in jeder Phase des Produktionsprozesses sowie f\u00fcr die Kundenzufriedenheit.<\/p>\n<\/p>\n                        <\/span>\n                        <span class=\"d-flex align-items-baseline justify-content-between\">\n                                                    <a class=\"standard_text_medium standard_cta_animated\" href=\"https:\/\/www.s-cab.it\/wp-content\/uploads\/2026\/03\/Certificate-IT348612-SCAB-GIARDINO-S.P.A-ISO9001-ENG.pdf\" target=\"_blank\">Laden Sie das Zertifikat herunter<\/a>\n                            <img decoding=\"async\" src=\"https:\/\/www.s-cab.it\/wp-content\/uploads\/2026\/02\/BVCER_withAccredia-ISO-9001-BW@2x.png\" \/>\n                        <\/span>\n                    <\/div>\n                <\/div>\n                            <div class=\"item col-sm-12 col-lg-4 fadeOnScreen\">\n                    <div class=\"single_box_download\">\n                        <span>\n                            <h2>ISO 14001:2015<\/h2>\n                            <p class=\"standard_text\"><p>ISO 14001 zertifiziert die F\u00e4higkeit des Unternehmens, die Umweltauswirkungen seiner Produktionst\u00e4tigkeiten durch einen &#8222;Life Cycle Thinking&#8220;-Ansatz zu kontrollieren und zu reduzieren.<\/p>\n<\/p>\n                        <\/span>\n                        <span class=\"d-flex align-items-baseline justify-content-between\">\n                                                    <a class=\"standard_text_medium standard_cta_animated\" href=\"https:\/\/www.s-cab.it\/wp-content\/uploads\/2026\/03\/Certificate-IT349136-SCAB-GIARDINO-S.P.A-ISO14001-ENG.pdf\" target=\"_blank\">Laden Sie das Zertifikat herunter<\/a>\n                            <img decoding=\"async\" src=\"https:\/\/www.s-cab.it\/wp-content\/uploads\/2026\/02\/BVCER_withAccredia-ISO-14001-BW@2x.png\" \/>\n                        <\/span>\n                    <\/div>\n                <\/div>\n                            <div class=\"item col-sm-12 col-lg-4 fadeOnScreen\">\n                    <div class=\"single_box_download\">\n                        <span>\n                            <h2>CATAS Member<\/h2>\n                            <p class=\"standard_text\"><p>Die CATAS-Zertifizierung garantiert die Qualit\u00e4t der Rohstoffe und der Fertigerzeugnisse von S\u2022CAB und stellt die Konformit\u00e4t von Sitzschalen und Gestellen mit europ\u00e4ischen Normen sowie eine optimale mechanische Festigkeit und Korrosionsbest\u00e4ndigkeit der Metalle sicher.<\/p>\n<\/p>\n                        <\/span>\n                        <span class=\"d-flex align-items-baseline justify-content-between\">\n                                                    <a class=\"standard_text_medium standard_cta_animated\" href=\"https:\/\/www.s-cab.it\/de\/nachhaltigkeit\/\" target=\"\">Mehr erfahren<\/a>\n                            <img decoding=\"async\" src=\"https:\/\/www.s-cab.it\/wp-content\/uploads\/2026\/02\/CATAS-Member-Customers@2x.png\" \/>\n                        <\/span>\n                    <\/div>\n                <\/div>\n                            <div class=\"item col-sm-12 col-lg-4 fadeOnScreen\">\n                    <div class=\"single_box_download\">\n                        <span>\n                            <h2>Qualit\u00e4ts- und Umweltpolitik<\/h2>\n                            <p class=\"standard_text\"><p>S\u2022CAB hat eine integrierte Politik definiert, die Qualit\u00e4tsziele mit Umweltverpflichtungen verbindet und die Unternehmensstrategien in Richtung kontinuierlicher Verbesserung und Nachhaltigkeit lenkt.<\/p>\n<\/p>\n                        <\/span>\n                        <span class=\"d-flex align-items-baseline justify-content-between\">\n                                                    <a class=\"standard_text_medium standard_cta_animated\" href=\"https:\/\/www.s-cab.it\/en\/quality-and-environmental-policy\/\" target=\"_blank\">Mehr erfahren<\/a>\n                            <img decoding=\"async\" src=\"\" \/>\n                        <\/span>\n                    <\/div>\n                <\/div>\n                            <div class=\"item col-sm-12 col-lg-4 fadeOnScreen\">\n                    <div class=\"single_box_download\">\n                        <span>\n                            <h2>Ethikkodex<\/h2>\n                            <p class=\"standard_text\"><p>Der Ethikkodex von S\u2022CAB definiert die Grundprinzipien des Unternehmens: Integrit\u00e4t, Transparenz, Respekt gegen\u00fcber Menschen und Umweltverantwortung, um sicherzustellen, dass jede T\u00e4tigkeit unter voller Einhaltung von Rechtm\u00e4\u00dfigkeit und Nachhaltigkeit erfolgt.<\/p>\n<\/p>\n                        <\/span>\n                        <span class=\"d-flex align-items-baseline justify-content-between\">\n                                                    <a class=\"standard_text_medium standard_cta_animated\" href=\"https:\/\/www.s-cab.it\/wp-content\/uploads\/2025\/07\/250428_Codice-etico-_ENG.pdf\" target=\"_blank\">Laden Sie den Ethikkodex herunter.<\/a>\n                            <img decoding=\"async\" src=\"\" \/>\n                        <\/span>\n                    <\/div>\n                <\/div>\n                            <div class=\"item col-sm-12 col-lg-4 fadeOnScreen\">\n                    <div class=\"single_box_download\">\n                        <span>\n                            <h2>Historische Marke<\/h2>\n                            <p class=\"standard_text\"><p>Im Jahr 2022 wird S\u2022CAB in das Register der historischen italienischen Marken eingetragen, eine weitere Anerkennung f\u00fcr eine Qualit\u00e4tsproduktion, die auf Kontinuit\u00e4t der Ergebnisse setzt.<\/p>\n<\/p>\n                        <\/span>\n                        <span class=\"d-flex align-items-baseline justify-content-between\">\n                                                    <a class=\"standard_text_medium standard_cta_animated\" href=\"\" target=\"\"><\/a>\n                            <img decoding=\"async\" src=\"https:\/\/www.s-cab.it\/wp-content\/uploads\/2026\/02\/Immagine-2@2x.png\" \/>\n                        <\/span>\n                    <\/div>\n                <\/div>\n            \n\n        <div class=\"col-sm-12 fadeOnScreen\">\n            <h2 class=\"sottotitolo titolo2\">Produktzertifizierungen<\/h2>\n        <\/div>\n                            <div class=\"item col-sm-12 col-lg-4 fadeOnScreen\">\n                    <div class=\"single_box_download\">\n                        <span>\n                            <h2>FSC<small class=\"reg\"> \u00ae<\/small><\/h2>\n                            <p class=\"standard_text\"><p>Die FSC<sup>\u00ae<\/sup>\u2013 Marke garantiert, dass die gesamte f\u00fcr ihre Standards zertifizierte Holz-Papier-Kette aus einer umweltfreundlichen, gesellschaftlich n\u00fctzlichen und wirtschaftlich nachhaltigen Forstwirtschaft kommt. Fordern Sie unsere FSC<sup>\u00ae<\/sup> zertifizierten Produkte an.<\/p>\n<\/p>\n                        <\/span>\n                        <span class=\"d-flex align-items-baseline justify-content-between\">\n                                                    <a class=\"standard_text_medium standard_cta_animated\" href=\"https:\/\/www.s-cab.it\/wp-content\/uploads\/2026\/03\/CSI-COC-004326.pdf\" target=\"_blank\">Laden Sie das Zertifikat herunter<\/a>\n                            <img decoding=\"async\" src=\"https:\/\/www.s-cab.it\/wp-content\/uploads\/2026\/02\/Screenshot-2026-02-11-alle-12.55.18.png\" \/>\n                        <\/span>\n                    <\/div>\n                <\/div>\n                            <div class=\"item col-sm-12 col-lg-4 fadeOnScreen\">\n                    <div class=\"single_box_download\">\n                        <span>\n                            <h2>CATAS<\/h2>\n                            <p class=\"standard_text\"><p>Die Angabe \u201eCATAS konform \u2026\u201c bedeutet, dass das Produkt alle in den geltenden europ\u00e4ischen Normen vorgesehenen Pr\u00fcfungen zu strukturellen Anforderungen und Widerstandsf\u00e4higkeit erfolgreich bestanden hat und f\u00fcr den privaten sowie den nicht privaten Gebrauch geeignet ist.<\/p>\n<\/p>\n                        <\/span>\n                        <span class=\"d-flex align-items-baseline justify-content-between\">\n                                                    <a class=\"standard_text_medium standard_cta_animated\" href=\"\" target=\"\"><\/a>\n                            <img decoding=\"async\" src=\"\" \/>\n                        <\/span>\n                    <\/div>\n                <\/div>\n                            <div class=\"item col-sm-12 col-lg-4 fadeOnScreen\">\n                    <div class=\"single_box_download\">\n                        <span>\n                            <h2>Zertifizierter regenerierter Kunststoff<\/h2>\n                            <p class=\"standard_text\"><p>Die ICMQ-Zertifizierung bescheinigt, dass die Produkte der Go Green-Kollektion vollst\u00e4ndig aus industriellem Post-Consumer-Recycling-Kunststoff (PCR) hergestellt werden, ohne Verwendung von Neukunststoff.<\/p>\n<\/p>\n                        <\/span>\n                        <span class=\"d-flex align-items-baseline justify-content-between\">\n                                                    <a class=\"standard_text_medium standard_cta_animated\" href=\"https:\/\/www.s-cab.it\/wp-content\/uploads\/2025\/07\/RE0631-aggiornato-al-26-giugno-2025.pdf\" target=\"_blank\">Laden Sie das Zertifikat herunter<\/a>\n                            <img decoding=\"async\" src=\"https:\/\/www.s-cab.it\/wp-content\/uploads\/2026\/02\/Logo-ICMQ-nero@2x.png\" \/>\n                        <\/span>\n                    <\/div>\n                <\/div>\n                <\/div>\n<\/div>\n\n<style>\n.blocco_preview_certificazioni{\n    h1{\n        margin-bottom: 60px;\n        font-weight:600;\n    }\n    .single_box_download:hover{\n        opacity:1;\n    }\n    .sottotitolo{\n        margin-bottom:44px;\n    }\n    .sottotitolo:not(.mainboxtitle){\n        margin-top:90px;\n    }\n    .item{\n        margin-bottom:46px;\n    }\n    \n    .single_box_download{\n        min-height:100%;\n        margin-left: 0;\n        margin-right: 0;\n    }\n    img{\n        max-height:107px;\n        max-width: 40%;\n    }\n}\n@media screen and (max-width: 1024px) {\n    .blocco_preview_certificazioni{\n        h1{\n            font-size: 3rem;\n        }\n        .single_box_download{\n            max-width:100%;\n        }\n    }\n}\n<\/style>","protected":false},"excerpt":{"rendered":"","protected":false},"author":1,"featured_media":0,"parent":0,"menu_order":0,"comment_status":"closed","ping_status":"closed","template":"","meta":{"_acf_changed":false,"inline_featured_image":false,"footnotes":""},"class_list":["post-147415","page","type-page","status-publish","hentry"],"acf":[],"yoast_head":"<!-- This site is optimized with the Yoast SEO plugin v24.9 - https:\/\/yoast.com\/wordpress\/plugins\/seo\/ -->\n<title>Zertifizierungen - S\u2022CAB<\/title>\n<meta name=\"description\" content=\"S\u2022CAB - Zertifizierungen - Seit 1957 kreiert S\u2022CAB hochwertige, nachhaltige M\u00f6bel Made in Italy. Entdecken Sie unsere Philosophie, Geschichte und Werte.\" \/>\n<meta name=\"robots\" content=\"index, follow, max-snippet:-1, max-image-preview:large, max-video-preview:-1\" \/>\n<link rel=\"canonical\" href=\"https:\/\/www.s-cab.it\/de\/zertifizierungen\/\" \/>\n<meta property=\"og:locale\" content=\"de_DE\" \/>\n<meta property=\"og:type\" content=\"article\" \/>\n<meta property=\"og:title\" content=\"Zertifizierungen - S\u2022CAB\" \/>\n<meta property=\"og:description\" content=\"S\u2022CAB - Zertifizierungen - Seit 1957 kreiert S\u2022CAB hochwertige, nachhaltige M\u00f6bel Made in Italy. Entdecken Sie unsere Philosophie, Geschichte und Werte.\" \/>\n<meta property=\"og:url\" content=\"https:\/\/www.s-cab.it\/de\/zertifizierungen\/\" \/>\n<meta property=\"og:site_name\" content=\"S\u2022CAB\" \/>\n<meta property=\"article:modified_time\" content=\"2026-03-23T08:46:39+00:00\" \/>\n<meta name=\"twitter:card\" content=\"summary_large_image\" \/>\n<script type=\"application\/ld+json\" class=\"yoast-schema-graph\">{\"@context\":\"https:\/\/schema.org\",\"@graph\":[{\"@type\":\"WebPage\",\"@id\":\"https:\/\/www.s-cab.it\/de\/zertifizierungen\/\",\"url\":\"https:\/\/www.s-cab.it\/de\/zertifizierungen\/\",\"name\":\"Zertifizierungen - S\u2022CAB\",\"isPartOf\":{\"@id\":\"https:\/\/www.s-cab.it\/de\/#website\"},\"datePublished\":\"2026-02-11T14:31:29+00:00\",\"dateModified\":\"2026-03-23T08:46:39+00:00\",\"description\":\"S\u2022CAB - Zertifizierungen - Seit 1957 kreiert S\u2022CAB hochwertige, nachhaltige M\u00f6bel Made in Italy. Entdecken Sie unsere Philosophie, Geschichte und Werte.\",\"breadcrumb\":{\"@id\":\"https:\/\/www.s-cab.it\/de\/zertifizierungen\/#breadcrumb\"},\"inLanguage\":\"de\",\"potentialAction\":[{\"@type\":\"ReadAction\",\"target\":[\"https:\/\/www.s-cab.it\/de\/zertifizierungen\/\"]}]},{\"@type\":\"BreadcrumbList\",\"@id\":\"https:\/\/www.s-cab.it\/de\/zertifizierungen\/#breadcrumb\",\"itemListElement\":[{\"@type\":\"ListItem\",\"position\":1,\"name\":\"Home\",\"item\":\"https:\/\/www.s-cab.it\/de\/\"},{\"@type\":\"ListItem\",\"position\":2,\"name\":\"Zertifizierungen\"}]},{\"@type\":\"WebSite\",\"@id\":\"https:\/\/www.s-cab.it\/de\/#website\",\"url\":\"https:\/\/www.s-cab.it\/de\/\",\"name\":\"S\u2022CAB\",\"description\":\"\",\"potentialAction\":[{\"@type\":\"SearchAction\",\"target\":{\"@type\":\"EntryPoint\",\"urlTemplate\":\"https:\/\/www.s-cab.it\/de\/?s={search_term_string}\"},\"query-input\":{\"@type\":\"PropertyValueSpecification\",\"valueRequired\":true,\"valueName\":\"search_term_string\"}}],\"inLanguage\":\"de\"}]}<\/script>\n<!-- \/ Yoast SEO plugin. -->","yoast_head_json":{"title":"Zertifizierungen - S\u2022CAB","description":"S\u2022CAB - Zertifizierungen - Seit 1957 kreiert S\u2022CAB hochwertige, nachhaltige M\u00f6bel Made in Italy. Entdecken Sie unsere Philosophie, Geschichte und Werte.","robots":{"index":"index","follow":"follow","max-snippet":"max-snippet:-1","max-image-preview":"max-image-preview:large","max-video-preview":"max-video-preview:-1"},"canonical":"https:\/\/www.s-cab.it\/de\/zertifizierungen\/","og_locale":"de_DE","og_type":"article","og_title":"Zertifizierungen - S\u2022CAB","og_description":"S\u2022CAB - Zertifizierungen - Seit 1957 kreiert S\u2022CAB hochwertige, nachhaltige M\u00f6bel Made in Italy. Entdecken Sie unsere Philosophie, Geschichte und Werte.","og_url":"https:\/\/www.s-cab.it\/de\/zertifizierungen\/","og_site_name":"S\u2022CAB","article_modified_time":"2026-03-23T08:46:39+00:00","twitter_card":"summary_large_image","schema":{"@context":"https:\/\/schema.org","@graph":[{"@type":"WebPage","@id":"https:\/\/www.s-cab.it\/de\/zertifizierungen\/","url":"https:\/\/www.s-cab.it\/de\/zertifizierungen\/","name":"Zertifizierungen - S\u2022CAB","isPartOf":{"@id":"https:\/\/www.s-cab.it\/de\/#website"},"datePublished":"2026-02-11T14:31:29+00:00","dateModified":"2026-03-23T08:46:39+00:00","description":"S\u2022CAB - Zertifizierungen - Seit 1957 kreiert S\u2022CAB hochwertige, nachhaltige M\u00f6bel Made in Italy. Entdecken Sie unsere Philosophie, Geschichte und Werte.","breadcrumb":{"@id":"https:\/\/www.s-cab.it\/de\/zertifizierungen\/#breadcrumb"},"inLanguage":"de","potentialAction":[{"@type":"ReadAction","target":["https:\/\/www.s-cab.it\/de\/zertifizierungen\/"]}]},{"@type":"BreadcrumbList","@id":"https:\/\/www.s-cab.it\/de\/zertifizierungen\/#breadcrumb","itemListElement":[{"@type":"ListItem","position":1,"name":"Home","item":"https:\/\/www.s-cab.it\/de\/"},{"@type":"ListItem","position":2,"name":"Zertifizierungen"}]},{"@type":"WebSite","@id":"https:\/\/www.s-cab.it\/de\/#website","url":"https:\/\/www.s-cab.it\/de\/","name":"S\u2022CAB","description":"","potentialAction":[{"@type":"SearchAction","target":{"@type":"EntryPoint","urlTemplate":"https:\/\/www.s-cab.it\/de\/?s={search_term_string}"},"query-input":{"@type":"PropertyValueSpecification","valueRequired":true,"valueName":"search_term_string"}}],"inLanguage":"de"}]}},"_links":{"self":[{"href":"https:\/\/www.s-cab.it\/de\/wp-json\/wp\/v2\/pages\/147415","targetHints":{"allow":["GET"]}}],"collection":[{"href":"https:\/\/www.s-cab.it\/de\/wp-json\/wp\/v2\/pages"}],"about":[{"href":"https:\/\/www.s-cab.it\/de\/wp-json\/wp\/v2\/types\/page"}],"author":[{"embeddable":true,"href":"https:\/\/www.s-cab.it\/de\/wp-json\/wp\/v2\/users\/1"}],"replies":[{"embeddable":true,"href":"https:\/\/www.s-cab.it\/de\/wp-json\/wp\/v2\/comments?post=147415"}],"version-history":[{"count":14,"href":"https:\/\/www.s-cab.it\/de\/wp-json\/wp\/v2\/pages\/147415\/revisions"}],"predecessor-version":[{"id":148288,"href":"https:\/\/www.s-cab.it\/de\/wp-json\/wp\/v2\/pages\/147415\/revisions\/148288"}],"wp:attachment":[{"href":"https:\/\/www.s-cab.it\/de\/wp-json\/wp\/v2\/media?parent=147415"}],"curies":[{"name":"wp","href":"https:\/\/api.w.org\/{rel}","templated":true}]}}