{"id":102609,"date":"2024-11-11T09:17:16","date_gmt":"2024-11-11T08:17:16","guid":{"rendered":"https:\/\/www.s-cab.it\/designers\/"},"modified":"2025-03-10T15:13:30","modified_gmt":"2025-03-10T14:13:30","slug":"disenadores","status":"publish","type":"page","link":"https:\/\/www.s-cab.it\/es\/disenadores\/","title":{"rendered":"Dise\u00f1adores"},"content":{"rendered":"\n<p class=\"container-fluid has-medium-font-size\">Las personas son el alma de nuestra empresa. Nuestros dise\u00f1adores son algo m\u00e1s que simples colaboradores: son parte integrante de una gran familia que comparte la misma visi\u00f3n. Su creatividad, combinada con su pasi\u00f3n por la belleza y el trabajo bien hecho, da como resultado muebles que superan las expectativas. El orgullo por el propio trabajo es el motor que nos impulsa a alcanzar nuevos logros.<\/p>\n\n\n\n<div style=\"height:100px\" aria-hidden=\"true\" class=\"wp-block-spacer\"><\/div>\n\n\n\n<p class=\"container-fluid has-medium-font-size\"><br><\/p>\n\n\n<div id=\"block_0717affa1c08349d990efd167ea6eacf-blocco_preview_designers\" class=\" fadeOnScreen container-fluid blocco_preview_designers block_publifarm\" >\n\n    <div class=\"designers_archive d-flex flex-column\">\n                                                <a href=\"https:\/\/www.s-cab.it\/es\/designer_prodtax\/keiji-takeuchi-es\/\" class=\"titolo4 fadeOnScreen\">Keiji Takeuchi<\/a>\n                                                            <a href=\"https:\/\/www.s-cab.it\/es\/designer_prodtax\/simone-bonanni-es\/\" class=\"titolo4 fadeOnScreen\">Simone Bonanni<\/a>\n                                                            <a href=\"https:\/\/www.s-cab.it\/es\/designer_prodtax\/maddalena-casadei-es\/\" class=\"titolo4 fadeOnScreen\">Maddalena Casadei<\/a>\n                                                            <a href=\"https:\/\/www.s-cab.it\/es\/designer_prodtax\/zaven-es\/\" class=\"titolo4 fadeOnScreen\">Zaven<\/a>\n                                                            <a href=\"https:\/\/www.s-cab.it\/es\/designer_prodtax\/spalvieri-del-ciotto-es\/\" class=\"titolo4 fadeOnScreen\">Spalvieri &amp; Del Ciotto<\/a>\n                                                            <a href=\"https:\/\/www.s-cab.it\/es\/designer_prodtax\/francesca-lanzavecchia-es\/\" class=\"titolo4 fadeOnScreen\">Francesca Lanzavecchia<\/a>\n                                                            <a href=\"https:\/\/www.s-cab.it\/es\/designer_prodtax\/ionna-vautrin-es\/\" class=\"titolo4 fadeOnScreen\">Ionna Vautrin<\/a>\n                                                            <a href=\"https:\/\/www.s-cab.it\/es\/designer_prodtax\/alessandro-stabile-es\/\" class=\"titolo4 fadeOnScreen\">Alessandro Stabile<\/a>\n                                                            <a href=\"https:\/\/www.s-cab.it\/es\/designer_prodtax\/archirivolto-es\/\" class=\"titolo4 fadeOnScreen\">Archirivolto<\/a>\n                                                            <a href=\"https:\/\/www.s-cab.it\/es\/designer_prodtax\/gumdesign-es\/\" class=\"titolo4 fadeOnScreen\">gumdesign<\/a>\n                                                            <a href=\"https:\/\/www.s-cab.it\/es\/designer_prodtax\/meneghello-paolelli-es\/\" class=\"titolo4 fadeOnScreen\">Meneghello Paolelli<\/a>\n                                                            <a href=\"https:\/\/www.s-cab.it\/es\/designer_prodtax\/radiceorlandini-designstudio-es\/\" class=\"titolo4 fadeOnScreen\">RadiceOrlandini<\/a>\n                                                            <a href=\"https:\/\/www.s-cab.it\/es\/designer_prodtax\/marcello-ziliani-es\/\" class=\"titolo4 fadeOnScreen\">Marcello Ziliani<\/a>\n                                                            <a href=\"https:\/\/www.s-cab.it\/es\/designer_prodtax\/gianluca-pasotti-es\/\" class=\"titolo4 fadeOnScreen\">Gianluca Pasotti<\/a>\n                                                            <a href=\"https:\/\/www.s-cab.it\/es\/designer_prodtax\/luisa-battaglia-es\/\" class=\"titolo4 fadeOnScreen\">Luisa Battaglia<\/a>\n                                                            <a href=\"https:\/\/www.s-cab.it\/es\/designer_prodtax\/studio-zetass-es\/\" class=\"titolo4 fadeOnScreen\">Studio Zetass<\/a>\n                                                            <a href=\"https:\/\/www.s-cab.it\/es\/designer_prodtax\/roberto-semprini-es\/\" class=\"titolo4 fadeOnScreen\">Roberto Semprini<\/a>\n                                                            <a href=\"https:\/\/www.s-cab.it\/es\/designer_prodtax\/arter-citton-es\/\" class=\"titolo4 fadeOnScreen\">Arter &amp; Citton<\/a>\n                                                            <a href=\"https:\/\/www.s-cab.it\/es\/designer_prodtax\/centro-stile-scab-es\/\" class=\"titolo4 fadeOnScreen\">Centro Stile S\u2022CAB<\/a>\n                        <\/div>\n    <div class=\"designers_archive_imgs\">\n                    <img decoding=\"async\" loading=\"lazy\" class=\"desinger_img\" src=\"https:\/\/www.s-cab.it\/wp-content\/uploads\/2026\/03\/keiji_takeuchi.webp\" \/>\n                    <img decoding=\"async\" loading=\"lazy\" class=\"desinger_img\" src=\"https:\/\/www.s-cab.it\/wp-content\/uploads\/2026\/03\/simone_bonanni.webp\" \/>\n                    <img decoding=\"async\" loading=\"lazy\" class=\"desinger_img\" src=\"https:\/\/www.s-cab.it\/wp-content\/uploads\/2025\/03\/maddalena-casadei.webp\" \/>\n                    <img decoding=\"async\" loading=\"lazy\" class=\"desinger_img\" src=\"https:\/\/www.s-cab.it\/wp-content\/uploads\/2025\/03\/zaven.webp\" \/>\n                    <img decoding=\"async\" loading=\"lazy\" class=\"desinger_img\" src=\"https:\/\/www.s-cab.it\/wp-content\/uploads\/2024\/11\/spalvieri-del-ciotto.webp\" \/>\n                    <img decoding=\"async\" loading=\"lazy\" class=\"desinger_img\" src=\"https:\/\/www.s-cab.it\/wp-content\/uploads\/2024\/11\/francesca-lanzavecchia.webp\" \/>\n                    <img decoding=\"async\" loading=\"lazy\" class=\"desinger_img\" src=\"https:\/\/www.s-cab.it\/wp-content\/uploads\/2024\/11\/ionna-vautrin.webp\" \/>\n                    <img decoding=\"async\" loading=\"lazy\" class=\"desinger_img\" src=\"https:\/\/www.s-cab.it\/wp-content\/uploads\/2024\/11\/alessandro-stabile.webp\" \/>\n                    <img decoding=\"async\" loading=\"lazy\" class=\"desinger_img\" src=\"https:\/\/www.s-cab.it\/wp-content\/uploads\/2024\/11\/archirivolto.webp\" \/>\n                    <img decoding=\"async\" loading=\"lazy\" class=\"desinger_img\" src=\"https:\/\/www.s-cab.it\/wp-content\/uploads\/2024\/11\/gumdesign.webp\" \/>\n                    <img decoding=\"async\" loading=\"lazy\" class=\"desinger_img\" src=\"https:\/\/www.s-cab.it\/wp-content\/uploads\/2024\/11\/meneghello-paolelli.webp\" \/>\n                    <img decoding=\"async\" loading=\"lazy\" class=\"desinger_img\" src=\"https:\/\/www.s-cab.it\/wp-content\/uploads\/2024\/11\/radici-orlandini.webp\" \/>\n                    <img decoding=\"async\" loading=\"lazy\" class=\"desinger_img\" src=\"https:\/\/www.s-cab.it\/wp-content\/uploads\/2024\/11\/marcello-ziliani.webp\" \/>\n                    <img decoding=\"async\" loading=\"lazy\" class=\"desinger_img\" src=\"https:\/\/www.s-cab.it\/wp-content\/uploads\/2024\/11\/gianluca-pasotti.webp\" \/>\n                    <img decoding=\"async\" loading=\"lazy\" class=\"desinger_img\" src=\"https:\/\/www.s-cab.it\/wp-content\/uploads\/2024\/11\/luisa-battaglia.webp\" \/>\n                    <img decoding=\"async\" loading=\"lazy\" class=\"desinger_img\" src=\"\" \/>\n                    <img decoding=\"async\" loading=\"lazy\" class=\"desinger_img\" src=\"https:\/\/www.s-cab.it\/wp-content\/uploads\/2024\/11\/roberto-semprini.webp\" \/>\n                    <img decoding=\"async\" loading=\"lazy\" class=\"desinger_img\" src=\"https:\/\/www.s-cab.it\/wp-content\/uploads\/2024\/11\/arter-citton.webp\" \/>\n                    <img decoding=\"async\" loading=\"lazy\" class=\"desinger_img\" src=\"https:\/\/www.s-cab.it\/wp-content\/uploads\/2024\/11\/centro-stile-scab.webp\" \/>\n            <\/div>\n<\/div>\n\n\n<div style=\"height:100px\" aria-hidden=\"true\" class=\"wp-block-spacer\"><\/div>\n","protected":false},"excerpt":{"rendered":"<p>Las personas son el alma de nuestra empresa. Nuestros dise\u00f1adores&#8230;<\/p>\n","protected":false},"author":1,"featured_media":0,"parent":0,"menu_order":0,"comment_status":"closed","ping_status":"closed","template":"","meta":{"_acf_changed":false,"inline_featured_image":false,"footnotes":""},"class_list":["post-102609","page","type-page","status-publish","hentry"],"acf":[],"yoast_head":"<!-- This site is optimized with the Yoast SEO plugin v24.9 - https:\/\/yoast.com\/wordpress\/plugins\/seo\/ -->\n<title>Dise\u00f1adores - S\u2022CAB<\/title>\n<meta name=\"description\" content=\"S\u2022CAB - Dise\u00f1adores - Desde 1957, S\u2022CAB crea muebles de alta calidad, sostenibles y Made in Italy. Descubre nuestra filosof\u00eda, historia y valores.\" \/>\n<meta name=\"robots\" content=\"index, follow, max-snippet:-1, max-image-preview:large, max-video-preview:-1\" \/>\n<link rel=\"canonical\" href=\"https:\/\/www.s-cab.it\/es\/disenadores\/\" \/>\n<meta property=\"og:locale\" content=\"es_ES\" \/>\n<meta property=\"og:type\" content=\"article\" \/>\n<meta property=\"og:title\" content=\"Dise\u00f1adores - S\u2022CAB\" \/>\n<meta property=\"og:description\" content=\"S\u2022CAB - Dise\u00f1adores - Desde 1957, S\u2022CAB crea muebles de alta calidad, sostenibles y Made in Italy. Descubre nuestra filosof\u00eda, historia y valores.\" \/>\n<meta property=\"og:url\" content=\"https:\/\/www.s-cab.it\/es\/disenadores\/\" \/>\n<meta property=\"og:site_name\" content=\"S\u2022CAB\" \/>\n<meta property=\"article:modified_time\" content=\"2025-03-10T14:13:30+00:00\" \/>\n<meta name=\"twitter:card\" content=\"summary_large_image\" \/>\n<script type=\"application\/ld+json\" class=\"yoast-schema-graph\">{\"@context\":\"https:\/\/schema.org\",\"@graph\":[{\"@type\":\"WebPage\",\"@id\":\"https:\/\/www.s-cab.it\/es\/disenadores\/\",\"url\":\"https:\/\/www.s-cab.it\/es\/disenadores\/\",\"name\":\"Dise\u00f1adores - S\u2022CAB\",\"isPartOf\":{\"@id\":\"https:\/\/www.s-cab.it\/es\/#website\"},\"datePublished\":\"2024-11-11T08:17:16+00:00\",\"dateModified\":\"2025-03-10T14:13:30+00:00\",\"description\":\"S\u2022CAB - Dise\u00f1adores - Desde 1957, S\u2022CAB crea muebles de alta calidad, sostenibles y Made in Italy. Descubre nuestra filosof\u00eda, historia y valores.\",\"breadcrumb\":{\"@id\":\"https:\/\/www.s-cab.it\/es\/disenadores\/#breadcrumb\"},\"inLanguage\":\"es\",\"potentialAction\":[{\"@type\":\"ReadAction\",\"target\":[\"https:\/\/www.s-cab.it\/es\/disenadores\/\"]}]},{\"@type\":\"BreadcrumbList\",\"@id\":\"https:\/\/www.s-cab.it\/es\/disenadores\/#breadcrumb\",\"itemListElement\":[{\"@type\":\"ListItem\",\"position\":1,\"name\":\"Home\",\"item\":\"https:\/\/www.s-cab.it\/es\/\"},{\"@type\":\"ListItem\",\"position\":2,\"name\":\"Dise\u00f1adores\"}]},{\"@type\":\"WebSite\",\"@id\":\"https:\/\/www.s-cab.it\/es\/#website\",\"url\":\"https:\/\/www.s-cab.it\/es\/\",\"name\":\"S\u2022CAB\",\"description\":\"\",\"potentialAction\":[{\"@type\":\"SearchAction\",\"target\":{\"@type\":\"EntryPoint\",\"urlTemplate\":\"https:\/\/www.s-cab.it\/es\/?s={search_term_string}\"},\"query-input\":{\"@type\":\"PropertyValueSpecification\",\"valueRequired\":true,\"valueName\":\"search_term_string\"}}],\"inLanguage\":\"es\"}]}<\/script>\n<!-- \/ Yoast SEO plugin. -->","yoast_head_json":{"title":"Dise\u00f1adores - S\u2022CAB","description":"S\u2022CAB - Dise\u00f1adores - Desde 1957, S\u2022CAB crea muebles de alta calidad, sostenibles y Made in Italy. Descubre nuestra filosof\u00eda, historia y valores.","robots":{"index":"index","follow":"follow","max-snippet":"max-snippet:-1","max-image-preview":"max-image-preview:large","max-video-preview":"max-video-preview:-1"},"canonical":"https:\/\/www.s-cab.it\/es\/disenadores\/","og_locale":"es_ES","og_type":"article","og_title":"Dise\u00f1adores - S\u2022CAB","og_description":"S\u2022CAB - Dise\u00f1adores - Desde 1957, S\u2022CAB crea muebles de alta calidad, sostenibles y Made in Italy. Descubre nuestra filosof\u00eda, historia y valores.","og_url":"https:\/\/www.s-cab.it\/es\/disenadores\/","og_site_name":"S\u2022CAB","article_modified_time":"2025-03-10T14:13:30+00:00","twitter_card":"summary_large_image","schema":{"@context":"https:\/\/schema.org","@graph":[{"@type":"WebPage","@id":"https:\/\/www.s-cab.it\/es\/disenadores\/","url":"https:\/\/www.s-cab.it\/es\/disenadores\/","name":"Dise\u00f1adores - S\u2022CAB","isPartOf":{"@id":"https:\/\/www.s-cab.it\/es\/#website"},"datePublished":"2024-11-11T08:17:16+00:00","dateModified":"2025-03-10T14:13:30+00:00","description":"S\u2022CAB - Dise\u00f1adores - Desde 1957, S\u2022CAB crea muebles de alta calidad, sostenibles y Made in Italy. Descubre nuestra filosof\u00eda, historia y valores.","breadcrumb":{"@id":"https:\/\/www.s-cab.it\/es\/disenadores\/#breadcrumb"},"inLanguage":"es","potentialAction":[{"@type":"ReadAction","target":["https:\/\/www.s-cab.it\/es\/disenadores\/"]}]},{"@type":"BreadcrumbList","@id":"https:\/\/www.s-cab.it\/es\/disenadores\/#breadcrumb","itemListElement":[{"@type":"ListItem","position":1,"name":"Home","item":"https:\/\/www.s-cab.it\/es\/"},{"@type":"ListItem","position":2,"name":"Dise\u00f1adores"}]},{"@type":"WebSite","@id":"https:\/\/www.s-cab.it\/es\/#website","url":"https:\/\/www.s-cab.it\/es\/","name":"S\u2022CAB","description":"","potentialAction":[{"@type":"SearchAction","target":{"@type":"EntryPoint","urlTemplate":"https:\/\/www.s-cab.it\/es\/?s={search_term_string}"},"query-input":{"@type":"PropertyValueSpecification","valueRequired":true,"valueName":"search_term_string"}}],"inLanguage":"es"}]}},"_links":{"self":[{"href":"https:\/\/www.s-cab.it\/es\/wp-json\/wp\/v2\/pages\/102609","targetHints":{"allow":["GET"]}}],"collection":[{"href":"https:\/\/www.s-cab.it\/es\/wp-json\/wp\/v2\/pages"}],"about":[{"href":"https:\/\/www.s-cab.it\/es\/wp-json\/wp\/v2\/types\/page"}],"author":[{"embeddable":true,"href":"https:\/\/www.s-cab.it\/es\/wp-json\/wp\/v2\/users\/1"}],"replies":[{"embeddable":true,"href":"https:\/\/www.s-cab.it\/es\/wp-json\/wp\/v2\/comments?post=102609"}],"version-history":[{"count":0,"href":"https:\/\/www.s-cab.it\/es\/wp-json\/wp\/v2\/pages\/102609\/revisions"}],"wp:attachment":[{"href":"https:\/\/www.s-cab.it\/es\/wp-json\/wp\/v2\/media?parent=102609"}],"curies":[{"name":"wp","href":"https:\/\/api.w.org\/{rel}","templated":true}]}}