{"id":102622,"date":"2024-11-29T11:37:59","date_gmt":"2024-11-29T10:37:59","guid":{"rendered":"https:\/\/www.s-cab.it\/materiali-uso-e-manutenzione\/"},"modified":"2025-07-07T17:19:21","modified_gmt":"2025-07-07T15:19:21","slug":"materiali-uso-e-manutenzione","status":"publish","type":"page","link":"https:\/\/www.s-cab.it\/es\/materiali-uso-e-manutenzione\/","title":{"rendered":"Materiales, uso y mantenimiento"},"content":{"rendered":"\n<section class=\"wp-block-evidenzio-columns simple_text\"><div class=\"container\"><div class=\"row\">\n<div class=\"wp-block-evidenzio-column col-12 col-md-12 col-lg\">\n<p class=\"mb-3 fadeOnScreen\">Las cualidades de responsabilidad y sostenibilidad en la producci\u00f3n industrial representan una esperanza verde para el futuro de todos nosotros. Incluso en la producci\u00f3n y el moldeado de tecnopol\u00edmeros, es posible contribuir al reciclaje de materiales y a un m\u00e9todo de procesamiento que respete y mantenga limpio el medio ambiente. Todos los productos S\u2022CAB est\u00e1n realizados con materiales reciclables al 100% porque sus componentes individuales pueden diferenciarse r\u00e1pidamente.<br>Cada elemento pl\u00e1stico lleva la marca de identificaci\u00f3n seg\u00fan la norma ISO11469:2001, y proporciona instrucciones sencillas para el reciclaje. Todos los materiales usados por S\u2022CAB para su producci\u00f3n son de primera calidad.<\/p>\n\n\n\n<p><\/p>\n\n\n\n<p><\/p>\n\n\n\n<h6 class=\"wp-block-heading titolo4 fadeOnScreen\"><strong><strong>Las materias pl\u00e1sticas<\/strong><\/strong><\/h6>\n\n\n\n<p class=\"mb-3 fadeOnScreen\">S\u2022CAB utiliza para su producci\u00f3n tecnopol\u00edmeros con caracter\u00edsticas \u00f3ptimas como: robustez, estabilidad, no toxicidad, inalterabilidad a los agentes atmosf\u00e9ricos, incluidos el moho, el smog y el polvo, resistencia a los rayos UV.<br>Todos los tecnopol\u00edmeros son totalmente reciclables de forma ecol\u00f3gica. Para la limpieza usar solo jab\u00f3n l\u00edquido neutro diluido en agua. Limpiar con un pa\u00f1o suave y h\u00famedo para evitar que se raye, no utilizar en absoluto esponjas abrasivas. No utilizar productos abrasivos, a base de cloro y disolventes en general como alcohol, gasolina, acetona, tricloroetileno, amon\u00edaco, etc., ya que estas sustancias opacan las superficies de pl\u00e1stico.<\/p>\n\n\n\n<p><\/p>\n\n\n\n<p><\/p>\n\n\n\n<h6 class=\"wp-block-heading titolo4  fadeOnScreen\"><strong><strong>Los metales | acero<\/strong><\/strong><\/h6>\n\n\n\n<p class=\"mb-3 fadeOnScreen\">S\u2022CAB dedica la m\u00e1xima atenci\u00f3n a los \u201cNewton de resistencia mec\u00e1nica\u201d y a la alta calidad de los aceros empleados en la fabricaci\u00f3n del producto.<\/p>\n\n\n\n<p><\/p>\n\n\n\n<p><\/p>\n\n\n\n<h6 class=\"wp-block-heading titolo4  fadeOnScreen\"><strong><strong>Los metales | aluminio<\/strong><\/strong><\/h6>\n\n\n\n<p class=\"mb-3 fadeOnScreen\">El aluminio es un metal que combina ligereza y gran resistencia, y su superficie est\u00e1 anodizada o pintada con polvos poli\u00e9ster para una mayor resistencia a la corrosi\u00f3n. Para la limpieza de la superficies met\u00e1licas en acero o aluminio o pintadas usar solo un pa\u00f1o suave h\u00famedo. No usar cremas o pastas abrasivas espec\u00edficas para limpiar los metales, no usar disolventes. Se recomienda no utilizar absolutamente esponjas abrasivas o estropajos met\u00e1licos para la limpieza.<\/p>\n\n\n\n<p><\/p>\n\n\n\n<p><\/p>\n\n\n\n<h6 class=\"wp-block-heading titolo4 fadeOnScreen\"><strong><strong>Las maderas<\/strong><\/strong><\/h6>\n\n\n\n<p class=\"mb-3 fadeOnScreen\">Los muebles S\u2022CAB con carcasa y\/o marco en madera se producen de acuerdo con la normativa medioambiental europea vigente. Para la limpieza usar solo un pa\u00f1o suave humedecido con agua tibia y secar inmediatamente con un pa\u00f1o suave seco. No emplear productos abrasivos, agresivos, a base de cloro o disolventes en general (amoniaco, lej\u00eda o detergentes que contengan \u00e1cidos). Absorber inmediatamente cualquier l\u00edquido derramado con un pa\u00f1o limpio y seco; la madera teme la humedad. No exponer a luz directa. No exponer a fuentes de calor. La madera est\u00e1 sujeta a cambios de color cuando se expone a la luz solar.<br>La madera es una materia prima natural, por lo que no se puede garantizar la homogeneidad y uniformidad de los materiales sint\u00e9ticos. Incluso los elementos fabricados a partir de la misma planta pueden presentar diferencias de color. Las variaciones de color o cualquier imperfecci\u00f3n, debidas a la propia fibra de la madera o a la veta, son una garant\u00eda de la calidad de la madera maciza y constituyen su valor. Los colores de nuestras maderas son a base de agua para garantizar el respeto al medio ambiente y a la salud.<\/p>\n\n\n\n<p><\/p>\n\n\n\n<p><\/p>\n\n\n\n<h6 class=\"wp-block-heading titolo4 fadeOnScreen\"><strong><strong>Los tejidos<\/strong><\/strong><\/h6>\n\n\n\n<p class=\"mb-3 fadeOnScreen\">Para la limpieza de los tejidos se recomienda consultar la ficha t\u00e9cnica espec\u00edfica y la etiqueta del producto. <strong>Para la limpieza<\/strong> diaria, no cepillar sino aspirar regularmente, evitando presionar el tejido. Para las manchas ligeras, utilizar un cepillo suave humedecido, posiblemente con detergentes suaves o vinagre blanco diluido en abundante agua. <strong>No emplear productos abrasivos ni detergentes o disolventes. No emplear generadores de vapor a alta presi\u00f3n.<\/strong><\/p>\n\n\n\n<p><\/p>\n\n\n\n<p><\/p>\n\n\n\n<h6 class=\"wp-block-heading titolo4  fadeOnScreen\"><strong><strong>La semipiel<\/strong><\/strong><\/h6>\n\n\n\n<p class=\"mb-3 fadeOnScreen\">Para la limpieza diaria utilizar un pa\u00f1o suave humedecido en agua. Para el sucio m\u00e1s persistente, utilizar una esponja suave con agua y jab\u00f3n. No emplear productos abrasivos ni detergentes o disolventes. Absorber inmediatamente cualquier l\u00edquido derramado con un pa\u00f1o limpio y seco.<br>Algunos tintes para la ropa y los accesorios (por ejemplo, los vaqueros) pueden migrar a los colores claros de este art\u00edculo.<br>Este fen\u00f3meno aumenta con la humedad y la temperatura. No asumimos ninguna responsabilidad por la transferencia de color causada por contaminantes externos.<\/p>\n\n\n\n<p><\/p>\n\n\n\n<p><strong>El cuero<\/strong><\/p>\n\n\n\n<p>S\u2022CAB utiliza para los asientos tapizados solo cuero natural de curtido vegetal. Para la limpieza diaria utilizar un pa\u00f1o suave seco.<br>Para el sucio m\u00e1s resistente utilizar un pa\u00f1o suave humedecido en agua. No emplear productos abrasivos ni detergentes o disolventes.<\/p>\n\n\n\n<p class=\"mb-3 fadeOnScreen\"><\/p>\n\n\n\n<p><\/p>\n\n\n\n<p><\/p>\n\n\n\n<h6 class=\"wp-block-heading titolo4  fadeOnScreen\"><strong>ALFOMBRA DE EXTERIOR<\/strong><\/h6>\n\n\n\n<p class=\"mb-3\"><\/p>\n\n\n\n<p class=\"titolo3_medium_classic fadeOnScreen\"><strong><strong><strong>Mantenimiento y limpieza<\/strong><\/strong><\/strong><\/p>\n\n\n\n<p class=\"fadeOnScreen\">Alfombra fabricada en telares manuales con hilo de fibra sint\u00e9tica. Limpieza normal: aspiradora sin cepillos. Limpieza profunda: soluci\u00f3n de agua fr\u00eda y detergente neutro. No usar cepillos, utensilios abrasivos, blanqueadores o disolventes. No lavar en seco ni con limpiador de alta presi\u00f3n. En caso de manchas, secar con un pa\u00f1o limpio.<\/p>\n\n\n\n<p>Secar extendida.<\/p>\n\n\n\n<p><\/p>\n\n\n\n<p><\/p>\n\n\n\n<p><\/p>\n\n\n\n<h6 class=\"wp-block-heading titolo4  fadeOnScreen\"><strong>COJINES DE EXTERIOR<\/strong><\/h6>\n\n\n\n<p class=\"mb-3\"><\/p>\n\n\n\n<p class=\"titolo3_medium_classic fadeOnScreen\"><strong><strong>Mantenimiento y limpieza<\/strong><\/strong><\/p>\n\n\n\n<p class=\"fadeOnScreen\">Se recomienda seguir siempre las instrucciones de las fichas t\u00e9cnicas de cada tejido y de las etiquetas adjuntas. Se recomienda limpiar regularmente los tejidos para mantener su aspecto y prolongar su vida \u00fatil. Se recomienda una suave limpieza diaria con aspiradora para eliminar el polvo.<br>Seque los l\u00edquidos lo antes posible con un pa\u00f1o absorbente blanco. Para las manchas ligeras, es importante actuar r\u00e1pidamente con un cepillo suave humedecido o un pa\u00f1o blanco, utilizando detergentes suaves si es necesario. Antes de utilizarlos, eval\u00fae siempre la eficacia de los detergentes en las piezas peque\u00f1as y no visibles. No utilice productos abrasivos, concentrados, disolventes ni lej\u00edas.<br>Los consejos anteriores no garantizan la eliminaci\u00f3n completa de las manchas.<br>Los cojines de tejido acr\u00edlico son aptos para exteriores. No obstante, durante el periodo de uso, recomendamos proteger los cojines de las inclemencias del tiempo con las fundas protectoras adecuadas y evitar una exposici\u00f3n prolongada a la intemperie.<br>Antes de guardar el producto durante la temporada en que no se usa, aseg\u00farese de que est\u00e1 seco y limpio y de que se almacena en un lugar seco y ventilado para evitar la formaci\u00f3n de condensaci\u00f3n de humedad.<br>Todos los tejidos pueden sufrir un cambio de color natural como consecuencia de la exposici\u00f3n al sol y\/o el uso prolongado, se trata de un efecto normal y no se considera un defecto.<br>Todos los tejidos pueden presentar ligeras diferencias naturales de color con respecto a la muestra, son efectos normales y no se consideran defectos.<\/p>\n\n\n\n<p><\/p>\n\n\n\n<p><\/p>\n\n\n\n<p><\/p>\n\n\n\n<h6 class=\"wp-block-heading titolo4 fadeOnScreen\"><strong><strong>El corcho<\/strong><\/strong><\/h6>\n\n\n\n<p class=\"mb-3 fadeOnScreen\">El corcho es un material 100% ecol\u00f3gico, natural y reciclado, es suave, el\u00e1stico, aislante, con propiedades ign\u00edfugas, y puede utilizarse tanto en exteriores (con los mismos cuidados y mantenimiento que los productos de madera) como en interiores.<br>Al tratarse de una esencia de madera, el material se aclara con el sol, realzando su naturalidad.<br>Para la limpieza usar un pa\u00f1o h\u00famedo no abrasivo. No utilizar productos agresivos porque el material absorbe y podr\u00eda atacarlo.<\/p>\n\n\n\n<p><\/p>\n\n\n\n<p><\/p>\n\n\n\n<h6 class=\"wp-block-heading titolo4 fadeOnScreen\"><strong><strong>Encimeras de mesas en estratificado compacto HPL y Fenix<\/strong><\/strong><\/h6>\n\n\n\n<p class=\"mb-3 fadeOnScreen\">Los laminados compactos HPL y Fenix son paneles formados por varias capas de material de fibra de celulosa, impregnadas con resinas termoendurecibles.<br>Ofrecen excelentes cualidades mec\u00e1nicas y f\u00edsicas, higiene y resistencia.<\/p>\n\n\n\n<p class=\"titolo3_medium_classic fadeOnScreen\">Mantenimiento<\/p>\n\n\n\n<p class=\"fadeOnScreen\">Para la limpieza usar jab\u00f3n l\u00edquido neutro diluido en agua. Limpiar con un pa\u00f1o suave y h\u00famedo para evitar ara\u00f1azos. Terminar siempre aclarando con agua tibia y secar con un pa\u00f1o limpio y suave para evitar dep\u00f3sitos de cal. No dejar las encimeras mojadas durante mucho tiempo y secar cualquier l\u00edquido derramado. No utilizar productos abrasivos o agresivos, esponjas o cepillos abrasivos.<br>El material puede estar sujeto a cambios en funci\u00f3n de las condiciones clim\u00e1ticas y t\u00e9rmicas, por lo que es posible que se produzcan diferencias en la alineaci\u00f3n.<br>Para m\u00e1s informaci\u00f3n sobre las encimeras Fenix:&nbsp;<a href=\"https:\/\/www.fenixforinteriors.com\/es-ES\/materiales\/fenix\" target=\"_blank\" rel=\"noreferrer noopener\">https:\/\/www.fenixforinteriors.com\/es-ES\/materiales\/fenix<\/a><\/p>\n\n\n\n<p class=\"fadeOnScreen\"><\/p>\n\n\n\n<p><\/p>\n\n\n\n<p><\/p>\n\n\n\n<p><\/p>\n\n\n\n<h6 class=\"wp-block-heading titolo4 fadeOnScreen\"><strong><strong>Tableros de laminado madera<\/strong><\/strong><\/h6>\n\n\n\n<p class=\"titolo3_medium_classic fadeOnScreen\">Mantenimiento y limpieza<\/p>\n\n\n\n<p class=\"mb-3 fadeOnScreen\">Para la limpieza utilizar un trapo suave seco o un poco humedido con jab\u00f2n l\u00ecquido neutro en agua para evitar rayaduras. No utilizar productos abrasivos o agresivos (amon\u00edaco, blanqueador o detergentes con acidos) y enjuagar siempre muy bien la superficie.<br>SECAR INMEDIATAMENTE DESPU\u00c9S DE LA LIMPIEZA O EN EL CASO SE DERRAMAN ALGUNOS L\u00cdQUIDOS.<br>EL LAMINADO TEME LA HUMEDAD.<\/p>\n\n\n\n<p><\/p>\n\n\n\n<p><\/p>\n\n\n\n<p><\/p>\n<\/div>\n<\/div><\/div><\/section>\n","protected":false},"excerpt":{"rendered":"","protected":false},"author":1,"featured_media":0,"parent":0,"menu_order":0,"comment_status":"closed","ping_status":"closed","template":"","meta":{"_acf_changed":false,"inline_featured_image":false,"footnotes":""},"class_list":["post-102622","page","type-page","status-publish","hentry"],"acf":[],"yoast_head":"<!-- This site is optimized with the Yoast SEO plugin v24.9 - https:\/\/yoast.com\/wordpress\/plugins\/seo\/ -->\n<title>Materiales, uso y mantenimiento - S\u2022CAB<\/title>\n<meta name=\"description\" content=\"S\u2022CAB - Materiales, uso y mantenimiento - Desde 1957, S\u2022CAB crea muebles de alta calidad, sostenibles y Made in Italy. Descubre nuestra filosof\u00eda, historia y valores.\" \/>\n<meta name=\"robots\" content=\"index, follow, max-snippet:-1, max-image-preview:large, max-video-preview:-1\" \/>\n<link rel=\"canonical\" href=\"https:\/\/www.s-cab.it\/es\/materiali-uso-e-manutenzione\/\" \/>\n<meta property=\"og:locale\" content=\"es_ES\" \/>\n<meta property=\"og:type\" content=\"article\" \/>\n<meta property=\"og:title\" content=\"Materiales, uso y mantenimiento - S\u2022CAB\" \/>\n<meta property=\"og:description\" content=\"S\u2022CAB - Materiales, uso y mantenimiento - Desde 1957, S\u2022CAB crea muebles de alta calidad, sostenibles y Made in Italy. Descubre nuestra filosof\u00eda, historia y valores.\" \/>\n<meta property=\"og:url\" content=\"https:\/\/www.s-cab.it\/es\/materiali-uso-e-manutenzione\/\" \/>\n<meta property=\"og:site_name\" content=\"S\u2022CAB\" \/>\n<meta property=\"article:modified_time\" content=\"2025-07-07T15:19:21+00:00\" \/>\n<meta name=\"twitter:card\" content=\"summary_large_image\" \/>\n<meta name=\"twitter:label1\" content=\"Tiempo de lectura\" \/>\n\t<meta name=\"twitter:data1\" content=\"7 minutos\" \/>\n<script type=\"application\/ld+json\" class=\"yoast-schema-graph\">{\"@context\":\"https:\/\/schema.org\",\"@graph\":[{\"@type\":\"WebPage\",\"@id\":\"https:\/\/www.s-cab.it\/es\/materiali-uso-e-manutenzione\/\",\"url\":\"https:\/\/www.s-cab.it\/es\/materiali-uso-e-manutenzione\/\",\"name\":\"Materiales, uso y mantenimiento - S\u2022CAB\",\"isPartOf\":{\"@id\":\"https:\/\/www.s-cab.it\/es\/#website\"},\"datePublished\":\"2024-11-29T10:37:59+00:00\",\"dateModified\":\"2025-07-07T15:19:21+00:00\",\"description\":\"S\u2022CAB - Materiales, uso y mantenimiento - Desde 1957, S\u2022CAB crea muebles de alta calidad, sostenibles y Made in Italy. Descubre nuestra filosof\u00eda, historia y valores.\",\"breadcrumb\":{\"@id\":\"https:\/\/www.s-cab.it\/es\/materiali-uso-e-manutenzione\/#breadcrumb\"},\"inLanguage\":\"es\",\"potentialAction\":[{\"@type\":\"ReadAction\",\"target\":[\"https:\/\/www.s-cab.it\/es\/materiali-uso-e-manutenzione\/\"]}]},{\"@type\":\"BreadcrumbList\",\"@id\":\"https:\/\/www.s-cab.it\/es\/materiali-uso-e-manutenzione\/#breadcrumb\",\"itemListElement\":[{\"@type\":\"ListItem\",\"position\":1,\"name\":\"Home\",\"item\":\"https:\/\/www.s-cab.it\/es\/\"},{\"@type\":\"ListItem\",\"position\":2,\"name\":\"Materiales, uso y mantenimiento\"}]},{\"@type\":\"WebSite\",\"@id\":\"https:\/\/www.s-cab.it\/es\/#website\",\"url\":\"https:\/\/www.s-cab.it\/es\/\",\"name\":\"S\u2022CAB\",\"description\":\"\",\"potentialAction\":[{\"@type\":\"SearchAction\",\"target\":{\"@type\":\"EntryPoint\",\"urlTemplate\":\"https:\/\/www.s-cab.it\/es\/?s={search_term_string}\"},\"query-input\":{\"@type\":\"PropertyValueSpecification\",\"valueRequired\":true,\"valueName\":\"search_term_string\"}}],\"inLanguage\":\"es\"}]}<\/script>\n<!-- \/ Yoast SEO plugin. -->","yoast_head_json":{"title":"Materiales, uso y mantenimiento - S\u2022CAB","description":"S\u2022CAB - Materiales, uso y mantenimiento - Desde 1957, S\u2022CAB crea muebles de alta calidad, sostenibles y Made in Italy. Descubre nuestra filosof\u00eda, historia y valores.","robots":{"index":"index","follow":"follow","max-snippet":"max-snippet:-1","max-image-preview":"max-image-preview:large","max-video-preview":"max-video-preview:-1"},"canonical":"https:\/\/www.s-cab.it\/es\/materiali-uso-e-manutenzione\/","og_locale":"es_ES","og_type":"article","og_title":"Materiales, uso y mantenimiento - S\u2022CAB","og_description":"S\u2022CAB - Materiales, uso y mantenimiento - Desde 1957, S\u2022CAB crea muebles de alta calidad, sostenibles y Made in Italy. Descubre nuestra filosof\u00eda, historia y valores.","og_url":"https:\/\/www.s-cab.it\/es\/materiali-uso-e-manutenzione\/","og_site_name":"S\u2022CAB","article_modified_time":"2025-07-07T15:19:21+00:00","twitter_card":"summary_large_image","twitter_misc":{"Tiempo de lectura":"7 minutos"},"schema":{"@context":"https:\/\/schema.org","@graph":[{"@type":"WebPage","@id":"https:\/\/www.s-cab.it\/es\/materiali-uso-e-manutenzione\/","url":"https:\/\/www.s-cab.it\/es\/materiali-uso-e-manutenzione\/","name":"Materiales, uso y mantenimiento - S\u2022CAB","isPartOf":{"@id":"https:\/\/www.s-cab.it\/es\/#website"},"datePublished":"2024-11-29T10:37:59+00:00","dateModified":"2025-07-07T15:19:21+00:00","description":"S\u2022CAB - Materiales, uso y mantenimiento - Desde 1957, S\u2022CAB crea muebles de alta calidad, sostenibles y Made in Italy. Descubre nuestra filosof\u00eda, historia y valores.","breadcrumb":{"@id":"https:\/\/www.s-cab.it\/es\/materiali-uso-e-manutenzione\/#breadcrumb"},"inLanguage":"es","potentialAction":[{"@type":"ReadAction","target":["https:\/\/www.s-cab.it\/es\/materiali-uso-e-manutenzione\/"]}]},{"@type":"BreadcrumbList","@id":"https:\/\/www.s-cab.it\/es\/materiali-uso-e-manutenzione\/#breadcrumb","itemListElement":[{"@type":"ListItem","position":1,"name":"Home","item":"https:\/\/www.s-cab.it\/es\/"},{"@type":"ListItem","position":2,"name":"Materiales, uso y mantenimiento"}]},{"@type":"WebSite","@id":"https:\/\/www.s-cab.it\/es\/#website","url":"https:\/\/www.s-cab.it\/es\/","name":"S\u2022CAB","description":"","potentialAction":[{"@type":"SearchAction","target":{"@type":"EntryPoint","urlTemplate":"https:\/\/www.s-cab.it\/es\/?s={search_term_string}"},"query-input":{"@type":"PropertyValueSpecification","valueRequired":true,"valueName":"search_term_string"}}],"inLanguage":"es"}]}},"_links":{"self":[{"href":"https:\/\/www.s-cab.it\/es\/wp-json\/wp\/v2\/pages\/102622","targetHints":{"allow":["GET"]}}],"collection":[{"href":"https:\/\/www.s-cab.it\/es\/wp-json\/wp\/v2\/pages"}],"about":[{"href":"https:\/\/www.s-cab.it\/es\/wp-json\/wp\/v2\/types\/page"}],"author":[{"embeddable":true,"href":"https:\/\/www.s-cab.it\/es\/wp-json\/wp\/v2\/users\/1"}],"replies":[{"embeddable":true,"href":"https:\/\/www.s-cab.it\/es\/wp-json\/wp\/v2\/comments?post=102622"}],"version-history":[{"count":10,"href":"https:\/\/www.s-cab.it\/es\/wp-json\/wp\/v2\/pages\/102622\/revisions"}],"predecessor-version":[{"id":141527,"href":"https:\/\/www.s-cab.it\/es\/wp-json\/wp\/v2\/pages\/102622\/revisions\/141527"}],"wp:attachment":[{"href":"https:\/\/www.s-cab.it\/es\/wp-json\/wp\/v2\/media?parent=102622"}],"curies":[{"name":"wp","href":"https:\/\/api.w.org\/{rel}","templated":true}]}}