{"id":102635,"date":"2024-11-19T16:59:44","date_gmt":"2024-11-19T15:59:44","guid":{"rendered":"https:\/\/www.s-cab.it\/sostenibilita\/"},"modified":"2026-03-23T09:48:27","modified_gmt":"2026-03-23T08:48:27","slug":"sostenibilidad","status":"publish","type":"page","link":"https:\/\/www.s-cab.it\/es\/sostenibilidad\/","title":{"rendered":"Sostenibilidad"},"content":{"rendered":"\n<section class=\"wp-block-evidenzio-columns has-background\" style=\"background-color:#cfefd2\"><div class=\"container-fluid\"><div class=\"row\">\n<div class=\"wp-block-evidenzio-column col-12 col-md-12 col-lg\">\n<p class=\"titolo2b\">Para S\u2022CAB, la sostenibilidad es una prerrogativa indispensable de ser y crear industria. M\u00e1s all\u00e1 de la dimensi\u00f3n ef\u00edmera de una etiqueta tranquilizadora, el inter\u00e9s de S\u2022CAB por la sostenibilidad se traduce en opciones y acciones tangibles, con un impacto directo en la forma en que los productos cobran vida y llegan a los consumidores finales.<\/p>\n\n\n\n<div style=\"height:100px\" aria-hidden=\"true\" class=\"wp-block-spacer\"><\/div>\n\n\n<div id=\"block_baf6c6a5f89ea177bafe6414453c1b8b-blocco_slider_imgs\" class=\"bloco_slider_mob_no_slider extra_title fadeOnScreen container-fluid blocco_slider_imgs block_publifarm\">\n\t\t\t\t\t<div class=\"row\">\n\t\t\t\t\t\t<div class=\" blocco_slider_imgs_wrp col col-sm-12 col-md-12 swiper\">\n\t\t\t\t\t\t\t<div class=\"swiper-wrapper\">\n\t\t\t\t\t\t\t\t\t\t\t\t\t\t\t\t\t<img decoding=\"async\" loading=\"lazy\" class=\"swiper-slide\" src=\"https:\/\/www.s-cab.it\/wp-content\/uploads\/2024\/11\/azienda-sostenibilita_01-1.webp\" \/>\n\t\t\t\t\t\t\t\t\t\t\t\t\t\t\t\t\t<img decoding=\"async\" loading=\"lazy\" class=\"swiper-slide\" src=\"https:\/\/www.s-cab.it\/wp-content\/uploads\/2024\/11\/azienda-sostenibilita_02-1.webp\" \/>\n\t\t\t\t\t\t\t\t\t\t\t\t\t\t\t<\/div>\n\t\t\t\t\t\t<\/div>\n\t\t\t\t\t<\/div>\n<\/div>\n\n\n<div style=\"height:120px\" aria-hidden=\"true\" class=\"wp-block-spacer spazio_mob_1\"><\/div>\n<\/div>\n<\/div><\/div><\/section>\n\n\n\n<section class=\"wp-block-evidenzio-columns has-background\" style=\"background-color:#cfefd2\"><div class=\"container-fluid\"><div class=\"row\">\n<div class=\"wp-block-evidenzio-column col-12 col-md-12 col-lg\">\n<div class=\"d-flex titolo_sfalsato\">\n\t\t\t\t\t\t\t\t\t\t\t\t\t\t\t\t<h4 class=\"extra_title fadeOnScreen fadeOnScreen_active\">1.632.780<\/h4>\n\t\t\t\t\t\t\t\t\t\t\t\t\t\t\t\t\t\t\t\t\t\t\t\t<p class=\"standard_text fadeOnScreen fadeOnScreen_active\">Kw de energ\u00eda<br>producida<\/p>\n\t\t\t\t\t\t\t\t\t\t\t\t\t\t\t<\/div>\n\n\n\n<div style=\"height:10px\" aria-hidden=\"true\" class=\"wp-block-spacer\"><\/div>\n\n\n\n<div class=\"d-flex titolo_sfalsato\">\n\t\t\t\t\t\t\t\t\t\t\t\t\t\t\t\t<h4 class=\"extra_title fadeOnScreen fadeOnScreen_active\">13.450mq<\/h4>\n\t\t\t\t\t\t\t\t\t\t\t\t\t\t\t\t\t\t\t\t\t\t\t\t<p class=\"standard_text fadeOnScreen fadeOnScreen_active\"> superficie <br> total <\/p>\n\t\t\t\t\t\t\t\t\t\t\t\t\t\t\t<\/div>\n\n\n\n<div style=\"height:10px\" aria-hidden=\"true\" class=\"wp-block-spacer\"><\/div>\n\n\n\n<div class=\"d-flex titolo_sfalsato\">\n\t\t\t\t\t\t\t\t\t\t\t\t\t\t\t\t<h4 class=\"extra_title fadeOnScreen fadeOnScreen_active\">3.474<\/h4>\n\t\t\t\t\t\t\t\t\t\t\t\t\t\t\t\t\t\t\t\t\t\t\t\t<p class=\"standard_text fadeOnScreen fadeOnScreen_active\"> paneles <br> solares <\/p>\n\t\t\t\t\t\t\t\t\t\t\t\t\t\t\t<\/div>\n\n\n\n<div style=\"height:146px\" aria-hidden=\"true\" class=\"wp-block-spacer spazio_mob_2\"><\/div>\n<\/div>\n\n\n\n<div class=\"wp-block-evidenzio-column col-12 col-md-12 col-lg\">\n<p class=\"titolo3_medium\">S\u2022CAB est\u00e1 convencida de que la transici\u00f3n energ\u00e9tica no puede esperar. Por ello, desde 2023 la planta de Coccaglio est\u00e1 equipada con 3.474 paneles fotovoltaicos, que distribuidos en una superficie total de 13.450 m2 contribuyen con sus 1.632.780 kW de energ\u00eda producida a reducir el uso de combustibles f\u00f3siles contaminantes.<\/p>\n\n\n\n<div style=\"height:100px\" aria-hidden=\"true\" class=\"wp-block-spacer\"><\/div>\n\n\n\n<p class=\"titolo3\">El uso de energ\u00edas renovables se combina con una cuidadosa pol\u00edtica de eficiencia energ\u00e9tica y tecnolog\u00eda punta. La actualizaci\u00f3n del sistema de iluminaci\u00f3n en oficinas, departamentos de producci\u00f3n y plazas, ahora equipados con luces LED, atestigua el esfuerzo por optimizar la cadena de suministro y los procesos. La gesti\u00f3n del agua tambi\u00e9n sigue el mismo supuesto virtuoso, como en el caso de los sistemas de refrigeraci\u00f3n de ciclo cerrado, que reducen el consumo de agua.<\/p>\n<\/div>\n<\/div><\/div><\/section>\n\n\n\n<section class=\"wp-block-evidenzio-columns has-background\" style=\"background-color:#fafaf7\"><div class=\"container-fluid\"><div class=\"row\">\n<div class=\"wp-block-evidenzio-column col-12 col-md-12 col-lg\">\n<div style=\"height:158px\" aria-hidden=\"true\" class=\"wp-block-spacer spaz_mob_3\"><\/div>\n\n\n\n<h2 class=\"wp-block-heading extra_title align_left\">S\u2022CAB cree en el futuro<br>de los materiales reciclados.<\/h2>\n<\/div>\n<\/div><\/div><\/section>\n\n\n\n<section class=\"wp-block-evidenzio-columns has-background\" style=\"background-color:#fafaf7\"><div class=\"container-fluid\"><div class=\"row\">\n<div class=\"wp-block-evidenzio-column col-12 col-md-12 col-lg\">\n<div style=\"height:145px\" aria-hidden=\"true\" class=\"wp-block-spacer spaz_mob_4\"><\/div>\n\n\n<div class=\" container-fluid blocco_accordion fadeOnScreen\" id=\"blocco-accordion_block_69dd7d846fd44efef0f69f599810bd11\">\n    <div class=\"accordion\" id=\"accordion_bloccoblock_69dd7d846fd44efef0f69f599810bd11\">\n            <!-- Recupero le  aratteristiche del prodotto -->\n            \n                            <div class=\"accordion-item\">\n                    <h2 class=\"accordion-header titolo4\" id=\"heading0\">\n                        <button class=\"accordion-button titolo4 d-flex justify-content-between\" type=\"button\" data-bs-toggle=\"collapse\" data-bs-target=\"#collapse0\" aria-expanded=\"false\" aria-controls=\"collapse0\">\n                            Pl\u00e1stico certificado regenerado\n                            <span class=\"crox_icon d-flex justify-content-center align-items-center\"><\/span>\n                        <\/button>\n                    <\/h2>\n                    <div id=\"collapse0\" class=\"accordion-collapse collapse \" aria-labelledby=\"heading0\" data-bs-parent=\"#accordion_bloccoblock_69dd7d846fd44efef0f69f599810bd11\">\n                        <div class=\"accordion-body row\">\n                            <div class=\"col col-sm-12 col-md-5 d-flex align-items-end\">\n                                <p>Los productos de la colecci\u00f3n Go Green, estrella de la empresa, est\u00e1n fabricados con pl\u00e1stico regenerado industrial postconsumo PCR y cuentan con la certificaci\u00f3n ICMQ. Para fabricarlos, no se introduce pl\u00e1stico virgen en el ciclo de producci\u00f3n: en su lugar, los productos y envases que han llegado al final de su vida \u00fatil se convierten, a partir de los residuos, en recursos que hay que valorizar. <\/p>\n<p>&nbsp;<\/p>\n<p><span class=\"cta_wrp d-flex\" style=\"min-width: 5rem;\"><br \/>\n<a class=\"banner_cta boxed_btn \" href=\"https:\/\/www.s-cab.it\/wp-content\/uploads\/2024\/12\/RE06315.pdf\" target=\"_blank\" rel=\"noopener\"><span>Download<\/span><\/a><\/span><\/p>\n\n                            <\/div>\n                            <div class=\"col col-sm-12 col-md-2\">\n                            <\/div>\n                            <div class=\"col col-sm-12 col-md-5\">\n                                <img decoding=\"async\" src=\"https:\/\/www.s-cab.it\/wp-content\/uploads\/2024\/12\/azienda-sostenibilita-plastica_02.jpg\" \/>\n                            <\/div>\n                        <\/div>\n                    <\/div>\n                <\/div>\n                                            <div class=\"accordion-item\">\n                    <h2 class=\"accordion-header titolo4\" id=\"heading10\">\n                        <button class=\"accordion-button titolo4 d-flex justify-content-between\" type=\"button\" data-bs-toggle=\"collapse\" data-bs-target=\"#collapse10\" aria-expanded=\"false\" aria-controls=\"collapse10\">\n                            Tejidos sostenibles\n                            <span class=\"crox_icon d-flex justify-content-center align-items-center\"><\/span>\n                        <\/button>\n                    <\/h2>\n                    <div id=\"collapse10\" class=\"accordion-collapse collapse \" aria-labelledby=\"heading10\" data-bs-parent=\"#accordion_bloccoblock_69dd7d846fd44efef0f69f599810bd11\">\n                        <div class=\"accordion-body row\">\n                            <div class=\"col col-sm-12 col-md-5 d-flex align-items-end\">\n                                <p>Fibras ecol\u00f3gicas y calidad certificada para los nuevos tejidos sostenibles fabricados principalmente con hilos procedentes de residuos reciclados y botellas de PET.<br \/>\nLos residuos se recuperan, reprocesan y transforman en nuevos productos de acuerdo con criterios medioambientales y sociales extendidos a todas las fases de la cadena de producci\u00f3n.<\/p>\n\n                            <\/div>\n                            <div class=\"col col-sm-12 col-md-2\">\n                            <\/div>\n                            <div class=\"col col-sm-12 col-md-5\">\n                                <img decoding=\"async\" src=\"https:\/\/www.s-cab.it\/wp-content\/uploads\/2024\/11\/azienda-sostenibilita-tessuti_03-1.jpg\" \/>\n                            <\/div>\n                        <\/div>\n                    <\/div>\n                <\/div>\n                                            <div class=\"accordion-item\">\n                    <h2 class=\"accordion-header titolo4\" id=\"heading20\">\n                        <button class=\"accordion-button titolo4 d-flex justify-content-between\" type=\"button\" data-bs-toggle=\"collapse\" data-bs-target=\"#collapse20\" aria-expanded=\"false\" aria-controls=\"collapse20\">\n                            Cuerda n\u00e1utica\n                            <span class=\"crox_icon d-flex justify-content-center align-items-center\"><\/span>\n                        <\/button>\n                    <\/h2>\n                    <div id=\"collapse20\" class=\"accordion-collapse collapse \" aria-labelledby=\"heading20\" data-bs-parent=\"#accordion_bloccoblock_69dd7d846fd44efef0f69f599810bd11\">\n                        <div class=\"accordion-body row\">\n                            <div class=\"col col-sm-12 col-md-5 d-flex align-items-end\">\n                                <p>100% poli\u00e9ster reciclable, te\u00f1ido en pasta, at\u00f3xico, resistente y de f\u00e1cil mantenimiento.<\/p>\n\n                            <\/div>\n                            <div class=\"col col-sm-12 col-md-2\">\n                            <\/div>\n                            <div class=\"col col-sm-12 col-md-5\">\n                                <img decoding=\"async\" src=\"https:\/\/www.s-cab.it\/wp-content\/uploads\/2024\/11\/azienda-sostenibilita-corde_02.jpg\" \/>\n                            <\/div>\n                        <\/div>\n                    <\/div>\n                <\/div>\n                                            <div class=\"accordion-item\">\n                    <h2 class=\"accordion-header titolo4\" id=\"heading30\">\n                        <button class=\"accordion-button titolo4 d-flex justify-content-between\" type=\"button\" data-bs-toggle=\"collapse\" data-bs-target=\"#collapse30\" aria-expanded=\"false\" aria-controls=\"collapse30\">\n                            Corcho natural reciclado y 100% ecol\u00f3gico\n                            <span class=\"crox_icon d-flex justify-content-center align-items-center\"><\/span>\n                        <\/button>\n                    <\/h2>\n                    <div id=\"collapse30\" class=\"accordion-collapse collapse \" aria-labelledby=\"heading30\" data-bs-parent=\"#accordion_bloccoblock_69dd7d846fd44efef0f69f599810bd11\">\n                        <div class=\"accordion-body row\">\n                            <div class=\"col col-sm-12 col-md-5 d-flex align-items-end\">\n                                <p>El corcho es un material 100% ecol\u00f3gico, natural y reciclado, es suave, el\u00e1stico, aislante, con propiedades ign\u00edfugas, renovable pero tambi\u00e9n reciclable al 100% infinitas veces, y puede utilizarse tanto en exteriores como en interiores.<\/p>\n\n                            <\/div>\n                            <div class=\"col col-sm-12 col-md-2\">\n                            <\/div>\n                            <div class=\"col col-sm-12 col-md-5\">\n                                <img decoding=\"async\" src=\"https:\/\/www.s-cab.it\/wp-content\/uploads\/2024\/11\/azienda-sostenibilita-sughero_02-1.jpg\" \/>\n                            <\/div>\n                        <\/div>\n                    <\/div>\n                <\/div>\n                                            <div class=\"accordion-item\">\n                    <h2 class=\"accordion-header titolo4\" id=\"heading40\">\n                        <button class=\"accordion-button titolo4 d-flex justify-content-between\" type=\"button\" data-bs-toggle=\"collapse\" data-bs-target=\"#collapse40\" aria-expanded=\"false\" aria-controls=\"collapse40\">\n                            <span>Madera certificada FSC<sup>\u00ae<\/sup><\/span>\n                            <span class=\"crox_icon d-flex justify-content-center align-items-center\"><\/span>\n                        <\/button>\n                    <\/h2>\n                    <div id=\"collapse40\" class=\"accordion-collapse collapse \" aria-labelledby=\"heading40\" data-bs-parent=\"#accordion_bloccoblock_69dd7d846fd44efef0f69f599810bd11\">\n                        <div class=\"accordion-body row\">\n                            <div class=\"col col-sm-12 col-md-5 d-flex align-items-end\">\n                                <p>Producto certificado FSC<sup>\u00ae<\/sup> realizado con madera certificada proveniente de bosques gestionados de manera correcta y responsable. La marca de certificaci\u00f3n FSC<sup>\u00ae<\/sup>, garantiza que toda la cadena de suministro madera-papel certificada por sus normas procede de una gesti\u00f3n forestal respetuosa con el medio ambiente, socialmente beneficiosa y econ\u00f3micamente sostenible. Solicita nuestros productos certificados FSC<sup>\u00ae<\/sup>.<img loading=\"lazy\" decoding=\"async\" class=\"alignnone size-medium wp-image-29613\" style=\"margin-top: 4rem; max-width: 80px;\" src=\"https:\/\/www.s-cab.it\/wp-content\/uploads\/2024\/12\/s-cab-logofsc.png\" alt=\"\" width=\"300\" height=\"300\" \/><\/p>\n<p><span class=\"cta_wrp d-flex\" style=\"min-width: 5rem;\"><br \/>\n<a class=\"banner_cta boxed_btn \" href=\"https:\/\/www.s-cab.it\/wp-content\/uploads\/2026\/03\/CSI-COC-004326.pdf\" target=\"_blank\" rel=\"noopener\">Download<\/a><\/span><\/p>\n\n                            <\/div>\n                            <div class=\"col col-sm-12 col-md-2\">\n                            <\/div>\n                            <div class=\"col col-sm-12 col-md-5\">\n                                <img decoding=\"async\" src=\"https:\/\/www.s-cab.it\/wp-content\/uploads\/2025\/03\/azienda-sostenibilita-legno_02.jpg\" \/>\n                            <\/div>\n                        <\/div>\n                    <\/div>\n                <\/div>\n                                <\/div>\n<\/div>\n\n\n<div style=\"height:45px\" aria-hidden=\"true\" class=\"wp-block-spacer\"><\/div>\n\n\n\n<p class=\"container-fluid titolo3_medium\">S\u2022CAB sit\u00faa la calidad en el centro de todas las fases de transformaci\u00f3n. La certificaci\u00f3n CATAS es una garant\u00eda m\u00e1s de la calidad de las materias primas y los productos acabados.<\/p>\n\n\n\n<p class=\"container-fluid titolo3_medium\"><\/p>\n\n\n\n<p class=\"container-fluid titolo3_medium\">Cada producto S\u2022CAB est\u00e1 dise\u00f1ado para permitir su propia eliminaci\u00f3n, sin sorpresas. Cada componente se desmonta f\u00e1cilmente, mientras que todos los elementos de pl\u00e1stico llevan la marca de identificaci\u00f3n conforme a la norma ISO11469:2001 y ofrecen instrucciones sencillas para su reciclado.<\/p>\n\n\n\n<div style=\"height:45px\" aria-hidden=\"true\" class=\"wp-block-spacer\"><\/div>\n\n\n<div id=\"block_fd3559f595b9b9d64c23d9305e6674a0-blocco_slider_imgs\" class=\" extra_title fadeOnScreen container-fluid blocco_slider_imgs block_publifarm\">\n\t\t\t\t\t<div class=\"row\">\n\t\t\t\t\t\t<div class=\" blocco_slider_imgs_wrp col col-sm-12 col-md-12 swiper\">\n\t\t\t\t\t\t\t<div class=\"swiper-wrapper\">\n\t\t\t\t\t\t\t\t\t\t\t\t\t\t\t\t\t<img decoding=\"async\" loading=\"lazy\" class=\"swiper-slide\" src=\"https:\/\/www.s-cab.it\/wp-content\/uploads\/2024\/12\/azienda-sostenibilita-disassemblabile_01.webp\" \/>\n\t\t\t\t\t\t\t\t\t\t\t\t\t\t\t\t\t<img decoding=\"async\" loading=\"lazy\" class=\"swiper-slide\" src=\"https:\/\/www.s-cab.it\/wp-content\/uploads\/2024\/12\/azienda-sostenibilita-disassemblabile_02.webp\" \/>\n\t\t\t\t\t\t\t\t\t\t\t\t\t\t\t\t\t<img decoding=\"async\" loading=\"lazy\" class=\"swiper-slide\" src=\"https:\/\/www.s-cab.it\/wp-content\/uploads\/2024\/12\/azienda-sostenibilita-disassemblabile_03.webp\" \/>\n\t\t\t\t\t\t\t\t\t\t\t\t\t\t\t<\/div>\n\t\t\t\t\t\t<\/div>\n\t\t\t\t\t<\/div>\n<\/div>\n\n\n<div style=\"height:45px\" aria-hidden=\"true\" class=\"wp-block-spacer\"><\/div>\n\n\n\n<p class=\"container-fluid titolo3_medium\">S\u2022CAB garantiza las mejores condiciones de seguridad en el lugar de trabajo y se compromete con una pol\u00edtica activa de prevenci\u00f3n de accidentes. S\u2022CAB promueve la igualdad de g\u00e9nero, tanto a nivel econ\u00f3mico como a nivel de derechos, junto con la inclusi\u00f3n participativa de los recursos humanos, para una calidad de trabajo que sea sin\u00f3nimo de orgullo colectivo por los resultados obtenidos.<\/p>\n\n\n\n<p class=\"container-fluid titolo3_medium\">Para S\u2022CAB, cada producto nace para durar. Y ello independientemente de la longevidad de los materiales o de la eficacia de la producci\u00f3n. M\u00e1s all\u00e1 de las modas de una temporada, los dise\u00f1os de S\u2022CAB se fijan en los deseos y necesidades de las personas. Dise\u00f1ados con esmero, aspiran a habitar durante mucho tiempo los espacios donde se ubican. Fomentando un consumo consciente, la mejor garant\u00eda para un objeto verdaderamente sostenible.<\/p>\n\n\n\n<div style=\"height:45px\" aria-hidden=\"true\" class=\"wp-block-spacer\"><\/div>\n<\/div>\n<\/div><\/div><\/section>\n\n\n\n<section class=\"wp-block-evidenzio-columns blocco_showroom has-background\" style=\"background-color:#cfefd2\"><div class=\"container\"><div class=\"row\">\n<div class=\"wp-block-evidenzio-column col-12 col-md-12 col-lg d-flex flex-column justify-content-between\">\n<div style=\"height:10px\" aria-hidden=\"true\" class=\"wp-block-spacer\"><\/div>\n\n\n\n<h4 class=\"wp-block-heading has-small-font-size\">Showroom<\/h4>\n\n\n\n<div style=\"height:200px\" aria-hidden=\"true\" class=\"wp-block-spacer\"><\/div>\n\n\n\n<div class=\"wp-block-buttons is-layout-flex wp-block-buttons-is-layout-flex\">\n<div class=\"wp-block-button\"><a class=\"wp-block-button__link wp-element-button\" href=\"https:\/\/www.s-cab.it\/es\/showroom\/\">Descubre<\/a><\/div>\n<\/div>\n\n\n\n<div style=\"height:21px\" aria-hidden=\"true\" class=\"wp-block-spacer\"><\/div>\n<\/div>\n\n\n\n<div class=\"wp-block-evidenzio-column col-12 col-md-12 col-lg-7\">\n<div style=\"height:41px\" aria-hidden=\"true\" class=\"wp-block-spacer\"><\/div>\n\n\n\n<p class=\"titolo2b\"><strong>En 2021 una nueva sala de exposici\u00f3n toma forma en el establecimiento de Coccaglio. Dise\u00f1ado por el arquitecto Luca Piatti, el espacio industrial de 600 metros cuadrados mantiene y mejora sus caracter\u00edsticas arquitect\u00f3nicas y materiales originales, desde el techo abovedado y los tirantes estructurales hasta las cristaleras de hierro de las ventanas y el suelo de resina continua.<\/strong><\/p>\n\n\n\n<div style=\"height:41px\" aria-hidden=\"true\" class=\"wp-block-spacer\"><\/div>\n<\/div>\n<\/div><\/div><\/section>\n\n\n\n<p><\/p>\n","protected":false},"excerpt":{"rendered":"","protected":false},"author":1,"featured_media":0,"parent":0,"menu_order":0,"comment_status":"closed","ping_status":"closed","template":"","meta":{"_acf_changed":false,"inline_featured_image":false,"footnotes":""},"class_list":["post-102635","page","type-page","status-publish","hentry"],"acf":[],"yoast_head":"<!-- This site is optimized with the Yoast SEO plugin v24.9 - https:\/\/yoast.com\/wordpress\/plugins\/seo\/ -->\n<title>Sostenibilidad - S\u2022CAB<\/title>\n<meta name=\"description\" content=\"S\u2022CAB - Sostenibilidad - Desde 1957, S\u2022CAB crea muebles de alta calidad, sostenibles y Made in Italy. Descubre nuestra filosof\u00eda, historia y valores.\" \/>\n<meta name=\"robots\" content=\"index, follow, max-snippet:-1, max-image-preview:large, max-video-preview:-1\" \/>\n<link rel=\"canonical\" href=\"https:\/\/www.s-cab.it\/es\/sostenibilidad\/\" \/>\n<meta property=\"og:locale\" content=\"es_ES\" \/>\n<meta property=\"og:type\" content=\"article\" \/>\n<meta property=\"og:title\" content=\"Sostenibilidad - S\u2022CAB\" \/>\n<meta property=\"og:description\" content=\"S\u2022CAB - Sostenibilidad - Desde 1957, S\u2022CAB crea muebles de alta calidad, sostenibles y Made in Italy. Descubre nuestra filosof\u00eda, historia y valores.\" \/>\n<meta property=\"og:url\" content=\"https:\/\/www.s-cab.it\/es\/sostenibilidad\/\" \/>\n<meta property=\"og:site_name\" content=\"S\u2022CAB\" \/>\n<meta property=\"article:modified_time\" content=\"2026-03-23T08:48:27+00:00\" \/>\n<meta name=\"twitter:card\" content=\"summary_large_image\" \/>\n<meta name=\"twitter:label1\" content=\"Tiempo de lectura\" \/>\n\t<meta name=\"twitter:data1\" content=\"3 minutos\" \/>\n<script type=\"application\/ld+json\" class=\"yoast-schema-graph\">{\"@context\":\"https:\/\/schema.org\",\"@graph\":[{\"@type\":\"WebPage\",\"@id\":\"https:\/\/www.s-cab.it\/es\/sostenibilidad\/\",\"url\":\"https:\/\/www.s-cab.it\/es\/sostenibilidad\/\",\"name\":\"Sostenibilidad - S\u2022CAB\",\"isPartOf\":{\"@id\":\"https:\/\/www.s-cab.it\/es\/#website\"},\"datePublished\":\"2024-11-19T15:59:44+00:00\",\"dateModified\":\"2026-03-23T08:48:27+00:00\",\"description\":\"S\u2022CAB - Sostenibilidad - Desde 1957, S\u2022CAB crea muebles de alta calidad, sostenibles y Made in Italy. Descubre nuestra filosof\u00eda, historia y valores.\",\"breadcrumb\":{\"@id\":\"https:\/\/www.s-cab.it\/es\/sostenibilidad\/#breadcrumb\"},\"inLanguage\":\"es\",\"potentialAction\":[{\"@type\":\"ReadAction\",\"target\":[\"https:\/\/www.s-cab.it\/es\/sostenibilidad\/\"]}]},{\"@type\":\"BreadcrumbList\",\"@id\":\"https:\/\/www.s-cab.it\/es\/sostenibilidad\/#breadcrumb\",\"itemListElement\":[{\"@type\":\"ListItem\",\"position\":1,\"name\":\"Home\",\"item\":\"https:\/\/www.s-cab.it\/es\/\"},{\"@type\":\"ListItem\",\"position\":2,\"name\":\"Sostenibilidad\"}]},{\"@type\":\"WebSite\",\"@id\":\"https:\/\/www.s-cab.it\/es\/#website\",\"url\":\"https:\/\/www.s-cab.it\/es\/\",\"name\":\"S\u2022CAB\",\"description\":\"\",\"potentialAction\":[{\"@type\":\"SearchAction\",\"target\":{\"@type\":\"EntryPoint\",\"urlTemplate\":\"https:\/\/www.s-cab.it\/es\/?s={search_term_string}\"},\"query-input\":{\"@type\":\"PropertyValueSpecification\",\"valueRequired\":true,\"valueName\":\"search_term_string\"}}],\"inLanguage\":\"es\"}]}<\/script>\n<!-- \/ Yoast SEO plugin. -->","yoast_head_json":{"title":"Sostenibilidad - S\u2022CAB","description":"S\u2022CAB - Sostenibilidad - Desde 1957, S\u2022CAB crea muebles de alta calidad, sostenibles y Made in Italy. Descubre nuestra filosof\u00eda, historia y valores.","robots":{"index":"index","follow":"follow","max-snippet":"max-snippet:-1","max-image-preview":"max-image-preview:large","max-video-preview":"max-video-preview:-1"},"canonical":"https:\/\/www.s-cab.it\/es\/sostenibilidad\/","og_locale":"es_ES","og_type":"article","og_title":"Sostenibilidad - S\u2022CAB","og_description":"S\u2022CAB - Sostenibilidad - Desde 1957, S\u2022CAB crea muebles de alta calidad, sostenibles y Made in Italy. Descubre nuestra filosof\u00eda, historia y valores.","og_url":"https:\/\/www.s-cab.it\/es\/sostenibilidad\/","og_site_name":"S\u2022CAB","article_modified_time":"2026-03-23T08:48:27+00:00","twitter_card":"summary_large_image","twitter_misc":{"Tiempo de lectura":"3 minutos"},"schema":{"@context":"https:\/\/schema.org","@graph":[{"@type":"WebPage","@id":"https:\/\/www.s-cab.it\/es\/sostenibilidad\/","url":"https:\/\/www.s-cab.it\/es\/sostenibilidad\/","name":"Sostenibilidad - S\u2022CAB","isPartOf":{"@id":"https:\/\/www.s-cab.it\/es\/#website"},"datePublished":"2024-11-19T15:59:44+00:00","dateModified":"2026-03-23T08:48:27+00:00","description":"S\u2022CAB - Sostenibilidad - Desde 1957, S\u2022CAB crea muebles de alta calidad, sostenibles y Made in Italy. Descubre nuestra filosof\u00eda, historia y valores.","breadcrumb":{"@id":"https:\/\/www.s-cab.it\/es\/sostenibilidad\/#breadcrumb"},"inLanguage":"es","potentialAction":[{"@type":"ReadAction","target":["https:\/\/www.s-cab.it\/es\/sostenibilidad\/"]}]},{"@type":"BreadcrumbList","@id":"https:\/\/www.s-cab.it\/es\/sostenibilidad\/#breadcrumb","itemListElement":[{"@type":"ListItem","position":1,"name":"Home","item":"https:\/\/www.s-cab.it\/es\/"},{"@type":"ListItem","position":2,"name":"Sostenibilidad"}]},{"@type":"WebSite","@id":"https:\/\/www.s-cab.it\/es\/#website","url":"https:\/\/www.s-cab.it\/es\/","name":"S\u2022CAB","description":"","potentialAction":[{"@type":"SearchAction","target":{"@type":"EntryPoint","urlTemplate":"https:\/\/www.s-cab.it\/es\/?s={search_term_string}"},"query-input":{"@type":"PropertyValueSpecification","valueRequired":true,"valueName":"search_term_string"}}],"inLanguage":"es"}]}},"_links":{"self":[{"href":"https:\/\/www.s-cab.it\/es\/wp-json\/wp\/v2\/pages\/102635","targetHints":{"allow":["GET"]}}],"collection":[{"href":"https:\/\/www.s-cab.it\/es\/wp-json\/wp\/v2\/pages"}],"about":[{"href":"https:\/\/www.s-cab.it\/es\/wp-json\/wp\/v2\/types\/page"}],"author":[{"embeddable":true,"href":"https:\/\/www.s-cab.it\/es\/wp-json\/wp\/v2\/users\/1"}],"replies":[{"embeddable":true,"href":"https:\/\/www.s-cab.it\/es\/wp-json\/wp\/v2\/comments?post=102635"}],"version-history":[{"count":1,"href":"https:\/\/www.s-cab.it\/es\/wp-json\/wp\/v2\/pages\/102635\/revisions"}],"predecessor-version":[{"id":148290,"href":"https:\/\/www.s-cab.it\/es\/wp-json\/wp\/v2\/pages\/102635\/revisions\/148290"}],"wp:attachment":[{"href":"https:\/\/www.s-cab.it\/es\/wp-json\/wp\/v2\/media?parent=102635"}],"curies":[{"name":"wp","href":"https:\/\/api.w.org\/{rel}","templated":true}]}}