{"id":102759,"date":"2024-11-14T16:33:42","date_gmt":"2024-11-14T15:33:42","guid":{"rendered":"https:\/\/www.s-cab.it\/mondi-indoor\/"},"modified":"2026-03-04T10:10:59","modified_gmt":"2026-03-04T09:10:59","slug":"mundos-indoor","status":"publish","type":"page","link":"https:\/\/www.s-cab.it\/es\/mundos-indoor\/","title":{"rendered":"Indoor"},"content":{"rendered":"<div id=\"block_aa916b29dea6dd558869f06567746593-blocco_header_mondi\" class=\" extra_title fadeOnScreen container-fluid blocco_header_mondi block_publifarm\" style=\"background-color:#c75c24\">\nIndoor <br\/> es bienestar\n<\/div>\n\n\n<div style=\"height:76px\" aria-hidden=\"true\" class=\"wp-block-spacer\"><\/div>\n\n\n<div class=\"container-fluid-custom container-fluid blocco_immagini_sfalsate fadeOnScreen\" id=\"block_f16a6c2fe79b1834f29f22df53e7c3db\">\n<div class=\"row img_anteprima_extra allinemento_regolare griglia-grande\">\n\t\t\t\t\t\t<div class=\"d-flex flex-column justify-content-start  col col-sm-12 col-md-4  wrp_immagine_di_anteprima_1 testo-immagine allinemento_basso\">\n\n\t\t\t\t\t\t\t\t\t\t\t\t\t\t<a href=\"https:\/\/www.s-cab.it\/es\/selezione\/flap-es\/\">\n\t\t\t\t\t\t\n\t\t\t\t\t\t\t<div class=\"d-flex blocco_1\">\n\t\t\t\t\t\t\t\t\t\t\t\t\t\t\t\t\t\t\t\t\t\t\t<\/div>\n\t\t\t\t\t\t\t\n\t\t\t\t\t\t\t\n\n\t\t\t\t\t\t\t                                    <div class=\"fadeOnScreen yt-embed-img_anteprima_1 blocco_immagini_sfalsate_video\" >\n    <video  width=\"560\" height=\"315\" autoplay loop muted playsinline style=\"pointer-events: none;\" class=\"html5_video_player\">\n        <source src=\"https:\/\/www.s-cab.it\/wp-content\/uploads\/2025\/03\/scab-mondi-indoor-flapaccessorio.mp4\" type=\"video\/mp4\" \/>\n    <\/video>\n    <div class=\"yt-embed-overlay\"><\/div>\n    \n    <\/div>\t\t\t\t\t\t\t\n\t\t\t\t\t\t\t\t\t\t\t\t\t\t\t<\/a>\n\t\t\t\t\t\t\t\t\t\t\t\t\t<\/div>\n\t\t\t\t\t\t<div class=\"  col col-sm-12 col-md-2 \">\n\t\t\t\t\t\t<\/div>\n\t\t\t\t\t\t\n\t\t\t\t\t\t<div class=\"d-flex flex-column justify-content-start align-items-baseline  col col-sm-12 col-md-6 wrp_immagine_di_anteprima_2 immagine-testo allinemento_alto\">\n\t\t\t\t\t\t\t\t\t\t\t\t\t\t<a class=\"blocco_1b\" href=\"https:\/\/www.s-cab.it\/es\/selezione\/flap-es\/\">\n\t\t\t\t\t\t\t\t\t\t\t\t\t\t\t\t\t\t\t\t<div class=\"img_wrp\" style=\"position:relative; overflow:hidden;\">\n\t\t\t\t\t\t\t<img decoding=\"async\" class=\"fadeOnScreen align-self-end\" src=\"https:\/\/www.s-cab.it\/wp-content\/uploads\/2024\/11\/mondi-indoor_01.webp\" srcset=\"https:\/\/www.s-cab.it\/wp-content\/uploads\/2024\/11\/mondi-indoor_01.webp\" \/>\n\t\t\t\t\t\t\t<\/div>\n\t\t\t\t\t\t\t\t\t\t\t\t\t\t<div class=\"d-flex blocco_2b\">\n\t\t\t\t\t\t\t\t\t\t\t\t\t\t\t\t<h4 class=\"titolo4 fadeOnScreen\">Colecci\u00f3n Flap<\/h4>\n\t\t\t\t\t\t\t\t\t\t\t\t\t\t\t\t\t\t\t\t\t\t\t\t<p class=\"standard_text fadeOnScreen\">Design <br\/>Meneghello Paolelli<\/p>\n\t\t\t\t\t\t\t\t\t\t\t\t\t\t\t<\/div>\n\t\t\t\t\t\t\t\t\t\t\t\t\t\t\t<\/a>\n\t\t\t\t\t\t\t\t\t\t\t\t\t<\/div>\n\t\t\t\t\t\t\n\t\t\t\t\t<\/div>\n\t\t\t\t<\/div>\n\n\t\t\t\t\n\n\n<div style=\"height:62px\" aria-hidden=\"true\" class=\"wp-block-spacer\"><\/div>\n\n\n\n<h4 class=\"wp-block-heading titolo4 container-fluid\">M\u00e1s de 60 a\u00f1os de historia al servicio de mobiliario &#8211; Las colecciones de S\u2022CAB responden con m\u00e1s de sesenta a\u00f1os de experiencia a las exigencias y a los gustos de la contemporaneidad, ofreciendo una amplia gama de soluciones en el \u00e1mbito del contract, hospitality y residencial.<\/h4>\n\n\n<div id=\"block_28dffa42829db95fed9ced2c3168c408-blocco_video_banner\" class=\" fadeOnScreen container-fluid blocco_video_banner block_publifarm   video_background_mp4  \" >\n    <div class=\"row video_wrp d-flex flex-wrap justify-content-center align-items-center\">\n\n        <div class=\"cover_img cover_img_has_overlay_ d-flex justify-content-center align-items-center\" style=\"background-image:url(https:\/\/www.s-cab.it\/wp-content\/uploads\/2024\/11\/scab-mondi-indoor-mentha-1920x1080-1-scaled.jpg);\">\n           <\/div>\n    \n\t      <div class=\"fadeOnScreen yt-embed-img_anteprima_1 blocco_immagini_sfalsate_video\" >\n    <video  width=\"560\" height=\"315\" autoplay loop muted playsinline style=\"pointer-events: none;\" class=\"html5_video_player\">\n        <source src=\"https:\/\/www.s-cab.it\/wp-content\/uploads\/2025\/02\/scab-mondi-indoor-mentha-1920x1080-1.mp4\" type=\"video\/mp4\" \/>\n    <\/video>\n    <div class=\"yt-embed-overlay\"><\/div>\n    \n    <\/div>    \n    <\/div>\n\t\n<\/div>\n\n\n<section class=\"wp-block-evidenzio-columns has-background\" style=\"background-color:#fafaf7\"><div class=\"container-fluid\"><div class=\"row\">\n<div class=\"wp-block-evidenzio-column col-12 col-md-12 col-lg\">\n<div style=\"height:61px\" aria-hidden=\"true\" class=\"wp-block-spacer\"><\/div>\n\n\n\n<section class=\"wp-block-evidenzio-columns\"><div class=\"container\"><div class=\"row\">\n<div class=\"wp-block-evidenzio-column col-12 col-md-12 col-lg\">\n<p class=\"standard_text_medium\">La colaboraci\u00f3n con dise\u00f1adores italianos e internacionales ha plasmado en el tiempo los rasgos de una identidad empresarial \u00fanica e intr\u00ednsecamente moderna, que valora el rendimiento funcional, la elegancia casual y la versatilidad. La atenci\u00f3n a los nuevos materiales y la amplia posibilidad de personalizaci\u00f3n otorgan un recurso adicional capaz de responder a las exigencias de una demanda diversificada y en constante evoluci\u00f3n.<\/p>\n<\/div>\n\n\n\n<div class=\"wp-block-evidenzio-column col-12 col-md-12 col-lg\"><\/div>\n\n\n\n<div class=\"wp-block-evidenzio-column col-12 col-md-12 col-lg\"><\/div>\n<\/div><\/div><\/section>\n<\/div>\n<\/div><\/div><\/section>\n\n\n\n<section class=\"wp-block-evidenzio-columns has-background\" style=\"background-color:#fafaf7\"><div class=\"container-fluid\"><div class=\"row\">\n<div class=\"wp-block-evidenzio-column col-12 col-md-12 col-lg has-colore-tema-2-background-color has-background\">\n<div style=\"height:61px\" aria-hidden=\"true\" class=\"wp-block-spacer\"><\/div>\n\n\n<div id=\"block_15cece39d1b5df71b8b49701a54342c5-blocco_scrolllaterale\" class=\" fadeOnScreen blocco_scrollalterale block_publifarm\" >\n    <div class=\"  scrollpannel\">\n    <div class=\"scroll_container\">\n    <!-- start container -->\n        <div class=\"first_panel panel \">\n  \n                               \n            <a href=\"https:\/\/www.s-cab.it\/es\/selezione\/atomo-es\/\" class=\"d-flex flex-column justify-content-start  col col-sm-12 col-md-6  wrp_immagine_di_anteprima_1 testo-immagine allinemento_alto\">\n                                <div class=\"d-flex title_wrp\">\n                                                                        <h4 class=\"titolo4 fadeOnScreen\">Colecci\u00f3n Atomo<\/h4>\n                                                                                                            <p class=\"standard_text fadeOnScreen\">Design<br\/>Spalvieri &#038; Del Ciotto<\/p>\n                                                                    <\/div>\n                                                                     <img decoding=\"async\" loading=\"lazy\" class=\"fadeOnScreen align-self-end\" src=\"https:\/\/www.s-cab.it\/wp-content\/uploads\/2024\/11\/mondi-indoor-mentha_01.webp\" srcset=\"https:\/\/www.s-cab.it\/wp-content\/uploads\/2024\/11\/mondi-indoor-mentha_01.webp\" \/>\n                                \n                                \n                                \n            <\/a>\n            <div class=\"  col col-sm-12 col-md-2\">\n            <\/div>\t\t\t\t\t\n            <a href=\"https:\/\/www.s-cab.it\/es\/selezione\/koala-es\/\" class=\"d-flex flex-column justify-content-start align-items-baseline col col-sm-12 col-md-4 wrp_immagine_di_anteprima_2 immagine-testo allinemento_basso\">\n                                    <img decoding=\"async\" loading=\"lazy\" class=\"fadeOnScreen align-self-end\" src=\"https:\/\/www.s-cab.it\/wp-content\/uploads\/2025\/04\/mondi-indoor-koala_01.webp\" srcset=\"https:\/\/www.s-cab.it\/wp-content\/uploads\/2025\/04\/mondi-indoor-koala_01.webp\" \/>\n                                  <div class=\"d-flex title_wrp\">\n                                         <h4 class=\"titolo4 fadeOnScreen\">Colecci\u00f3n<br\/>Koala<\/h4>\n                                                             <p class=\"standard_text fadeOnScreen\">Design<br\/>Zaven<\/p>\n                                      <\/div>\n            <\/a>\n        <\/div>\n\n            <div class=\"second_panel panel row\">\n               <a href=\"https:\/\/www.s-cab.it\/es\/selezione\/koala-es\/\" class=\"d-flex flex-column justify-content-start  col col-sm-12 col-md-4  wrp_immagine_di_anteprima_1\">\n                                                                    <div class=\"fadeOnScreen yt-embed-img_anteprima_1 blocco_immagini_sfalsate_video\" >\n    <video  width=\"560\" height=\"315\" autoplay loop muted playsinline style=\"pointer-events: none;\" class=\"html5_video_player\">\n        <source src=\"https:\/\/www.s-cab.it\/wp-content\/uploads\/2024\/12\/videoplayback-1.mp4\" type=\"video\/mp4\" \/>\n    <\/video>\n    <div class=\"yt-embed-overlay\"><\/div>\n    \n    <\/div>                                                                 <div class=\"d-flex title_wrp\">\n                                                                        <h4 class=\"titolo4 fadeOnScreen\">Colecci\u00f3n<br\/>Si-Si Bold<\/h4>\n                                                                                                            <p class=\"standard_text fadeOnScreen\">Design<br\/>Maneghello Paolleli<\/p>\n                                                                    <\/div>\n                <\/a>\n            <div class=\"  col col-sm-12 col-md-1\">\n            <\/div>\t\t\t\t\t\n                <a href=\"https:\/\/www.s-cab.it\/es\/selezione\/si-si-es\/\" class=\"d-flex flex-column justify-content-start align-items-baseline col col-sm-12 col-md-7 wrp_immagine_di_anteprima_2 \">\n                                                                <img decoding=\"async\" loading=\"lazy\" class=\"fadeOnScreen align-self-end\" src=\"https:\/\/www.s-cab.it\/wp-content\/uploads\/2026\/03\/Set04_Koala-Caffe_v01_02_low.webp\" srcset=\"https:\/\/www.s-cab.it\/wp-content\/uploads\/2026\/03\/Set04_Koala-Caffe_v01_02_low.webp\" \/>\n                                                                <div class=\"d-flex title_wrp\">\n                                                                                                        <\/div>\n                 <\/a>\n        <\/div>\n<!-- end container -->\n        <\/div>\n    <\/div>\n<\/div>\n\n\n<div style=\"height:61px\" aria-hidden=\"true\" class=\"wp-block-spacer\"><\/div>\n<\/div>\n<\/div><\/div><\/section>\n\n\n\n<div style=\"height:61px\" aria-hidden=\"true\" class=\"wp-block-spacer\"><\/div>\n\n\n\n<h4 class=\"wp-block-heading has-text-align-center titolo4 container-fluid\">El gusto por la calidad<\/h4>\n\n\n\n<div style=\"height:60px\" aria-hidden=\"true\" class=\"wp-block-spacer\"><\/div>\n\n\n\n<h4 class=\"wp-block-heading has-text-align-left titolo4 container-fluid\">Orgullosamente Made in Italy, los muebles de S\u2022CAB se realizan totalmente en los establecimientos empresariales con garant\u00eda de una calidad controlada a lo largo de todo el arco de la cadena de producci\u00f3n. M\u00e1s all\u00e1 de lo ef\u00edmero de una moda, las propuestas de S\u2022CAB adoptan una visi\u00f3n hol\u00edstica de la sostenibilidad y un modelo de consumo consciente, dise\u00f1ado para durar.<\/h4>\n\n\n\n<div style=\"height:121px\" aria-hidden=\"true\" class=\"wp-block-spacer\"><\/div>\n\n\n\n<section class=\"wp-block-evidenzio-columns\"><div class=\"container-fluid\"><div class=\"row\">\n<div class=\"wp-block-evidenzio-column col-12 col-md-12 col-lg\"><div id=\"block_03dea64cc2740c1e0399adccba5059dd-blocco_slider_imgs\" class=\" extra_title fadeOnScreen container-fluid blocco_slider_imgs block_publifarm\">\n\t\t\t\t\t<div class=\"row\">\n\t\t\t\t\t\t<div class=\" blocco_slider_imgs_wrp col col-sm-12 col-md-12 swiper\">\n\t\t\t\t\t\t\t<div class=\"swiper-wrapper\">\n\t\t\t\t\t\t\t\t\t\t\t\t\t\t\t\t\t<img decoding=\"async\" loading=\"lazy\" class=\"swiper-slide\" src=\"https:\/\/www.s-cab.it\/wp-content\/uploads\/2025\/12\/Set03_Koala-Ristorante_v01_03.webp\" \/>\n\t\t\t\t\t\t\t\t\t\t\t\t\t\t\t\t\t<img decoding=\"async\" loading=\"lazy\" class=\"swiper-slide\" src=\"https:\/\/www.s-cab.it\/wp-content\/uploads\/2024\/11\/mondi-indoor-gallery_02.webp\" \/>\n\t\t\t\t\t\t\t\t\t\t\t\t\t\t\t\t\t<img decoding=\"async\" loading=\"lazy\" class=\"swiper-slide\" src=\"https:\/\/www.s-cab.it\/wp-content\/uploads\/2024\/11\/mondi-indoor-gallery_03.webp\" \/>\n\t\t\t\t\t\t\t\t\t\t\t\t\t\t\t\t\t<img decoding=\"async\" loading=\"lazy\" class=\"swiper-slide\" src=\"https:\/\/www.s-cab.it\/wp-content\/uploads\/2024\/11\/mondi-indoor-gallery_04.webp\" \/>\n\t\t\t\t\t\t\t\t\t\t\t\t\t\t\t\t\t<img decoding=\"async\" loading=\"lazy\" class=\"swiper-slide\" src=\"https:\/\/www.s-cab.it\/wp-content\/uploads\/2024\/12\/mondi-indoor-gallery_06.webp\" \/>\n\t\t\t\t\t\t\t\t\t\t\t\t\t\t\t\t\t<img decoding=\"async\" loading=\"lazy\" class=\"swiper-slide\" src=\"https:\/\/www.s-cab.it\/wp-content\/uploads\/2024\/12\/mondi-indoor-gallery_08.webp\" \/>\n\t\t\t\t\t\t\t\t\t\t\t\t\t\t\t\t\t<img decoding=\"async\" loading=\"lazy\" class=\"swiper-slide\" src=\"https:\/\/www.s-cab.it\/wp-content\/uploads\/2024\/12\/mondi-indoor-gallery_09.webp\" \/>\n\t\t\t\t\t\t\t\t\t\t\t\t\t\t\t\t\t<img decoding=\"async\" loading=\"lazy\" class=\"swiper-slide\" src=\"https:\/\/www.s-cab.it\/wp-content\/uploads\/2024\/12\/mondi-indoor-gallery_10.webp\" \/>\n\t\t\t\t\t\t\t\t\t\t\t\t\t\t\t\t\t<img decoding=\"async\" loading=\"lazy\" class=\"swiper-slide\" src=\"https:\/\/www.s-cab.it\/wp-content\/uploads\/2024\/12\/mondi-indoor-gallery_12.webp\" \/>\n\t\t\t\t\t\t\t\t\t\t\t\t\t\t\t<\/div>\n\t\t\t\t\t\t<\/div>\n\t\t\t\t\t<\/div>\n<\/div><\/div>\n<\/div><\/div><\/section>\n\n\n\n<section class=\"wp-block-evidenzio-columns has-background\" style=\"background-color:#fafaf7\"><div class=\"container-fluid\"><div class=\"row\">\n<div class=\"wp-block-evidenzio-column col-12 col-md-12 col-lg\">\n<div style=\"height:100px\" aria-hidden=\"true\" class=\"wp-block-spacer\"><\/div>\n\n\n<div class=\" container-fluid blocco_immagini_sfalsate fadeOnScreen\" id=\"block_fb4954f5fc0c6d7dc6faa4cbcbaa1bc8\">\n<div class=\"row img_anteprima_extra allinemento_regolare griglia-grande\">\n\t\t\t\t\t\t<div class=\"d-flex flex-column justify-content-start  col col-sm-12 col-md-4  wrp_immagine_di_anteprima_1 immagine-testo allinemento_alto\">\n\n\t\t\t\t\t\t\t\t\t\t\t\t\t\t<a href=\"https:\/\/www.s-cab.it\/es\/selezione\/dress_code-es\/\">\n\t\t\t\t\t\t\n\t\t\t\t\t\t\t<div class=\"d-flex blocco_1\">\n\t\t\t\t\t\t\t\t\t\t\t\t\t\t\t\t<h4 class=\"titolo4 fadeOnScreen\">Colecci\u00f3n Dress_Code<\/h4>\n\t\t\t\t\t\t\t\t\t\t\t\t\t\t\t\t\t\t\t\t\t\t\t\t<p class=\"standard_text fadeOnScreen\">Design<br\/>gumdesign<\/p>\n\t\t\t\t\t\t\t\t\t\t\t\t\t\t\t<\/div>\n\t\t\t\t\t\t\t\n\t\t\t\t\t\t\t\n\n\t\t\t\t\t\t\t\t\t\t\t\t\t\t<div class=\"img_wrp blocco_2\" style=\"position:relative; overflow:hidden;\">\n\t\t\t\t\t\t\t\t<img decoding=\"async\" class=\"fadeOnScreen align-self-end\" src=\"https:\/\/www.s-cab.it\/wp-content\/uploads\/2025\/04\/mondi-indoor-dresscode_03-1.webp\" srcset=\"https:\/\/www.s-cab.it\/wp-content\/uploads\/2025\/04\/mondi-indoor-dresscode_03-1.webp\" \/>\n\t\t\t\t\t\t\t<\/div>\n\t\t\t\t\t\t\t\n\t\t\t\t\t\t\t\t\t\t\t\t\t\t\t<\/a>\n\t\t\t\t\t\t\t\t\t\t\t\t\t<\/div>\n\t\t\t\t\t\t<div class=\"  col col-sm-12 col-md-2 \">\n\t\t\t\t\t\t<\/div>\n\t\t\t\t\t\t\n\t\t\t\t\t\t<div class=\"d-flex flex-column justify-content-start align-items-baseline  col col-sm-12 col-md-6 wrp_immagine_di_anteprima_2 testo-immagine allinemento_basso\">\n\t\t\t\t\t\t\t\t\t\t\t\t\t\t<a class=\"blocco_1b\" href=\"https:\/\/www.s-cab.it\/es\/selezione\/mentha-es\/\">\n\t\t\t\t\t\t\t\t\t\t\t\t\t\t\t\t\t\t\t\t<div class=\"img_wrp\" style=\"position:relative; overflow:hidden;\">\n\t\t\t\t\t\t\t<img decoding=\"async\" class=\"fadeOnScreen align-self-end\" src=\"https:\/\/www.s-cab.it\/wp-content\/uploads\/2024\/11\/mondi-indoor-mentha_03.webp\" srcset=\"https:\/\/www.s-cab.it\/wp-content\/uploads\/2024\/11\/mondi-indoor-mentha_03.webp\" \/>\n\t\t\t\t\t\t\t<\/div>\n\t\t\t\t\t\t\t\t\t\t\t\t\t\t<div class=\"d-flex blocco_2b\">\n\t\t\t\t\t\t\t\t\t\t\t\t\t\t\t\t<h4 class=\"titolo4 fadeOnScreen\">Colecci\u00f3n Mentha<\/h4>\n\t\t\t\t\t\t\t\t\t\t\t\t\t\t\t\t\t\t\t\t\t\t\t\t<p class=\"standard_text fadeOnScreen\">Design<br\/>Archirivolto<\/p>\n\t\t\t\t\t\t\t\t\t\t\t\t\t\t\t<\/div>\n\t\t\t\t\t\t\t\t\t\t\t\t\t\t\t<\/a>\n\t\t\t\t\t\t\t\t\t\t\t\t\t<\/div>\n\t\t\t\t\t\t\n\t\t\t\t\t<\/div>\n\t\t\t\t<\/div>\n\n\t\t\t\t\n\n\n<div style=\"height:133px\" aria-hidden=\"true\" class=\"wp-block-spacer\"><\/div>\n<\/div>\n<\/div><\/div><\/section>\n","protected":false},"excerpt":{"rendered":"<p>M\u00e1s de 60 a\u00f1os de historia al servicio de mobiliario&#8230;<\/p>\n","protected":false},"author":1,"featured_media":0,"parent":0,"menu_order":0,"comment_status":"closed","ping_status":"closed","template":"","meta":{"_acf_changed":false,"inline_featured_image":false,"footnotes":""},"class_list":["post-102759","page","type-page","status-publish","hentry"],"acf":[],"yoast_head":"<!-- This site is optimized with the Yoast SEO plugin v24.9 - https:\/\/yoast.com\/wordpress\/plugins\/seo\/ -->\n<title>Indoor - S\u2022CAB<\/title>\n<meta name=\"description\" content=\"S\u2022CAB - Indoor - Desde 1957, S\u2022CAB crea muebles de alta calidad, sostenibles y Made in Italy. Descubre nuestra filosof\u00eda, historia y valores.\" \/>\n<meta name=\"robots\" content=\"index, follow, max-snippet:-1, max-image-preview:large, max-video-preview:-1\" \/>\n<link rel=\"canonical\" href=\"https:\/\/www.s-cab.it\/es\/mundos-indoor\/\" \/>\n<meta property=\"og:locale\" content=\"es_ES\" \/>\n<meta property=\"og:type\" content=\"article\" \/>\n<meta property=\"og:title\" content=\"Indoor - S\u2022CAB\" \/>\n<meta property=\"og:description\" content=\"S\u2022CAB - Indoor - Desde 1957, S\u2022CAB crea muebles de alta calidad, sostenibles y Made in Italy. Descubre nuestra filosof\u00eda, historia y valores.\" \/>\n<meta property=\"og:url\" content=\"https:\/\/www.s-cab.it\/es\/mundos-indoor\/\" \/>\n<meta property=\"og:site_name\" content=\"S\u2022CAB\" \/>\n<meta property=\"article:modified_time\" content=\"2026-03-04T09:10:59+00:00\" \/>\n<meta name=\"twitter:card\" content=\"summary_large_image\" \/>\n<meta name=\"twitter:label1\" content=\"Tiempo de lectura\" \/>\n\t<meta name=\"twitter:data1\" content=\"1 minuto\" \/>\n<script type=\"application\/ld+json\" class=\"yoast-schema-graph\">{\"@context\":\"https:\/\/schema.org\",\"@graph\":[{\"@type\":\"WebPage\",\"@id\":\"https:\/\/www.s-cab.it\/es\/mundos-indoor\/\",\"url\":\"https:\/\/www.s-cab.it\/es\/mundos-indoor\/\",\"name\":\"Indoor - S\u2022CAB\",\"isPartOf\":{\"@id\":\"https:\/\/www.s-cab.it\/es\/#website\"},\"datePublished\":\"2024-11-14T15:33:42+00:00\",\"dateModified\":\"2026-03-04T09:10:59+00:00\",\"description\":\"S\u2022CAB - Indoor - Desde 1957, S\u2022CAB crea muebles de alta calidad, sostenibles y Made in Italy. Descubre nuestra filosof\u00eda, historia y valores.\",\"breadcrumb\":{\"@id\":\"https:\/\/www.s-cab.it\/es\/mundos-indoor\/#breadcrumb\"},\"inLanguage\":\"es\",\"potentialAction\":[{\"@type\":\"ReadAction\",\"target\":[\"https:\/\/www.s-cab.it\/es\/mundos-indoor\/\"]}]},{\"@type\":\"BreadcrumbList\",\"@id\":\"https:\/\/www.s-cab.it\/es\/mundos-indoor\/#breadcrumb\",\"itemListElement\":[{\"@type\":\"ListItem\",\"position\":1,\"name\":\"Home\",\"item\":\"https:\/\/www.s-cab.it\/es\/\"},{\"@type\":\"ListItem\",\"position\":2,\"name\":\"Indoor\"}]},{\"@type\":\"WebSite\",\"@id\":\"https:\/\/www.s-cab.it\/es\/#website\",\"url\":\"https:\/\/www.s-cab.it\/es\/\",\"name\":\"S\u2022CAB\",\"description\":\"\",\"potentialAction\":[{\"@type\":\"SearchAction\",\"target\":{\"@type\":\"EntryPoint\",\"urlTemplate\":\"https:\/\/www.s-cab.it\/es\/?s={search_term_string}\"},\"query-input\":{\"@type\":\"PropertyValueSpecification\",\"valueRequired\":true,\"valueName\":\"search_term_string\"}}],\"inLanguage\":\"es\"}]}<\/script>\n<!-- \/ Yoast SEO plugin. -->","yoast_head_json":{"title":"Indoor - S\u2022CAB","description":"S\u2022CAB - Indoor - Desde 1957, S\u2022CAB crea muebles de alta calidad, sostenibles y Made in Italy. Descubre nuestra filosof\u00eda, historia y valores.","robots":{"index":"index","follow":"follow","max-snippet":"max-snippet:-1","max-image-preview":"max-image-preview:large","max-video-preview":"max-video-preview:-1"},"canonical":"https:\/\/www.s-cab.it\/es\/mundos-indoor\/","og_locale":"es_ES","og_type":"article","og_title":"Indoor - S\u2022CAB","og_description":"S\u2022CAB - Indoor - Desde 1957, S\u2022CAB crea muebles de alta calidad, sostenibles y Made in Italy. Descubre nuestra filosof\u00eda, historia y valores.","og_url":"https:\/\/www.s-cab.it\/es\/mundos-indoor\/","og_site_name":"S\u2022CAB","article_modified_time":"2026-03-04T09:10:59+00:00","twitter_card":"summary_large_image","twitter_misc":{"Tiempo de lectura":"1 minuto"},"schema":{"@context":"https:\/\/schema.org","@graph":[{"@type":"WebPage","@id":"https:\/\/www.s-cab.it\/es\/mundos-indoor\/","url":"https:\/\/www.s-cab.it\/es\/mundos-indoor\/","name":"Indoor - S\u2022CAB","isPartOf":{"@id":"https:\/\/www.s-cab.it\/es\/#website"},"datePublished":"2024-11-14T15:33:42+00:00","dateModified":"2026-03-04T09:10:59+00:00","description":"S\u2022CAB - Indoor - Desde 1957, S\u2022CAB crea muebles de alta calidad, sostenibles y Made in Italy. Descubre nuestra filosof\u00eda, historia y valores.","breadcrumb":{"@id":"https:\/\/www.s-cab.it\/es\/mundos-indoor\/#breadcrumb"},"inLanguage":"es","potentialAction":[{"@type":"ReadAction","target":["https:\/\/www.s-cab.it\/es\/mundos-indoor\/"]}]},{"@type":"BreadcrumbList","@id":"https:\/\/www.s-cab.it\/es\/mundos-indoor\/#breadcrumb","itemListElement":[{"@type":"ListItem","position":1,"name":"Home","item":"https:\/\/www.s-cab.it\/es\/"},{"@type":"ListItem","position":2,"name":"Indoor"}]},{"@type":"WebSite","@id":"https:\/\/www.s-cab.it\/es\/#website","url":"https:\/\/www.s-cab.it\/es\/","name":"S\u2022CAB","description":"","potentialAction":[{"@type":"SearchAction","target":{"@type":"EntryPoint","urlTemplate":"https:\/\/www.s-cab.it\/es\/?s={search_term_string}"},"query-input":{"@type":"PropertyValueSpecification","valueRequired":true,"valueName":"search_term_string"}}],"inLanguage":"es"}]}},"_links":{"self":[{"href":"https:\/\/www.s-cab.it\/es\/wp-json\/wp\/v2\/pages\/102759","targetHints":{"allow":["GET"]}}],"collection":[{"href":"https:\/\/www.s-cab.it\/es\/wp-json\/wp\/v2\/pages"}],"about":[{"href":"https:\/\/www.s-cab.it\/es\/wp-json\/wp\/v2\/types\/page"}],"author":[{"embeddable":true,"href":"https:\/\/www.s-cab.it\/es\/wp-json\/wp\/v2\/users\/1"}],"replies":[{"embeddable":true,"href":"https:\/\/www.s-cab.it\/es\/wp-json\/wp\/v2\/comments?post=102759"}],"version-history":[{"count":9,"href":"https:\/\/www.s-cab.it\/es\/wp-json\/wp\/v2\/pages\/102759\/revisions"}],"predecessor-version":[{"id":147706,"href":"https:\/\/www.s-cab.it\/es\/wp-json\/wp\/v2\/pages\/102759\/revisions\/147706"}],"wp:attachment":[{"href":"https:\/\/www.s-cab.it\/es\/wp-json\/wp\/v2\/media?parent=102759"}],"curies":[{"name":"wp","href":"https:\/\/api.w.org\/{rel}","templated":true}]}}