{"id":147417,"date":"2026-02-11T15:31:29","date_gmt":"2026-02-11T14:31:29","guid":{"rendered":"https:\/\/www.s-cab.it\/?page_id=147417"},"modified":"2026-03-23T09:47:14","modified_gmt":"2026-03-23T08:47:14","slug":"certificaciones","status":"publish","type":"page","link":"https:\/\/www.s-cab.it\/es\/certificaciones\/","title":{"rendered":"Certificaciones"},"content":{"rendered":"<div id=\"block_0b34179cf93ae5622f8466348a083c7a-blocco_preview_certificazioni\" class=\" container blocco_preview_certificazioni block_publifarm\" >\n    <div class=\"row\">\n        <div class=\"col-sm-12 fadeOnScreen\">\n            <h1 class=\"blck_title\">Certificaciones<\/h1>\n            <h2 class=\"sottotitolo titolo2 mainboxtitle\">Certificaciones de empresa<\/h2>\n        <\/div>\n                            <div class=\"item col-sm-12 col-lg-4 fadeOnScreen\">\n                    <div class=\"single_box_download\">\n                        <span>\n                            <h2>ISO 9001:2015<\/h2>\n                            <p class=\"standard_text\"><p>La certificaci\u00f3n ISO 9001 confirma el compromiso de S\u2022CAB de garantizar altos est\u00e1ndares de calidad en cada fase del proceso productivo y la satisfacci\u00f3n del cliente.<\/p>\n<\/p>\n                        <\/span>\n                        <span class=\"d-flex align-items-baseline justify-content-between\">\n                                                    <a class=\"standard_text_medium standard_cta_animated\" href=\"https:\/\/www.s-cab.it\/wp-content\/uploads\/2026\/03\/Certificate-IT348612-SCAB-GIARDINO-S.P.A-ISO9001-ENG.pdf\" target=\"_blank\">Descargar el certificado<\/a>\n                            <img decoding=\"async\" src=\"https:\/\/www.s-cab.it\/wp-content\/uploads\/2026\/02\/BVCER_withAccredia-ISO-9001-BW@2x.png\" \/>\n                        <\/span>\n                    <\/div>\n                <\/div>\n                            <div class=\"item col-sm-12 col-lg-4 fadeOnScreen\">\n                    <div class=\"single_box_download\">\n                        <span>\n                            <h2>ISO 14001:2015<\/h2>\n                            <p class=\"standard_text\"><p>La norma ISO 14001 certifica la capacidad de la empresa para controlar y reducir los impactos ambientales de sus actividades productivas mediante un enfoque de \u00abLife Cycle Thinking\u00bb.<\/p>\n<\/p>\n                        <\/span>\n                        <span class=\"d-flex align-items-baseline justify-content-between\">\n                                                    <a class=\"standard_text_medium standard_cta_animated\" href=\"https:\/\/www.s-cab.it\/wp-content\/uploads\/2026\/03\/Certificate-IT349136-SCAB-GIARDINO-S.P.A-ISO14001-ENG.pdf\" target=\"_blank\">Descargar el certificado<\/a>\n                            <img decoding=\"async\" src=\"https:\/\/www.s-cab.it\/wp-content\/uploads\/2026\/02\/BVCER_withAccredia-ISO-14001-BW@2x.png\" \/>\n                        <\/span>\n                    <\/div>\n                <\/div>\n                            <div class=\"item col-sm-12 col-lg-4 fadeOnScreen\">\n                    <div class=\"single_box_download\">\n                        <span>\n                            <h2>CATAS Member<\/h2>\n                            <p class=\"standard_text\"><p>La certificaci\u00f3n CATAS garantiza la calidad de las materias primas y de los productos finales de S\u2022CAB, asegurando la conformidad de los asientos y las estructuras con las normativas europeas y una \u00f3ptima resistencia mec\u00e1nica y a la corrosi\u00f3n de los metales.<\/p>\n<\/p>\n                        <\/span>\n                        <span class=\"d-flex align-items-baseline justify-content-between\">\n                                                    <a class=\"standard_text_medium standard_cta_animated\" href=\"https:\/\/www.s-cab.it\/es\/sostenibilidad\/\" target=\"\">Descubres<\/a>\n                            <img decoding=\"async\" src=\"https:\/\/www.s-cab.it\/wp-content\/uploads\/2026\/02\/CATAS-Member-Customers@2x.png\" \/>\n                        <\/span>\n                    <\/div>\n                <\/div>\n                            <div class=\"item col-sm-12 col-lg-4 fadeOnScreen\">\n                    <div class=\"single_box_download\">\n                        <span>\n                            <h2>Pol\u00edtica de calidad y ambiental<\/h2>\n                            <p class=\"standard_text\"><p>S\u2022CAB ha definido una pol\u00edtica integrada que conjuga objetivos de calidad y compromisos ambientales, llevando las estrategias empresariales hacia la mejora continua y la sostenibilidad.<\/p>\n<\/p>\n                        <\/span>\n                        <span class=\"d-flex align-items-baseline justify-content-between\">\n                                                    <a class=\"standard_text_medium standard_cta_animated\" href=\"https:\/\/www.s-cab.it\/en\/quality-and-environmental-policy\/\" target=\"_blank\">Descubres<\/a>\n                            <img decoding=\"async\" src=\"\" \/>\n                        <\/span>\n                    <\/div>\n                <\/div>\n                            <div class=\"item col-sm-12 col-lg-4 fadeOnScreen\">\n                    <div class=\"single_box_download\">\n                        <span>\n                            <h2>C\u00f3digo \u00c9tico<\/h2>\n                            <p class=\"standard_text\"><p>El C\u00f3digo \u00c9tico de S\u2022CAB define los principios fundamentales que gu\u00edan a la empresa: integridad, transparencia, respeto por las personas y responsabilidad ambiental, garantizando que cada actividad se realice respetando la legalidad y la sostenibilidad.<\/p>\n<\/p>\n                        <\/span>\n                        <span class=\"d-flex align-items-baseline justify-content-between\">\n                                                    <a class=\"standard_text_medium standard_cta_animated\" href=\"https:\/\/www.s-cab.it\/wp-content\/uploads\/2025\/07\/250428_Codice-etico-_ENG.pdf\" target=\"_blank\">Descargar el c\u00f3digo \u00e9tico<\/a>\n                            <img decoding=\"async\" src=\"\" \/>\n                        <\/span>\n                    <\/div>\n                <\/div>\n                            <div class=\"item col-sm-12 col-lg-4 fadeOnScreen\">\n                    <div class=\"single_box_download\">\n                        <span>\n                            <h2>Marca hist\u00f3rica<\/h2>\n                            <p class=\"standard_text\"><p>En 2022, S\u2022CAB entra en el registro de marcas hist\u00f3ricas italianas, un reconocimiento m\u00e1s a una producci\u00f3n de calidad dedicada a la continuidad de los resultados.<\/p>\n<\/p>\n                        <\/span>\n                        <span class=\"d-flex align-items-baseline justify-content-between\">\n                                                    <a class=\"standard_text_medium standard_cta_animated\" href=\"\" target=\"\"><\/a>\n                            <img decoding=\"async\" src=\"https:\/\/www.s-cab.it\/wp-content\/uploads\/2026\/02\/Immagine-2@2x.png\" \/>\n                        <\/span>\n                    <\/div>\n                <\/div>\n            \n\n        <div class=\"col-sm-12 fadeOnScreen\">\n            <h2 class=\"sottotitolo titolo2\">Certificaciones de producto<\/h2>\n        <\/div>\n                            <div class=\"item col-sm-12 col-lg-4 fadeOnScreen\">\n                    <div class=\"single_box_download\">\n                        <span>\n                            <h2>FSC<small class=\"reg\"> \u00ae<\/small><\/h2>\n                            <p class=\"standard_text\"><p>La marca de certificaci\u00f3n FSC<sup>\u00ae<\/sup>, garantiza que toda la cadena de suministro madera-papel certificada por sus normas procede de una gesti\u00f3n forestal respetuosa con el medio ambiente, socialmente beneficiosa y econ\u00f3micamente sostenible. Solicita nuestros productos certificados FSC<sup>\u00ae<\/sup>.<\/p>\n<\/p>\n                        <\/span>\n                        <span class=\"d-flex align-items-baseline justify-content-between\">\n                                                    <a class=\"standard_text_medium standard_cta_animated\" href=\"https:\/\/www.s-cab.it\/wp-content\/uploads\/2026\/03\/CSI-COC-004326.pdf\" target=\"_blank\">Descargar el certificado<\/a>\n                            <img decoding=\"async\" src=\"https:\/\/www.s-cab.it\/wp-content\/uploads\/2026\/02\/Screenshot-2026-02-11-alle-12.55.18.png\" \/>\n                        <\/span>\n                    <\/div>\n                <\/div>\n                            <div class=\"item col-sm-12 col-lg-4 fadeOnScreen\">\n                    <div class=\"single_box_download\">\n                        <span>\n                            <h2>CATAS<\/h2>\n                            <p class=\"standard_text\"><p>La indicaci\u00f3n \u201cCATAS conforme&#8230;\u201d denota que el producto ha superado con \u00e9xito todas las pruebas previstas por las normativas europeas vigentes sobre los requisitos estructurales y de resistencias, para su uso dom\u00e9sticos y no dom\u00e9sticos.<\/p>\n<\/p>\n                        <\/span>\n                        <span class=\"d-flex align-items-baseline justify-content-between\">\n                                                    <a class=\"standard_text_medium standard_cta_animated\" href=\"\" target=\"\"><\/a>\n                            <img decoding=\"async\" src=\"\" \/>\n                        <\/span>\n                    <\/div>\n                <\/div>\n                            <div class=\"item col-sm-12 col-lg-4 fadeOnScreen\">\n                    <div class=\"single_box_download\">\n                        <span>\n                            <h2>Pl\u00e1stico certificado regenerado<\/h2>\n                            <p class=\"standard_text\"><p>La certificaci\u00f3n ICMQ acredita que los productos de la colecci\u00f3n Go Green est\u00e1n fabricados \u00edntegramente con pl\u00e1stico regenerado post-consumo industrial (PCR), sin utilizar pl\u00e1stico virgen.<\/p>\n<\/p>\n                        <\/span>\n                        <span class=\"d-flex align-items-baseline justify-content-between\">\n                                                    <a class=\"standard_text_medium standard_cta_animated\" href=\"https:\/\/www.s-cab.it\/wp-content\/uploads\/2025\/07\/RE0631-aggiornato-al-26-giugno-2025.pdf\" target=\"_blank\">Descargar el certificado<\/a>\n                            <img decoding=\"async\" src=\"https:\/\/www.s-cab.it\/wp-content\/uploads\/2026\/02\/Logo-ICMQ-nero@2x.png\" \/>\n                        <\/span>\n                    <\/div>\n                <\/div>\n                <\/div>\n<\/div>\n\n<style>\n.blocco_preview_certificazioni{\n    h1{\n        margin-bottom: 60px;\n        font-weight:600;\n    }\n    .single_box_download:hover{\n        opacity:1;\n    }\n    .sottotitolo{\n        margin-bottom:44px;\n    }\n    .sottotitolo:not(.mainboxtitle){\n        margin-top:90px;\n    }\n    .item{\n        margin-bottom:46px;\n    }\n    \n    .single_box_download{\n        min-height:100%;\n        margin-left: 0;\n        margin-right: 0;\n    }\n    img{\n        max-height:107px;\n        max-width: 40%;\n    }\n}\n@media screen and (max-width: 1024px) {\n    .blocco_preview_certificazioni{\n        h1{\n            font-size: 3rem;\n        }\n        .single_box_download{\n            max-width:100%;\n        }\n    }\n}\n<\/style>","protected":false},"excerpt":{"rendered":"","protected":false},"author":1,"featured_media":0,"parent":0,"menu_order":0,"comment_status":"closed","ping_status":"closed","template":"","meta":{"_acf_changed":false,"inline_featured_image":false,"footnotes":""},"class_list":["post-147417","page","type-page","status-publish","hentry"],"acf":[],"yoast_head":"<!-- This site is optimized with the Yoast SEO plugin v24.9 - https:\/\/yoast.com\/wordpress\/plugins\/seo\/ -->\n<title>Certificaciones - S\u2022CAB<\/title>\n<meta name=\"description\" content=\"S\u2022CAB - Certificaciones - Desde 1957, S\u2022CAB crea muebles de alta calidad, sostenibles y Made in Italy. Descubre nuestra filosof\u00eda, historia y valores.\" \/>\n<meta name=\"robots\" content=\"index, follow, max-snippet:-1, max-image-preview:large, max-video-preview:-1\" \/>\n<link rel=\"canonical\" href=\"https:\/\/www.s-cab.it\/es\/certificaciones\/\" \/>\n<meta property=\"og:locale\" content=\"es_ES\" \/>\n<meta property=\"og:type\" content=\"article\" \/>\n<meta property=\"og:title\" content=\"Certificaciones - S\u2022CAB\" \/>\n<meta property=\"og:description\" content=\"S\u2022CAB - Certificaciones - Desde 1957, S\u2022CAB crea muebles de alta calidad, sostenibles y Made in Italy. Descubre nuestra filosof\u00eda, historia y valores.\" \/>\n<meta property=\"og:url\" content=\"https:\/\/www.s-cab.it\/es\/certificaciones\/\" \/>\n<meta property=\"og:site_name\" content=\"S\u2022CAB\" \/>\n<meta property=\"article:modified_time\" content=\"2026-03-23T08:47:14+00:00\" \/>\n<meta name=\"twitter:card\" content=\"summary_large_image\" \/>\n<script type=\"application\/ld+json\" class=\"yoast-schema-graph\">{\"@context\":\"https:\/\/schema.org\",\"@graph\":[{\"@type\":\"WebPage\",\"@id\":\"https:\/\/www.s-cab.it\/es\/certificaciones\/\",\"url\":\"https:\/\/www.s-cab.it\/es\/certificaciones\/\",\"name\":\"Certificaciones - S\u2022CAB\",\"isPartOf\":{\"@id\":\"https:\/\/www.s-cab.it\/es\/#website\"},\"datePublished\":\"2026-02-11T14:31:29+00:00\",\"dateModified\":\"2026-03-23T08:47:14+00:00\",\"description\":\"S\u2022CAB - Certificaciones - Desde 1957, S\u2022CAB crea muebles de alta calidad, sostenibles y Made in Italy. Descubre nuestra filosof\u00eda, historia y valores.\",\"breadcrumb\":{\"@id\":\"https:\/\/www.s-cab.it\/es\/certificaciones\/#breadcrumb\"},\"inLanguage\":\"es\",\"potentialAction\":[{\"@type\":\"ReadAction\",\"target\":[\"https:\/\/www.s-cab.it\/es\/certificaciones\/\"]}]},{\"@type\":\"BreadcrumbList\",\"@id\":\"https:\/\/www.s-cab.it\/es\/certificaciones\/#breadcrumb\",\"itemListElement\":[{\"@type\":\"ListItem\",\"position\":1,\"name\":\"Home\",\"item\":\"https:\/\/www.s-cab.it\/es\/\"},{\"@type\":\"ListItem\",\"position\":2,\"name\":\"Certificaciones\"}]},{\"@type\":\"WebSite\",\"@id\":\"https:\/\/www.s-cab.it\/es\/#website\",\"url\":\"https:\/\/www.s-cab.it\/es\/\",\"name\":\"S\u2022CAB\",\"description\":\"\",\"potentialAction\":[{\"@type\":\"SearchAction\",\"target\":{\"@type\":\"EntryPoint\",\"urlTemplate\":\"https:\/\/www.s-cab.it\/es\/?s={search_term_string}\"},\"query-input\":{\"@type\":\"PropertyValueSpecification\",\"valueRequired\":true,\"valueName\":\"search_term_string\"}}],\"inLanguage\":\"es\"}]}<\/script>\n<!-- \/ Yoast SEO plugin. -->","yoast_head_json":{"title":"Certificaciones - S\u2022CAB","description":"S\u2022CAB - Certificaciones - Desde 1957, S\u2022CAB crea muebles de alta calidad, sostenibles y Made in Italy. Descubre nuestra filosof\u00eda, historia y valores.","robots":{"index":"index","follow":"follow","max-snippet":"max-snippet:-1","max-image-preview":"max-image-preview:large","max-video-preview":"max-video-preview:-1"},"canonical":"https:\/\/www.s-cab.it\/es\/certificaciones\/","og_locale":"es_ES","og_type":"article","og_title":"Certificaciones - S\u2022CAB","og_description":"S\u2022CAB - Certificaciones - Desde 1957, S\u2022CAB crea muebles de alta calidad, sostenibles y Made in Italy. Descubre nuestra filosof\u00eda, historia y valores.","og_url":"https:\/\/www.s-cab.it\/es\/certificaciones\/","og_site_name":"S\u2022CAB","article_modified_time":"2026-03-23T08:47:14+00:00","twitter_card":"summary_large_image","schema":{"@context":"https:\/\/schema.org","@graph":[{"@type":"WebPage","@id":"https:\/\/www.s-cab.it\/es\/certificaciones\/","url":"https:\/\/www.s-cab.it\/es\/certificaciones\/","name":"Certificaciones - S\u2022CAB","isPartOf":{"@id":"https:\/\/www.s-cab.it\/es\/#website"},"datePublished":"2026-02-11T14:31:29+00:00","dateModified":"2026-03-23T08:47:14+00:00","description":"S\u2022CAB - Certificaciones - Desde 1957, S\u2022CAB crea muebles de alta calidad, sostenibles y Made in Italy. Descubre nuestra filosof\u00eda, historia y valores.","breadcrumb":{"@id":"https:\/\/www.s-cab.it\/es\/certificaciones\/#breadcrumb"},"inLanguage":"es","potentialAction":[{"@type":"ReadAction","target":["https:\/\/www.s-cab.it\/es\/certificaciones\/"]}]},{"@type":"BreadcrumbList","@id":"https:\/\/www.s-cab.it\/es\/certificaciones\/#breadcrumb","itemListElement":[{"@type":"ListItem","position":1,"name":"Home","item":"https:\/\/www.s-cab.it\/es\/"},{"@type":"ListItem","position":2,"name":"Certificaciones"}]},{"@type":"WebSite","@id":"https:\/\/www.s-cab.it\/es\/#website","url":"https:\/\/www.s-cab.it\/es\/","name":"S\u2022CAB","description":"","potentialAction":[{"@type":"SearchAction","target":{"@type":"EntryPoint","urlTemplate":"https:\/\/www.s-cab.it\/es\/?s={search_term_string}"},"query-input":{"@type":"PropertyValueSpecification","valueRequired":true,"valueName":"search_term_string"}}],"inLanguage":"es"}]}},"_links":{"self":[{"href":"https:\/\/www.s-cab.it\/es\/wp-json\/wp\/v2\/pages\/147417","targetHints":{"allow":["GET"]}}],"collection":[{"href":"https:\/\/www.s-cab.it\/es\/wp-json\/wp\/v2\/pages"}],"about":[{"href":"https:\/\/www.s-cab.it\/es\/wp-json\/wp\/v2\/types\/page"}],"author":[{"embeddable":true,"href":"https:\/\/www.s-cab.it\/es\/wp-json\/wp\/v2\/users\/1"}],"replies":[{"embeddable":true,"href":"https:\/\/www.s-cab.it\/es\/wp-json\/wp\/v2\/comments?post=147417"}],"version-history":[{"count":15,"href":"https:\/\/www.s-cab.it\/es\/wp-json\/wp\/v2\/pages\/147417\/revisions"}],"predecessor-version":[{"id":148289,"href":"https:\/\/www.s-cab.it\/es\/wp-json\/wp\/v2\/pages\/147417\/revisions\/148289"}],"wp:attachment":[{"href":"https:\/\/www.s-cab.it\/es\/wp-json\/wp\/v2\/media?parent=147417"}],"curies":[{"name":"wp","href":"https:\/\/api.w.org\/{rel}","templated":true}]}}