{"id":100140,"date":"2024-11-29T11:37:59","date_gmt":"2024-11-29T10:37:59","guid":{"rendered":"https:\/\/www.s-cab.it\/materiali-uso-e-manutenzione\/"},"modified":"2025-07-07T15:58:37","modified_gmt":"2025-07-07T13:58:37","slug":"materiaux-utilisation-et-entretien","status":"publish","type":"page","link":"https:\/\/www.s-cab.it\/fr\/materiaux-utilisation-et-entretien\/","title":{"rendered":"Mat\u00e9riaux, utilisation et entretien"},"content":{"rendered":"\n<section class=\"wp-block-evidenzio-columns simple_text\"><div class=\"container\"><div class=\"row\">\n<div class=\"wp-block-evidenzio-column col-12 col-md-12 col-lg\">\n<figure class=\"wp-block-image size-full mb-5\"><img loading=\"lazy\" decoding=\"async\" width=\"180\" height=\"46\" src=\"https:\/\/www.s-cab.it\/wp-content\/uploads\/2024\/11\/scab-manutenzione-3.png\" alt=\"\" class=\"wp-image-28283\"\/><\/figure>\n\n\n\n<p class=\"mb-3 fadeOnScreen\">Les qualit\u00e9s de responsabilit\u00e9 environnementale et de durabilit\u00e9 dans la production industrielle repr\u00e9sentent un espoir \u00e9cologique pour l&rsquo;avenir pour nous tous. M\u00eame dans la production et le moulage de technopolym\u00e8res, il est possible de contribuer au recyclage des mat\u00e9riaux et \u00e0 une m\u00e9thode de traitement qui respecte et garde l&rsquo;environnement propre. Tous les produits S\u2022CAB sont fabriqu\u00e9s \u00e0 partir de mat\u00e9riaux 100 % recyclables, car les diff\u00e9rents composants peuvent \u00eatre rapidement s\u00e9par\u00e9s. Chaque \u00e9l\u00e9ment en plastique porte la marque d&rsquo;identification conforme \u00e0 la norme ISO11469:2001, et fournit des instructions faciles pour le recyclage. Tous les mat\u00e9riaux utilis\u00e9s par S\u2022CAB pour sa production sont de premi\u00e8re qualit\u00e9.<\/p>\n\n\n\n<p><\/p>\n\n\n\n<p><\/p>\n\n\n\n<h6 class=\"wp-block-heading titolo4 fadeOnScreen\"><strong><strong>Le plastique<\/strong><\/strong><\/h6>\n\n\n\n<p class=\"mb-3 fadeOnScreen\">S\u2022CAB utilise des technopolym\u00e8res pr\u00e9sentant des caract\u00e9ristiques optimales pour sa production, telles que la solidit\u00e9, la stabilit\u00e9, la non-toxicit\u00e9, l&rsquo;inalt\u00e9rabilit\u00e9 aux agents atmosph\u00e9riques, notamment la moisissure, la pollution et la poussi\u00e8re, et la r\u00e9sistance aux UV. Tous les technopolym\u00e8res sont enti\u00e8rement recyclables dans le respect de l&rsquo;environnement.&nbsp;<strong>Pour le nettoyage<\/strong>, utilisez uniquement du savon liquide neutre dilu\u00e9 dans de l&rsquo;eau. Nettoyez avec un chiffon doux et humide pour \u00e9viter les rayures, n&rsquo;utilisez absolument pas d&rsquo;\u00e9ponges abrasives. N&rsquo;utilisez pas de produits abrasifs, \u00e0 base de chlore et de solvants en g\u00e9n\u00e9ral tels que : alcool, essence, ac\u00e9tone, trichlor\u00e9thyl\u00e8ne, ammoniac, etc., car ces substances ternissent les surfaces en plastique.<\/p>\n\n\n\n<p><\/p>\n\n\n\n<p><\/p>\n\n\n\n<h6 class=\"wp-block-heading titolo4  fadeOnScreen\"><strong><strong>Les m\u00e9taux | L\u2019acier<\/strong><\/strong><\/h6>\n\n\n\n<p class=\"mb-3 fadeOnScreen\">S\u2022CAB accorde la plus grande attention aux \u00ab Newton de la r\u00e9sistance m\u00e9canique \u00bb et \u00e0 la haute qualit\u00e9 des aciers utilis\u00e9s dans la construction du produit.<\/p>\n\n\n\n<p><\/p>\n\n\n\n<p><\/p>\n\n\n\n<h6 class=\"wp-block-heading titolo4  fadeOnScreen\"><strong><strong>M\u00e9taux | aluminium<\/strong><\/strong><\/h6>\n\n\n\n<p class=\"mb-3 fadeOnScreen\">L&rsquo;aluminium est un m\u00e9tal qui allie l\u00e9g\u00e8ret\u00e9 et grande solidit\u00e9. Sa surface est anodis\u00e9e ou peinte avec une poudre polyester pour une plus grande r\u00e9sistance \u00e0 la corrosion.&nbsp;<strong>Pour le nettoyage<\/strong>, utilisez uniquement un chiffon doux et humide pour les surfaces en acier ou en aluminium ou les surfaces m\u00e9talliques peintes. N&rsquo;utilisez pas de cr\u00e8mes sp\u00e9cifiques ou de p\u00e2tes abrasives pour nettoyer les m\u00e9taux, n&rsquo;utilisez pas de solvants. Il ne faut en aucun cas utiliser des \u00e9ponges abrasives ou des tampons de laine m\u00e9tallique pour le nettoyage.<\/p>\n\n\n\n<p><\/p>\n\n\n\n<p><\/p>\n\n\n\n<h6 class=\"wp-block-heading titolo4 fadeOnScreen\"><strong><strong>Le bois<\/strong><\/strong><\/h6>\n\n\n\n<p class=\"mb-3 fadeOnScreen\">Les meubles S\u2022CAB avec une coque et\/ou un cadre en bois sont produits conform\u00e9ment aux r\u00e9glementations environnementales europ\u00e9ennes en vigueur.&nbsp;<strong>Pour le nettoyage<\/strong>, utilisez uniquement un chiffon doux humidifi\u00e9 \u00e0 l&rsquo;eau ti\u00e8de et s\u00e9chez imm\u00e9diatement avec un chiffon doux et sec. N&rsquo;utilisez pas de produits abrasifs, agressifs, \u00e0 base de chlore ou de solvants en g\u00e9n\u00e9ral (ammoniaque, eau de Javel ou produits de nettoyage contenant des acides). Absorbez imm\u00e9diatement tout liquide renvers\u00e9 avec un chiffon propre et sec ; le bois est sensible \u00e0 l&rsquo;humidit\u00e9. Ne pas exposer \u00e0 la lumi\u00e8re directe. Ne pas exposer \u00e0 des sources de chaleur. Le bois est sujet \u00e0 des changements de couleur lorsqu&rsquo;il est expos\u00e9 \u00e0 la lumi\u00e8re du soleil. Le bois est une mati\u00e8re premi\u00e8re naturelle, ce qui signifie que l&rsquo;homog\u00e9n\u00e9it\u00e9 et l&rsquo;uniformit\u00e9 des mat\u00e9riaux synth\u00e9tiques ne peuvent \u00eatre garanties. M\u00eame les \u00e9l\u00e9ments fabriqu\u00e9s \u00e0 partir de la m\u00eame plante peuvent pr\u00e9senter des diff\u00e9rences de couleur. Les variations de couleur ou toutes les imperfections, dues \u00e0 la fibre du bois elle-m\u00eame ou au grain, sont une garantie de la qualit\u00e9 du bois massif et constituent sa valeur. Les couleurs de nos bois sont \u00e0 base d&rsquo;eau afin de garantir le respect de l&rsquo;environnement et de la sant\u00e9.<\/p>\n\n\n\n<p><\/p>\n\n\n\n<p><\/p>\n\n\n\n<h6 class=\"wp-block-heading titolo4 fadeOnScreen\"><strong><strong>Les tissus<\/strong><\/strong><\/h6>\n\n\n\n<p class=\"mb-3 fadeOnScreen\">Veuillez-vous r\u00e9f\u00e9rer \u00e0 la fiche technique sp\u00e9cifique et \u00e0 l&rsquo;\u00e9tiquette du produit pour le nettoyage des tissus. <strong>Pour le nettoyage<\/strong> quotidien, ne brossez pas mais passez l\u2019aspirateur r\u00e9guli\u00e8rement, en \u00e9vitant toute pression sur le tissu. Pour les taches l\u00e9g\u00e8res, utilisez une brosse douce humide, \u00e9ventuellement avec des d\u00e9tergents doux ou du vinaigre blanc dilu\u00e9 dans beaucoup d\u2019eau. <strong>N\u2019utilisez pas de produits abrasifs, de d\u00e9tergents ou de solvants. N\u2019utilisez pas de g\u00e9n\u00e9rateurs de vapeur \u00e0 haute pression.<\/strong><\/p>\n\n\n\n<p><\/p>\n\n\n\n<p><\/p>\n\n\n\n<h6 class=\"wp-block-heading titolo4  fadeOnScreen\"><strong><strong>Le similicuir<\/strong><\/strong><\/h6>\n\n\n\n<p class=\"mb-3 fadeOnScreen\"><strong>Pour le nettoyage<\/strong>&nbsp;quotidien, utilisez un chiffon doux humidifi\u00e9 \u00e0 l&rsquo;eau. Pour les salet\u00e9s tenaces, utilisez une \u00e9ponge douce avec de l&rsquo;eau et du savon. N&rsquo;utilisez pas de produits abrasifs, de d\u00e9tergents ou de solvants. Absorbez imm\u00e9diatement tout liquide renvers\u00e9 avec un chiffon propre et sec.<br>Certains colorants pour v\u00eatements et accessoires (par exemple, les jeans) peuvent migrer vers les couleurs claires de cet article.<br>Ce ph\u00e9nom\u00e8ne augmente avec l&rsquo;humidit\u00e9 et la temp\u00e9rature. Nous n&rsquo;acceptons aucune responsabilit\u00e9 pour le transfert de couleur caus\u00e9 par des contaminants externes.<\/p>\n\n\n\n<p><\/p>\n\n\n\n<h6 class=\"wp-block-heading titolo4  fadeOnScreen\"><strong><strong>Le cuir<\/strong><\/strong><\/h6>\n\n\n\n<p class=\"mb-3 fadeOnScreen\">S\u2022CAB utilise uniquement du cuir naturel \u00e0 tannage v\u00e9g\u00e9tal pour les si\u00e8ges rembourr\u00e9s. Pour le nettoyage quotidien, utilisez un chiffon doux et sec.<br>Pour les salet\u00e9s plus tenaces, utilisez un chiffon doux humidifi\u00e9 \u00e0 l&rsquo;eau. N&rsquo;utilisez pas de produits abrasifs, de d\u00e9tergents ou de solvants.<\/p>\n\n\n\n<h6 class=\"wp-block-heading titolo4  fadeOnScreen\"><strong><br>TAPIS D&rsquo;EXT\u00c9RIEUR<\/strong><\/h6>\n\n\n\n<p class=\"mb-3\"><\/p>\n\n\n\n<p class=\"titolo3_medium_classic fadeOnScreen\"><strong><strong><strong>Entretien et nettoyage<\/strong><\/strong><\/strong><\/p>\n\n\n\n<p class=\"fadeOnScreen\">Tapis r\u00e9alis\u00e9 sur m\u00e9tiers manuels, en fil de fibre synth\u00e9tique. Nettoyage normal: aspirateur sans brosse. Nettoyage approfondi: solution d\u2019eau froide et d\u00e9tergent neutre. Ne pas utiliser de brosses, d\u2019outils abrasifs, d\u2019agents de blanchiment ou de solvants. Ne pas laver \u00e0 sec ni avec un nettoyeur haute pression. En cas de taches &#8211; tamponner avec un chiffon propre.<\/p>\n\n\n\n<p>Faire s\u00e9cher \u00e9tendu.<\/p>\n\n\n\n<p><\/p>\n\n\n\n<h6 class=\"wp-block-heading titolo4  fadeOnScreen\"><strong><strong>COUSSINS <strong>D&rsquo;EXT\u00c9RIEUR<\/strong><\/strong><\/strong><\/h6>\n\n\n\n<p class=\"mb-3\"><\/p>\n\n\n\n<p class=\"titolo3_medium_classic fadeOnScreen\"><strong><strong>Entretien et nettoyage<\/strong><\/strong><\/p>\n\n\n\n<p class=\"fadeOnScreen\">Il est recommand\u00e9 de toujours suivre les instructions indiqu\u00e9es sur les fiches techniques du tissu et sur les \u00e9tiquettes \u00e9ventuellement appos\u00e9es.<br>Il est recommand\u00e9 de nettoyer r\u00e9guli\u00e8rement les tissus pour en conserver l\u2019aspect et en prolonger la dur\u00e9e de vie.<br>Il est recommand\u00e9 de nettoyer d\u00e9licatement tous les jours avec un aspirateur pour \u00e9liminer la poussi\u00e8re.<br>Essuyez les liquides d\u00e8s que possible avec un chiffon absorbant blanc.<br>Pour les taches l\u00e9g\u00e8res, il est important d\u2019intervenir rapidement \u00e0 l\u2019aide d\u2019une brosse douce humide ou d\u2019un chiffon blanc, et \u00e9ventuellement un d\u00e9tergent d\u00e9licat.<br>Avant l\u2019utilisation, \u00e9valuez toujours l\u2019efficacit\u00e9 des d\u00e9tergents sur de petites parties non visibles. N\u2019utilisez pas de produits abrasifs, concentr\u00e9s, solvants ou blanchissants.<br>Les recommandations ci-dessus ne garantissent pas l\u2019\u00e9limination compl\u00e8te des taches.<br>Les coussins en tissu acrylique sont adapt\u00e9s \u00e0 l\u2019utilisation ext\u00e9rieure. Pendant la p\u00e9riode d\u2019utilisation, il est toutefois recommand\u00e9 de mettre les coussins \u00e0 l\u2019abri du mauvais temps au moyen des b\u00e2ches de protection et d\u2019\u00e9viter l\u2019exposition prolong\u00e9e aux intemp\u00e9ries.<br>Avant de ranger le produit pour la saison pendant laquelle il ne sera pas utilis\u00e9, assurez-vous qu\u2019il soit sec et propre et qu\u2019il soit rang\u00e9 dans un lieu sec et a\u00e9r\u00e9, afin de pr\u00e9venir la formation de condensation.<br>Tous les tissus peuvent subir un changement de couleur naturel \u00e0 la suite de l\u2019exposition au soleil et\/ou de l\u2019utilisation prolong\u00e9e, il s\u2019agit d\u2019un effet normal et ne doit pas \u00eatre consid\u00e9r\u00e9 comme un d\u00e9faut.<br>Tous les tissus peuvent pr\u00e9senter de l\u00e9g\u00e8res diff\u00e9rences naturelles de couleur par rapport \u00e0 l\u2019\u00e9chantillon, il s\u2019agit d\u2019effets normaux qui ne doivent pas \u00eatre consid\u00e9r\u00e9s comme un d\u00e9faut.<\/p>\n\n\n\n<p><\/p>\n\n\n\n<p><\/p>\n\n\n\n<h6 class=\"wp-block-heading titolo4 fadeOnScreen\"><strong><strong>Le li\u00e8ge<\/strong><\/strong><\/h6>\n\n\n\n<p class=\"mb-3 fadeOnScreen\">Le li\u00e8ge est un mat\u00e9riau 100% \u00e9cologique, naturel et recycl\u00e9, il est souple, \u00e9lastique, isolant, a des propri\u00e9t\u00e9s ignifuges, et peut \u00eatre utilis\u00e9 aussi bien en ext\u00e9rieur (en prenant les m\u00eames mesures et en l\u2019entretenant comme les produits en bois) qu\u2019en int\u00e9rieur.<br>Le mat\u00e9riau est une essence de bois et s&rsquo;\u00e9claircit au soleil, comme sa caract\u00e9ristique naturelle.<br><strong>Pour le nettoyage<\/strong>&nbsp;utiliser un chiffon humide non abrasif. Ne pas utiliser de produits agressifs car le mat\u00e9riau est absorbant et pourrait \u00eatre agress\u00e9.<\/p>\n\n\n\n<p><\/p>\n\n\n\n<p><\/p>\n\n\n\n<h6 class=\"wp-block-heading titolo4 fadeOnScreen\"><strong><strong>Plateaux de table en stratifi\u00e9 compact HPL et Fenix<\/strong><\/strong><\/h6>\n\n\n\n<p class=\"mb-3 fadeOnScreen\">Les lamin\u00e9s compacts HPL sont des panneaux compos\u00e9s de plusieurs couches de mat\u00e9riau en fibre de cellulose, impr\u00e9gn\u00e9s de r\u00e9sines thermodurcissables.<br>Leurs propri\u00e9t\u00e9s m\u00e9caniques et physiques, d\u2019hygi\u00e8ne et de r\u00e9sistance sont optimales.<\/p>\n\n\n\n<p class=\"titolo3_medium_classic fadeOnScreen\">Entretien<\/p>\n\n\n\n<p class=\"fadeOnScreen\">Pour le nettoyage, utilisez du savon liquide neutre dilu\u00e9 dans de l\u2019eau. Nettoyez avec un chiffon doux et humide pour \u00e9viter les rayures. Terminez toujours par un rin\u00e7age \u00e0 l\u2019eau ti\u00e8de et s\u00e9chez avec un chiffon doux et propre pour \u00e9viter les d\u00e9p\u00f4ts de calcaire. Ne laissez pas les plateaux mouill\u00e9s longtemps et essuyez tout liquide renvers\u00e9. N\u2019utilisez pas de produits abrasifs ou agressifs, ni d\u2019\u00e9ponges abrasives ou de brosses.<br>Le mat\u00e9riau peut subir des variations en fonction des modifications des conditions climatiques et thermiques, il est donc possible que des diff\u00e9rences d\u2019alignement se cr\u00e9ent.<br>Pour plus d\u2019informations sur les plateaux Fenix:&nbsp;<a href=\"https:\/\/www.fenixforinteriors.com\/fr-FR\/materiaux\/fenix\" title=\"\">https:\/\/www.fenixforinteriors.com\/fr-FR\/materiaux\/fenix<\/a><\/p>\n\n\n\n<p><\/p>\n\n\n\n<p><\/p>\n\n\n\n<p><\/p>\n\n\n\n<h6 class=\"wp-block-heading titolo4 fadeOnScreen\"><strong><strong>Plateaux en lamell\u00e9 bois<\/strong><\/strong><\/h6>\n\n\n\n<p class=\"titolo3_medium_classic fadeOnScreen\"><strong>Entretien et nettoyage<\/strong><\/p>\n\n\n\n<p class=\"mb-3 fadeOnScreen\">Pour \u00e9viter les griffures utiliser un chiffon souple, sec ou l\u00e9g\u00e8rement humide avec savon liquide neutre dilu\u00e9 dans l&rsquo;eau. N&rsquo;utiliser ni produits abrasifs ni agressifs (pas d&rsquo;ammoniaque, blanchissant, ni d\u00e9tergents contenant acides) et rincer toujours tr\u00e8s bien la surface.<br>ESSUYER TOUT DE SUITE LA SURFACE APR\u00c8S LE NETTOYAGE OU EN CAS DE RENVERSEMENT DE LIQUIDE.<br>LE LAMELL\u00c9 BOIS CRAINT L&rsquo;HUMIDIT\u00c9.<\/p>\n<\/div>\n<\/div><\/div><\/section>\n","protected":false},"excerpt":{"rendered":"","protected":false},"author":1,"featured_media":0,"parent":0,"menu_order":0,"comment_status":"closed","ping_status":"closed","template":"","meta":{"_acf_changed":false,"inline_featured_image":false,"footnotes":""},"class_list":["post-100140","page","type-page","status-publish","hentry"],"acf":[],"yoast_head":"<!-- This site is optimized with the Yoast SEO plugin v24.9 - https:\/\/yoast.com\/wordpress\/plugins\/seo\/ -->\n<title>Mat\u00e9riaux, utilisation et entretien - S\u2022CAB<\/title>\n<meta name=\"description\" content=\"S\u2022CAB - Mat\u00e9riaux, utilisation et entretien - Depuis 1957, S\u2022CAB cr\u00e9e des meubles de qualit\u00e9, durables et Made in Italy. D\u00e9couvrez notre philosophie, notre histoire et nos valeurs.\" \/>\n<meta name=\"robots\" content=\"index, follow, max-snippet:-1, max-image-preview:large, max-video-preview:-1\" \/>\n<link rel=\"canonical\" href=\"https:\/\/www.s-cab.it\/fr\/materiaux-utilisation-et-entretien\/\" \/>\n<meta property=\"og:locale\" content=\"fr_FR\" \/>\n<meta property=\"og:type\" content=\"article\" \/>\n<meta property=\"og:title\" content=\"Mat\u00e9riaux, utilisation et entretien - S\u2022CAB\" \/>\n<meta property=\"og:description\" content=\"S\u2022CAB - Mat\u00e9riaux, utilisation et entretien - Depuis 1957, S\u2022CAB cr\u00e9e des meubles de qualit\u00e9, durables et Made in Italy. D\u00e9couvrez notre philosophie, notre histoire et nos valeurs.\" \/>\n<meta property=\"og:url\" content=\"https:\/\/www.s-cab.it\/fr\/materiaux-utilisation-et-entretien\/\" \/>\n<meta property=\"og:site_name\" content=\"S\u2022CAB\" \/>\n<meta property=\"article:modified_time\" content=\"2025-07-07T13:58:37+00:00\" \/>\n<meta property=\"og:image\" content=\"https:\/\/www.s-cab.it\/wp-content\/uploads\/2024\/11\/scab-manutenzione-3.png\" \/>\n<meta name=\"twitter:card\" content=\"summary_large_image\" \/>\n<meta name=\"twitter:label1\" content=\"Dur\u00e9e de lecture estim\u00e9e\" \/>\n\t<meta name=\"twitter:data1\" content=\"8 minutes\" \/>\n<script type=\"application\/ld+json\" class=\"yoast-schema-graph\">{\"@context\":\"https:\/\/schema.org\",\"@graph\":[{\"@type\":\"WebPage\",\"@id\":\"https:\/\/www.s-cab.it\/fr\/materiaux-utilisation-et-entretien\/\",\"url\":\"https:\/\/www.s-cab.it\/fr\/materiaux-utilisation-et-entretien\/\",\"name\":\"Mat\u00e9riaux, utilisation et entretien - S\u2022CAB\",\"isPartOf\":{\"@id\":\"https:\/\/www.s-cab.it\/fr\/#website\"},\"primaryImageOfPage\":{\"@id\":\"https:\/\/www.s-cab.it\/fr\/materiaux-utilisation-et-entretien\/#primaryimage\"},\"image\":{\"@id\":\"https:\/\/www.s-cab.it\/fr\/materiaux-utilisation-et-entretien\/#primaryimage\"},\"thumbnailUrl\":\"https:\/\/www.s-cab.it\/wp-content\/uploads\/2024\/11\/scab-manutenzione-3.png\",\"datePublished\":\"2024-11-29T10:37:59+00:00\",\"dateModified\":\"2025-07-07T13:58:37+00:00\",\"description\":\"S\u2022CAB - Mat\u00e9riaux, utilisation et entretien - Depuis 1957, S\u2022CAB cr\u00e9e des meubles de qualit\u00e9, durables et Made in Italy. D\u00e9couvrez notre philosophie, notre histoire et nos valeurs.\",\"breadcrumb\":{\"@id\":\"https:\/\/www.s-cab.it\/fr\/materiaux-utilisation-et-entretien\/#breadcrumb\"},\"inLanguage\":\"fr-FR\",\"potentialAction\":[{\"@type\":\"ReadAction\",\"target\":[\"https:\/\/www.s-cab.it\/fr\/materiaux-utilisation-et-entretien\/\"]}]},{\"@type\":\"ImageObject\",\"inLanguage\":\"fr-FR\",\"@id\":\"https:\/\/www.s-cab.it\/fr\/materiaux-utilisation-et-entretien\/#primaryimage\",\"url\":\"https:\/\/www.s-cab.it\/wp-content\/uploads\/2024\/11\/scab-manutenzione-3.png\",\"contentUrl\":\"https:\/\/www.s-cab.it\/wp-content\/uploads\/2024\/11\/scab-manutenzione-3.png\"},{\"@type\":\"BreadcrumbList\",\"@id\":\"https:\/\/www.s-cab.it\/fr\/materiaux-utilisation-et-entretien\/#breadcrumb\",\"itemListElement\":[{\"@type\":\"ListItem\",\"position\":1,\"name\":\"Home\",\"item\":\"https:\/\/www.s-cab.it\/fr\/\"},{\"@type\":\"ListItem\",\"position\":2,\"name\":\"Mat\u00e9riaux, utilisation et entretien\"}]},{\"@type\":\"WebSite\",\"@id\":\"https:\/\/www.s-cab.it\/fr\/#website\",\"url\":\"https:\/\/www.s-cab.it\/fr\/\",\"name\":\"S\u2022CAB\",\"description\":\"\",\"potentialAction\":[{\"@type\":\"SearchAction\",\"target\":{\"@type\":\"EntryPoint\",\"urlTemplate\":\"https:\/\/www.s-cab.it\/fr\/?s={search_term_string}\"},\"query-input\":{\"@type\":\"PropertyValueSpecification\",\"valueRequired\":true,\"valueName\":\"search_term_string\"}}],\"inLanguage\":\"fr-FR\"}]}<\/script>\n<!-- \/ Yoast SEO plugin. -->","yoast_head_json":{"title":"Mat\u00e9riaux, utilisation et entretien - S\u2022CAB","description":"S\u2022CAB - Mat\u00e9riaux, utilisation et entretien - Depuis 1957, S\u2022CAB cr\u00e9e des meubles de qualit\u00e9, durables et Made in Italy. D\u00e9couvrez notre philosophie, notre histoire et nos valeurs.","robots":{"index":"index","follow":"follow","max-snippet":"max-snippet:-1","max-image-preview":"max-image-preview:large","max-video-preview":"max-video-preview:-1"},"canonical":"https:\/\/www.s-cab.it\/fr\/materiaux-utilisation-et-entretien\/","og_locale":"fr_FR","og_type":"article","og_title":"Mat\u00e9riaux, utilisation et entretien - S\u2022CAB","og_description":"S\u2022CAB - Mat\u00e9riaux, utilisation et entretien - Depuis 1957, S\u2022CAB cr\u00e9e des meubles de qualit\u00e9, durables et Made in Italy. D\u00e9couvrez notre philosophie, notre histoire et nos valeurs.","og_url":"https:\/\/www.s-cab.it\/fr\/materiaux-utilisation-et-entretien\/","og_site_name":"S\u2022CAB","article_modified_time":"2025-07-07T13:58:37+00:00","og_image":[{"url":"https:\/\/www.s-cab.it\/wp-content\/uploads\/2024\/11\/scab-manutenzione-3.png","type":"","width":"","height":""}],"twitter_card":"summary_large_image","twitter_misc":{"Dur\u00e9e de lecture estim\u00e9e":"8 minutes"},"schema":{"@context":"https:\/\/schema.org","@graph":[{"@type":"WebPage","@id":"https:\/\/www.s-cab.it\/fr\/materiaux-utilisation-et-entretien\/","url":"https:\/\/www.s-cab.it\/fr\/materiaux-utilisation-et-entretien\/","name":"Mat\u00e9riaux, utilisation et entretien - S\u2022CAB","isPartOf":{"@id":"https:\/\/www.s-cab.it\/fr\/#website"},"primaryImageOfPage":{"@id":"https:\/\/www.s-cab.it\/fr\/materiaux-utilisation-et-entretien\/#primaryimage"},"image":{"@id":"https:\/\/www.s-cab.it\/fr\/materiaux-utilisation-et-entretien\/#primaryimage"},"thumbnailUrl":"https:\/\/www.s-cab.it\/wp-content\/uploads\/2024\/11\/scab-manutenzione-3.png","datePublished":"2024-11-29T10:37:59+00:00","dateModified":"2025-07-07T13:58:37+00:00","description":"S\u2022CAB - Mat\u00e9riaux, utilisation et entretien - Depuis 1957, S\u2022CAB cr\u00e9e des meubles de qualit\u00e9, durables et Made in Italy. D\u00e9couvrez notre philosophie, notre histoire et nos valeurs.","breadcrumb":{"@id":"https:\/\/www.s-cab.it\/fr\/materiaux-utilisation-et-entretien\/#breadcrumb"},"inLanguage":"fr-FR","potentialAction":[{"@type":"ReadAction","target":["https:\/\/www.s-cab.it\/fr\/materiaux-utilisation-et-entretien\/"]}]},{"@type":"ImageObject","inLanguage":"fr-FR","@id":"https:\/\/www.s-cab.it\/fr\/materiaux-utilisation-et-entretien\/#primaryimage","url":"https:\/\/www.s-cab.it\/wp-content\/uploads\/2024\/11\/scab-manutenzione-3.png","contentUrl":"https:\/\/www.s-cab.it\/wp-content\/uploads\/2024\/11\/scab-manutenzione-3.png"},{"@type":"BreadcrumbList","@id":"https:\/\/www.s-cab.it\/fr\/materiaux-utilisation-et-entretien\/#breadcrumb","itemListElement":[{"@type":"ListItem","position":1,"name":"Home","item":"https:\/\/www.s-cab.it\/fr\/"},{"@type":"ListItem","position":2,"name":"Mat\u00e9riaux, utilisation et entretien"}]},{"@type":"WebSite","@id":"https:\/\/www.s-cab.it\/fr\/#website","url":"https:\/\/www.s-cab.it\/fr\/","name":"S\u2022CAB","description":"","potentialAction":[{"@type":"SearchAction","target":{"@type":"EntryPoint","urlTemplate":"https:\/\/www.s-cab.it\/fr\/?s={search_term_string}"},"query-input":{"@type":"PropertyValueSpecification","valueRequired":true,"valueName":"search_term_string"}}],"inLanguage":"fr-FR"}]}},"_links":{"self":[{"href":"https:\/\/www.s-cab.it\/fr\/wp-json\/wp\/v2\/pages\/100140","targetHints":{"allow":["GET"]}}],"collection":[{"href":"https:\/\/www.s-cab.it\/fr\/wp-json\/wp\/v2\/pages"}],"about":[{"href":"https:\/\/www.s-cab.it\/fr\/wp-json\/wp\/v2\/types\/page"}],"author":[{"embeddable":true,"href":"https:\/\/www.s-cab.it\/fr\/wp-json\/wp\/v2\/users\/1"}],"replies":[{"embeddable":true,"href":"https:\/\/www.s-cab.it\/fr\/wp-json\/wp\/v2\/comments?post=100140"}],"version-history":[{"count":3,"href":"https:\/\/www.s-cab.it\/fr\/wp-json\/wp\/v2\/pages\/100140\/revisions"}],"predecessor-version":[{"id":141519,"href":"https:\/\/www.s-cab.it\/fr\/wp-json\/wp\/v2\/pages\/100140\/revisions\/141519"}],"wp:attachment":[{"href":"https:\/\/www.s-cab.it\/fr\/wp-json\/wp\/v2\/media?parent=100140"}],"curies":[{"name":"wp","href":"https:\/\/api.w.org\/{rel}","templated":true}]}}