{"id":147411,"date":"2026-02-11T15:31:29","date_gmt":"2026-02-11T14:31:29","guid":{"rendered":"https:\/\/www.s-cab.it\/?page_id=147411"},"modified":"2026-03-23T09:42:48","modified_gmt":"2026-03-23T08:42:48","slug":"certifications","status":"publish","type":"page","link":"https:\/\/www.s-cab.it\/fr\/certifications\/","title":{"rendered":"Certifications"},"content":{"rendered":"<div id=\"block_9540739548acef107fd00633bc3dafa9-blocco_preview_certificazioni\" class=\" container blocco_preview_certificazioni block_publifarm\" >\n    <div class=\"row\">\n        <div class=\"col-sm-12 fadeOnScreen\">\n            <h1 class=\"blck_title\">Certifications<\/h1>\n            <h2 class=\"sottotitolo titolo2 mainboxtitle\">Certifications d&rsquo;entreprise<\/h2>\n        <\/div>\n                            <div class=\"item col-sm-12 col-lg-4 fadeOnScreen\">\n                    <div class=\"single_box_download\">\n                        <span>\n                            <h2>ISO 9001:2015<\/h2>\n                            <p class=\"standard_text\"><p>La certification ISO 9001 atteste de l&rsquo;engagement de S\u2022CAB \u00e0 garantir des standards de qualit\u00e9 \u00e9lev\u00e9s \u00e0 chaque \u00e9tape du processus de production et \u00e0 assurer la satisfaction du client.<\/p>\n<\/p>\n                        <\/span>\n                        <span class=\"d-flex align-items-baseline justify-content-between\">\n                                                    <a class=\"standard_text_medium standard_cta_animated\" href=\"https:\/\/www.s-cab.it\/wp-content\/uploads\/2026\/03\/Certificate-IT348612-SCAB-GIARDINO-S.P.A-ISO9001-ENG.pdf\" target=\"_blank\">T\u00e9l\u00e9chargez le certificat<\/a>\n                            <img decoding=\"async\" src=\"https:\/\/www.s-cab.it\/wp-content\/uploads\/2026\/02\/BVCER_withAccredia-ISO-9001-BW@2x.png\" \/>\n                        <\/span>\n                    <\/div>\n                <\/div>\n                            <div class=\"item col-sm-12 col-lg-4 fadeOnScreen\">\n                    <div class=\"single_box_download\">\n                        <span>\n                            <h2>ISO 14001:2015<\/h2>\n                            <p class=\"standard_text\"><p>L&rsquo;ISO 14001 certifie la capacit\u00e9 de l&rsquo;entreprise \u00e0 contr\u00f4ler et \u00e0 r\u00e9duire les impacts environnementaux de ses activit\u00e9s de production gr\u00e2ce \u00e0 une approche de \u00ab\u00a0Life Cycle Thinking\u00a0\u00bb.<\/p>\n<\/p>\n                        <\/span>\n                        <span class=\"d-flex align-items-baseline justify-content-between\">\n                                                    <a class=\"standard_text_medium standard_cta_animated\" href=\"https:\/\/www.s-cab.it\/wp-content\/uploads\/2026\/03\/Certificate-IT349136-SCAB-GIARDINO-S.P.A-ISO14001-ENG.pdf\" target=\"_blank\">T\u00e9l\u00e9chargez le certificat<\/a>\n                            <img decoding=\"async\" src=\"https:\/\/www.s-cab.it\/wp-content\/uploads\/2026\/02\/BVCER_withAccredia-ISO-14001-BW@2x.png\" \/>\n                        <\/span>\n                    <\/div>\n                <\/div>\n                            <div class=\"item col-sm-12 col-lg-4 fadeOnScreen\">\n                    <div class=\"single_box_download\">\n                        <span>\n                            <h2>CATAS Member<\/h2>\n                            <p class=\"standard_text\"><p>La certification CATAS garantit la qualit\u00e9 des mati\u00e8res premi\u00e8res et des produits finis S\u2022CAB, assurant la conformit\u00e9 des coques et des structures aux normes europ\u00e9ennes, ainsi qu&rsquo;une r\u00e9sistance m\u00e9canique optimale et \u00e0 la corrosion des m\u00e9taux.<\/p>\n<\/p>\n                        <\/span>\n                        <span class=\"d-flex align-items-baseline justify-content-between\">\n                                                    <a class=\"standard_text_medium standard_cta_animated\" href=\"https:\/\/www.s-cab.it\/fr\/durabilite\/\" target=\"\">D\u00e9couvrez<\/a>\n                            <img decoding=\"async\" src=\"https:\/\/www.s-cab.it\/wp-content\/uploads\/2026\/02\/CATAS-Member-Customers@2x.png\" \/>\n                        <\/span>\n                    <\/div>\n                <\/div>\n                            <div class=\"item col-sm-12 col-lg-4 fadeOnScreen\">\n                    <div class=\"single_box_download\">\n                        <span>\n                            <h2>Politique qualit\u00e9 et environnement<\/h2>\n                            <p class=\"standard_text\"><p>S\u2022CAB a d\u00e9fini une politique int\u00e9gr\u00e9e qui conjugue des objectifs de qualit\u00e9 et des engagements environnementaux, orientant les strat\u00e9gies de l\u2019entreprise vers l\u2019am\u00e9lioration continue et la durabilit\u00e9.<\/p>\n<\/p>\n                        <\/span>\n                        <span class=\"d-flex align-items-baseline justify-content-between\">\n                                                    <a class=\"standard_text_medium standard_cta_animated\" href=\"https:\/\/www.s-cab.it\/en\/quality-and-environmental-policy\/\" target=\"_blank\">D\u00e9couvrez<\/a>\n                            <img decoding=\"async\" src=\"\" \/>\n                        <\/span>\n                    <\/div>\n                <\/div>\n                            <div class=\"item col-sm-12 col-lg-4 fadeOnScreen\">\n                    <div class=\"single_box_download\">\n                        <span>\n                            <h2>Code d&rsquo;\u00e9thique<\/h2>\n                            <p class=\"standard_text\"><p>Le Code d\u2019\u00e9thique de S\u2022CAB d\u00e9finit les principes fondamentaux qui guident l&rsquo;entreprise : int\u00e9grit\u00e9, transparence, respect des personnes et responsabilit\u00e9 environnementale, garantissant que chaque activit\u00e9 est men\u00e9e dans le plein respect de la l\u2019\u00e9galit\u00e9 et de la durabilit\u00e9.<\/p>\n<\/p>\n                        <\/span>\n                        <span class=\"d-flex align-items-baseline justify-content-between\">\n                                                    <a class=\"standard_text_medium standard_cta_animated\" href=\"https:\/\/www.s-cab.it\/wp-content\/uploads\/2025\/07\/250428_Codice-etico-_ENG.pdf\" target=\"_blank\">T\u00e9l\u00e9chargez le Code d\u2019\u00e9thique<\/a>\n                            <img decoding=\"async\" src=\"\" \/>\n                        <\/span>\n                    <\/div>\n                <\/div>\n                            <div class=\"item col-sm-12 col-lg-4 fadeOnScreen\">\n                    <div class=\"single_box_download\">\n                        <span>\n                            <h2>Marque historique<\/h2>\n                            <p class=\"standard_text\"><p>En 2022, S\u2022CAB est inscrite au registre des marques italiennes historiques, une reconnaissance suppl\u00e9mentaire de son engagement envers la qualit\u00e9 et l\u2019innovation.<\/p>\n<\/p>\n                        <\/span>\n                        <span class=\"d-flex align-items-baseline justify-content-between\">\n                                                    <a class=\"standard_text_medium standard_cta_animated\" href=\"\" target=\"\"><\/a>\n                            <img decoding=\"async\" src=\"https:\/\/www.s-cab.it\/wp-content\/uploads\/2026\/02\/Immagine-2@2x.png\" \/>\n                        <\/span>\n                    <\/div>\n                <\/div>\n            \n\n        <div class=\"col-sm-12 fadeOnScreen\">\n            <h2 class=\"sottotitolo titolo2\">Certifications de produits<\/h2>\n        <\/div>\n                            <div class=\"item col-sm-12 col-lg-4 fadeOnScreen\">\n                    <div class=\"single_box_download\">\n                        <span>\n                            <h2>FSC<small class=\"reg\"> \u00ae<\/small><\/h2>\n                            <p class=\"standard_text\"><p>La marque de certification FSC<sup>\u00ae<\/sup> garantit que toute la fili\u00e8re bois-papier certifi\u00e9e pour ses standards d\u00e9coule d\u2019une gestion foresti\u00e8re respectueuse de l\u2019environnement, socialement utile et financi\u00e8rement viable. Demandez nos produits certifi\u00e9s FSC<sup>\u00ae<\/sup>.<\/p>\n<\/p>\n                        <\/span>\n                        <span class=\"d-flex align-items-baseline justify-content-between\">\n                                                    <a class=\"standard_text_medium standard_cta_animated\" href=\"https:\/\/www.s-cab.it\/wp-content\/uploads\/2026\/03\/CSI-COC-004326.pdf\" target=\"_blank\">T\u00e9l\u00e9chargez le certificat<\/a>\n                            <img decoding=\"async\" src=\"https:\/\/www.s-cab.it\/wp-content\/uploads\/2026\/02\/Screenshot-2026-02-11-alle-12.55.18.png\" \/>\n                        <\/span>\n                    <\/div>\n                <\/div>\n                            <div class=\"item col-sm-12 col-lg-4 fadeOnScreen\">\n                    <div class=\"single_box_download\">\n                        <span>\n                            <h2>CATAS<\/h2>\n                            <p class=\"standard_text\"><p>L\u2019indication \u00abCATAS conforme&#8230;\u00bb signifie que le produit a pass\u00e9 avec succ\u00e8s tous les tests pr\u00e9vus par les normes europ\u00e9ennes en vigueur concernant les exigences structurelles et de r\u00e9sistance, pour une utilisation domestique et non domestique.<\/p>\n<\/p>\n                        <\/span>\n                        <span class=\"d-flex align-items-baseline justify-content-between\">\n                                                    <a class=\"standard_text_medium standard_cta_animated\" href=\"\" target=\"\"><\/a>\n                            <img decoding=\"async\" src=\"\" \/>\n                        <\/span>\n                    <\/div>\n                <\/div>\n                            <div class=\"item col-sm-12 col-lg-4 fadeOnScreen\">\n                    <div class=\"single_box_download\">\n                        <span>\n                            <h2>Plastique r\u00e9g\u00e9n\u00e9r\u00e9 certifi\u00e9<\/h2>\n                            <p class=\"standard_text\"><p>La certification ICMQ atteste que les produits de la collection Go Green sont enti\u00e8rement fabriqu\u00e9s \u00e0 partir de plastique r\u00e9g\u00e9n\u00e9r\u00e9 post-consommation industrielle (PCR), sans utilisation de plastique vierge.<\/p>\n<\/p>\n                        <\/span>\n                        <span class=\"d-flex align-items-baseline justify-content-between\">\n                                                    <a class=\"standard_text_medium standard_cta_animated\" href=\"https:\/\/www.s-cab.it\/wp-content\/uploads\/2025\/07\/RE0631-aggiornato-al-26-giugno-2025.pdf\" target=\"_blank\">T\u00e9l\u00e9chargez le certificat<\/a>\n                            <img decoding=\"async\" src=\"https:\/\/www.s-cab.it\/wp-content\/uploads\/2026\/02\/Logo-ICMQ-nero@2x.png\" \/>\n                        <\/span>\n                    <\/div>\n                <\/div>\n                <\/div>\n<\/div>\n\n<style>\n.blocco_preview_certificazioni{\n    h1{\n        margin-bottom: 60px;\n        font-weight:600;\n    }\n    .single_box_download:hover{\n        opacity:1;\n    }\n    .sottotitolo{\n        margin-bottom:44px;\n    }\n    .sottotitolo:not(.mainboxtitle){\n        margin-top:90px;\n    }\n    .item{\n        margin-bottom:46px;\n    }\n    \n    .single_box_download{\n        min-height:100%;\n        margin-left: 0;\n        margin-right: 0;\n    }\n    img{\n        max-height:107px;\n        max-width: 40%;\n    }\n}\n@media screen and (max-width: 1024px) {\n    .blocco_preview_certificazioni{\n        h1{\n            font-size: 3rem;\n        }\n        .single_box_download{\n            max-width:100%;\n        }\n    }\n}\n<\/style>","protected":false},"excerpt":{"rendered":"","protected":false},"author":1,"featured_media":0,"parent":0,"menu_order":0,"comment_status":"closed","ping_status":"closed","template":"","meta":{"_acf_changed":false,"inline_featured_image":false,"footnotes":""},"class_list":["post-147411","page","type-page","status-publish","hentry"],"acf":[],"yoast_head":"<!-- This site is optimized with the Yoast SEO plugin v24.9 - https:\/\/yoast.com\/wordpress\/plugins\/seo\/ -->\n<title>Certifications - S\u2022CAB<\/title>\n<meta name=\"description\" content=\"S\u2022CAB - Certifications - Depuis 1957, S\u2022CAB cr\u00e9e des meubles de qualit\u00e9, durables et Made in Italy. D\u00e9couvrez notre philosophie, notre histoire et nos valeurs.\" \/>\n<meta name=\"robots\" content=\"index, follow, max-snippet:-1, max-image-preview:large, max-video-preview:-1\" \/>\n<link rel=\"canonical\" href=\"https:\/\/www.s-cab.it\/fr\/certifications\/\" \/>\n<meta property=\"og:locale\" content=\"fr_FR\" \/>\n<meta property=\"og:type\" content=\"article\" \/>\n<meta property=\"og:title\" content=\"Certifications - S\u2022CAB\" \/>\n<meta property=\"og:description\" content=\"S\u2022CAB - Certifications - Depuis 1957, S\u2022CAB cr\u00e9e des meubles de qualit\u00e9, durables et Made in Italy. D\u00e9couvrez notre philosophie, notre histoire et nos valeurs.\" \/>\n<meta property=\"og:url\" content=\"https:\/\/www.s-cab.it\/fr\/certifications\/\" \/>\n<meta property=\"og:site_name\" content=\"S\u2022CAB\" \/>\n<meta property=\"article:modified_time\" content=\"2026-03-23T08:42:48+00:00\" \/>\n<meta name=\"twitter:card\" content=\"summary_large_image\" \/>\n<script type=\"application\/ld+json\" class=\"yoast-schema-graph\">{\"@context\":\"https:\/\/schema.org\",\"@graph\":[{\"@type\":\"WebPage\",\"@id\":\"https:\/\/www.s-cab.it\/fr\/certifications\/\",\"url\":\"https:\/\/www.s-cab.it\/fr\/certifications\/\",\"name\":\"Certifications - S\u2022CAB\",\"isPartOf\":{\"@id\":\"https:\/\/www.s-cab.it\/fr\/#website\"},\"datePublished\":\"2026-02-11T14:31:29+00:00\",\"dateModified\":\"2026-03-23T08:42:48+00:00\",\"description\":\"S\u2022CAB - Certifications - Depuis 1957, S\u2022CAB cr\u00e9e des meubles de qualit\u00e9, durables et Made in Italy. D\u00e9couvrez notre philosophie, notre histoire et nos valeurs.\",\"breadcrumb\":{\"@id\":\"https:\/\/www.s-cab.it\/fr\/certifications\/#breadcrumb\"},\"inLanguage\":\"fr-FR\",\"potentialAction\":[{\"@type\":\"ReadAction\",\"target\":[\"https:\/\/www.s-cab.it\/fr\/certifications\/\"]}]},{\"@type\":\"BreadcrumbList\",\"@id\":\"https:\/\/www.s-cab.it\/fr\/certifications\/#breadcrumb\",\"itemListElement\":[{\"@type\":\"ListItem\",\"position\":1,\"name\":\"Home\",\"item\":\"https:\/\/www.s-cab.it\/fr\/\"},{\"@type\":\"ListItem\",\"position\":2,\"name\":\"Certifications\"}]},{\"@type\":\"WebSite\",\"@id\":\"https:\/\/www.s-cab.it\/fr\/#website\",\"url\":\"https:\/\/www.s-cab.it\/fr\/\",\"name\":\"S\u2022CAB\",\"description\":\"\",\"potentialAction\":[{\"@type\":\"SearchAction\",\"target\":{\"@type\":\"EntryPoint\",\"urlTemplate\":\"https:\/\/www.s-cab.it\/fr\/?s={search_term_string}\"},\"query-input\":{\"@type\":\"PropertyValueSpecification\",\"valueRequired\":true,\"valueName\":\"search_term_string\"}}],\"inLanguage\":\"fr-FR\"}]}<\/script>\n<!-- \/ Yoast SEO plugin. -->","yoast_head_json":{"title":"Certifications - S\u2022CAB","description":"S\u2022CAB - Certifications - Depuis 1957, S\u2022CAB cr\u00e9e des meubles de qualit\u00e9, durables et Made in Italy. D\u00e9couvrez notre philosophie, notre histoire et nos valeurs.","robots":{"index":"index","follow":"follow","max-snippet":"max-snippet:-1","max-image-preview":"max-image-preview:large","max-video-preview":"max-video-preview:-1"},"canonical":"https:\/\/www.s-cab.it\/fr\/certifications\/","og_locale":"fr_FR","og_type":"article","og_title":"Certifications - S\u2022CAB","og_description":"S\u2022CAB - Certifications - Depuis 1957, S\u2022CAB cr\u00e9e des meubles de qualit\u00e9, durables et Made in Italy. D\u00e9couvrez notre philosophie, notre histoire et nos valeurs.","og_url":"https:\/\/www.s-cab.it\/fr\/certifications\/","og_site_name":"S\u2022CAB","article_modified_time":"2026-03-23T08:42:48+00:00","twitter_card":"summary_large_image","schema":{"@context":"https:\/\/schema.org","@graph":[{"@type":"WebPage","@id":"https:\/\/www.s-cab.it\/fr\/certifications\/","url":"https:\/\/www.s-cab.it\/fr\/certifications\/","name":"Certifications - S\u2022CAB","isPartOf":{"@id":"https:\/\/www.s-cab.it\/fr\/#website"},"datePublished":"2026-02-11T14:31:29+00:00","dateModified":"2026-03-23T08:42:48+00:00","description":"S\u2022CAB - Certifications - Depuis 1957, S\u2022CAB cr\u00e9e des meubles de qualit\u00e9, durables et Made in Italy. D\u00e9couvrez notre philosophie, notre histoire et nos valeurs.","breadcrumb":{"@id":"https:\/\/www.s-cab.it\/fr\/certifications\/#breadcrumb"},"inLanguage":"fr-FR","potentialAction":[{"@type":"ReadAction","target":["https:\/\/www.s-cab.it\/fr\/certifications\/"]}]},{"@type":"BreadcrumbList","@id":"https:\/\/www.s-cab.it\/fr\/certifications\/#breadcrumb","itemListElement":[{"@type":"ListItem","position":1,"name":"Home","item":"https:\/\/www.s-cab.it\/fr\/"},{"@type":"ListItem","position":2,"name":"Certifications"}]},{"@type":"WebSite","@id":"https:\/\/www.s-cab.it\/fr\/#website","url":"https:\/\/www.s-cab.it\/fr\/","name":"S\u2022CAB","description":"","potentialAction":[{"@type":"SearchAction","target":{"@type":"EntryPoint","urlTemplate":"https:\/\/www.s-cab.it\/fr\/?s={search_term_string}"},"query-input":{"@type":"PropertyValueSpecification","valueRequired":true,"valueName":"search_term_string"}}],"inLanguage":"fr-FR"}]}},"_links":{"self":[{"href":"https:\/\/www.s-cab.it\/fr\/wp-json\/wp\/v2\/pages\/147411","targetHints":{"allow":["GET"]}}],"collection":[{"href":"https:\/\/www.s-cab.it\/fr\/wp-json\/wp\/v2\/pages"}],"about":[{"href":"https:\/\/www.s-cab.it\/fr\/wp-json\/wp\/v2\/types\/page"}],"author":[{"embeddable":true,"href":"https:\/\/www.s-cab.it\/fr\/wp-json\/wp\/v2\/users\/1"}],"replies":[{"embeddable":true,"href":"https:\/\/www.s-cab.it\/fr\/wp-json\/wp\/v2\/comments?post=147411"}],"version-history":[{"count":17,"href":"https:\/\/www.s-cab.it\/fr\/wp-json\/wp\/v2\/pages\/147411\/revisions"}],"predecessor-version":[{"id":148286,"href":"https:\/\/www.s-cab.it\/fr\/wp-json\/wp\/v2\/pages\/147411\/revisions\/148286"}],"wp:attachment":[{"href":"https:\/\/www.s-cab.it\/fr\/wp-json\/wp\/v2\/media?parent=147411"}],"curies":[{"name":"wp","href":"https:\/\/api.w.org\/{rel}","templated":true}]}}