{"id":75410,"date":"2024-11-14T16:33:42","date_gmt":"2024-11-14T15:33:42","guid":{"rendered":"https:\/\/www.s-cab.it\/mondi-indoor\/"},"modified":"2026-03-04T10:10:36","modified_gmt":"2026-03-04T09:10:36","slug":"mondes-interieur","status":"publish","type":"page","link":"https:\/\/www.s-cab.it\/fr\/mondes-interieur\/","title":{"rendered":"Int\u00e9rieur"},"content":{"rendered":"<div id=\"block_77dcf4c5debe47a25ae5200e6d2eda95-blocco_header_mondi\" class=\" extra_title fadeOnScreen container-fluid blocco_header_mondi block_publifarm\" style=\"background-color:#c75c24\">\nL\u2019int\u00e9rieur <br\/> c\u2019est le bien-\u00eatre\n<\/div>\n\n\n<div style=\"height:76px\" aria-hidden=\"true\" class=\"wp-block-spacer\"><\/div>\n\n\n<div class=\"container-fluid-custom container-fluid blocco_immagini_sfalsate fadeOnScreen\" id=\"block_037c71bd76f8e4f8f756f0b431979f16\">\n<div class=\"row img_anteprima_extra allinemento_regolare griglia-grande\">\n\t\t\t\t\t\t<div class=\"d-flex flex-column justify-content-start  col col-sm-12 col-md-4  wrp_immagine_di_anteprima_1 testo-immagine allinemento_basso\">\n\n\t\t\t\t\t\t\t\t\t\t\t\t\t\t<a href=\"https:\/\/www.s-cab.it\/fr\/selection\/flap-fr\/\">\n\t\t\t\t\t\t\n\t\t\t\t\t\t\t<div class=\"d-flex blocco_1\">\n\t\t\t\t\t\t\t\t\t\t\t\t\t\t\t\t\t\t\t\t\t\t\t<\/div>\n\t\t\t\t\t\t\t\n\t\t\t\t\t\t\t\n\n\t\t\t\t\t\t\t                                    <div class=\"fadeOnScreen yt-embed-img_anteprima_1 blocco_immagini_sfalsate_video\" >\n    <video  width=\"560\" height=\"315\" autoplay loop muted playsinline style=\"pointer-events: none;\" class=\"html5_video_player\">\n        <source src=\"https:\/\/www.s-cab.it\/wp-content\/uploads\/2025\/03\/scab-mondi-indoor-flapaccessorio.mp4\" type=\"video\/mp4\" \/>\n    <\/video>\n    <div class=\"yt-embed-overlay\"><\/div>\n    \n    <\/div>\t\t\t\t\t\t\t\n\t\t\t\t\t\t\t\t\t\t\t\t\t\t\t<\/a>\n\t\t\t\t\t\t\t\t\t\t\t\t\t<\/div>\n\t\t\t\t\t\t<div class=\"  col col-sm-12 col-md-2 \">\n\t\t\t\t\t\t<\/div>\n\t\t\t\t\t\t\n\t\t\t\t\t\t<div class=\"d-flex flex-column justify-content-start align-items-baseline  col col-sm-12 col-md-6 wrp_immagine_di_anteprima_2 immagine-testo allinemento_alto\">\n\t\t\t\t\t\t\t\t\t\t\t\t\t\t<a class=\"blocco_1b\" href=\"https:\/\/www.s-cab.it\/fr\/selection\/flap-fr\/\">\n\t\t\t\t\t\t\t\t\t\t\t\t\t\t\t\t\t\t\t\t<div class=\"img_wrp\" style=\"position:relative; overflow:hidden;\">\n\t\t\t\t\t\t\t<img decoding=\"async\" class=\"fadeOnScreen align-self-end\" src=\"https:\/\/www.s-cab.it\/wp-content\/uploads\/2024\/11\/mondi-indoor_01.webp\" srcset=\"https:\/\/www.s-cab.it\/wp-content\/uploads\/2024\/11\/mondi-indoor_01.webp\" \/>\n\t\t\t\t\t\t\t<\/div>\n\t\t\t\t\t\t\t\t\t\t\t\t\t\t<div class=\"d-flex blocco_2b\">\n\t\t\t\t\t\t\t\t\t\t\t\t\t\t\t\t<h4 class=\"titolo4 fadeOnScreen\">Collection Flap<\/h4>\n\t\t\t\t\t\t\t\t\t\t\t\t\t\t\t\t\t\t\t\t\t\t\t\t<p class=\"standard_text fadeOnScreen\">Design <br\/>Meneghello Paolelli<\/p>\n\t\t\t\t\t\t\t\t\t\t\t\t\t\t\t<\/div>\n\t\t\t\t\t\t\t\t\t\t\t\t\t\t\t<\/a>\n\t\t\t\t\t\t\t\t\t\t\t\t\t<\/div>\n\t\t\t\t\t\t\n\t\t\t\t\t<\/div>\n\t\t\t\t<\/div>\n\n\t\t\t\t\n\n\n<div style=\"height:62px\" aria-hidden=\"true\" class=\"wp-block-spacer\"><\/div>\n\n\n\n<h4 class=\"wp-block-heading titolo4 container-fluid\">Plus de 60 ans d&rsquo;histoire au service de l&rsquo;ameublement &#8211; Avec plus de soixante ans d&rsquo;exp\u00e9rience, les collections de S\u2022CAB r\u00e9pondent aux besoins et aux go\u00fbts contemporains, offrant une large gamme de solutions dans les secteurs commerciaux, h\u00f4teliers et r\u00e9sidentiels.<\/h4>\n\n\n<div id=\"block_d1f01b2304efeb2c2ddab5d3fd3fddc9-blocco_video_banner\" class=\" fadeOnScreen container-fluid blocco_video_banner block_publifarm   video_background_mp4  \" >\n    <div class=\"row video_wrp d-flex flex-wrap justify-content-center align-items-center\">\n\n        <div class=\"cover_img cover_img_has_overlay_ d-flex justify-content-center align-items-center\" style=\"background-image:url(https:\/\/www.s-cab.it\/wp-content\/uploads\/2024\/11\/scab-mondi-indoor-mentha-1920x1080-1-scaled.jpg);\">\n           <\/div>\n    \n\t      <div class=\"fadeOnScreen yt-embed-img_anteprima_1 blocco_immagini_sfalsate_video\" >\n    <video  width=\"560\" height=\"315\" autoplay loop muted playsinline style=\"pointer-events: none;\" class=\"html5_video_player\">\n        <source src=\"https:\/\/www.s-cab.it\/wp-content\/uploads\/2025\/02\/scab-mondi-indoor-mentha-1920x1080-1.mp4\" type=\"video\/mp4\" \/>\n    <\/video>\n    <div class=\"yt-embed-overlay\"><\/div>\n    \n    <\/div>    \n    <\/div>\n\t\n<\/div>\n\n\n<section class=\"wp-block-evidenzio-columns has-background\" style=\"background-color:#fafaf7\"><div class=\"container-fluid\"><div class=\"row\">\n<div class=\"wp-block-evidenzio-column col-12 col-md-12 col-lg\">\n<div style=\"height:61px\" aria-hidden=\"true\" class=\"wp-block-spacer\"><\/div>\n\n\n\n<section class=\"wp-block-evidenzio-columns\"><div class=\"container\"><div class=\"row\">\n<div class=\"wp-block-evidenzio-column col-12 col-md-12 col-lg\">\n<p class=\"standard_text_medium\">La collaboration avec des designers italiens et internationaux a fa\u00e7onn\u00e9 au fil du temps les traits d&rsquo;une identit\u00e9 d&rsquo;entreprise unique et intrins\u00e8quement moderne qui met l&rsquo;accent sur la performance fonctionnelle, l&rsquo;\u00e9l\u00e9gance d\u00e9contract\u00e9e et la polyvalence. L&rsquo;accent mis sur les nouveaux mat\u00e9riaux et les vastes possibilit\u00e9s de personnalisation constituent un atout suppl\u00e9mentaire capable de r\u00e9pondre aux besoins d&rsquo;une demande diversifi\u00e9e et en constante \u00e9volution.<\/p>\n<\/div>\n\n\n\n<div class=\"wp-block-evidenzio-column col-12 col-md-12 col-lg\"><\/div>\n\n\n\n<div class=\"wp-block-evidenzio-column col-12 col-md-12 col-lg\"><\/div>\n<\/div><\/div><\/section>\n<\/div>\n<\/div><\/div><\/section>\n\n\n\n<section class=\"wp-block-evidenzio-columns has-background\" style=\"background-color:#fafaf7\"><div class=\"container-fluid\"><div class=\"row\">\n<div class=\"wp-block-evidenzio-column col-12 col-md-12 col-lg has-colore-tema-2-background-color has-background\">\n<div style=\"height:61px\" aria-hidden=\"true\" class=\"wp-block-spacer\"><\/div>\n\n\n<div id=\"block_56cecfde83df09d8200edbf36ea26733-blocco_scrolllaterale\" class=\" fadeOnScreen blocco_scrollalterale block_publifarm\" >\n    <div class=\"  scrollpannel\">\n    <div class=\"scroll_container\">\n    <!-- start container -->\n        <div class=\"first_panel panel \">\n  \n                               \n            <a href=\"https:\/\/www.s-cab.it\/fr\/selection\/atomo-fr\/\" class=\"d-flex flex-column justify-content-start  col col-sm-12 col-md-6  wrp_immagine_di_anteprima_1 testo-immagine allinemento_alto\">\n                                <div class=\"d-flex title_wrp\">\n                                                                        <h4 class=\"titolo4 fadeOnScreen\">Collection Atomo<\/h4>\n                                                                                                            <p class=\"standard_text fadeOnScreen\">Design<br\/>Spalvieri &#038; Del Ciotto<\/p>\n                                                                    <\/div>\n                                                                     <img decoding=\"async\" loading=\"lazy\" class=\"fadeOnScreen align-self-end\" src=\"https:\/\/www.s-cab.it\/wp-content\/uploads\/2024\/11\/mondi-indoor-mentha_01.webp\" srcset=\"https:\/\/www.s-cab.it\/wp-content\/uploads\/2024\/11\/mondi-indoor-mentha_01.webp\" \/>\n                                \n                                \n                                \n            <\/a>\n            <div class=\"  col col-sm-12 col-md-2\">\n            <\/div>\t\t\t\t\t\n            <a href=\"https:\/\/www.s-cab.it\/fr\/selection\/koala-fr\/\" class=\"d-flex flex-column justify-content-start align-items-baseline col col-sm-12 col-md-4 wrp_immagine_di_anteprima_2 immagine-testo allinemento_basso\">\n                                    <img decoding=\"async\" loading=\"lazy\" class=\"fadeOnScreen align-self-end\" src=\"https:\/\/www.s-cab.it\/wp-content\/uploads\/2025\/04\/mondi-indoor-koala_01.webp\" srcset=\"https:\/\/www.s-cab.it\/wp-content\/uploads\/2025\/04\/mondi-indoor-koala_01.webp\" \/>\n                                  <div class=\"d-flex title_wrp\">\n                                         <h4 class=\"titolo4 fadeOnScreen\">Collection<br\/>Koala<\/h4>\n                                                             <p class=\"standard_text fadeOnScreen\">Design<br\/>Zaven<\/p>\n                                      <\/div>\n            <\/a>\n        <\/div>\n\n            <div class=\"second_panel panel row\">\n               <a href=\"https:\/\/www.s-cab.it\/fr\/selection\/koala-fr\/\" class=\"d-flex flex-column justify-content-start  col col-sm-12 col-md-4  wrp_immagine_di_anteprima_1\">\n                                                                    <div class=\"fadeOnScreen yt-embed-img_anteprima_1 blocco_immagini_sfalsate_video\" >\n    <video  width=\"560\" height=\"315\" autoplay loop muted playsinline style=\"pointer-events: none;\" class=\"html5_video_player\">\n        <source src=\"https:\/\/www.s-cab.it\/wp-content\/uploads\/2024\/12\/videoplayback-1.mp4\" type=\"video\/mp4\" \/>\n    <\/video>\n    <div class=\"yt-embed-overlay\"><\/div>\n    \n    <\/div>                                                                 <div class=\"d-flex title_wrp\">\n                                                                        <h4 class=\"titolo4 fadeOnScreen\">Collection<br\/>Si-Si Bold<\/h4>\n                                                                                                            <p class=\"standard_text fadeOnScreen\">Design<br\/>Maneghello Paolleli<\/p>\n                                                                    <\/div>\n                <\/a>\n            <div class=\"  col col-sm-12 col-md-1\">\n            <\/div>\t\t\t\t\t\n                <a href=\"https:\/\/www.s-cab.it\/fr\/\/selection\/si-si-fr\/\" class=\"d-flex flex-column justify-content-start align-items-baseline col col-sm-12 col-md-7 wrp_immagine_di_anteprima_2 \">\n                                                                <img decoding=\"async\" loading=\"lazy\" class=\"fadeOnScreen align-self-end\" src=\"https:\/\/www.s-cab.it\/wp-content\/uploads\/2026\/03\/Set04_Koala-Caffe_v01_02_low.webp\" srcset=\"https:\/\/www.s-cab.it\/wp-content\/uploads\/2026\/03\/Set04_Koala-Caffe_v01_02_low.webp\" \/>\n                                                                <div class=\"d-flex title_wrp\">\n                                                                                                        <\/div>\n                 <\/a>\n        <\/div>\n<!-- end container -->\n        <\/div>\n    <\/div>\n<\/div>\n\n\n<div style=\"height:61px\" aria-hidden=\"true\" class=\"wp-block-spacer\"><\/div>\n<\/div>\n<\/div><\/div><\/section>\n\n\n\n<div style=\"height:61px\" aria-hidden=\"true\" class=\"wp-block-spacer\"><\/div>\n\n\n\n<h4 class=\"wp-block-heading has-text-align-center titolo4 container-fluid\">Le go\u00fbt de la qualit\u00e9 <\/h4>\n\n\n\n<div style=\"height:60px\" aria-hidden=\"true\" class=\"wp-block-spacer\"><\/div>\n\n\n\n<h4 class=\"wp-block-heading has-text-align-left titolo4 container-fluid\">Fi\u00e8rement Fabriqu\u00e9 en Italie, le mobilier S\u2022CAB est enti\u00e8rement produit dans les usines de l&rsquo;entreprise afin de garantir une qualit\u00e9 contr\u00f4l\u00e9e tout au long de la cha\u00eene de production. Au-del\u00e0 de l&rsquo;\u00e9ph\u00e9m\u00e9rit\u00e9 d&rsquo;une mode, les propositions de S\u2022CAB embrassent une vision holistique de la durabilit\u00e9 et un mod\u00e8le de consommation conscient fait pour durer.<\/h4>\n\n\n\n<div style=\"height:121px\" aria-hidden=\"true\" class=\"wp-block-spacer\"><\/div>\n\n\n\n<section class=\"wp-block-evidenzio-columns\"><div class=\"container-fluid\"><div class=\"row\">\n<div class=\"wp-block-evidenzio-column col-12 col-md-12 col-lg\"><div id=\"block_db0df986809ebe51949995143bd231d1-blocco_slider_imgs\" class=\" extra_title fadeOnScreen container-fluid blocco_slider_imgs block_publifarm\">\n\t\t\t\t\t<div class=\"row\">\n\t\t\t\t\t\t<div class=\" blocco_slider_imgs_wrp col col-sm-12 col-md-12 swiper\">\n\t\t\t\t\t\t\t<div class=\"swiper-wrapper\">\n\t\t\t\t\t\t\t\t\t\t\t\t\t\t\t\t\t<img decoding=\"async\" loading=\"lazy\" class=\"swiper-slide\" src=\"https:\/\/www.s-cab.it\/wp-content\/uploads\/2025\/12\/Set03_Koala-Ristorante_v01_03.webp\" \/>\n\t\t\t\t\t\t\t\t\t\t\t\t\t\t\t\t\t<img decoding=\"async\" loading=\"lazy\" class=\"swiper-slide\" src=\"https:\/\/www.s-cab.it\/wp-content\/uploads\/2024\/11\/mondi-indoor-gallery_02.webp\" \/>\n\t\t\t\t\t\t\t\t\t\t\t\t\t\t\t\t\t<img decoding=\"async\" loading=\"lazy\" class=\"swiper-slide\" src=\"https:\/\/www.s-cab.it\/wp-content\/uploads\/2024\/11\/mondi-indoor-gallery_03.webp\" \/>\n\t\t\t\t\t\t\t\t\t\t\t\t\t\t\t\t\t<img decoding=\"async\" loading=\"lazy\" class=\"swiper-slide\" src=\"https:\/\/www.s-cab.it\/wp-content\/uploads\/2024\/11\/mondi-indoor-gallery_04.webp\" \/>\n\t\t\t\t\t\t\t\t\t\t\t\t\t\t\t\t\t<img decoding=\"async\" loading=\"lazy\" class=\"swiper-slide\" src=\"https:\/\/www.s-cab.it\/wp-content\/uploads\/2024\/12\/mondi-indoor-gallery_06.webp\" \/>\n\t\t\t\t\t\t\t\t\t\t\t\t\t\t\t\t\t<img decoding=\"async\" loading=\"lazy\" class=\"swiper-slide\" src=\"https:\/\/www.s-cab.it\/wp-content\/uploads\/2024\/12\/mondi-indoor-gallery_08.webp\" \/>\n\t\t\t\t\t\t\t\t\t\t\t\t\t\t\t\t\t<img decoding=\"async\" loading=\"lazy\" class=\"swiper-slide\" src=\"https:\/\/www.s-cab.it\/wp-content\/uploads\/2024\/12\/mondi-indoor-gallery_09.webp\" \/>\n\t\t\t\t\t\t\t\t\t\t\t\t\t\t\t\t\t<img decoding=\"async\" loading=\"lazy\" class=\"swiper-slide\" src=\"https:\/\/www.s-cab.it\/wp-content\/uploads\/2024\/12\/mondi-indoor-gallery_10.webp\" \/>\n\t\t\t\t\t\t\t\t\t\t\t\t\t\t\t\t\t<img decoding=\"async\" loading=\"lazy\" class=\"swiper-slide\" src=\"https:\/\/www.s-cab.it\/wp-content\/uploads\/2024\/12\/mondi-indoor-gallery_12.webp\" \/>\n\t\t\t\t\t\t\t\t\t\t\t\t\t\t\t<\/div>\n\t\t\t\t\t\t<\/div>\n\t\t\t\t\t<\/div>\n<\/div><\/div>\n<\/div><\/div><\/section>\n\n\n\n<section class=\"wp-block-evidenzio-columns has-background\" style=\"background-color:#fafaf7\"><div class=\"container-fluid\"><div class=\"row\">\n<div class=\"wp-block-evidenzio-column col-12 col-md-12 col-lg\">\n<div style=\"height:100px\" aria-hidden=\"true\" class=\"wp-block-spacer\"><\/div>\n\n\n<div class=\" container-fluid blocco_immagini_sfalsate fadeOnScreen\" id=\"block_9f646ba6e6549365ccf202361761e55d\">\n<div class=\"row img_anteprima_extra allinemento_regolare griglia-grande\">\n\t\t\t\t\t\t<div class=\"d-flex flex-column justify-content-start  col col-sm-12 col-md-4  wrp_immagine_di_anteprima_1 immagine-testo allinemento_alto\">\n\n\t\t\t\t\t\t\t\t\t\t\t\t\t\t<a href=\"https:\/\/www.s-cab.it\/fr\/selection\/dress_code-fr\/\">\n\t\t\t\t\t\t\n\t\t\t\t\t\t\t<div class=\"d-flex blocco_1\">\n\t\t\t\t\t\t\t\t\t\t\t\t\t\t\t\t<h4 class=\"titolo4 fadeOnScreen\">Collection Dress_Code<\/h4>\n\t\t\t\t\t\t\t\t\t\t\t\t\t\t\t\t\t\t\t\t\t\t\t\t<p class=\"standard_text fadeOnScreen\">Design<br\/>gumdesign<\/p>\n\t\t\t\t\t\t\t\t\t\t\t\t\t\t\t<\/div>\n\t\t\t\t\t\t\t\n\t\t\t\t\t\t\t\n\n\t\t\t\t\t\t\t\t\t\t\t\t\t\t<div class=\"img_wrp blocco_2\" style=\"position:relative; overflow:hidden;\">\n\t\t\t\t\t\t\t\t<img decoding=\"async\" class=\"fadeOnScreen align-self-end\" src=\"https:\/\/www.s-cab.it\/wp-content\/uploads\/2025\/04\/mondi-indoor-dresscode_03-1.webp\" srcset=\"https:\/\/www.s-cab.it\/wp-content\/uploads\/2025\/04\/mondi-indoor-dresscode_03-1.webp\" \/>\n\t\t\t\t\t\t\t<\/div>\n\t\t\t\t\t\t\t\n\t\t\t\t\t\t\t\t\t\t\t\t\t\t\t<\/a>\n\t\t\t\t\t\t\t\t\t\t\t\t\t<\/div>\n\t\t\t\t\t\t<div class=\"  col col-sm-12 col-md-2 \">\n\t\t\t\t\t\t<\/div>\n\t\t\t\t\t\t\n\t\t\t\t\t\t<div class=\"d-flex flex-column justify-content-start align-items-baseline  col col-sm-12 col-md-6 wrp_immagine_di_anteprima_2 testo-immagine allinemento_basso\">\n\t\t\t\t\t\t\t\t\t\t\t\t\t\t<a class=\"blocco_1b\" href=\"https:\/\/www.s-cab.it\/fr\/\/selection\/mentha-fr\/\">\n\t\t\t\t\t\t\t\t\t\t\t\t\t\t\t\t\t\t\t\t<div class=\"img_wrp\" style=\"position:relative; overflow:hidden;\">\n\t\t\t\t\t\t\t<img decoding=\"async\" class=\"fadeOnScreen align-self-end\" src=\"https:\/\/www.s-cab.it\/wp-content\/uploads\/2024\/11\/mondi-indoor-mentha_03.webp\" srcset=\"https:\/\/www.s-cab.it\/wp-content\/uploads\/2024\/11\/mondi-indoor-mentha_03.webp\" \/>\n\t\t\t\t\t\t\t<\/div>\n\t\t\t\t\t\t\t\t\t\t\t\t\t\t<div class=\"d-flex blocco_2b\">\n\t\t\t\t\t\t\t\t\t\t\t\t\t\t\t\t<h4 class=\"titolo4 fadeOnScreen\">Collection Mentha<\/h4>\n\t\t\t\t\t\t\t\t\t\t\t\t\t\t\t\t\t\t\t\t\t\t\t\t<p class=\"standard_text fadeOnScreen\">Design<br\/>Archirivolto<\/p>\n\t\t\t\t\t\t\t\t\t\t\t\t\t\t\t<\/div>\n\t\t\t\t\t\t\t\t\t\t\t\t\t\t\t<\/a>\n\t\t\t\t\t\t\t\t\t\t\t\t\t<\/div>\n\t\t\t\t\t\t\n\t\t\t\t\t<\/div>\n\t\t\t\t<\/div>\n\n\t\t\t\t\n\n\n<div style=\"height:133px\" aria-hidden=\"true\" class=\"wp-block-spacer\"><\/div>\n<\/div>\n<\/div><\/div><\/section>\n","protected":false},"excerpt":{"rendered":"<p>Plus de 60 ans d&rsquo;histoire au service de l&rsquo;ameublement &#8211;&#8230;<\/p>\n","protected":false},"author":1,"featured_media":0,"parent":0,"menu_order":0,"comment_status":"closed","ping_status":"closed","template":"","meta":{"_acf_changed":false,"inline_featured_image":false,"footnotes":""},"class_list":["post-75410","page","type-page","status-publish","hentry"],"acf":[],"yoast_head":"<!-- This site is optimized with the Yoast SEO plugin v24.9 - https:\/\/yoast.com\/wordpress\/plugins\/seo\/ -->\n<title>Int\u00e9rieur - S\u2022CAB<\/title>\n<meta name=\"description\" content=\"S\u2022CAB - Int\u00e9rieur - Depuis 1957, S\u2022CAB cr\u00e9e des meubles de qualit\u00e9, durables et Made in Italy. D\u00e9couvrez notre philosophie, notre histoire et nos valeurs.\" \/>\n<meta name=\"robots\" content=\"index, follow, max-snippet:-1, max-image-preview:large, max-video-preview:-1\" \/>\n<link rel=\"canonical\" href=\"https:\/\/www.s-cab.it\/fr\/mondes-interieur\/\" \/>\n<meta property=\"og:locale\" content=\"fr_FR\" \/>\n<meta property=\"og:type\" content=\"article\" \/>\n<meta property=\"og:title\" content=\"Int\u00e9rieur - S\u2022CAB\" \/>\n<meta property=\"og:description\" content=\"S\u2022CAB - Int\u00e9rieur - Depuis 1957, S\u2022CAB cr\u00e9e des meubles de qualit\u00e9, durables et Made in Italy. D\u00e9couvrez notre philosophie, notre histoire et nos valeurs.\" \/>\n<meta property=\"og:url\" content=\"https:\/\/www.s-cab.it\/fr\/mondes-interieur\/\" \/>\n<meta property=\"og:site_name\" content=\"S\u2022CAB\" \/>\n<meta property=\"article:modified_time\" content=\"2026-03-04T09:10:36+00:00\" \/>\n<meta name=\"twitter:card\" content=\"summary_large_image\" \/>\n<meta name=\"twitter:label1\" content=\"Dur\u00e9e de lecture estim\u00e9e\" \/>\n\t<meta name=\"twitter:data1\" content=\"1 minute\" \/>\n<script type=\"application\/ld+json\" class=\"yoast-schema-graph\">{\"@context\":\"https:\/\/schema.org\",\"@graph\":[{\"@type\":\"WebPage\",\"@id\":\"https:\/\/www.s-cab.it\/fr\/mondes-interieur\/\",\"url\":\"https:\/\/www.s-cab.it\/fr\/mondes-interieur\/\",\"name\":\"Int\u00e9rieur - S\u2022CAB\",\"isPartOf\":{\"@id\":\"https:\/\/www.s-cab.it\/fr\/#website\"},\"datePublished\":\"2024-11-14T15:33:42+00:00\",\"dateModified\":\"2026-03-04T09:10:36+00:00\",\"description\":\"S\u2022CAB - Int\u00e9rieur - Depuis 1957, S\u2022CAB cr\u00e9e des meubles de qualit\u00e9, durables et Made in Italy. D\u00e9couvrez notre philosophie, notre histoire et nos valeurs.\",\"breadcrumb\":{\"@id\":\"https:\/\/www.s-cab.it\/fr\/mondes-interieur\/#breadcrumb\"},\"inLanguage\":\"fr-FR\",\"potentialAction\":[{\"@type\":\"ReadAction\",\"target\":[\"https:\/\/www.s-cab.it\/fr\/mondes-interieur\/\"]}]},{\"@type\":\"BreadcrumbList\",\"@id\":\"https:\/\/www.s-cab.it\/fr\/mondes-interieur\/#breadcrumb\",\"itemListElement\":[{\"@type\":\"ListItem\",\"position\":1,\"name\":\"Home\",\"item\":\"https:\/\/www.s-cab.it\/fr\/\"},{\"@type\":\"ListItem\",\"position\":2,\"name\":\"Int\u00e9rieur\"}]},{\"@type\":\"WebSite\",\"@id\":\"https:\/\/www.s-cab.it\/fr\/#website\",\"url\":\"https:\/\/www.s-cab.it\/fr\/\",\"name\":\"S\u2022CAB\",\"description\":\"\",\"potentialAction\":[{\"@type\":\"SearchAction\",\"target\":{\"@type\":\"EntryPoint\",\"urlTemplate\":\"https:\/\/www.s-cab.it\/fr\/?s={search_term_string}\"},\"query-input\":{\"@type\":\"PropertyValueSpecification\",\"valueRequired\":true,\"valueName\":\"search_term_string\"}}],\"inLanguage\":\"fr-FR\"}]}<\/script>\n<!-- \/ Yoast SEO plugin. -->","yoast_head_json":{"title":"Int\u00e9rieur - S\u2022CAB","description":"S\u2022CAB - Int\u00e9rieur - Depuis 1957, S\u2022CAB cr\u00e9e des meubles de qualit\u00e9, durables et Made in Italy. D\u00e9couvrez notre philosophie, notre histoire et nos valeurs.","robots":{"index":"index","follow":"follow","max-snippet":"max-snippet:-1","max-image-preview":"max-image-preview:large","max-video-preview":"max-video-preview:-1"},"canonical":"https:\/\/www.s-cab.it\/fr\/mondes-interieur\/","og_locale":"fr_FR","og_type":"article","og_title":"Int\u00e9rieur - S\u2022CAB","og_description":"S\u2022CAB - Int\u00e9rieur - Depuis 1957, S\u2022CAB cr\u00e9e des meubles de qualit\u00e9, durables et Made in Italy. D\u00e9couvrez notre philosophie, notre histoire et nos valeurs.","og_url":"https:\/\/www.s-cab.it\/fr\/mondes-interieur\/","og_site_name":"S\u2022CAB","article_modified_time":"2026-03-04T09:10:36+00:00","twitter_card":"summary_large_image","twitter_misc":{"Dur\u00e9e de lecture estim\u00e9e":"1 minute"},"schema":{"@context":"https:\/\/schema.org","@graph":[{"@type":"WebPage","@id":"https:\/\/www.s-cab.it\/fr\/mondes-interieur\/","url":"https:\/\/www.s-cab.it\/fr\/mondes-interieur\/","name":"Int\u00e9rieur - S\u2022CAB","isPartOf":{"@id":"https:\/\/www.s-cab.it\/fr\/#website"},"datePublished":"2024-11-14T15:33:42+00:00","dateModified":"2026-03-04T09:10:36+00:00","description":"S\u2022CAB - Int\u00e9rieur - Depuis 1957, S\u2022CAB cr\u00e9e des meubles de qualit\u00e9, durables et Made in Italy. D\u00e9couvrez notre philosophie, notre histoire et nos valeurs.","breadcrumb":{"@id":"https:\/\/www.s-cab.it\/fr\/mondes-interieur\/#breadcrumb"},"inLanguage":"fr-FR","potentialAction":[{"@type":"ReadAction","target":["https:\/\/www.s-cab.it\/fr\/mondes-interieur\/"]}]},{"@type":"BreadcrumbList","@id":"https:\/\/www.s-cab.it\/fr\/mondes-interieur\/#breadcrumb","itemListElement":[{"@type":"ListItem","position":1,"name":"Home","item":"https:\/\/www.s-cab.it\/fr\/"},{"@type":"ListItem","position":2,"name":"Int\u00e9rieur"}]},{"@type":"WebSite","@id":"https:\/\/www.s-cab.it\/fr\/#website","url":"https:\/\/www.s-cab.it\/fr\/","name":"S\u2022CAB","description":"","potentialAction":[{"@type":"SearchAction","target":{"@type":"EntryPoint","urlTemplate":"https:\/\/www.s-cab.it\/fr\/?s={search_term_string}"},"query-input":{"@type":"PropertyValueSpecification","valueRequired":true,"valueName":"search_term_string"}}],"inLanguage":"fr-FR"}]}},"_links":{"self":[{"href":"https:\/\/www.s-cab.it\/fr\/wp-json\/wp\/v2\/pages\/75410","targetHints":{"allow":["GET"]}}],"collection":[{"href":"https:\/\/www.s-cab.it\/fr\/wp-json\/wp\/v2\/pages"}],"about":[{"href":"https:\/\/www.s-cab.it\/fr\/wp-json\/wp\/v2\/types\/page"}],"author":[{"embeddable":true,"href":"https:\/\/www.s-cab.it\/fr\/wp-json\/wp\/v2\/users\/1"}],"replies":[{"embeddable":true,"href":"https:\/\/www.s-cab.it\/fr\/wp-json\/wp\/v2\/comments?post=75410"}],"version-history":[{"count":8,"href":"https:\/\/www.s-cab.it\/fr\/wp-json\/wp\/v2\/pages\/75410\/revisions"}],"predecessor-version":[{"id":147705,"href":"https:\/\/www.s-cab.it\/fr\/wp-json\/wp\/v2\/pages\/75410\/revisions\/147705"}],"wp:attachment":[{"href":"https:\/\/www.s-cab.it\/fr\/wp-json\/wp\/v2\/media?parent=75410"}],"curies":[{"name":"wp","href":"https:\/\/api.w.org\/{rel}","templated":true}]}}