{"id":75413,"date":"2024-11-14T16:41:22","date_gmt":"2024-11-14T15:41:22","guid":{"rendered":"https:\/\/www.s-cab.it\/mondi-outdoor\/"},"modified":"2026-03-03T11:40:00","modified_gmt":"2026-03-03T10:40:00","slug":"mondes-exterieur","status":"publish","type":"page","link":"https:\/\/www.s-cab.it\/fr\/mondes-exterieur\/","title":{"rendered":"Ext\u00e9rieur"},"content":{"rendered":"<div id=\"block_4813a9daccfbdf62b0371725a622c136-blocco_header_mondi\" class=\" extra_title fadeOnScreen container-fluid blocco_header_mondi block_publifarm\" style=\"background-color:#4daa63\">\nL\u2019ext\u00e9rieur,<br\/>c&rsquo;est la convivialit\u00e9 \n<\/div>\n\n\n<div style=\"height:76px\" aria-hidden=\"true\" class=\"wp-block-spacer\"><\/div>\n\n\n<div class=\"container-fluid-custom container-fluid blocco_immagini_sfalsate fadeOnScreen\" id=\"block_0a0e1ab4ded1711c7e973d316820ab3f\">\n<div class=\"row img_anteprima_extra allinemento_regolare griglia-grande\">\n\t\t\t\t\t\t<div class=\"d-flex flex-column justify-content-start  col col-sm-12 col-md-4  wrp_immagine_di_anteprima_1 testo-immagine allinemento_basso\">\n\n\t\t\t\t\t\t\t\t\t\t\t\t\t\t<a href=\"https:\/\/www.s-cab.it\/fr\/selection\/dress_code-fr\/\">\n\t\t\t\t\t\t\n\t\t\t\t\t\t\t<div class=\"d-flex blocco_1\">\n\t\t\t\t\t\t\t\t\t\t\t\t\t\t\t\t<h4 class=\"titolo4 fadeOnScreen\">Collection DRESS_CODE<\/h4>\n\t\t\t\t\t\t\t\t\t\t\t\t\t\t\t\t\t\t\t\t\t\t\t\t<p class=\"standard_text fadeOnScreen\">Design gumdesign<\/p>\n\t\t\t\t\t\t\t\t\t\t\t\t\t\t\t<\/div>\n\t\t\t\t\t\t\t\n\t\t\t\t\t\t\t\n\n\t\t\t\t\t\t\t\t\t\t\t\t\t\t<div class=\"img_wrp blocco_2\" style=\"position:relative; overflow:hidden;\">\n\t\t\t\t\t\t\t\t<img decoding=\"async\" class=\"fadeOnScreen align-self-end\" src=\"https:\/\/www.s-cab.it\/wp-content\/uploads\/2025\/07\/SCAB-25-07-09-ERBUSCO-1369-web-1.webp\" srcset=\"https:\/\/www.s-cab.it\/wp-content\/uploads\/2025\/07\/SCAB-25-07-09-ERBUSCO-1369-web-1.webp\" \/>\n\t\t\t\t\t\t\t<\/div>\n\t\t\t\t\t\t\t\n\t\t\t\t\t\t\t\t\t\t\t\t\t\t\t<\/a>\n\t\t\t\t\t\t\t\t\t\t\t\t\t<\/div>\n\t\t\t\t\t\t<div class=\"  col col-sm-12 col-md-2 \">\n\t\t\t\t\t\t<\/div>\n\t\t\t\t\t\t\n\t\t\t\t\t\t<div class=\"d-flex flex-column justify-content-start align-items-baseline  col col-sm-12 col-md-6 wrp_immagine_di_anteprima_2 immagine-testo allinemento_alto\">\n\t\t\t\t\t\t\t\t\t\t\t\t\t\t<a class=\"blocco_1b\" href=\"https:\/\/www.s-cab.it\/fr\/\/selection\/flap-fr\/\">\n\t\t\t\t\t\t\t\t\t\t\t\t\t\t\t\t\t\t\t\t<div class=\"img_wrp\" style=\"position:relative; overflow:hidden;\">\n\t\t\t\t\t\t\t<img decoding=\"async\" class=\"fadeOnScreen align-self-end\" src=\"https:\/\/www.s-cab.it\/wp-content\/uploads\/2024\/12\/mondi-outdoor_02.webp\" srcset=\"https:\/\/www.s-cab.it\/wp-content\/uploads\/2024\/12\/mondi-outdoor_02.webp\" \/>\n\t\t\t\t\t\t\t<\/div>\n\t\t\t\t\t\t\t\t\t\t\t\t\t\t<div class=\"d-flex blocco_2b\">\n\t\t\t\t\t\t\t\t\t\t\t\t\t\t\t\t<h4 class=\"titolo4 fadeOnScreen\">Collection Flap<\/h4>\n\t\t\t\t\t\t\t\t\t\t\t\t\t\t\t\t\t\t\t\t\t\t\t\t<p class=\"standard_text fadeOnScreen\">Design <br\/>Meneghello Paolelli<\/p>\n\t\t\t\t\t\t\t\t\t\t\t\t\t\t\t<\/div>\n\t\t\t\t\t\t\t\t\t\t\t\t\t\t\t<\/a>\n\t\t\t\t\t\t\t\t\t\t\t\t\t<\/div>\n\t\t\t\t\t\t\n\t\t\t\t\t<\/div>\n\t\t\t\t<\/div>\n\n\t\t\t\t\n\n\n<div style=\"height:62px\" aria-hidden=\"true\" class=\"wp-block-spacer\"><\/div>\n\n\n\n<h4 class=\"wp-block-heading titolo4 container-fluid\">Le plaisir du confort, \u00e0 l&rsquo;ext\u00e9rieur &#8211; Dans la culture italienne de l\u2019habitation certains des espaces les plus \u00e9vocateurs sont ceux qui vivent et s\u2019animent lorsqu\u2019ils dialoguent avec l\u2019ext\u00e9rieur. Il suffit de penser aux v\u00e9randas, aux loggias, aux jardins d\u2019hiver&nbsp;: tourn\u00e9s vers la verdure et le ciel, p\u00e9tillants tout en \u00e9tant entour\u00e9s par la barri\u00e8re de protection que repr\u00e9sente la paroi, ces lieux &#8211; qui pourraient appara\u00eetre comme un seuil, mais qui incarnent en r\u00e9alit\u00e9 une extension de la pi\u00e8ce &#8211; r\u00e9sument et pr\u00e9servent le meilleur de la vie en ext\u00e9rieur, d\u00e9finissant une approche qui continue d\u2019inspirer la conception de S\u2022CAB.<\/h4>\n\n\n<div id=\"block_637bbcf6de721b40ce7aa5737bbd63fc-blocco_video_banner\" class=\" fadeOnScreen container-fluid blocco_video_banner block_publifarm   \" >\n    <div class=\"row video_wrp d-flex flex-wrap justify-content-center align-items-center\">\n\n        <div class=\"cover_img cover_img_has_overlay_1 d-flex justify-content-center align-items-center\" style=\"background-image:url(https:\/\/www.s-cab.it\/wp-content\/uploads\/2025\/04\/mondi-outdoor-banner.jpg);\">\n           <\/div>\n    \n\t\n    <\/div>\n\t\n<\/div>\n\n\n<section class=\"wp-block-evidenzio-columns has-background\" style=\"background-color:#fafaf7\"><div class=\"container-fluid\"><div class=\"row\">\n<div class=\"wp-block-evidenzio-column col-12 col-md-12 col-lg\">\n<div style=\"height:61px\" aria-hidden=\"true\" class=\"wp-block-spacer\"><\/div>\n\n\n\n<section class=\"wp-block-evidenzio-columns\"><div class=\"container\"><div class=\"row\">\n<div class=\"wp-block-evidenzio-column col-12 col-md-12 col-lg\">\n<p class=\"standard_text_medium\">D\u00e9finis par des lignes contemporaines, les meubles de la collection ext\u00e9rieur de S\u2022CAB expriment fra\u00eecheur et dynamisme dans leur dialogue avec les styles et les ambiances existants. Fruit d&rsquo;une conception soign\u00e9e, ils sont l&rsquo;expression d&rsquo;une recherche vou\u00e9e \u00e0 l&rsquo;innovation et se distinguent par la personnalit\u00e9 que leur conf\u00e8re la vision des designers qui collaborent avec l&rsquo;entreprise.&nbsp;<\/p>\n<\/div>\n\n\n\n<div class=\"wp-block-evidenzio-column col-12 col-md-12 col-lg\"><\/div>\n\n\n\n<div class=\"wp-block-evidenzio-column col-12 col-md-12 col-lg\"><\/div>\n<\/div><\/div><\/section>\n<\/div>\n<\/div><\/div><\/section>\n\n\n\n<section class=\"wp-block-evidenzio-columns has-background\" style=\"background-color:#fafaf7\"><div class=\"container-fluid\"><div class=\"row\">\n<div class=\"wp-block-evidenzio-column col-12 col-md-12 col-lg has-colore-tema-2-background-color has-background\">\n<div style=\"height:61px\" aria-hidden=\"true\" class=\"wp-block-spacer\"><\/div>\n\n\n<div id=\"block_6410c321fb0f9cf410597933fb87f186-blocco_scrolllaterale\" class=\" fadeOnScreen blocco_scrollalterale block_publifarm\" >\n    <div class=\"  scrollpannel\">\n    <div class=\"scroll_container\">\n    <!-- start container -->\n        <div class=\"first_panel panel \">\n  \n                               \n            <a href=\"https:\/\/www.s-cab.it\/fr\/selection\/brezza-fr\/\" class=\"d-flex flex-column justify-content-start  col col-sm-12 col-md-6  wrp_immagine_di_anteprima_1 testo-immagine allinemento_alto\">\n                                <div class=\"d-flex title_wrp\">\n                                                                        <h4 class=\"titolo4 fadeOnScreen\">Collection Brezza<\/h4>\n                                                                                                            <p class=\"standard_text fadeOnScreen\">Design<br\/>Alessandro Stabile<\/p>\n                                                                    <\/div>\n                                                                     <img decoding=\"async\" loading=\"lazy\" class=\"fadeOnScreen align-self-end\" src=\"https:\/\/www.s-cab.it\/wp-content\/uploads\/2026\/03\/Set02_Brezza-Mare_v03_03_low.webp\" srcset=\"https:\/\/www.s-cab.it\/wp-content\/uploads\/2026\/03\/Set02_Brezza-Mare_v03_03_low.webp\" \/>\n                                \n                                \n                                \n            <\/a>\n            <div class=\"  col col-sm-12 col-md-2\">\n            <\/div>\t\t\t\t\t\n            <a href=\"https:\/\/www.s-cab.it\/fr\/\/selection\/malvasia-fr\/\" class=\"d-flex flex-column justify-content-start align-items-baseline col col-sm-12 col-md-4 wrp_immagine_di_anteprima_2 immagine-testo allinemento_basso\">\n                                    <img decoding=\"async\" loading=\"lazy\" class=\"fadeOnScreen align-self-end\" src=\"https:\/\/www.s-cab.it\/wp-content\/uploads\/2024\/11\/mondi-outdoor-malvasia_01.webp\" srcset=\"https:\/\/www.s-cab.it\/wp-content\/uploads\/2024\/11\/mondi-outdoor-malvasia_01.webp\" \/>\n                                  <div class=\"d-flex title_wrp\">\n                                         <h4 class=\"titolo4 fadeOnScreen\">Collection<br\/>Malvasia<\/h4>\n                                                             <p class=\"standard_text fadeOnScreen\">Design<br\/>Francesca Lanzavecchia<\/p>\n                                      <\/div>\n            <\/a>\n        <\/div>\n\n            <div class=\"second_panel panel row\">\n               <a href=\"https:\/\/www.s-cab.it\/fr\/\/selection\/atomo-fr\/\" class=\"d-flex flex-column justify-content-start  col col-sm-12 col-md-4  wrp_immagine_di_anteprima_1\">\n                                                                    <div class=\"fadeOnScreen yt-embed-img_anteprima_1 blocco_immagini_sfalsate_video\" >\n    <video  width=\"560\" height=\"315\" autoplay loop muted playsinline style=\"pointer-events: none;\" class=\"html5_video_player\">\n        <source src=\"https:\/\/www.s-cab.it\/wp-content\/uploads\/2024\/12\/S\u2022CAB-Mondi-Outdoor-Atomo.mp4\" type=\"video\/mp4\" \/>\n    <\/video>\n    <div class=\"yt-embed-overlay\"><\/div>\n    \n    <\/div>                                                                 <div class=\"d-flex title_wrp\">\n                                                                        <h4 class=\"titolo4 fadeOnScreen\">Collection<br\/>Atomo<\/h4>\n                                                                                                            <p class=\"standard_text fadeOnScreen\">Design<br\/>Spalvieri &#038; Del Ciotto<\/p>\n                                                                    <\/div>\n                <\/a>\n            <div class=\"  col col-sm-12 col-md-1\">\n            <\/div>\t\t\t\t\t\n                <a href=\"https:\/\/www.s-cab.it\/fr\/\/selection\/atomo-fr\/\" class=\"d-flex flex-column justify-content-start align-items-baseline col col-sm-12 col-md-7 wrp_immagine_di_anteprima_2 \">\n                                                                <img decoding=\"async\" loading=\"lazy\" class=\"fadeOnScreen align-self-end\" src=\"https:\/\/www.s-cab.it\/wp-content\/uploads\/2024\/12\/mondi-outdoor-atomo_04.webp\" srcset=\"https:\/\/www.s-cab.it\/wp-content\/uploads\/2024\/12\/mondi-outdoor-atomo_04.webp\" \/>\n                                                                <div class=\"d-flex title_wrp\">\n                                                                                                        <\/div>\n                 <\/a>\n        <\/div>\n<!-- end container -->\n        <\/div>\n    <\/div>\n<\/div>\n\n\n<div style=\"height:61px\" aria-hidden=\"true\" class=\"wp-block-spacer\"><\/div>\n<\/div>\n<\/div><\/div><\/section>\n\n\n\n<div style=\"height:61px\" aria-hidden=\"true\" class=\"wp-block-spacer\"><\/div>\n\n\n\n<h4 class=\"wp-block-heading titolo4 container-fluid\">Con\u00e7us dans une optique de durabilit\u00e9, les canap\u00e9s, si\u00e8ges, chaises longues et accessoires d&rsquo;ext\u00e9rieur de S\u2022CAB placent l&rsquo;homme au centre, privil\u00e9gient son bien-\u00eatre au contact de la nature et favorisent ce sentiment de convivialit\u00e9 chaleureuse que seule la rencontre en plein air peut restaurer.<\/h4>\n\n\n\n<div style=\"height:61px\" aria-hidden=\"true\" class=\"wp-block-spacer\"><\/div>\n\n\n\n<section class=\"wp-block-evidenzio-columns\"><div class=\"container-fluid\"><div class=\"row\">\n<div class=\"wp-block-evidenzio-column col-12 col-md-12 col-lg\"><div id=\"block_e27a3e6e6c811517894551644fdb77ba-blocco_slider_imgs\" class=\" extra_title fadeOnScreen container-fluid blocco_slider_imgs block_publifarm\">\n\t\t\t\t\t<div class=\"row\">\n\t\t\t\t\t\t<div class=\" blocco_slider_imgs_wrp col col-sm-12 col-md-12 swiper\">\n\t\t\t\t\t\t\t<div class=\"swiper-wrapper\">\n\t\t\t\t\t\t\t\t\t\t\t\t\t\t\t\t\t<img decoding=\"async\" loading=\"lazy\" class=\"swiper-slide\" src=\"https:\/\/www.s-cab.it\/wp-content\/uploads\/2022\/06\/SETt01_Divano_Flap_v03_03.webp\" \/>\n\t\t\t\t\t\t\t\t\t\t\t\t\t\t\t\t\t<img decoding=\"async\" loading=\"lazy\" class=\"swiper-slide\" src=\"https:\/\/www.s-cab.it\/wp-content\/uploads\/2026\/03\/Set08_MalvasiaRiviera_Masseria_v03_01_low.webp\" \/>\n\t\t\t\t\t\t\t\t\t\t\t\t\t\t\t\t\t<img decoding=\"async\" loading=\"lazy\" class=\"swiper-slide\" src=\"https:\/\/www.s-cab.it\/wp-content\/uploads\/2026\/01\/Set07_MalvasiaRiviera_Hotel_V02_02.webp\" \/>\n\t\t\t\t\t\t\t\t\t\t\t\t\t\t\t\t\t<img decoding=\"async\" loading=\"lazy\" class=\"swiper-slide\" src=\"https:\/\/www.s-cab.it\/wp-content\/uploads\/2024\/12\/mondi-outdoor-gallery_06.webp\" \/>\n\t\t\t\t\t\t\t\t\t\t\t\t\t\t\t\t\t<img decoding=\"async\" loading=\"lazy\" class=\"swiper-slide\" src=\"https:\/\/www.s-cab.it\/wp-content\/uploads\/2024\/12\/mondi-outdoor-gallery_08.webp\" \/>\n\t\t\t\t\t\t\t\t\t\t\t\t\t\t\t\t\t<img decoding=\"async\" loading=\"lazy\" class=\"swiper-slide\" src=\"https:\/\/www.s-cab.it\/wp-content\/uploads\/2024\/12\/mondi-outdoor-gallery_07.webp\" \/>\n\t\t\t\t\t\t\t\t\t\t\t\t\t\t\t\t\t<img decoding=\"async\" loading=\"lazy\" class=\"swiper-slide\" src=\"https:\/\/www.s-cab.it\/wp-content\/uploads\/2024\/12\/mondi-outdoor-gallery_12.webp\" \/>\n\t\t\t\t\t\t\t\t\t\t\t\t\t\t\t\t\t<img decoding=\"async\" loading=\"lazy\" class=\"swiper-slide\" src=\"https:\/\/www.s-cab.it\/wp-content\/uploads\/2024\/12\/mondi-outdoor-gallery_14.webp\" \/>\n\t\t\t\t\t\t\t\t\t\t\t\t\t\t\t\t\t<img decoding=\"async\" loading=\"lazy\" class=\"swiper-slide\" src=\"https:\/\/www.s-cab.it\/wp-content\/uploads\/2024\/12\/mondi-outdoor-gallery_15.webp\" \/>\n\t\t\t\t\t\t\t\t\t\t\t\t\t\t\t\t\t<img decoding=\"async\" loading=\"lazy\" class=\"swiper-slide\" src=\"https:\/\/www.s-cab.it\/wp-content\/uploads\/2024\/01\/SCAB-25-07-09-ERBUSCO-1356-web-scaled.webp\" \/>\n\t\t\t\t\t\t\t\t\t\t\t\t\t\t\t<\/div>\n\t\t\t\t\t\t<\/div>\n\t\t\t\t\t<\/div>\n<\/div><\/div>\n<\/div><\/div><\/section>\n\n\n\n<section class=\"wp-block-evidenzio-columns has-background\" style=\"background-color:#fafaf7\"><div class=\"container-fluid\"><div class=\"row\">\n<div class=\"wp-block-evidenzio-column col-12 col-md-12 col-lg\">\n<div style=\"height:100px\" aria-hidden=\"true\" class=\"wp-block-spacer\"><\/div>\n\n\n<div class=\" container-fluid blocco_immagini_sfalsate fadeOnScreen\" id=\"block_9808bbbac76d79390a8bb089aa7142e2\">\n<div class=\"row img_anteprima_extra allinemento_regolare griglia-grande\">\n\t\t\t\t\t\t<div class=\"d-flex flex-column justify-content-start  col col-sm-12 col-md-4  wrp_immagine_di_anteprima_1 immagine-testo allinemento_alto\">\n\n\t\t\t\t\t\t\t\t\t\t\t\t\t\t<a href=\"https:\/\/www.s-cab.it\/fr\/\/selection\/brezza-fr\/\">\n\t\t\t\t\t\t\n\t\t\t\t\t\t\t<div class=\"d-flex blocco_1\">\n\t\t\t\t\t\t\t\t\t\t\t\t\t\t\t\t\t\t\t\t\t\t\t<\/div>\n\t\t\t\t\t\t\t\n\t\t\t\t\t\t\t\n\n\t\t\t\t\t\t\t\t\t\t\t\t\t\t<div class=\"img_wrp blocco_2\" style=\"position:relative; overflow:hidden;\">\n\t\t\t\t\t\t\t\t<img decoding=\"async\" class=\"fadeOnScreen align-self-end\" src=\"https:\/\/www.s-cab.it\/wp-content\/uploads\/2026\/03\/Set02_Brezza-Mare_v02_03_low.webp\" srcset=\"https:\/\/www.s-cab.it\/wp-content\/uploads\/2026\/03\/Set02_Brezza-Mare_v02_03_low.webp\" \/>\n\t\t\t\t\t\t\t<\/div>\n\t\t\t\t\t\t\t\n\t\t\t\t\t\t\t\t\t\t\t\t\t\t\t<\/a>\n\t\t\t\t\t\t\t\t\t\t\t\t\t<\/div>\n\t\t\t\t\t\t<div class=\"  col col-sm-12 col-md-2 \">\n\t\t\t\t\t\t<\/div>\n\t\t\t\t\t\t\n\t\t\t\t\t\t<div class=\"d-flex flex-column justify-content-start align-items-baseline  col col-sm-12 col-md-6 wrp_immagine_di_anteprima_2 testo-immagine allinemento_basso\">\n\t\t\t\t\t\t\t\t\t\t\t\t\t\t<a class=\"blocco_1b\" href=\"https:\/\/www.s-cab.it\/fr\/selection\/accessori-decor-fr\/\">\n\t\t\t\t\t\t\t\t\t\t\t\t\t\t\t\t\t\t\t\t<div class=\"img_wrp\" style=\"position:relative; overflow:hidden;\">\n\t\t\t\t\t\t\t<img decoding=\"async\" class=\"fadeOnScreen align-self-end\" src=\"https:\/\/www.s-cab.it\/wp-content\/uploads\/2024\/10\/2956-scab-mimosa-portapiante-terra-03.webp\" srcset=\"https:\/\/www.s-cab.it\/wp-content\/uploads\/2024\/10\/2956-scab-mimosa-portapiante-terra-03.webp\" \/>\n\t\t\t\t\t\t\t<\/div>\n\t\t\t\t\t\t\t\t\t\t\t\t\t\t<div class=\"d-flex blocco_2b\">\n\t\t\t\t\t\t\t\t\t\t\t\t\t\t\t\t<h4 class=\"titolo4 fadeOnScreen\">Collection Mimosa<\/h4>\n\t\t\t\t\t\t\t\t\t\t\t\t\t\t\t\t\t\t\t\t\t\t\t\t<p class=\"standard_text fadeOnScreen\">Design<br\/>Ionna Vautrin<\/p>\n\t\t\t\t\t\t\t\t\t\t\t\t\t\t\t<\/div>\n\t\t\t\t\t\t\t\t\t\t\t\t\t\t\t<\/a>\n\t\t\t\t\t\t\t\t\t\t\t\t\t<\/div>\n\t\t\t\t\t\t\n\t\t\t\t\t<\/div>\n\t\t\t\t<\/div>\n\n\t\t\t\t\n\n\n<div style=\"height:270px\" aria-hidden=\"true\" class=\"wp-block-spacer hide_on_mobile\"><\/div>\n\n\n<div class=\"last_block_mob container-fluid blocco_immagini_sfalsate fadeOnScreen\" id=\"block_706f0a368006d08e11bb0c5190017175\">\n<div class=\"row img_anteprima_extra allinemento_regolare griglia-piccola\">\n\t\t\t\t\t\t<div class=\"d-flex flex-column justify-content-start  col col-sm-12 col-md-7  wrp_immagine_di_anteprima_1 testo-immagine allinemento_basso\">\n\n\t\t\t\t\t\t\t\t\t\t\t\t\t\t<a href=\"https:\/\/www.s-cab.it\/fr\/\/selection\/lisa-fr\/\">\n\t\t\t\t\t\t\n\t\t\t\t\t\t\t<div class=\"d-flex blocco_1\">\n\t\t\t\t\t\t\t\t\t\t\t\t\t\t\t\t<h4 class=\"titolo4 fadeOnScreen\">Collection <br\/>Lisa Fil\u00f2 Nest<\/h4>\n\t\t\t\t\t\t\t\t\t\t\t\t\t\t\t\t\t\t\t\t\t\t\t\t<p class=\"standard_text fadeOnScreen\">Design<br\/>Marcello Ziliani<\/p>\n\t\t\t\t\t\t\t\t\t\t\t\t\t\t\t<\/div>\n\t\t\t\t\t\t\t\n\t\t\t\t\t\t\t\n\n\t\t\t\t\t\t\t\t\t\t\t\t\t\t<div class=\"img_wrp blocco_2\" style=\"position:relative; overflow:hidden;\">\n\t\t\t\t\t\t\t\t<img decoding=\"async\" class=\"fadeOnScreen align-self-end\" src=\"https:\/\/www.s-cab.it\/wp-content\/uploads\/2024\/11\/mondi-outdoor-nest_01.webp\" srcset=\"https:\/\/www.s-cab.it\/wp-content\/uploads\/2024\/11\/mondi-outdoor-nest_01.webp\" \/>\n\t\t\t\t\t\t\t<\/div>\n\t\t\t\t\t\t\t\n\t\t\t\t\t\t\t\t\t\t\t\t\t\t\t<\/a>\n\t\t\t\t\t\t\t\t\t\t\t\t\t<\/div>\n\t\t\t\t\t\t<div class=\"  col col-sm-12 col-md-1 \">\n\t\t\t\t\t\t<\/div>\n\t\t\t\t\t\t\n\t\t\t\t\t\t<div class=\"d-flex flex-column justify-content-start align-items-baseline  col col-sm-12 col-md-4 wrp_immagine_di_anteprima_2 immagine-testo allinemento_alto\">\n\t\t\t\t\t\t\t\t\t\t\t\t\t\t<a class=\"blocco_1b\" href=\"https:\/\/www.s-cab.it\/fr\/selection\/marisco-fr\/\">\n\t\t\t\t\t\t\t\t\t\t\t\t\t\t\t\t\t\t\t\t<div class=\"img_wrp\" style=\"position:relative; overflow:hidden;\">\n\t\t\t\t\t\t\t<img decoding=\"async\" class=\"fadeOnScreen align-self-end\" src=\"https:\/\/www.s-cab.it\/wp-content\/uploads\/2025\/04\/mondi-outdoor-marisco_02-1.webp\" srcset=\"https:\/\/www.s-cab.it\/wp-content\/uploads\/2025\/04\/mondi-outdoor-marisco_02-1.webp\" \/>\n\t\t\t\t\t\t\t<\/div>\n\t\t\t\t\t\t\t\t\t\t\t\t\t\t<div class=\"d-flex blocco_2b\">\n\t\t\t\t\t\t\t\t\t\t\t\t\t\t\t\t<h4 class=\"titolo4 fadeOnScreen\">Collection <br\/>Marisco<\/h4>\n\t\t\t\t\t\t\t\t\t\t\t\t\t\t\t\t\t\t\t\t\t\t\t\t<p class=\"standard_text fadeOnScreen\">Design<br\/>Maddalena Casadei<\/p>\n\t\t\t\t\t\t\t\t\t\t\t\t\t\t\t<\/div>\n\t\t\t\t\t\t\t\t\t\t\t\t\t\t\t<\/a>\n\t\t\t\t\t\t\t\t\t\t\t\t\t<\/div>\n\t\t\t\t\t\t\n\t\t\t\t\t<\/div>\n\t\t\t\t<\/div>\n\n\t\t\t\t<\/div>\n<\/div><\/div><\/section>\n","protected":false},"excerpt":{"rendered":"<p>Le plaisir du confort, \u00e0 l&rsquo;ext\u00e9rieur &#8211; Dans la culture&#8230;<\/p>\n","protected":false},"author":1,"featured_media":0,"parent":0,"menu_order":0,"comment_status":"closed","ping_status":"closed","template":"","meta":{"_acf_changed":false,"inline_featured_image":false,"footnotes":""},"class_list":["post-75413","page","type-page","status-publish","hentry"],"acf":[],"yoast_head":"<!-- This site is optimized with the Yoast SEO plugin v24.9 - https:\/\/yoast.com\/wordpress\/plugins\/seo\/ -->\n<title>Ext\u00e9rieur - S\u2022CAB<\/title>\n<meta name=\"description\" content=\"S\u2022CAB - Ext\u00e9rieur - Depuis 1957, S\u2022CAB cr\u00e9e des meubles de qualit\u00e9, durables et Made in Italy. D\u00e9couvrez notre philosophie, notre histoire et nos valeurs.\" \/>\n<meta name=\"robots\" content=\"index, follow, max-snippet:-1, max-image-preview:large, max-video-preview:-1\" \/>\n<link rel=\"canonical\" href=\"https:\/\/www.s-cab.it\/fr\/mondes-exterieur\/\" \/>\n<meta property=\"og:locale\" content=\"fr_FR\" \/>\n<meta property=\"og:type\" content=\"article\" \/>\n<meta property=\"og:title\" content=\"Ext\u00e9rieur - S\u2022CAB\" \/>\n<meta property=\"og:description\" content=\"S\u2022CAB - Ext\u00e9rieur - Depuis 1957, S\u2022CAB cr\u00e9e des meubles de qualit\u00e9, durables et Made in Italy. D\u00e9couvrez notre philosophie, notre histoire et nos valeurs.\" \/>\n<meta property=\"og:url\" content=\"https:\/\/www.s-cab.it\/fr\/mondes-exterieur\/\" \/>\n<meta property=\"og:site_name\" content=\"S\u2022CAB\" \/>\n<meta property=\"article:modified_time\" content=\"2026-03-03T10:40:00+00:00\" \/>\n<meta name=\"twitter:card\" content=\"summary_large_image\" \/>\n<meta name=\"twitter:label1\" content=\"Dur\u00e9e de lecture estim\u00e9e\" \/>\n\t<meta name=\"twitter:data1\" content=\"2 minutes\" \/>\n<script type=\"application\/ld+json\" class=\"yoast-schema-graph\">{\"@context\":\"https:\/\/schema.org\",\"@graph\":[{\"@type\":\"WebPage\",\"@id\":\"https:\/\/www.s-cab.it\/fr\/mondes-exterieur\/\",\"url\":\"https:\/\/www.s-cab.it\/fr\/mondes-exterieur\/\",\"name\":\"Ext\u00e9rieur - S\u2022CAB\",\"isPartOf\":{\"@id\":\"https:\/\/www.s-cab.it\/fr\/#website\"},\"datePublished\":\"2024-11-14T15:41:22+00:00\",\"dateModified\":\"2026-03-03T10:40:00+00:00\",\"description\":\"S\u2022CAB - Ext\u00e9rieur - Depuis 1957, S\u2022CAB cr\u00e9e des meubles de qualit\u00e9, durables et Made in Italy. D\u00e9couvrez notre philosophie, notre histoire et nos valeurs.\",\"breadcrumb\":{\"@id\":\"https:\/\/www.s-cab.it\/fr\/mondes-exterieur\/#breadcrumb\"},\"inLanguage\":\"fr-FR\",\"potentialAction\":[{\"@type\":\"ReadAction\",\"target\":[\"https:\/\/www.s-cab.it\/fr\/mondes-exterieur\/\"]}]},{\"@type\":\"BreadcrumbList\",\"@id\":\"https:\/\/www.s-cab.it\/fr\/mondes-exterieur\/#breadcrumb\",\"itemListElement\":[{\"@type\":\"ListItem\",\"position\":1,\"name\":\"Home\",\"item\":\"https:\/\/www.s-cab.it\/fr\/\"},{\"@type\":\"ListItem\",\"position\":2,\"name\":\"Ext\u00e9rieur\"}]},{\"@type\":\"WebSite\",\"@id\":\"https:\/\/www.s-cab.it\/fr\/#website\",\"url\":\"https:\/\/www.s-cab.it\/fr\/\",\"name\":\"S\u2022CAB\",\"description\":\"\",\"potentialAction\":[{\"@type\":\"SearchAction\",\"target\":{\"@type\":\"EntryPoint\",\"urlTemplate\":\"https:\/\/www.s-cab.it\/fr\/?s={search_term_string}\"},\"query-input\":{\"@type\":\"PropertyValueSpecification\",\"valueRequired\":true,\"valueName\":\"search_term_string\"}}],\"inLanguage\":\"fr-FR\"}]}<\/script>\n<!-- \/ Yoast SEO plugin. -->","yoast_head_json":{"title":"Ext\u00e9rieur - S\u2022CAB","description":"S\u2022CAB - Ext\u00e9rieur - Depuis 1957, S\u2022CAB cr\u00e9e des meubles de qualit\u00e9, durables et Made in Italy. D\u00e9couvrez notre philosophie, notre histoire et nos valeurs.","robots":{"index":"index","follow":"follow","max-snippet":"max-snippet:-1","max-image-preview":"max-image-preview:large","max-video-preview":"max-video-preview:-1"},"canonical":"https:\/\/www.s-cab.it\/fr\/mondes-exterieur\/","og_locale":"fr_FR","og_type":"article","og_title":"Ext\u00e9rieur - S\u2022CAB","og_description":"S\u2022CAB - Ext\u00e9rieur - Depuis 1957, S\u2022CAB cr\u00e9e des meubles de qualit\u00e9, durables et Made in Italy. D\u00e9couvrez notre philosophie, notre histoire et nos valeurs.","og_url":"https:\/\/www.s-cab.it\/fr\/mondes-exterieur\/","og_site_name":"S\u2022CAB","article_modified_time":"2026-03-03T10:40:00+00:00","twitter_card":"summary_large_image","twitter_misc":{"Dur\u00e9e de lecture estim\u00e9e":"2 minutes"},"schema":{"@context":"https:\/\/schema.org","@graph":[{"@type":"WebPage","@id":"https:\/\/www.s-cab.it\/fr\/mondes-exterieur\/","url":"https:\/\/www.s-cab.it\/fr\/mondes-exterieur\/","name":"Ext\u00e9rieur - S\u2022CAB","isPartOf":{"@id":"https:\/\/www.s-cab.it\/fr\/#website"},"datePublished":"2024-11-14T15:41:22+00:00","dateModified":"2026-03-03T10:40:00+00:00","description":"S\u2022CAB - Ext\u00e9rieur - Depuis 1957, S\u2022CAB cr\u00e9e des meubles de qualit\u00e9, durables et Made in Italy. D\u00e9couvrez notre philosophie, notre histoire et nos valeurs.","breadcrumb":{"@id":"https:\/\/www.s-cab.it\/fr\/mondes-exterieur\/#breadcrumb"},"inLanguage":"fr-FR","potentialAction":[{"@type":"ReadAction","target":["https:\/\/www.s-cab.it\/fr\/mondes-exterieur\/"]}]},{"@type":"BreadcrumbList","@id":"https:\/\/www.s-cab.it\/fr\/mondes-exterieur\/#breadcrumb","itemListElement":[{"@type":"ListItem","position":1,"name":"Home","item":"https:\/\/www.s-cab.it\/fr\/"},{"@type":"ListItem","position":2,"name":"Ext\u00e9rieur"}]},{"@type":"WebSite","@id":"https:\/\/www.s-cab.it\/fr\/#website","url":"https:\/\/www.s-cab.it\/fr\/","name":"S\u2022CAB","description":"","potentialAction":[{"@type":"SearchAction","target":{"@type":"EntryPoint","urlTemplate":"https:\/\/www.s-cab.it\/fr\/?s={search_term_string}"},"query-input":{"@type":"PropertyValueSpecification","valueRequired":true,"valueName":"search_term_string"}}],"inLanguage":"fr-FR"}]}},"_links":{"self":[{"href":"https:\/\/www.s-cab.it\/fr\/wp-json\/wp\/v2\/pages\/75413","targetHints":{"allow":["GET"]}}],"collection":[{"href":"https:\/\/www.s-cab.it\/fr\/wp-json\/wp\/v2\/pages"}],"about":[{"href":"https:\/\/www.s-cab.it\/fr\/wp-json\/wp\/v2\/types\/page"}],"author":[{"embeddable":true,"href":"https:\/\/www.s-cab.it\/fr\/wp-json\/wp\/v2\/users\/1"}],"replies":[{"embeddable":true,"href":"https:\/\/www.s-cab.it\/fr\/wp-json\/wp\/v2\/comments?post=75413"}],"version-history":[{"count":7,"href":"https:\/\/www.s-cab.it\/fr\/wp-json\/wp\/v2\/pages\/75413\/revisions"}],"predecessor-version":[{"id":147690,"href":"https:\/\/www.s-cab.it\/fr\/wp-json\/wp\/v2\/pages\/75413\/revisions\/147690"}],"wp:attachment":[{"href":"https:\/\/www.s-cab.it\/fr\/wp-json\/wp\/v2\/media?parent=75413"}],"curies":[{"name":"wp","href":"https:\/\/api.w.org\/{rel}","templated":true}]}}