{"id":75415,"date":"2024-11-14T17:16:06","date_gmt":"2024-11-14T16:16:06","guid":{"rendered":"https:\/\/www.s-cab.it\/workspace\/"},"modified":"2025-12-04T15:07:03","modified_gmt":"2025-12-04T14:07:03","slug":"mondes-espace-de-travail","status":"publish","type":"page","link":"https:\/\/www.s-cab.it\/fr\/mondes-espace-de-travail\/","title":{"rendered":"Espace de travail"},"content":{"rendered":"<div id=\"block_cd43c0f848d673c089f909ba143619f0-blocco_header_mondi\" class=\" extra_title fadeOnScreen container-fluid blocco_header_mondi block_publifarm\" style=\"background-color:#5093d0\">\nL\u2019espace de travail,<br\/>c\u2019est la collaboration\n<\/div>\n\n\n<div style=\"height:76px\" aria-hidden=\"true\" class=\"wp-block-spacer\"><\/div>\n\n\n<div class=\"container-fluid-custom container-fluid blocco_immagini_sfalsate fadeOnScreen\" id=\"block_f54fad9e301873192c3cc2e90a32d3c2\">\n<div class=\"row img_anteprima_extra allinemento_regolare griglia-grande\">\n\t\t\t\t\t\t<div class=\"d-flex flex-column justify-content-start  col col-sm-12 col-md-4  wrp_immagine_di_anteprima_1 testo-immagine allinemento_basso\">\n\n\t\t\t\t\t\t\n\t\t\t\t\t\t\t<div class=\"d-flex blocco_1\">\n\t\t\t\t\t\t\t\t\t\t\t\t\t\t\t\t\t\t\t\t\t\t\t<\/div>\n\t\t\t\t\t\t\t\n\t\t\t\t\t\t\t\n\n\t\t\t\t\t\t\t                                    <div class=\"fadeOnScreen yt-embed-img_anteprima_1 blocco_immagini_sfalsate_video\" >\n    <video  width=\"560\" height=\"315\" autoplay loop muted playsinline style=\"pointer-events: none;\" class=\"html5_video_player\">\n        <source src=\"https:\/\/www.s-cab.it\/wp-content\/uploads\/2025\/02\/scab-mondi-workspace-mimosa-581x581-1.mp4\" type=\"video\/mp4\" \/>\n    <\/video>\n    <div class=\"yt-embed-overlay\"><\/div>\n    \n    <\/div>\t\t\t\t\t\t\t\n\t\t\t\t\t\t\t\t\t\t\t\t\t<\/div>\n\t\t\t\t\t\t<div class=\"  col col-sm-12 col-md-2 \">\n\t\t\t\t\t\t<\/div>\n\t\t\t\t\t\t\n\t\t\t\t\t\t<div class=\"d-flex flex-column justify-content-start align-items-baseline  col col-sm-12 col-md-6 wrp_immagine_di_anteprima_2 immagine-testo allinemento_alto\">\n\t\t\t\t\t\t\t\t\t\t\t\t\t\t<a class=\"blocco_1b\" href=\"https:\/\/www.s-cab.it\/fr\/selection\/si-si-fr\/\">\n\t\t\t\t\t\t\t\t\t\t\t\t\t\t\t\t\t\t\t\t<div class=\"img_wrp\" style=\"position:relative; overflow:hidden;\">\n\t\t\t\t\t\t\t<img decoding=\"async\" class=\"fadeOnScreen align-self-end\" src=\"https:\/\/www.s-cab.it\/wp-content\/uploads\/2025\/11\/mondi-workspace_sisi_header.webp\" srcset=\"https:\/\/www.s-cab.it\/wp-content\/uploads\/2025\/11\/mondi-workspace_sisi_header.webp\" \/>\n\t\t\t\t\t\t\t<\/div>\n\t\t\t\t\t\t\t\t\t\t\t\t\t\t<div class=\"d-flex blocco_2b\">\n\t\t\t\t\t\t\t\t\t\t\t\t\t\t\t\t<h4 class=\"titolo4 fadeOnScreen\">Collection Si-Si<\/h4>\n\t\t\t\t\t\t\t\t\t\t\t\t\t\t\t\t\t\t\t\t\t\t\t\t<p class=\"standard_text fadeOnScreen\">Design <br\/>Meneghello Paolelli<\/p>\n\t\t\t\t\t\t\t\t\t\t\t\t\t\t\t<\/div>\n\t\t\t\t\t\t\t\t\t\t\t\t\t\t\t<\/a>\n\t\t\t\t\t\t\t\t\t\t\t\t\t<\/div>\n\t\t\t\t\t\t\n\t\t\t\t\t<\/div>\n\t\t\t\t<\/div>\n\n\t\t\t\t\n\n\n<div style=\"height:62px\" aria-hidden=\"true\" class=\"wp-block-spacer\"><\/div>\n\n\n\n<h4 class=\"wp-block-heading titolo4 container-fluid\">Les environnements de travail subissent une profonde m\u00e9tamorphose \u00e0 laquelle S\u2022CAB r\u00e9pond par des solutions qui favorisent le partage, la flexibilit\u00e9 et le dynamisme. Dans un bureau de plus en plus hybride, S\u2022CAB con\u00e7oit et produit du mobilier orient\u00e9 vers le bien-\u00eatre des travailleurs et la facilitation de leurs interactions.<\/h4>\n\n\n<div id=\"block_0996df1f7e4105cd46f7347d2dab35ab-blocco_video_banner\" class=\" fadeOnScreen container-fluid blocco_video_banner block_publifarm   \" >\n    <div class=\"row video_wrp d-flex flex-wrap justify-content-center align-items-center\">\n\n        <div class=\"cover_img cover_img_has_overlay_ d-flex justify-content-center align-items-center\" style=\"background-image:url(https:\/\/www.s-cab.it\/wp-content\/uploads\/2024\/11\/mondi-workspace_03-scaled.jpg);\">\n           <\/div>\n    \n\t\n    <\/div>\n\t\n<\/div>\n\n\n<section class=\"wp-block-evidenzio-columns has-background\" style=\"background-color:#fafaf7\"><div class=\"container-fluid\"><div class=\"row\">\n<div class=\"wp-block-evidenzio-column col-12 col-md-12 col-lg\">\n<div style=\"height:61px\" aria-hidden=\"true\" class=\"wp-block-spacer\"><\/div>\n\n\n\n<section class=\"wp-block-evidenzio-columns\"><div class=\"container\"><div class=\"row\">\n<div class=\"wp-block-evidenzio-column col-12 col-md-12 col-lg\">\n<p class=\"standard_text_medium\">Les tables, chaises et fauteuils de S\u2022CAB sont con\u00e7us de mani\u00e8re int\u00e9gr\u00e9e pour r\u00e9pondre de mani\u00e8re souple et efficace \u00e0 des besoins h\u00e9t\u00e9rog\u00e8nes. Lin\u00e9aire et \u00e9pur\u00e9e, l&rsquo;esth\u00e9tique S\u2022CAB dessine les coordonn\u00e9es d&rsquo;un espace qui favorise l&rsquo;attention et la concentration.<\/p>\n<\/div>\n\n\n\n<div class=\"wp-block-evidenzio-column col-12 col-md-12 col-lg\"><\/div>\n\n\n\n<div class=\"wp-block-evidenzio-column col-12 col-md-12 col-lg\"><\/div>\n<\/div><\/div><\/section>\n<\/div>\n<\/div><\/div><\/section>\n\n\n\n<section class=\"wp-block-evidenzio-columns has-background\" style=\"background-color:#fafaf7\"><div class=\"container-fluid\"><div class=\"row\">\n<div class=\"wp-block-evidenzio-column col-12 col-md-12 col-lg has-colore-tema-2-background-color has-background\">\n<div style=\"height:61px\" aria-hidden=\"true\" class=\"wp-block-spacer\"><\/div>\n\n\n<div id=\"block_3bc020f0b4a3186b214d774b59805f68-blocco_scrolllaterale\" class=\" fadeOnScreen blocco_scrollalterale block_publifarm\" >\n    <div class=\"  scrollpannel\">\n    <div class=\"scroll_container\">\n    <!-- start container -->\n        <div class=\"first_panel panel \">\n  \n                               \n            <a href=\"https:\/\/www.s-cab.it\/fr\/selection\/mentha-fr\/\" class=\"d-flex flex-column justify-content-start  col col-sm-12 col-md-6  wrp_immagine_di_anteprima_1 testo-immagine allinemento_alto\">\n                                <div class=\"d-flex title_wrp\">\n                                                                        <h4 class=\"titolo4 fadeOnScreen\">Collection Mentha<\/h4>\n                                                                                                            <p class=\"standard_text fadeOnScreen\">Design <br\/>Archirivolto<\/p>\n                                                                    <\/div>\n                                                                     <img decoding=\"async\" loading=\"lazy\" class=\"fadeOnScreen align-self-end\" src=\"https:\/\/www.s-cab.it\/wp-content\/uploads\/2025\/11\/mondi-workspace_mentha_01.webp\" srcset=\"https:\/\/www.s-cab.it\/wp-content\/uploads\/2025\/11\/mondi-workspace_mentha_01.webp\" \/>\n                                \n                                \n                                \n            <\/a>\n            <div class=\"  col col-sm-12 col-md-2\">\n            <\/div>\t\t\t\t\t\n            <a href=\"https:\/\/www.s-cab.it\/fr\/selection\/brezza-fr\/\" class=\"d-flex flex-column justify-content-start align-items-baseline col col-sm-12 col-md-4 wrp_immagine_di_anteprima_2 immagine-testo allinemento_basso\">\n                                    <img decoding=\"async\" loading=\"lazy\" class=\"fadeOnScreen align-self-end\" src=\"https:\/\/www.s-cab.it\/wp-content\/uploads\/2025\/12\/Set11_Brezza-Terrazzo-uffici_v01_03-1.webp\" srcset=\"https:\/\/www.s-cab.it\/wp-content\/uploads\/2025\/12\/Set11_Brezza-Terrazzo-uffici_v01_03-1.webp\" \/>\n                                  <div class=\"d-flex title_wrp\">\n                                         <h4 class=\"titolo4 fadeOnScreen\">Collection Brezza<\/h4>\n                                                             <p class=\"standard_text fadeOnScreen\">Design<br\/>Alessandro Stabile<\/p>\n                                      <\/div>\n            <\/a>\n        <\/div>\n\n            <div class=\"second_panel panel row\">\n               <a href=\"https:\/\/www.s-cab.it\/fr\/selection\/squid-fr-2\/\" class=\"d-flex flex-column justify-content-start  col col-sm-12 col-md-4  wrp_immagine_di_anteprima_1\">\n                                                                    <img decoding=\"async\" loading=\"lazy\" class=\"fadeOnScreen align-self-end\" src=\"https:\/\/www.s-cab.it\/wp-content\/uploads\/2025\/11\/mondi-workspace-squid_03.webp\" srcset=\"https:\/\/www.s-cab.it\/wp-content\/uploads\/2025\/11\/mondi-workspace-squid_03.webp\" \/>\n                                                                 <div class=\"d-flex title_wrp\">\n                                                                        <h4 class=\"titolo4 fadeOnScreen\">Collection<br\/>Squid<\/h4>\n                                                                                                            <p class=\"standard_text fadeOnScreen\">Design<br\/>RadiceOrlandini DesignStudio<\/p>\n                                                                    <\/div>\n                <\/a>\n            <div class=\"  col col-sm-12 col-md-1\">\n            <\/div>\t\t\t\t\t\n                <a href=\"https:\/\/www.s-cab.it\/fr\/selection\/tiffany-fr\/\" class=\"d-flex flex-column justify-content-start align-items-baseline col col-sm-12 col-md-7 wrp_immagine_di_anteprima_2 \">\n                                                                <img decoding=\"async\" loading=\"lazy\" class=\"fadeOnScreen align-self-end\" src=\"https:\/\/www.s-cab.it\/wp-content\/uploads\/2025\/11\/mondi-workspace-tiffany_04.webp\" srcset=\"https:\/\/www.s-cab.it\/wp-content\/uploads\/2025\/11\/mondi-workspace-tiffany_04.webp\" \/>\n                                                                <div class=\"d-flex title_wrp\">\n                                                                        <h4 class=\"titolo4 fadeOnScreen\">Collection Tiffany<\/h4>\n                                                                                                            <p class=\"standard_text fadeOnScreen\">Design<br\/>Centro Stile S\u2022CAB<\/p>\n                                                                    <\/div>\n                 <\/a>\n        <\/div>\n<!-- end container -->\n        <\/div>\n    <\/div>\n<\/div>\n\n\n<div style=\"height:61px\" aria-hidden=\"true\" class=\"wp-block-spacer\"><\/div>\n<\/div>\n<\/div><\/div><\/section>\n\n\n\n<div style=\"height:61px\" aria-hidden=\"true\" class=\"wp-block-spacer\"><\/div>\n\n\n\n<h4 class=\"wp-block-heading has-text-align-center titolo4 container-fluid\">Accepter le changement<\/h4>\n\n\n\n<div style=\"height:60px\" aria-hidden=\"true\" class=\"wp-block-spacer\"><\/div>\n\n\n\n<h4 class=\"wp-block-heading has-text-align-left titolo4 container-fluid\">Modulaires et reconfigurables, les solutions pour le bureau de S\u2022CAB s&rsquo;adaptent \u00e0 toutes les \u00e9chelles, de la simple table \u00e0 la salle de r\u00e9union, en passant par les espaces de d\u00e9tente et les salles de conf\u00e9rence. \u00c0 une \u00e9poque o\u00f9 la virtualisation du travail devient la nouvelle norme, les propositions de S\u2022CAB coexistent avec les nouvelles technologies, cr\u00e9ant des environnements qui stimulent la collaboration et un sens renouvel\u00e9 de l&rsquo;accueil.<\/h4>\n\n\n\n<div style=\"height:121px\" aria-hidden=\"true\" class=\"wp-block-spacer\"><\/div>\n\n\n\n<section class=\"wp-block-evidenzio-columns\"><div class=\"container-fluid\"><div class=\"row\">\n<div class=\"wp-block-evidenzio-column col-12 col-md-12 col-lg\"><div id=\"block_0c5f5493d0656cb96894e7e588af72fa-blocco_slider_imgs\" class=\" extra_title fadeOnScreen container-fluid blocco_slider_imgs block_publifarm\">\n\t\t\t\t\t<div class=\"row\">\n\t\t\t\t\t\t<div class=\" blocco_slider_imgs_wrp col col-sm-12 col-md-12 swiper\">\n\t\t\t\t\t\t\t<div class=\"swiper-wrapper\">\n\t\t\t\t\t\t\t\t\t\t\t\t\t\t\t\t\t<img decoding=\"async\" loading=\"lazy\" class=\"swiper-slide\" src=\"https:\/\/www.s-cab.it\/wp-content\/uploads\/2024\/12\/mondi-workspace-gallery_12.webp\" \/>\n\t\t\t\t\t\t\t\t\t\t\t\t\t\t\t\t\t<img decoding=\"async\" loading=\"lazy\" class=\"swiper-slide\" src=\"https:\/\/www.s-cab.it\/wp-content\/uploads\/2024\/12\/mondi-workspace-gallery_13.webp\" \/>\n\t\t\t\t\t\t\t\t\t\t\t\t\t\t\t\t\t<img decoding=\"async\" loading=\"lazy\" class=\"swiper-slide\" src=\"https:\/\/www.s-cab.it\/wp-content\/uploads\/2025\/12\/Set05_KoalaOpen_Coworking_V01_03.webp\" \/>\n\t\t\t\t\t\t\t\t\t\t\t\t\t\t\t\t\t<img decoding=\"async\" loading=\"lazy\" class=\"swiper-slide\" src=\"https:\/\/www.s-cab.it\/wp-content\/uploads\/2024\/12\/mondi-workspace-gallery_11.webp\" \/>\n\t\t\t\t\t\t\t\t\t\t\t\t\t\t\t\t\t<img decoding=\"async\" loading=\"lazy\" class=\"swiper-slide\" src=\"https:\/\/www.s-cab.it\/wp-content\/uploads\/2025\/10\/mondi-outdoor-brezza-relax_citta_02.webp\" \/>\n\t\t\t\t\t\t\t\t\t\t\t\t\t\t\t\t\t<img decoding=\"async\" loading=\"lazy\" class=\"swiper-slide\" src=\"https:\/\/www.s-cab.it\/wp-content\/uploads\/2024\/11\/mondi-workspace-gallery_01.webp\" \/>\n\t\t\t\t\t\t\t\t\t\t\t\t\t\t\t\t\t<img decoding=\"async\" loading=\"lazy\" class=\"swiper-slide\" src=\"https:\/\/www.s-cab.it\/wp-content\/uploads\/2024\/11\/mondi-workspace-gallery_03.webp\" \/>\n\t\t\t\t\t\t\t\t\t\t\t\t\t\t\t\t\t<img decoding=\"async\" loading=\"lazy\" class=\"swiper-slide\" src=\"https:\/\/www.s-cab.it\/wp-content\/uploads\/2024\/10\/5007-scab-double-tripe-09.webp\" \/>\n\t\t\t\t\t\t\t\t\t\t\t\t\t\t\t\t\t<img decoding=\"async\" loading=\"lazy\" class=\"swiper-slide\" src=\"https:\/\/www.s-cab.it\/wp-content\/uploads\/2024\/12\/mondi-workspace-gallery_06.webp\" \/>\n\t\t\t\t\t\t\t\t\t\t\t\t\t\t\t\t\t<img decoding=\"async\" loading=\"lazy\" class=\"swiper-slide\" src=\"https:\/\/www.s-cab.it\/wp-content\/uploads\/2024\/12\/mondi-workspace-gallery_07.webp\" \/>\n\t\t\t\t\t\t\t\t\t\t\t\t\t\t\t<\/div>\n\t\t\t\t\t\t<\/div>\n\t\t\t\t\t<\/div>\n<\/div><\/div>\n<\/div><\/div><\/section>\n","protected":false},"excerpt":{"rendered":"<p>Les environnements de travail subissent une profonde m\u00e9tamorphose \u00e0 laquelle&#8230;<\/p>\n","protected":false},"author":1,"featured_media":0,"parent":0,"menu_order":0,"comment_status":"closed","ping_status":"closed","template":"","meta":{"_acf_changed":false,"inline_featured_image":false,"footnotes":""},"class_list":["post-75415","page","type-page","status-publish","hentry"],"acf":[],"yoast_head":"<!-- This site is optimized with the Yoast SEO plugin v24.9 - https:\/\/yoast.com\/wordpress\/plugins\/seo\/ -->\n<title>Espace de travail - S\u2022CAB<\/title>\n<meta name=\"description\" content=\"S\u2022CAB - Espace de travail - Depuis 1957, S\u2022CAB cr\u00e9e des meubles de qualit\u00e9, durables et Made in Italy. D\u00e9couvrez notre philosophie, notre histoire et nos valeurs.\" \/>\n<meta name=\"robots\" content=\"index, follow, max-snippet:-1, max-image-preview:large, max-video-preview:-1\" \/>\n<link rel=\"canonical\" href=\"https:\/\/www.s-cab.it\/fr\/mondes-espace-de-travail\/\" \/>\n<meta property=\"og:locale\" content=\"fr_FR\" \/>\n<meta property=\"og:type\" content=\"article\" \/>\n<meta property=\"og:title\" content=\"Espace de travail - S\u2022CAB\" \/>\n<meta property=\"og:description\" content=\"S\u2022CAB - Espace de travail - Depuis 1957, S\u2022CAB cr\u00e9e des meubles de qualit\u00e9, durables et Made in Italy. D\u00e9couvrez notre philosophie, notre histoire et nos valeurs.\" \/>\n<meta property=\"og:url\" content=\"https:\/\/www.s-cab.it\/fr\/mondes-espace-de-travail\/\" \/>\n<meta property=\"og:site_name\" content=\"S\u2022CAB\" \/>\n<meta property=\"article:modified_time\" content=\"2025-12-04T14:07:03+00:00\" \/>\n<meta name=\"twitter:card\" content=\"summary_large_image\" \/>\n<meta name=\"twitter:label1\" content=\"Dur\u00e9e de lecture estim\u00e9e\" \/>\n\t<meta name=\"twitter:data1\" content=\"1 minute\" \/>\n<script type=\"application\/ld+json\" class=\"yoast-schema-graph\">{\"@context\":\"https:\/\/schema.org\",\"@graph\":[{\"@type\":\"WebPage\",\"@id\":\"https:\/\/www.s-cab.it\/fr\/mondes-espace-de-travail\/\",\"url\":\"https:\/\/www.s-cab.it\/fr\/mondes-espace-de-travail\/\",\"name\":\"Espace de travail - S\u2022CAB\",\"isPartOf\":{\"@id\":\"https:\/\/www.s-cab.it\/fr\/#website\"},\"datePublished\":\"2024-11-14T16:16:06+00:00\",\"dateModified\":\"2025-12-04T14:07:03+00:00\",\"description\":\"S\u2022CAB - Espace de travail - Depuis 1957, S\u2022CAB cr\u00e9e des meubles de qualit\u00e9, durables et Made in Italy. D\u00e9couvrez notre philosophie, notre histoire et nos valeurs.\",\"breadcrumb\":{\"@id\":\"https:\/\/www.s-cab.it\/fr\/mondes-espace-de-travail\/#breadcrumb\"},\"inLanguage\":\"fr-FR\",\"potentialAction\":[{\"@type\":\"ReadAction\",\"target\":[\"https:\/\/www.s-cab.it\/fr\/mondes-espace-de-travail\/\"]}]},{\"@type\":\"BreadcrumbList\",\"@id\":\"https:\/\/www.s-cab.it\/fr\/mondes-espace-de-travail\/#breadcrumb\",\"itemListElement\":[{\"@type\":\"ListItem\",\"position\":1,\"name\":\"Home\",\"item\":\"https:\/\/www.s-cab.it\/fr\/\"},{\"@type\":\"ListItem\",\"position\":2,\"name\":\"Espace de travail\"}]},{\"@type\":\"WebSite\",\"@id\":\"https:\/\/www.s-cab.it\/fr\/#website\",\"url\":\"https:\/\/www.s-cab.it\/fr\/\",\"name\":\"S\u2022CAB\",\"description\":\"\",\"potentialAction\":[{\"@type\":\"SearchAction\",\"target\":{\"@type\":\"EntryPoint\",\"urlTemplate\":\"https:\/\/www.s-cab.it\/fr\/?s={search_term_string}\"},\"query-input\":{\"@type\":\"PropertyValueSpecification\",\"valueRequired\":true,\"valueName\":\"search_term_string\"}}],\"inLanguage\":\"fr-FR\"}]}<\/script>\n<!-- \/ Yoast SEO plugin. -->","yoast_head_json":{"title":"Espace de travail - S\u2022CAB","description":"S\u2022CAB - Espace de travail - Depuis 1957, S\u2022CAB cr\u00e9e des meubles de qualit\u00e9, durables et Made in Italy. D\u00e9couvrez notre philosophie, notre histoire et nos valeurs.","robots":{"index":"index","follow":"follow","max-snippet":"max-snippet:-1","max-image-preview":"max-image-preview:large","max-video-preview":"max-video-preview:-1"},"canonical":"https:\/\/www.s-cab.it\/fr\/mondes-espace-de-travail\/","og_locale":"fr_FR","og_type":"article","og_title":"Espace de travail - S\u2022CAB","og_description":"S\u2022CAB - Espace de travail - Depuis 1957, S\u2022CAB cr\u00e9e des meubles de qualit\u00e9, durables et Made in Italy. D\u00e9couvrez notre philosophie, notre histoire et nos valeurs.","og_url":"https:\/\/www.s-cab.it\/fr\/mondes-espace-de-travail\/","og_site_name":"S\u2022CAB","article_modified_time":"2025-12-04T14:07:03+00:00","twitter_card":"summary_large_image","twitter_misc":{"Dur\u00e9e de lecture estim\u00e9e":"1 minute"},"schema":{"@context":"https:\/\/schema.org","@graph":[{"@type":"WebPage","@id":"https:\/\/www.s-cab.it\/fr\/mondes-espace-de-travail\/","url":"https:\/\/www.s-cab.it\/fr\/mondes-espace-de-travail\/","name":"Espace de travail - S\u2022CAB","isPartOf":{"@id":"https:\/\/www.s-cab.it\/fr\/#website"},"datePublished":"2024-11-14T16:16:06+00:00","dateModified":"2025-12-04T14:07:03+00:00","description":"S\u2022CAB - Espace de travail - Depuis 1957, S\u2022CAB cr\u00e9e des meubles de qualit\u00e9, durables et Made in Italy. D\u00e9couvrez notre philosophie, notre histoire et nos valeurs.","breadcrumb":{"@id":"https:\/\/www.s-cab.it\/fr\/mondes-espace-de-travail\/#breadcrumb"},"inLanguage":"fr-FR","potentialAction":[{"@type":"ReadAction","target":["https:\/\/www.s-cab.it\/fr\/mondes-espace-de-travail\/"]}]},{"@type":"BreadcrumbList","@id":"https:\/\/www.s-cab.it\/fr\/mondes-espace-de-travail\/#breadcrumb","itemListElement":[{"@type":"ListItem","position":1,"name":"Home","item":"https:\/\/www.s-cab.it\/fr\/"},{"@type":"ListItem","position":2,"name":"Espace de travail"}]},{"@type":"WebSite","@id":"https:\/\/www.s-cab.it\/fr\/#website","url":"https:\/\/www.s-cab.it\/fr\/","name":"S\u2022CAB","description":"","potentialAction":[{"@type":"SearchAction","target":{"@type":"EntryPoint","urlTemplate":"https:\/\/www.s-cab.it\/fr\/?s={search_term_string}"},"query-input":{"@type":"PropertyValueSpecification","valueRequired":true,"valueName":"search_term_string"}}],"inLanguage":"fr-FR"}]}},"_links":{"self":[{"href":"https:\/\/www.s-cab.it\/fr\/wp-json\/wp\/v2\/pages\/75415","targetHints":{"allow":["GET"]}}],"collection":[{"href":"https:\/\/www.s-cab.it\/fr\/wp-json\/wp\/v2\/pages"}],"about":[{"href":"https:\/\/www.s-cab.it\/fr\/wp-json\/wp\/v2\/types\/page"}],"author":[{"embeddable":true,"href":"https:\/\/www.s-cab.it\/fr\/wp-json\/wp\/v2\/users\/1"}],"replies":[{"embeddable":true,"href":"https:\/\/www.s-cab.it\/fr\/wp-json\/wp\/v2\/comments?post=75415"}],"version-history":[{"count":8,"href":"https:\/\/www.s-cab.it\/fr\/wp-json\/wp\/v2\/pages\/75415\/revisions"}],"predecessor-version":[{"id":146624,"href":"https:\/\/www.s-cab.it\/fr\/wp-json\/wp\/v2\/pages\/75415\/revisions\/146624"}],"wp:attachment":[{"href":"https:\/\/www.s-cab.it\/fr\/wp-json\/wp\/v2\/media?parent=75415"}],"curies":[{"name":"wp","href":"https:\/\/api.w.org\/{rel}","templated":true}]}}