{"id":75425,"date":"2024-11-19T16:45:35","date_gmt":"2024-11-19T15:45:35","guid":{"rendered":"https:\/\/www.s-cab.it\/la-nostra-storia\/"},"modified":"2025-06-25T11:48:07","modified_gmt":"2025-06-25T09:48:07","slug":"notre-histoire","status":"publish","type":"page","link":"https:\/\/www.s-cab.it\/fr\/notre-histoire\/","title":{"rendered":"Notre histoire"},"content":{"rendered":"<div id=\"block_755b458d025b651a711881fe1a6d8a04-blocco_video_banner\" class=\" fadeOnScreen container-fluid blocco_video_banner block_publifarm  video_full_screen   video_background_mp4  \" >\n    <div class=\"row video_wrp d-flex flex-wrap justify-content-center align-items-center\">\n\n        <div class=\"cover_img cover_img_has_overlay_ d-flex justify-content-center align-items-center\" style=\"background-image:url(https:\/\/www.s-cab.it\/wp-content\/uploads\/2024\/12\/scab-azienda-video-1.jpg);\">\n           <\/div>\n    \n\t      <div class=\"fadeOnScreen yt-embed-img_anteprima_1 blocco_immagini_sfalsate_video\" >\n    <video  width=\"560\" height=\"315\" autoplay loop muted playsinline style=\"pointer-events: none;\" class=\"html5_video_player\">\n        <source src=\"https:\/\/www.s-cab.it\/wp-content\/uploads\/2025\/06\/scab_video_produzione_250616.mp4\" type=\"video\/mp4\" \/>\n    <\/video>\n    <div class=\"yt-embed-overlay\"><\/div>\n    \n    <\/div>    \n    <\/div>\n\t\n<\/div>\n\n\n<section class=\"wp-block-evidenzio-columns azienda_blocco_1 has-background\" style=\"background-color:#fafaf7\"><div class=\"container-fluid\"><div class=\"row\">\n<div class=\"wp-block-evidenzio-column col-12 col-md-12 col-lg azienda_blocco_1_in has-colore-tema-2-background-color has-background\"><div id=\"block_9d0a111cce4ef77c53fb3bebb838c8a2-blocco_timeline\" class=\"la_storia fadeOnScreen  blocco_timeline block_publifarm\" style=\"background-color:var(--color-yellow);\">\n    <div class=\"  scrollpannel\">\n        <div class=\"scroll_container\">\n        <!-- start container -->\n            <div class=\"first_panel panel  d-flex justify-content-center align-items-center\" style=\"background-color:var(--color-yellow);\">\n                <div class=\"col col-sm-12 col-md-7\">\n                    <h4 class=\"titolo4 fadeOnScreen\">S\u2022CAB est le r\u00e9cit passionnant d&rsquo;une famille investie depuis soixante ans dans le domaine de l&rsquo;ameublement. C&rsquo;est en 1957 que SCAB et son premier b\u00e2timent d&rsquo;usine \u00e0 Coccaglio, dans la province de Brescia, ont vu le jour. <\/h4>\n                <\/div>\n                <div class=\"  col col-sm-12 col-md-1\">\n                <\/div>\n                <div class=\"  col col-sm-12 col-md-4\">\n                    <p class=\"standard_text fadeOnScreen\">C\u2019est \u00e0 une \u00e9poque d\u2019effervescence en Italie, o\u00f9 le design devient un moteur d&rsquo;innovation et de relance \u00e9conomique, que Francesco Battaglia lance une production de meubles et d&rsquo;articles m\u00e9nagers pour une classe moyenne en pleine expansion, d\u00e9sireuse de transformer son espace domestique en un lieu de bien-\u00eatre. <\/p>\n                                            <img decoding=\"async\" loading=\"lazy\" class=\"fadeOnScreen align-self-end\" src=\"https:\/\/www.s-cab.it\/wp-content\/uploads\/2024\/11\/azienda_01-1.webp\" srcset=\"https:\/\/www.s-cab.it\/wp-content\/uploads\/2024\/11\/azienda_01-1.webp\" \/>\n                    \t\n                <\/div>\n            <\/div>\n\n            <div class=\"second_panel panel flex-column \" style=\"background-color:var(--color-yellow);\">\n                <div class=\"col col-sm-12 d-flex first_row\">\n                    <img decoding=\"async\" loading=\"lazy\" class=\"fadeOnScreen align-self-end\" src=\"https:\/\/www.s-cab.it\/wp-content\/uploads\/2024\/11\/azienda_02-1.webp\" srcset=\"https:\/\/www.s-cab.it\/wp-content\/uploads\/2024\/11\/azienda_02-1.webp\" \/>\n                \n                    <h4 class=\"titolo2b fadeOnScreen\">L&#8217;embl\u00e9matique : la chaise &#8211; \u00c0 partir des ann\u00e9es 1960, S\u2022CAB affine sa production en se sp\u00e9cialisant dans les si\u00e8ges. L\u2019entreprise diversifie ses offres pour r\u00e9pondre aux besoins des secteurs r\u00e9sidentiel et ext\u00e9rieur, tout en d\u00e9veloppant une expertise dans la transformation du plastique, un mat\u00e9riau alors en pleine ascension dans l&rsquo;univers de l&rsquo;ameublement. <\/h4>\n                                        <div class=\"col col-sm-12 col-md-2\"><\/div>\n                <\/div>\n                <div class=\"col col-sm-12 second_row d-flex\">\n                    <div class=\"row_marchio_storicocol  col-sm-12 col-md-5 d-flex justify-content-center align-items-center\">\n                        <img decoding=\"async\" loading=\"lazy\" class=\"fadeOnScreen align-self-end\" src=\"https:\/\/www.s-cab.it\/wp-content\/uploads\/2024\/11\/logo_marchio_storico-e1734337971251.webp\" srcset=\"https:\/\/www.s-cab.it\/wp-content\/uploads\/2024\/11\/logo_marchio_storico-e1734337971251.webp\" \/>\n                        <p class=\"standard_txt_small fadeOnScreen\">En 2022, S\u2022CAB est inscrite au registre des marques italiennes historiques, une reconnaissance suppl\u00e9mentaire de son engagement envers la qualit\u00e9 et l&rsquo;innovation.<\/p>\n                    <\/div>\n                    <div class=\"col col-sm-12 col-md-1\"><\/div>\n                    <div class=\"col col-sm-12 col-md-5\">\n                        <p class=\"standard_text fadeOnScreen\">Avec le temps, l&rsquo;entreprise \u00e9largit ses comp\u00e9tences en int\u00e9grant le travail de l&rsquo;acier, du bois et des tissus, r\u00e9pondant ainsi \u00e0 la demande croissante de personnalisation provenant des collectivit\u00e9s. Cet engagement et cette vision de croissance ont \u00e9t\u00e9 couronn\u00e9s par la plus haute distinction italienne dans l&rsquo;entrepreneuriat : en 2015, Francesco Battaglia a \u00e9t\u00e9 nomm\u00e9 Cavaliere del Lavoro. <\/p>\n                    <\/div>\n                    <div class=\"col col-sm-12 col-md-2\"><\/div>\n                <\/div>\t\t\t\t\n                    \n            <\/div>\n            <div class=\"third_panel panel row\" style=\"background-color:var(--color-yellow);\">\n                <div class=\"d-flex flex-row justify-content-start  col col-sm-12 col-md-4  wrp_immagine_di_anteprima_1\">\n                                        <img decoding=\"async\" loading=\"lazy\" class=\"fadeOnScreen align-self-end img_anteprima_1b\" src=\"https:\/\/www.s-cab.it\/wp-content\/uploads\/2024\/12\/azienda_07.webp\" srcset=\"https:\/\/www.s-cab.it\/wp-content\/uploads\/2024\/12\/azienda_07.webp\" \/>\n                              \n                <\/div>\n                <div class=\"  col col-sm-12 col-md-2\">\n                                        <img decoding=\"async\" loading=\"lazy\" class=\"fadeOnScreen align-self-end\" src=\"https:\/\/www.s-cab.it\/wp-content\/uploads\/2024\/11\/azienda_04.webp\" srcset=\"https:\/\/www.s-cab.it\/wp-content\/uploads\/2024\/11\/azienda_04.webp\" \/>\n                     \n                <\/div>\n                <div class=\"  col col-sm-12 col-md-6 img_di_aprima_last\">\n                                        <img decoding=\"async\" loading=\"lazy\" class=\"fadeOnScreen align-self-end\" src=\"https:\/\/www.s-cab.it\/wp-content\/uploads\/2024\/12\/azienda_08.webp\" srcset=\"https:\/\/www.s-cab.it\/wp-content\/uploads\/2024\/12\/azienda_08.webp\" \/>\n                                    <\/div>\t\n            <\/div>\n            <div class=\"fourd_panel panel row\" style=\"background-color:var(--color-yellow);\">\n                    <div class=\"d-flex flex-column justify-content-start align-items-baseline col col-sm-12 col-md-12 wrp_immagine_di_anteprima_2 \">\n                                                <img decoding=\"async\" loading=\"lazy\" class=\"fadeOnScreen align-self-end\" src=\"https:\/\/www.s-cab.it\/wp-content\/uploads\/2024\/11\/azienda_06-1.webp\" srcset=\"https:\/\/www.s-cab.it\/wp-content\/uploads\/2024\/11\/azienda_06-1.webp\" \/>\n                                            <\/div>\n                    <div class=\"col col-sm-12 col-md-2\"><\/div>\n                    <div class=\"d-flex flex-column justify-content-start align-items-baseline col col-sm-12 col-md-6 wrp_immagine_di_anteprima_2 \">\n                        <div class=\"d-flex title_wrp\">\n                                                    <h4 class=\"titolo2b fadeOnScreen\">Showroom et modernisation des bureaux &#8211; En 2021, un nouveau showroom voit le jour dans l&rsquo;usine de Coccaglio. Con\u00e7u par l&rsquo;architecte Luca Piatti, cet espace industriel de 600 m\u00b2 conserve les \u00e9l\u00e9ments architecturaux d&rsquo;origine tout en sublimant l\u2019esprit industriel avec des mat\u00e9riaux contemporains comme le ferrofinestra et la r\u00e9sine continue. <\/h4>\n                                                <\/div>\n                    <\/div>\n                    <div class=\"col col-sm-12 col-md-4\"><\/div>\n                <\/div>\n            <\/div>\n        <\/div>\n<!-- end container -->\n        <\/div>\n    <\/div>\n<\/div>\n\n\n<div style=\"height:61px\" aria-hidden=\"true\" class=\"wp-block-spacer\"><\/div>\n<\/div>\n<\/div><\/div><\/section>\n\n\n\n<section class=\"wp-block-evidenzio-columns\"><div class=\"container\"><div class=\"row\">\n<div class=\"wp-block-evidenzio-column col-12 col-md-12 col-lg\"><\/div>\n\n\n\n<div class=\"wp-block-evidenzio-column col-12 col-md-12 col-lg custom_padding_orizontal\">\n<p class=\"standard_text_medium\">Apr\u00e8s six d\u00e9cennies d&rsquo;engagement sans rel\u00e2che, le Cav. Battaglia passe le flambeau \u00e0 la g\u00e9n\u00e9ration suivante, incarn\u00e9e par ses filles Luisa et Francesca. Une p\u00e9riode de renouveau s&rsquo;ouvre. De nouveaux designers sont impliqu\u00e9s et des mod\u00e8les iconiques, tels que la chaise Lisa, d\u00e9montrent la capacit\u00e9 de S\u2022CAB \u00e0 \u00e9voluer avec les tendances contemporaines. En 2021, cette transition se concr\u00e9tise par le changement de nom de SCAB Design \u00e0 S\u2022CAB, illustr\u00e9 par un nouveau logo percutant&nbsp;: le S\u2022 mettant en avant la sp\u00e9cialisation verticale de l&rsquo;entreprise dans la production de si\u00e8ges.<\/p>\n<\/div>\n<\/div><\/div><\/section>\n\n\n\n<section class=\"wp-block-evidenzio-columns\"><div class=\"container\"><div class=\"row\">\n<div class=\"wp-block-evidenzio-column col-12 col-md-12 col-lg\">\n<h4 class=\"wp-block-heading titolo2b\"><strong>Un pr\u00e9sent en constante \u00e9volution<\/strong> &#8211; Aujourd&rsquo;hui, Luisa et Francesca Battaglia dirigent l&rsquo;entreprise, respectivement en tant que Directrice Cr\u00e9ative de S\u2022cab et Directrice des Ventes pour l&rsquo;Italie, en collaboration \u00e9troite avec Ludovico Taglietti, Directeur des Ventes \u00e0 l&rsquo;\u00c9tranger, et Michelangelo Taglietti, Directeur des Exportations, qui \u0153uvrent \u00e0 la consolidation des march\u00e9s \u00e9trangers.<\/h4>\n<\/div>\n\n\n\n<div class=\"wp-block-evidenzio-column col-12 col-md-12 col-lg\"><\/div>\n<\/div><\/div><\/section>\n\n\n\n<div style=\"height:100px\" aria-hidden=\"true\" class=\"wp-block-spacer\"><\/div>\n\n\n\n<section class=\"wp-block-evidenzio-columns\"><div class=\"container\"><div class=\"row\">\n<div class=\"wp-block-evidenzio-column col-12 col-md-12 col-lg custom_padding_orizontal_left\">\n<div class=\"d-flex titolo_sfalsato\">\n\t\t\t\t\t\t\t\t\t\t\t\t\t\t\t\t<h4 class=\"extra_title fadeOnScreen fadeOnScreen_active\">3 usines<\/h4>\n\t\t\t\t\t\t\t\t\t\t\t\t\t\t\t\t\t\t\t\t\t\t\t\t<p class=\"standard_text fadeOnScreen fadeOnScreen_active\">dans la province<br>de Brescia<\/p>\n\t\t\t\t\t\t\t\t\t\t\t\t\t\t\t<\/div>\n<\/div>\n<\/div><\/div><\/section>\n\n\n\n<div style=\"height:20px\" aria-hidden=\"true\" class=\"wp-block-spacer\"><\/div>\n\n\n\n<section class=\"wp-block-evidenzio-columns\"><div class=\"container\"><div class=\"row\">\n<div class=\"wp-block-evidenzio-column col-12 col-md-12 col-lg\"><\/div>\n\n\n\n<div class=\"wp-block-evidenzio-column col-12 col-md-12 col-lg\">\n<div class=\"d-flex titolo_sfalsato\">\n\t\t\t\t\t\t\t\t\t\t\t\t\t\t\t\t<h4 class=\"extra_title fadeOnScreen fadeOnScreen_active\">85.000mq<\/h4>\n\t\t\t\t\t\t\t\t\t\t\t\t\t\t\t\t\t\t\t\t\t\t\t\t<p class=\"standard_text fadeOnScreen fadeOnScreen_active\">de surface de production<\/br>en Italie<\/p>\n\t\t\t\t\t\t\t\t\t\t\t\t\t\t\t<\/div>\n<\/div>\n<\/div><\/div><\/section>\n\n\n\n<div style=\"height:123px\" aria-hidden=\"true\" class=\"wp-block-spacer\"><\/div>\n\n\n<div id=\"block_686bf1973cfc9e2ee25b50ca224f0b67-blocco_slider_imgs\" class=\"slider_la_nostra_storia extra_title fadeOnScreen container-fluid blocco_slider_imgs block_publifarm\">\n\t\t\t\t\t<div class=\"row\">\n\t\t\t\t\t\t<div class=\" blocco_slider_imgs_wrp col col-sm-12 col-md-12 swiper\">\n\t\t\t\t\t\t\t<div class=\"swiper-wrapper\">\n\t\t\t\t\t\t\t\t\t\t\t\t\t\t\t\t\t<img decoding=\"async\" loading=\"lazy\" class=\"swiper-slide\" src=\"https:\/\/www.s-cab.it\/wp-content\/uploads\/2024\/12\/azienda-gallery_06.webp\" \/>\n\t\t\t\t\t\t\t\t\t\t\t\t\t\t\t\t\t<img decoding=\"async\" loading=\"lazy\" class=\"swiper-slide\" src=\"https:\/\/www.s-cab.it\/wp-content\/uploads\/2024\/12\/azienda-gallery_07.webp\" \/>\n\t\t\t\t\t\t\t\t\t\t\t\t\t\t\t\t\t<img decoding=\"async\" loading=\"lazy\" class=\"swiper-slide\" src=\"https:\/\/www.s-cab.it\/wp-content\/uploads\/2024\/12\/azienda-gallery_08.webp\" \/>\n\t\t\t\t\t\t\t\t\t\t\t\t\t\t\t\t\t<img decoding=\"async\" loading=\"lazy\" class=\"swiper-slide\" src=\"https:\/\/www.s-cab.it\/wp-content\/uploads\/2024\/12\/azienda-gallery_05.webp\" \/>\n\t\t\t\t\t\t\t\t\t\t\t\t\t\t\t\t\t<img decoding=\"async\" loading=\"lazy\" class=\"swiper-slide\" src=\"https:\/\/www.s-cab.it\/wp-content\/uploads\/2024\/12\/azienda-gallery_10.webp\" \/>\n\t\t\t\t\t\t\t\t\t\t\t\t\t\t\t\t\t<img decoding=\"async\" loading=\"lazy\" class=\"swiper-slide\" src=\"https:\/\/www.s-cab.it\/wp-content\/uploads\/2024\/12\/azienda-gallery_17.webp\" \/>\n\t\t\t\t\t\t\t\t\t\t\t\t\t\t\t\t\t<img decoding=\"async\" loading=\"lazy\" class=\"swiper-slide\" src=\"https:\/\/www.s-cab.it\/wp-content\/uploads\/2024\/11\/azienda-gallery_03-1.webp\" \/>\n\t\t\t\t\t\t\t\t\t\t\t\t\t\t\t\t\t<img decoding=\"async\" loading=\"lazy\" class=\"swiper-slide\" src=\"https:\/\/www.s-cab.it\/wp-content\/uploads\/2024\/11\/azienda-gallery_04-1.webp\" \/>\n\t\t\t\t\t\t\t\t\t\t\t\t\t\t\t\t\t<img decoding=\"async\" loading=\"lazy\" class=\"swiper-slide\" src=\"https:\/\/www.s-cab.it\/wp-content\/uploads\/2024\/12\/azienda-gallery_12.webp\" \/>\n\t\t\t\t\t\t\t\t\t\t\t\t\t\t\t\t\t<img decoding=\"async\" loading=\"lazy\" class=\"swiper-slide\" src=\"https:\/\/www.s-cab.it\/wp-content\/uploads\/2024\/12\/azienda-gallery_13.webp\" \/>\n\t\t\t\t\t\t\t\t\t\t\t\t\t\t\t\t\t<img decoding=\"async\" loading=\"lazy\" class=\"swiper-slide\" src=\"https:\/\/www.s-cab.it\/wp-content\/uploads\/2024\/12\/azienda-gallery_14.webp\" \/>\n\t\t\t\t\t\t\t\t\t\t\t\t\t\t\t\t\t<img decoding=\"async\" loading=\"lazy\" class=\"swiper-slide\" src=\"https:\/\/www.s-cab.it\/wp-content\/uploads\/2024\/12\/azienda-gallery_16.webp\" \/>\n\t\t\t\t\t\t\t\t\t\t\t\t\t\t\t\t\t<img decoding=\"async\" loading=\"lazy\" class=\"swiper-slide\" src=\"https:\/\/www.s-cab.it\/wp-content\/uploads\/2024\/12\/azienda-gallery_15.webp\" \/>\n\t\t\t\t\t\t\t\t\t\t\t\t\t\t\t\t\t<img decoding=\"async\" loading=\"lazy\" class=\"swiper-slide\" src=\"https:\/\/www.s-cab.it\/wp-content\/uploads\/2024\/12\/azienda-gallery_01-scaled.webp\" \/>\n\t\t\t\t\t\t\t\t\t\t\t\t\t\t\t\t\t<img decoding=\"async\" loading=\"lazy\" class=\"swiper-slide\" src=\"https:\/\/www.s-cab.it\/wp-content\/uploads\/2024\/12\/azienda-gallery_18.webp\" \/>\n\t\t\t\t\t\t\t\t\t\t\t\t\t\t\t<\/div>\n\t\t\t\t\t\t<\/div>\n\t\t\t\t\t<\/div>\n<\/div>\n\n\n<section class=\"wp-block-evidenzio-columns fadeOnScreen banner_sostenibilita_corretto has-background\" style=\"background-color:#cfefd2\"><div class=\"container py-lg-5\"><div class=\"row\">\n<div class=\"wp-block-evidenzio-column col-12 col-md-12 col-lg d-flex flex-column justify-content-between\">\n<h4 class=\"wp-block-heading has-small-font-size\">Durabilit\u00e9<\/h4>\n\n\n\n<div class=\"wp-block-buttons is-layout-flex wp-block-buttons-is-layout-flex\">\n<div class=\"wp-block-button\"><a class=\"wp-block-button__link wp-element-button\" href=\"https:\/\/www.s-cab.it\/fr\/durabilite\/\">D\u00e9couvrir<\/a><\/div>\n<\/div>\n<\/div>\n\n\n\n<div class=\"wp-block-evidenzio-column col-12 col-md-12 col-lg-7\">\n<p class=\"titolo2b\"><strong>Toujours fid\u00e8le \u00e0 ses valeurs, S\u2022CAB constitue une r\u00e9alit\u00e9 solide et enracin\u00e9e, forte de ses trois usines et de ses 85 000 m\u00b2 de surface de production, d&rsquo;une \u00e9quipe de designers internationaux et d&rsquo;une vocation in\u00e9branlable \u00e0 combiner la protection de son patrimoine industriel avec un processus de croissance prudent et durable.<\/strong><\/p>\n<\/div>\n<\/div><\/div><\/section>\n","protected":false},"excerpt":{"rendered":"","protected":false},"author":1,"featured_media":0,"parent":0,"menu_order":0,"comment_status":"closed","ping_status":"closed","template":"","meta":{"_acf_changed":false,"inline_featured_image":false,"footnotes":""},"class_list":["post-75425","page","type-page","status-publish","hentry"],"acf":[],"yoast_head":"<!-- This site is optimized with the Yoast SEO plugin v24.9 - https:\/\/yoast.com\/wordpress\/plugins\/seo\/ -->\n<title>Notre histoire - S\u2022CAB<\/title>\n<meta name=\"description\" content=\"S\u2022CAB - Notre histoire - Depuis 1957, S\u2022CAB cr\u00e9e des meubles de qualit\u00e9, durables et Made in Italy. D\u00e9couvrez notre philosophie, notre histoire et nos valeurs.\" \/>\n<meta name=\"robots\" content=\"index, follow, max-snippet:-1, max-image-preview:large, max-video-preview:-1\" \/>\n<link rel=\"canonical\" href=\"https:\/\/www.s-cab.it\/fr\/notre-histoire\/\" \/>\n<meta property=\"og:locale\" content=\"fr_FR\" \/>\n<meta property=\"og:type\" content=\"article\" \/>\n<meta property=\"og:title\" content=\"Notre histoire - S\u2022CAB\" \/>\n<meta property=\"og:description\" content=\"S\u2022CAB - Notre histoire - Depuis 1957, S\u2022CAB cr\u00e9e des meubles de qualit\u00e9, durables et Made in Italy. D\u00e9couvrez notre philosophie, notre histoire et nos valeurs.\" \/>\n<meta property=\"og:url\" content=\"https:\/\/www.s-cab.it\/fr\/notre-histoire\/\" \/>\n<meta property=\"og:site_name\" content=\"S\u2022CAB\" \/>\n<meta property=\"article:modified_time\" content=\"2025-06-25T09:48:07+00:00\" \/>\n<meta name=\"twitter:card\" content=\"summary_large_image\" \/>\n<meta name=\"twitter:label1\" content=\"Dur\u00e9e de lecture estim\u00e9e\" \/>\n\t<meta name=\"twitter:data1\" content=\"2 minutes\" \/>\n<script type=\"application\/ld+json\" class=\"yoast-schema-graph\">{\"@context\":\"https:\/\/schema.org\",\"@graph\":[{\"@type\":\"WebPage\",\"@id\":\"https:\/\/www.s-cab.it\/fr\/notre-histoire\/\",\"url\":\"https:\/\/www.s-cab.it\/fr\/notre-histoire\/\",\"name\":\"Notre histoire - S\u2022CAB\",\"isPartOf\":{\"@id\":\"https:\/\/www.s-cab.it\/fr\/#website\"},\"datePublished\":\"2024-11-19T15:45:35+00:00\",\"dateModified\":\"2025-06-25T09:48:07+00:00\",\"description\":\"S\u2022CAB - Notre histoire - Depuis 1957, S\u2022CAB cr\u00e9e des meubles de qualit\u00e9, durables et Made in Italy. D\u00e9couvrez notre philosophie, notre histoire et nos valeurs.\",\"breadcrumb\":{\"@id\":\"https:\/\/www.s-cab.it\/fr\/notre-histoire\/#breadcrumb\"},\"inLanguage\":\"fr-FR\",\"potentialAction\":[{\"@type\":\"ReadAction\",\"target\":[\"https:\/\/www.s-cab.it\/fr\/notre-histoire\/\"]}]},{\"@type\":\"BreadcrumbList\",\"@id\":\"https:\/\/www.s-cab.it\/fr\/notre-histoire\/#breadcrumb\",\"itemListElement\":[{\"@type\":\"ListItem\",\"position\":1,\"name\":\"Home\",\"item\":\"https:\/\/www.s-cab.it\/fr\/\"},{\"@type\":\"ListItem\",\"position\":2,\"name\":\"Notre histoire\"}]},{\"@type\":\"WebSite\",\"@id\":\"https:\/\/www.s-cab.it\/fr\/#website\",\"url\":\"https:\/\/www.s-cab.it\/fr\/\",\"name\":\"S\u2022CAB\",\"description\":\"\",\"potentialAction\":[{\"@type\":\"SearchAction\",\"target\":{\"@type\":\"EntryPoint\",\"urlTemplate\":\"https:\/\/www.s-cab.it\/fr\/?s={search_term_string}\"},\"query-input\":{\"@type\":\"PropertyValueSpecification\",\"valueRequired\":true,\"valueName\":\"search_term_string\"}}],\"inLanguage\":\"fr-FR\"}]}<\/script>\n<!-- \/ Yoast SEO plugin. -->","yoast_head_json":{"title":"Notre histoire - S\u2022CAB","description":"S\u2022CAB - Notre histoire - Depuis 1957, S\u2022CAB cr\u00e9e des meubles de qualit\u00e9, durables et Made in Italy. D\u00e9couvrez notre philosophie, notre histoire et nos valeurs.","robots":{"index":"index","follow":"follow","max-snippet":"max-snippet:-1","max-image-preview":"max-image-preview:large","max-video-preview":"max-video-preview:-1"},"canonical":"https:\/\/www.s-cab.it\/fr\/notre-histoire\/","og_locale":"fr_FR","og_type":"article","og_title":"Notre histoire - S\u2022CAB","og_description":"S\u2022CAB - Notre histoire - Depuis 1957, S\u2022CAB cr\u00e9e des meubles de qualit\u00e9, durables et Made in Italy. D\u00e9couvrez notre philosophie, notre histoire et nos valeurs.","og_url":"https:\/\/www.s-cab.it\/fr\/notre-histoire\/","og_site_name":"S\u2022CAB","article_modified_time":"2025-06-25T09:48:07+00:00","twitter_card":"summary_large_image","twitter_misc":{"Dur\u00e9e de lecture estim\u00e9e":"2 minutes"},"schema":{"@context":"https:\/\/schema.org","@graph":[{"@type":"WebPage","@id":"https:\/\/www.s-cab.it\/fr\/notre-histoire\/","url":"https:\/\/www.s-cab.it\/fr\/notre-histoire\/","name":"Notre histoire - S\u2022CAB","isPartOf":{"@id":"https:\/\/www.s-cab.it\/fr\/#website"},"datePublished":"2024-11-19T15:45:35+00:00","dateModified":"2025-06-25T09:48:07+00:00","description":"S\u2022CAB - Notre histoire - Depuis 1957, S\u2022CAB cr\u00e9e des meubles de qualit\u00e9, durables et Made in Italy. D\u00e9couvrez notre philosophie, notre histoire et nos valeurs.","breadcrumb":{"@id":"https:\/\/www.s-cab.it\/fr\/notre-histoire\/#breadcrumb"},"inLanguage":"fr-FR","potentialAction":[{"@type":"ReadAction","target":["https:\/\/www.s-cab.it\/fr\/notre-histoire\/"]}]},{"@type":"BreadcrumbList","@id":"https:\/\/www.s-cab.it\/fr\/notre-histoire\/#breadcrumb","itemListElement":[{"@type":"ListItem","position":1,"name":"Home","item":"https:\/\/www.s-cab.it\/fr\/"},{"@type":"ListItem","position":2,"name":"Notre histoire"}]},{"@type":"WebSite","@id":"https:\/\/www.s-cab.it\/fr\/#website","url":"https:\/\/www.s-cab.it\/fr\/","name":"S\u2022CAB","description":"","potentialAction":[{"@type":"SearchAction","target":{"@type":"EntryPoint","urlTemplate":"https:\/\/www.s-cab.it\/fr\/?s={search_term_string}"},"query-input":{"@type":"PropertyValueSpecification","valueRequired":true,"valueName":"search_term_string"}}],"inLanguage":"fr-FR"}]}},"_links":{"self":[{"href":"https:\/\/www.s-cab.it\/fr\/wp-json\/wp\/v2\/pages\/75425","targetHints":{"allow":["GET"]}}],"collection":[{"href":"https:\/\/www.s-cab.it\/fr\/wp-json\/wp\/v2\/pages"}],"about":[{"href":"https:\/\/www.s-cab.it\/fr\/wp-json\/wp\/v2\/types\/page"}],"author":[{"embeddable":true,"href":"https:\/\/www.s-cab.it\/fr\/wp-json\/wp\/v2\/users\/1"}],"replies":[{"embeddable":true,"href":"https:\/\/www.s-cab.it\/fr\/wp-json\/wp\/v2\/comments?post=75425"}],"version-history":[{"count":2,"href":"https:\/\/www.s-cab.it\/fr\/wp-json\/wp\/v2\/pages\/75425\/revisions"}],"predecessor-version":[{"id":140660,"href":"https:\/\/www.s-cab.it\/fr\/wp-json\/wp\/v2\/pages\/75425\/revisions\/140660"}],"wp:attachment":[{"href":"https:\/\/www.s-cab.it\/fr\/wp-json\/wp\/v2\/media?parent=75425"}],"curies":[{"name":"wp","href":"https:\/\/api.w.org\/{rel}","templated":true}]}}