{"id":75431,"date":"2024-11-26T10:08:55","date_gmt":"2024-11-26T09:08:55","guid":{"rendered":"https:\/\/www.s-cab.it\/strumenti-download\/"},"modified":"2025-03-10T10:17:12","modified_gmt":"2025-03-10T09:17:12","slug":"instruments","status":"publish","type":"page","link":"https:\/\/www.s-cab.it\/fr\/instruments\/","title":{"rendered":"Instruments"},"content":{"rendered":"\n<div style=\"height:140px\" aria-hidden=\"true\" class=\"wp-block-spacer hide_on_mobile\"><\/div>\n\n\n\n<section class=\"wp-block-evidenzio-columns\"><div class=\"container\"><div class=\"row\">\n<div class=\"wp-block-evidenzio-column col-12 col-md-12 col-lg single_box_download\">\n<h2 class=\"wp-block-heading\"><a href=\"https:\/\/www.s-cab.it\/fr\/instruments-telechargements-catalogues\/\" title=\"Strumenti | Download Cataloghi\">Catalogues et entreprise<\/a><\/h2>\n\n\n\n<p><a href=\"https:\/\/www.s-cab.it\/fr\/instruments-telechargements-catalogues\/\" title=\"Strumenti | Download Cataloghi\">D\u00e9couvrir<\/a><\/p>\n<\/div>\n\n\n\n<div class=\"wp-block-evidenzio-column col-12 col-md-12 col-lg single_box_download\">\n<h2 class=\"wp-block-heading\"><a href=\"https:\/\/www.s-cab.it\/fr\/dossiers-techniques\/\" title=\"\">Dossiers techniques et m\u00e9dias<\/a><\/h2>\n\n\n\n<p><a href=\"https:\/\/www.s-cab.it\/fr\/dossiers-techniques\/\" title=\"\">D\u00e9couvrir<\/a><\/p>\n<\/div>\n\n\n\n<div class=\"wp-block-evidenzio-column col-12 col-md-12 col-lg single_box_download\">\n<h2 class=\"wp-block-heading\"><a href=\"https:\/\/www.s-cab.it\/fr\/selection\/configuratore-fr\/\" title=\"Configuratore\">Configurateur<\/a><\/h2>\n\n\n\n<p><a href=\"https:\/\/www.s-cab.it\/fr\/selezione\/configuratore-fr\/\" title=\"Configuratore\">D\u00e9couvrir<\/a><\/p>\n<\/div>\n<\/div><\/div><\/section>\n\n\n\n<div style=\"height:50px\" aria-hidden=\"true\" class=\"wp-block-spacer hide_on_mobile\"><\/div>\n\n\n\n<section class=\"wp-block-evidenzio-columns\"><div class=\"container\"><div class=\"row\">\n<div class=\"wp-block-evidenzio-column col-12 col-md-4 col-lg-4 single_box_download single_box_pcon\">\n<h2 class=\"wp-block-heading\"><a href=\"https:\/\/login.pcon-solutions.com\/fr\/catalog\/50WIC6\/accept\" target=\"_blank\" rel=\"noopener\" title=\"Strumenti | Download Cataloghi\">pCon<\/a><br><\/h2>\n\n\n\n<p><a href=\"https:\/\/login.pcon-solutions.com\/fr\/catalog\/50WIC6\/accept\" target=\"_blank\" rel=\"noopener\" title=\"Strumenti | Download Cataloghi\">D\u00e9couvrir<\/a><\/p>\n<\/div>\n<\/div><\/div><\/section>\n\n\n\n<div style=\"height:200px\" aria-hidden=\"true\" class=\"wp-block-spacer hide_on_mobile\"><\/div>\n\n\n\n<p><\/p>\n","protected":false},"excerpt":{"rendered":"","protected":false},"author":1,"featured_media":0,"parent":0,"menu_order":0,"comment_status":"closed","ping_status":"closed","template":"","meta":{"_acf_changed":false,"inline_featured_image":false,"footnotes":""},"class_list":["post-75431","page","type-page","status-publish","hentry"],"acf":[],"yoast_head":"<!-- This site is optimized with the Yoast SEO plugin v24.9 - https:\/\/yoast.com\/wordpress\/plugins\/seo\/ -->\n<title>Instruments - S\u2022CAB<\/title>\n<meta name=\"description\" content=\"S\u2022CAB - Instruments - Depuis 1957, S\u2022CAB cr\u00e9e des meubles de qualit\u00e9, durables et Made in Italy. D\u00e9couvrez notre philosophie, notre histoire et nos valeurs.\" \/>\n<meta name=\"robots\" content=\"index, follow, max-snippet:-1, max-image-preview:large, max-video-preview:-1\" \/>\n<link rel=\"canonical\" href=\"https:\/\/www.s-cab.it\/fr\/instruments\/\" \/>\n<meta property=\"og:locale\" content=\"fr_FR\" \/>\n<meta property=\"og:type\" content=\"article\" \/>\n<meta property=\"og:title\" content=\"Instruments - S\u2022CAB\" \/>\n<meta property=\"og:description\" content=\"S\u2022CAB - Instruments - Depuis 1957, S\u2022CAB cr\u00e9e des meubles de qualit\u00e9, durables et Made in Italy. D\u00e9couvrez notre philosophie, notre histoire et nos valeurs.\" \/>\n<meta property=\"og:url\" content=\"https:\/\/www.s-cab.it\/fr\/instruments\/\" \/>\n<meta property=\"og:site_name\" content=\"S\u2022CAB\" \/>\n<meta property=\"article:modified_time\" content=\"2025-03-10T09:17:12+00:00\" \/>\n<meta name=\"twitter:card\" content=\"summary_large_image\" \/>\n<script type=\"application\/ld+json\" class=\"yoast-schema-graph\">{\"@context\":\"https:\/\/schema.org\",\"@graph\":[{\"@type\":\"WebPage\",\"@id\":\"https:\/\/www.s-cab.it\/fr\/instruments\/\",\"url\":\"https:\/\/www.s-cab.it\/fr\/instruments\/\",\"name\":\"Instruments - S\u2022CAB\",\"isPartOf\":{\"@id\":\"https:\/\/www.s-cab.it\/fr\/#website\"},\"datePublished\":\"2024-11-26T09:08:55+00:00\",\"dateModified\":\"2025-03-10T09:17:12+00:00\",\"description\":\"S\u2022CAB - Instruments - Depuis 1957, S\u2022CAB cr\u00e9e des meubles de qualit\u00e9, durables et Made in Italy. D\u00e9couvrez notre philosophie, notre histoire et nos valeurs.\",\"breadcrumb\":{\"@id\":\"https:\/\/www.s-cab.it\/fr\/instruments\/#breadcrumb\"},\"inLanguage\":\"fr-FR\",\"potentialAction\":[{\"@type\":\"ReadAction\",\"target\":[\"https:\/\/www.s-cab.it\/fr\/instruments\/\"]}]},{\"@type\":\"BreadcrumbList\",\"@id\":\"https:\/\/www.s-cab.it\/fr\/instruments\/#breadcrumb\",\"itemListElement\":[{\"@type\":\"ListItem\",\"position\":1,\"name\":\"Home\",\"item\":\"https:\/\/www.s-cab.it\/fr\/\"},{\"@type\":\"ListItem\",\"position\":2,\"name\":\"Instruments\"}]},{\"@type\":\"WebSite\",\"@id\":\"https:\/\/www.s-cab.it\/fr\/#website\",\"url\":\"https:\/\/www.s-cab.it\/fr\/\",\"name\":\"S\u2022CAB\",\"description\":\"\",\"potentialAction\":[{\"@type\":\"SearchAction\",\"target\":{\"@type\":\"EntryPoint\",\"urlTemplate\":\"https:\/\/www.s-cab.it\/fr\/?s={search_term_string}\"},\"query-input\":{\"@type\":\"PropertyValueSpecification\",\"valueRequired\":true,\"valueName\":\"search_term_string\"}}],\"inLanguage\":\"fr-FR\"}]}<\/script>\n<!-- \/ Yoast SEO plugin. -->","yoast_head_json":{"title":"Instruments - S\u2022CAB","description":"S\u2022CAB - Instruments - Depuis 1957, S\u2022CAB cr\u00e9e des meubles de qualit\u00e9, durables et Made in Italy. D\u00e9couvrez notre philosophie, notre histoire et nos valeurs.","robots":{"index":"index","follow":"follow","max-snippet":"max-snippet:-1","max-image-preview":"max-image-preview:large","max-video-preview":"max-video-preview:-1"},"canonical":"https:\/\/www.s-cab.it\/fr\/instruments\/","og_locale":"fr_FR","og_type":"article","og_title":"Instruments - S\u2022CAB","og_description":"S\u2022CAB - Instruments - Depuis 1957, S\u2022CAB cr\u00e9e des meubles de qualit\u00e9, durables et Made in Italy. D\u00e9couvrez notre philosophie, notre histoire et nos valeurs.","og_url":"https:\/\/www.s-cab.it\/fr\/instruments\/","og_site_name":"S\u2022CAB","article_modified_time":"2025-03-10T09:17:12+00:00","twitter_card":"summary_large_image","schema":{"@context":"https:\/\/schema.org","@graph":[{"@type":"WebPage","@id":"https:\/\/www.s-cab.it\/fr\/instruments\/","url":"https:\/\/www.s-cab.it\/fr\/instruments\/","name":"Instruments - S\u2022CAB","isPartOf":{"@id":"https:\/\/www.s-cab.it\/fr\/#website"},"datePublished":"2024-11-26T09:08:55+00:00","dateModified":"2025-03-10T09:17:12+00:00","description":"S\u2022CAB - Instruments - Depuis 1957, S\u2022CAB cr\u00e9e des meubles de qualit\u00e9, durables et Made in Italy. D\u00e9couvrez notre philosophie, notre histoire et nos valeurs.","breadcrumb":{"@id":"https:\/\/www.s-cab.it\/fr\/instruments\/#breadcrumb"},"inLanguage":"fr-FR","potentialAction":[{"@type":"ReadAction","target":["https:\/\/www.s-cab.it\/fr\/instruments\/"]}]},{"@type":"BreadcrumbList","@id":"https:\/\/www.s-cab.it\/fr\/instruments\/#breadcrumb","itemListElement":[{"@type":"ListItem","position":1,"name":"Home","item":"https:\/\/www.s-cab.it\/fr\/"},{"@type":"ListItem","position":2,"name":"Instruments"}]},{"@type":"WebSite","@id":"https:\/\/www.s-cab.it\/fr\/#website","url":"https:\/\/www.s-cab.it\/fr\/","name":"S\u2022CAB","description":"","potentialAction":[{"@type":"SearchAction","target":{"@type":"EntryPoint","urlTemplate":"https:\/\/www.s-cab.it\/fr\/?s={search_term_string}"},"query-input":{"@type":"PropertyValueSpecification","valueRequired":true,"valueName":"search_term_string"}}],"inLanguage":"fr-FR"}]}},"_links":{"self":[{"href":"https:\/\/www.s-cab.it\/fr\/wp-json\/wp\/v2\/pages\/75431","targetHints":{"allow":["GET"]}}],"collection":[{"href":"https:\/\/www.s-cab.it\/fr\/wp-json\/wp\/v2\/pages"}],"about":[{"href":"https:\/\/www.s-cab.it\/fr\/wp-json\/wp\/v2\/types\/page"}],"author":[{"embeddable":true,"href":"https:\/\/www.s-cab.it\/fr\/wp-json\/wp\/v2\/users\/1"}],"replies":[{"embeddable":true,"href":"https:\/\/www.s-cab.it\/fr\/wp-json\/wp\/v2\/comments?post=75431"}],"version-history":[{"count":0,"href":"https:\/\/www.s-cab.it\/fr\/wp-json\/wp\/v2\/pages\/75431\/revisions"}],"wp:attachment":[{"href":"https:\/\/www.s-cab.it\/fr\/wp-json\/wp\/v2\/media?parent=75431"}],"curies":[{"name":"wp","href":"https:\/\/api.w.org\/{rel}","templated":true}]}}