{"id":75434,"date":"2024-12-16T08:53:30","date_gmt":"2024-12-16T07:53:30","guid":{"rendered":"https:\/\/www.s-cab.it\/whistleblowing\/"},"modified":"2025-03-28T15:26:38","modified_gmt":"2025-03-28T14:26:38","slug":"whistleblowing","status":"publish","type":"page","link":"https:\/\/www.s-cab.it\/fr\/whistleblowing\/","title":{"rendered":"Whistleblowing"},"content":{"rendered":"\n<div style=\"height:50px\" aria-hidden=\"true\" class=\"wp-block-spacer\"><\/div>\n\n\n\n<section class=\"wp-block-evidenzio-columns simple_text\"><div class=\"container\"><div class=\"row\">\n<div class=\"wp-block-evidenzio-column col-12 col-md-12 col-lg\">\n<h2 class=\"wp-block-heading titolo3_medium_classic\">Whistleblowing<\/h2>\n\n\n\n<div style=\"height:100px\" aria-hidden=\"true\" class=\"wp-block-spacer\"><\/div>\n\n\n\n<p>Con il D.Lgs. n. 24 del 10 marzo 2023 \u00e8 stata data attuazione nel nostro ordinamento alla direttiva (UE) 2019\/1937 riguardante la protezione delle persone che segnalano violazioni del diritto dell\u2019Unione (cd. Direttiva Whistleblowing).<br>Al fine di recepire le disposizioni introdotte dal D. lgs. 24\/2023, SCAB GIARDINO SPA&nbsp; ha istituito una Procedura che fornisce chiare indicazioni operative circa oggetto, destinatari, modalit\u00e0 di trasmissione e gestione delle segnalazioni aventi ad oggetto \u201cviolazioni\u201d, nonch\u00e9 le misure di protezione previste.<\/p>\n\n\n\n<p><strong>Chi pu\u00f2 inviare le segnalazioni?<\/strong><br>Le segnalazioni possono essere inviate, a titolo esemplificativo e non esaustivo, da: dipendenti, lavoratori autonomi, titolari di un rapporto di collaborazione, liberi professionisti, consulenti, tirocinanti, fornitori, persone con funzioni di amministrazione o controllo.<\/p>\n\n\n\n<p><strong>Cosa si pu\u00f2 segnalare?<\/strong><br>Le segnalazioni, che dovranno essere il pi\u00f9 circostanziate possibile, devono riguardare le violazioni che rientrano nell\u2019ambito di applicazione di cui all\u2019art. 2 del D.Lgs. 24\/2023. La normativa definisce \u201cviolazioni\u201d tutti i comportamenti, atti od omissioni che ledono l&rsquo;interesse pubblico o l&rsquo;integrit\u00e0 dell&rsquo;amministrazione pubblica o dell&rsquo;ente privato e che consistono in illeciti amministrativi, contabili, civili o penali, condotte illecite rilevanti ai sensi del D.lgs 231\/01 o violazioni dei modelli di organizzazione e Gestione e Controllo; illeciti che rientrano nell&rsquo;ambito di applicazione degli atti dell&rsquo;Unione europea o nazionali, atti od omissioni che ledono gli interessi finanziari dell&rsquo;Unione, atti od omissioni riguardanti il mercato interno.<\/p>\n\n\n\n<p><strong>Come segnalare?<\/strong><br>Le segnalazioni devono essere effettuate accedendo alla piattaforma Whistleblowing accessibile al seguente link:&nbsp;<a href=\"https:\/\/scabgiardino.cpkeeper.online\/keeper\/available-configuration-links\" target=\"_blank\" rel=\"noreferrer noopener\">https:\/\/scabgiardino.cpkeeper.online\/keeper\/available-configuration-links<\/a><br>Il canale di segnalazione informatico \u00e8 da utilizzare in via prioritaria.<br>Consultare il Regolamento per maggiori chiarimenti sulle modalit\u00e0 di invio delle segnalazioni.<\/p>\n\n\n\n<p><strong>Chi riceve le segnalazioni?<\/strong><br>La gestione del canale di segnalazione e la verifica sulla fondatezza dei fatti riferiti attraverso la segnalazione sono affidate ad un soggetto esterno a SCAB GIARDINO, che provvede alla verifica dei fatti segnalati nel rispetto dei principi di obiettivit\u00e0 e riservatezza, inclusa l\u2019eventuale audizione del segnalante e di eventuali altri soggetti che possono riferire sui fatti segnalati. A tal fine, il soggetto gestore della segnalazione pu\u00f2 avvalersi del supporto e della collaborazione di consulenti esterni o delle competenti strutture della Societ\u00e0.<\/p>\n\n\n\n<ol style=\"list-style-type:upper-roman\" class=\"wp-block-list\">\n<li><a href=\"https:\/\/www.s-cab.it\/image\/data\/whistleblowing\/Regolamento-WB-SCAB-ITA.pdf\" target=\"_blank\" rel=\"noreferrer noopener\">REGOLAMENTO WHISTLEBLOWING<\/a><\/li>\n\n\n\n<li><a href=\"https:\/\/www.s-cab.it\/image\/data\/whistleblowing\/Informativa-Privacy-Whistleblowing-SCAB-GIARDINO-ITA.pdf\" target=\"_blank\" rel=\"noreferrer noopener\">INFORMATIVA PRIVACY<\/a><\/li>\n\n\n\n<li><a href=\"https:\/\/scabgiardino.cpkeeper.online\/keeper\/available-configuration-links\" target=\"_blank\" rel=\"noreferrer noopener\">INVIA UNA SEGNALAZIONE<\/a><\/li>\n\n\n\n<li><a href=\"https:\/\/www.s-cab.it\/image\/data\/whistleblowing\/CP-KEEPER-Utente-segnalatore-Manuale.pdf\" target=\"_blank\" rel=\"noreferrer noopener\">ISTRUZIONI UTILIZZO PIATTAFORMA<\/a><\/li>\n<\/ol>\n\n\n\n<h2 class=\"wp-block-heading\">Segnalazioni Whistleblowing<\/h2>\n\n\n\n<div style=\"height:100px\" aria-hidden=\"true\" class=\"wp-block-spacer\"><\/div>\n<\/div>\n<\/div><\/div><\/section>\n\n\n\n<p><\/p>\n","protected":false},"excerpt":{"rendered":"","protected":false},"author":1,"featured_media":0,"parent":0,"menu_order":0,"comment_status":"closed","ping_status":"closed","template":"","meta":{"_acf_changed":false,"inline_featured_image":false,"footnotes":""},"class_list":["post-75434","page","type-page","status-publish","hentry"],"acf":[],"yoast_head":"<!-- This site is optimized with the Yoast SEO plugin v24.9 - https:\/\/yoast.com\/wordpress\/plugins\/seo\/ -->\n<title>Whistleblowing - S\u2022CAB<\/title>\n<meta name=\"description\" content=\"S\u2022CAB - Whistleblowing - Depuis 1957, S\u2022CAB cr\u00e9e des meubles de qualit\u00e9, durables et Made in Italy. D\u00e9couvrez notre philosophie, notre histoire et nos valeurs.\" \/>\n<meta name=\"robots\" content=\"index, follow, max-snippet:-1, max-image-preview:large, max-video-preview:-1\" \/>\n<link rel=\"canonical\" href=\"https:\/\/www.s-cab.it\/fr\/whistleblowing\/\" \/>\n<meta property=\"og:locale\" content=\"fr_FR\" \/>\n<meta property=\"og:type\" content=\"article\" \/>\n<meta property=\"og:title\" content=\"Whistleblowing - S\u2022CAB\" \/>\n<meta property=\"og:description\" content=\"S\u2022CAB - Whistleblowing - Depuis 1957, S\u2022CAB cr\u00e9e des meubles de qualit\u00e9, durables et Made in Italy. D\u00e9couvrez notre philosophie, notre histoire et nos valeurs.\" \/>\n<meta property=\"og:url\" content=\"https:\/\/www.s-cab.it\/fr\/whistleblowing\/\" \/>\n<meta property=\"og:site_name\" content=\"S\u2022CAB\" \/>\n<meta property=\"article:modified_time\" content=\"2025-03-28T14:26:38+00:00\" \/>\n<meta name=\"twitter:card\" content=\"summary_large_image\" \/>\n<meta name=\"twitter:label1\" content=\"Dur\u00e9e de lecture estim\u00e9e\" \/>\n\t<meta name=\"twitter:data1\" content=\"2 minutes\" \/>\n<script type=\"application\/ld+json\" class=\"yoast-schema-graph\">{\"@context\":\"https:\/\/schema.org\",\"@graph\":[{\"@type\":\"WebPage\",\"@id\":\"https:\/\/www.s-cab.it\/fr\/whistleblowing\/\",\"url\":\"https:\/\/www.s-cab.it\/fr\/whistleblowing\/\",\"name\":\"Whistleblowing - S\u2022CAB\",\"isPartOf\":{\"@id\":\"https:\/\/www.s-cab.it\/fr\/#website\"},\"datePublished\":\"2024-12-16T07:53:30+00:00\",\"dateModified\":\"2025-03-28T14:26:38+00:00\",\"description\":\"S\u2022CAB - Whistleblowing - Depuis 1957, S\u2022CAB cr\u00e9e des meubles de qualit\u00e9, durables et Made in Italy. D\u00e9couvrez notre philosophie, notre histoire et nos valeurs.\",\"breadcrumb\":{\"@id\":\"https:\/\/www.s-cab.it\/fr\/whistleblowing\/#breadcrumb\"},\"inLanguage\":\"fr-FR\",\"potentialAction\":[{\"@type\":\"ReadAction\",\"target\":[\"https:\/\/www.s-cab.it\/fr\/whistleblowing\/\"]}]},{\"@type\":\"BreadcrumbList\",\"@id\":\"https:\/\/www.s-cab.it\/fr\/whistleblowing\/#breadcrumb\",\"itemListElement\":[{\"@type\":\"ListItem\",\"position\":1,\"name\":\"Home\",\"item\":\"https:\/\/www.s-cab.it\/fr\/\"},{\"@type\":\"ListItem\",\"position\":2,\"name\":\"Whistleblowing\"}]},{\"@type\":\"WebSite\",\"@id\":\"https:\/\/www.s-cab.it\/fr\/#website\",\"url\":\"https:\/\/www.s-cab.it\/fr\/\",\"name\":\"S\u2022CAB\",\"description\":\"\",\"potentialAction\":[{\"@type\":\"SearchAction\",\"target\":{\"@type\":\"EntryPoint\",\"urlTemplate\":\"https:\/\/www.s-cab.it\/fr\/?s={search_term_string}\"},\"query-input\":{\"@type\":\"PropertyValueSpecification\",\"valueRequired\":true,\"valueName\":\"search_term_string\"}}],\"inLanguage\":\"fr-FR\"}]}<\/script>\n<!-- \/ Yoast SEO plugin. -->","yoast_head_json":{"title":"Whistleblowing - S\u2022CAB","description":"S\u2022CAB - Whistleblowing - Depuis 1957, S\u2022CAB cr\u00e9e des meubles de qualit\u00e9, durables et Made in Italy. D\u00e9couvrez notre philosophie, notre histoire et nos valeurs.","robots":{"index":"index","follow":"follow","max-snippet":"max-snippet:-1","max-image-preview":"max-image-preview:large","max-video-preview":"max-video-preview:-1"},"canonical":"https:\/\/www.s-cab.it\/fr\/whistleblowing\/","og_locale":"fr_FR","og_type":"article","og_title":"Whistleblowing - S\u2022CAB","og_description":"S\u2022CAB - Whistleblowing - Depuis 1957, S\u2022CAB cr\u00e9e des meubles de qualit\u00e9, durables et Made in Italy. D\u00e9couvrez notre philosophie, notre histoire et nos valeurs.","og_url":"https:\/\/www.s-cab.it\/fr\/whistleblowing\/","og_site_name":"S\u2022CAB","article_modified_time":"2025-03-28T14:26:38+00:00","twitter_card":"summary_large_image","twitter_misc":{"Dur\u00e9e de lecture estim\u00e9e":"2 minutes"},"schema":{"@context":"https:\/\/schema.org","@graph":[{"@type":"WebPage","@id":"https:\/\/www.s-cab.it\/fr\/whistleblowing\/","url":"https:\/\/www.s-cab.it\/fr\/whistleblowing\/","name":"Whistleblowing - S\u2022CAB","isPartOf":{"@id":"https:\/\/www.s-cab.it\/fr\/#website"},"datePublished":"2024-12-16T07:53:30+00:00","dateModified":"2025-03-28T14:26:38+00:00","description":"S\u2022CAB - Whistleblowing - Depuis 1957, S\u2022CAB cr\u00e9e des meubles de qualit\u00e9, durables et Made in Italy. D\u00e9couvrez notre philosophie, notre histoire et nos valeurs.","breadcrumb":{"@id":"https:\/\/www.s-cab.it\/fr\/whistleblowing\/#breadcrumb"},"inLanguage":"fr-FR","potentialAction":[{"@type":"ReadAction","target":["https:\/\/www.s-cab.it\/fr\/whistleblowing\/"]}]},{"@type":"BreadcrumbList","@id":"https:\/\/www.s-cab.it\/fr\/whistleblowing\/#breadcrumb","itemListElement":[{"@type":"ListItem","position":1,"name":"Home","item":"https:\/\/www.s-cab.it\/fr\/"},{"@type":"ListItem","position":2,"name":"Whistleblowing"}]},{"@type":"WebSite","@id":"https:\/\/www.s-cab.it\/fr\/#website","url":"https:\/\/www.s-cab.it\/fr\/","name":"S\u2022CAB","description":"","potentialAction":[{"@type":"SearchAction","target":{"@type":"EntryPoint","urlTemplate":"https:\/\/www.s-cab.it\/fr\/?s={search_term_string}"},"query-input":{"@type":"PropertyValueSpecification","valueRequired":true,"valueName":"search_term_string"}}],"inLanguage":"fr-FR"}]}},"_links":{"self":[{"href":"https:\/\/www.s-cab.it\/fr\/wp-json\/wp\/v2\/pages\/75434","targetHints":{"allow":["GET"]}}],"collection":[{"href":"https:\/\/www.s-cab.it\/fr\/wp-json\/wp\/v2\/pages"}],"about":[{"href":"https:\/\/www.s-cab.it\/fr\/wp-json\/wp\/v2\/types\/page"}],"author":[{"embeddable":true,"href":"https:\/\/www.s-cab.it\/fr\/wp-json\/wp\/v2\/users\/1"}],"replies":[{"embeddable":true,"href":"https:\/\/www.s-cab.it\/fr\/wp-json\/wp\/v2\/comments?post=75434"}],"version-history":[{"count":2,"href":"https:\/\/www.s-cab.it\/fr\/wp-json\/wp\/v2\/pages\/75434\/revisions"}],"predecessor-version":[{"id":123746,"href":"https:\/\/www.s-cab.it\/fr\/wp-json\/wp\/v2\/pages\/75434\/revisions\/123746"}],"wp:attachment":[{"href":"https:\/\/www.s-cab.it\/fr\/wp-json\/wp\/v2\/media?parent=75434"}],"curies":[{"name":"wp","href":"https:\/\/api.w.org\/{rel}","templated":true}]}}